{"id":54288,"date":"2017-04-07T12:59:27","date_gmt":"2017-04-07T12:59:27","guid":{"rendered":"https:\/\/www.storevan.com\/amenagement-vehicules-utilitaires\/fourgons-dacia\/dokker\/"},"modified":"2018-09-27T09:25:13","modified_gmt":"2018-09-27T09:25:13","slug":"dokker","status":"publish","type":"page","link":"https:\/\/www.storevan.com\/fr\/amenagement-vehicules-utilitaires\/fourgons-dacia\/dokker\/","title":{"rendered":"Dokker"},"content":{"rendered":"<h1 class=\"customblackTitleSmall\">Am\u00e9nagements pour fourgons Dacia Dokker<\/h1>\n<p><img decoding=\"async\" loading=\"lazy\" class=\"aligncenter wp-image-54245 size-full\" src=\"https:\/\/www.storevan.com\/wp-content\/uploads\/2017\/04\/Dacia-Dokker-top.jpg\" alt=\"Am\u00e9nagements pour fourgons Dacia Dokker\" width=\"1170\" height=\"199\" srcset=\"https:\/\/www.storevan.com\/wp-content\/uploads\/2017\/04\/Dacia-Dokker-top.jpg 1170w, https:\/\/www.storevan.com\/wp-content\/uploads\/2017\/04\/Dacia-Dokker-top-300x51.jpg 300w, https:\/\/www.storevan.com\/wp-content\/uploads\/2017\/04\/Dacia-Dokker-top-768x131.jpg 768w, https:\/\/www.storevan.com\/wp-content\/uploads\/2017\/04\/Dacia-Dokker-top-1024x174.jpg 1024w, https:\/\/www.storevan.com\/wp-content\/uploads\/2017\/04\/Dacia-Dokker-top-600x102.jpg 600w\" sizes=\"(max-width: 1170px) 100vw, 1170px\" \/><\/p>\n<p>La t\u00f4le recuite par galvanisation, utilis\u00e9e dans la production des <strong>am\u00e9nagements<\/strong> pour <strong>v\u00e9hicules utilitaires<\/strong> Store Van, est la variante de la t\u00f4le galvanis\u00e9e \u00e0 chaud qui subit un recuit \u00e0 une temp\u00e9rature d\u2019env. 550 \u00b0C. Gr\u00e2ce \u00e0 ce proc\u00e9d\u00e9, le zinc se soude \u00e0 la surface de la t\u00f4le et forme ainsi un alliage avec l\u2019acier et une couche galvanis\u00e9e uniforme. Ensuite, la robustesse de la t\u00f4le est encore renforc\u00e9e par la peinture par cataphor\u00e8se, un traitement qui laisse un d\u00e9p\u00f4t uniforme de r\u00e9sine acrylique sur la surface de l\u2019\u00e9l\u00e9ment, le prot\u00e9geant ainsi contre la rouille. C\u2019est pourquoi la qualit\u00e9 et le degr\u00e9 \u00e9lev\u00e9 de r\u00e9sistance \u00e0 la corrosion des modules pour atelier mobile de votre <strong>fourgon Dacia Dokker<\/strong>\u00a0sont nettement sup\u00e9rieurs aux autres.tri.<\/p>\n<div class=\"one_half\">\n<hr noshade=\"noshade\" size=\"1\" \/>\n<table class=\"aligncenter\" border=\"0\" width=\"100%\" cellspacing=\"0\" cellpadding=\"0\" align=\"center\">\n<tbody>\n<tr bgcolor=\"#f2f2f2\">\n<td width=\"60%\"><a href=\"https:\/\/www.storevan.com\/fr\/amenagement-vehicules-utilitaires\/fourgons-dacia\/dokker\/planchers-habillages\/\"><img decoding=\"async\" loading=\"lazy\" src=\"https:\/\/www.storevan.com\/wp-content\/uploads\/2015\/12\/1_storevan_pianali-e-pannellature.jpg\" alt=\"Store Van Planchers et habillages\" width=\"366\" height=\"90\" border=\"0\" \/><\/a><\/td>\n<td width=\"3%\"><\/td>\n<td style=\"text-align: left;\"><a href=\"https:\/\/www.storevan.com\/fr\/amenagement-vehicules-utilitaires\/fourgons-dacia\/dokker\/planchers-habillages\/\"><strong><span style=\"font-size: small;\">PLANCHERS ET HABILLAGES<\/span><\/strong><\/a><\/td>\n<\/tr>\n<\/tbody>\n<\/table>\n<\/div>\n<div class=\"one_half last\">\n<hr noshade=\"noshade\" size=\"1\" \/>\n<table class=\"aligncenter\" border=\"0\" width=\"100%\" cellspacing=\"0\" cellpadding=\"0\" align=\"center\">\n<tbody>\n<tr bgcolor=\"#f2f2f2\">\n<td width=\"60%\"><a href=\"https:\/\/www.storevan.com\/fr\/amenagement-vehicules-utilitaires\/fourgons-dacia\/dokker\/porte-tout-porte-echelles\/\"><img decoding=\"async\" loading=\"lazy\" src=\"https:\/\/www.storevan.com\/wp-content\/uploads\/2015\/12\/2_STOREVAN_portascale_portatutto.jpg\" alt=\"STORE VAN PORTE TOUT ET PORTE-\u00c9CHELLES \" width=\"366\" height=\"90\" border=\"0\" \/><\/a><\/td>\n<td width=\"3%\"><\/td>\n<td style=\"text-align: left;\"><a href=\"https:\/\/www.storevan.com\/fr\/amenagement-vehicules-utilitaires\/fourgons-dacia\/dokker\/porte-tout-porte-echelles\/\"><strong><span style=\"font-size: small;\">PORTE TOUT ET PORTE-\u00c9CHELLES <\/span><\/strong><\/a><\/td>\n<\/tr>\n<\/tbody>\n<\/table>\n<\/div><div class=\"clearboth\"><\/div>\n","protected":false},"excerpt":{"rendered":"<p>Am\u00e9nagements pour fourgons Dacia Dokker La t\u00f4le recuite par galvanisation, utilis\u00e9e dans la production des am\u00e9nagements pour v\u00e9hicules utilitaires Store Van, est la variante de la t\u00f4le galvanis\u00e9e \u00e0 chaud.<\/p>\n","protected":false},"author":470,"featured_media":0,"parent":26057,"menu_order":0,"comment_status":"closed","ping_status":"closed","template":"","meta":[],"acf":[],"yoast_head":"<!-- This site is optimized with the Yoast SEO plugin v20.11 - https:\/\/yoast.com\/wordpress\/plugins\/seo\/ -->\n<title>Am\u00e9nagements pour fourgons Dacia Dokker<\/title>\n<meta name=\"robots\" content=\"index, follow, max-snippet:-1, max-image-preview:large, max-video-preview:-1\" \/>\n<link rel=\"canonical\" href=\"https:\/\/www.storevan.com\/fr\/amenagement-vehicules-utilitaires\/fourgons-dacia\/dokker\/\" \/>\n<meta property=\"og:locale\" content=\"fr_FR\" \/>\n<meta property=\"og:type\" content=\"article\" \/>\n<meta property=\"og:title\" content=\"Am\u00e9nagements pour fourgons Dacia Dokker\" \/>\n<meta property=\"og:description\" content=\"Am\u00e9nagements pour fourgons Dacia Dokker La t\u00f4le recuite par galvanisation, utilis\u00e9e dans la production des am\u00e9nagements pour v\u00e9hicules utilitaires Store Van, est la variante de la t\u00f4le galvanis\u00e9e \u00e0 chaud.\" \/>\n<meta property=\"og:url\" content=\"https:\/\/www.storevan.com\/fr\/amenagement-vehicules-utilitaires\/fourgons-dacia\/dokker\/\" \/>\n<meta property=\"og:site_name\" content=\"Store Van\" \/>\n<meta property=\"article:modified_time\" content=\"2018-09-27T09:25:13+00:00\" \/>\n<meta property=\"og:image\" content=\"https:\/\/www.storevan.com\/wp-content\/uploads\/2017\/04\/Dacia-Dokker-top.jpg\" \/>\n<meta name=\"twitter:label1\" content=\"Dur\u00e9e de lecture estim\u00e9e\" \/>\n\t<meta name=\"twitter:data1\" content=\"1 minute\" \/>\n<script type=\"application\/ld+json\" class=\"yoast-schema-graph\">{\"@context\":\"https:\/\/schema.org\",\"@graph\":[{\"@type\":\"WebPage\",\"@id\":\"https:\/\/www.storevan.com\/fr\/amenagement-vehicules-utilitaires\/fourgons-dacia\/dokker\/\",\"url\":\"https:\/\/www.storevan.com\/fr\/amenagement-vehicules-utilitaires\/fourgons-dacia\/dokker\/\",\"name\":\"Am\u00e9nagements pour fourgons Dacia Dokker\",\"isPartOf\":{\"@id\":\"https:\/\/www.storevan.com\/pl\/#website\"},\"datePublished\":\"2017-04-07T12:59:27+00:00\",\"dateModified\":\"2018-09-27T09:25:13+00:00\",\"breadcrumb\":{\"@id\":\"https:\/\/www.storevan.com\/fr\/amenagement-vehicules-utilitaires\/fourgons-dacia\/dokker\/#breadcrumb\"},\"inLanguage\":\"fr-FR\",\"potentialAction\":[{\"@type\":\"ReadAction\",\"target\":[\"https:\/\/www.storevan.com\/fr\/amenagement-vehicules-utilitaires\/fourgons-dacia\/dokker\/\"]}]},{\"@type\":\"BreadcrumbList\",\"@id\":\"https:\/\/www.storevan.com\/fr\/amenagement-vehicules-utilitaires\/fourgons-dacia\/dokker\/#breadcrumb\",\"itemListElement\":[{\"@type\":\"ListItem\",\"position\":1,\"name\":\"Home\",\"item\":\"https:\/\/www.storevan.com\/fr\/\"},{\"@type\":\"ListItem\",\"position\":2,\"name\":\"Am\u00e9nagement de v\u00e9hicule utilitaire\",\"item\":\"https:\/\/www.storevan.com\/fr\/amenagement-vehicules-utilitaires\/\"},{\"@type\":\"ListItem\",\"position\":3,\"name\":\"Dacia\",\"item\":\"https:\/\/www.storevan.com\/fr\/amenagement-vehicules-utilitaires\/fourgons-dacia\/\"},{\"@type\":\"ListItem\",\"position\":4,\"name\":\"Dokker\"}]},{\"@type\":\"WebSite\",\"@id\":\"https:\/\/www.storevan.com\/pl\/#website\",\"url\":\"https:\/\/www.storevan.com\/pl\/\",\"name\":\"Store Van\",\"description\":\"Am\u00e9nagements fourgons\",\"potentialAction\":[{\"@type\":\"SearchAction\",\"target\":{\"@type\":\"EntryPoint\",\"urlTemplate\":\"https:\/\/www.storevan.com\/pl\/?s={search_term_string}\"},\"query-input\":\"required name=search_term_string\"}],\"inLanguage\":\"fr-FR\"}]}<\/script>\n<!-- \/ Yoast SEO plugin. -->","yoast_head_json":{"title":"Am\u00e9nagements pour fourgons Dacia Dokker","robots":{"index":"index","follow":"follow","max-snippet":"max-snippet:-1","max-image-preview":"max-image-preview:large","max-video-preview":"max-video-preview:-1"},"canonical":"https:\/\/www.storevan.com\/fr\/amenagement-vehicules-utilitaires\/fourgons-dacia\/dokker\/","og_locale":"fr_FR","og_type":"article","og_title":"Am\u00e9nagements pour fourgons Dacia Dokker","og_description":"Am\u00e9nagements pour fourgons Dacia Dokker La t\u00f4le recuite par galvanisation, utilis\u00e9e dans la production des am\u00e9nagements pour v\u00e9hicules utilitaires Store Van, est la variante de la t\u00f4le galvanis\u00e9e \u00e0 chaud.","og_url":"https:\/\/www.storevan.com\/fr\/amenagement-vehicules-utilitaires\/fourgons-dacia\/dokker\/","og_site_name":"Store Van","article_modified_time":"2018-09-27T09:25:13+00:00","og_image":[{"url":"https:\/\/www.storevan.com\/wp-content\/uploads\/2017\/04\/Dacia-Dokker-top.jpg"}],"twitter_misc":{"Dur\u00e9e de lecture estim\u00e9e":"1 minute"},"schema":{"@context":"https:\/\/schema.org","@graph":[{"@type":"WebPage","@id":"https:\/\/www.storevan.com\/fr\/amenagement-vehicules-utilitaires\/fourgons-dacia\/dokker\/","url":"https:\/\/www.storevan.com\/fr\/amenagement-vehicules-utilitaires\/fourgons-dacia\/dokker\/","name":"Am\u00e9nagements pour fourgons Dacia Dokker","isPartOf":{"@id":"https:\/\/www.storevan.com\/pl\/#website"},"datePublished":"2017-04-07T12:59:27+00:00","dateModified":"2018-09-27T09:25:13+00:00","breadcrumb":{"@id":"https:\/\/www.storevan.com\/fr\/amenagement-vehicules-utilitaires\/fourgons-dacia\/dokker\/#breadcrumb"},"inLanguage":"fr-FR","potentialAction":[{"@type":"ReadAction","target":["https:\/\/www.storevan.com\/fr\/amenagement-vehicules-utilitaires\/fourgons-dacia\/dokker\/"]}]},{"@type":"BreadcrumbList","@id":"https:\/\/www.storevan.com\/fr\/amenagement-vehicules-utilitaires\/fourgons-dacia\/dokker\/#breadcrumb","itemListElement":[{"@type":"ListItem","position":1,"name":"Home","item":"https:\/\/www.storevan.com\/fr\/"},{"@type":"ListItem","position":2,"name":"Am\u00e9nagement de v\u00e9hicule utilitaire","item":"https:\/\/www.storevan.com\/fr\/amenagement-vehicules-utilitaires\/"},{"@type":"ListItem","position":3,"name":"Dacia","item":"https:\/\/www.storevan.com\/fr\/amenagement-vehicules-utilitaires\/fourgons-dacia\/"},{"@type":"ListItem","position":4,"name":"Dokker"}]},{"@type":"WebSite","@id":"https:\/\/www.storevan.com\/pl\/#website","url":"https:\/\/www.storevan.com\/pl\/","name":"Store Van","description":"Am\u00e9nagements fourgons","potentialAction":[{"@type":"SearchAction","target":{"@type":"EntryPoint","urlTemplate":"https:\/\/www.storevan.com\/pl\/?s={search_term_string}"},"query-input":"required name=search_term_string"}],"inLanguage":"fr-FR"}]}},"_links":{"self":[{"href":"https:\/\/www.storevan.com\/fr\/wp-json\/wp\/v2\/pages\/54288"}],"collection":[{"href":"https:\/\/www.storevan.com\/fr\/wp-json\/wp\/v2\/pages"}],"about":[{"href":"https:\/\/www.storevan.com\/fr\/wp-json\/wp\/v2\/types\/page"}],"author":[{"embeddable":true,"href":"https:\/\/www.storevan.com\/fr\/wp-json\/wp\/v2\/users\/470"}],"replies":[{"embeddable":true,"href":"https:\/\/www.storevan.com\/fr\/wp-json\/wp\/v2\/comments?post=54288"}],"version-history":[{"count":1,"href":"https:\/\/www.storevan.com\/fr\/wp-json\/wp\/v2\/pages\/54288\/revisions"}],"predecessor-version":[{"id":90076,"href":"https:\/\/www.storevan.com\/fr\/wp-json\/wp\/v2\/pages\/54288\/revisions\/90076"}],"up":[{"embeddable":true,"href":"https:\/\/www.storevan.com\/fr\/wp-json\/wp\/v2\/pages\/26057"}],"wp:attachment":[{"href":"https:\/\/www.storevan.com\/fr\/wp-json\/wp\/v2\/media?parent=54288"}],"curies":[{"name":"wp","href":"https:\/\/api.w.org\/{rel}","templated":true}]}}