{"id":54181,"date":"2017-04-07T10:26:08","date_gmt":"2017-04-07T10:26:08","guid":{"rendered":"https:\/\/www.storevan.com\/amenagement-vehicules-utilitaires\/fourgons-nissan\/nv200\/portatutto-portascale\/"},"modified":"2018-01-29T10:43:35","modified_gmt":"2018-01-29T10:43:35","slug":"porte-tout-porte-echelles","status":"publish","type":"page","link":"https:\/\/www.storevan.com\/fr\/amenagement-vehicules-utilitaires\/fourgons-nissan\/nv200\/porte-tout-porte-echelles\/","title":{"rendered":"Porte tout et Porte-\u00e9chelles"},"content":{"rendered":"<h1 class=\"customblackTitleSmall\">Porte tout et Porte-\u00e9chelles pour fourgons Nissan NV200<\/h1>\n<p>Le syst\u00e8me de <strong>galerie de toit et porte-\u00e9chelle<\/strong> pour <strong>fourgons NV200<\/strong> de Store Van est construit avec des mat\u00e9riaux l\u00e9gers mais r\u00e9sistants. Le chariot porte-\u00e9chelle en aluminium et acier inoxydable favorise les man\u0153uvres de chargement et de d\u00e9chargement de marchandise et \u00e9chelles aux op\u00e9rateurs, du toit de la fourgonnette. Exploiter le toit des v\u00e9hicules commerciaux Nissan NV200 permettra d\u2019accro\u00eetre la capacit\u00e9 de charge de votre v\u00e9hicule. Notre solution est certifi\u00e9e GS et assure le transporte de marchandise et\/ou \u00e9chelles sur le toit de la fourgonnette aux op\u00e9rateurs en toute s\u00e9curit\u00e9 du chargement et conform\u00e9ment aux normes du secteur.<\/p>\n<table class=\"aligncenter\" border=\"0\" width=\"850\" cellspacing=\"0\" cellpadding=\"0\" align=\"center\">\n<tbody>\n<tr>\n<td colspan=\"3\"><\/td>\n<\/tr>\n<tr>\n<td rowspan=\"4\" valign=\"top\"><img decoding=\"async\" loading=\"lazy\" class=\"aligncenter wp-image-54155 size-full\" src=\"https:\/\/www.storevan.com\/wp-content\/uploads\/2017\/04\/NV200-portatutto.jpg\" alt=\"Porte tout Nissan NV200\" width=\"625\" height=\"260\" srcset=\"https:\/\/www.storevan.com\/wp-content\/uploads\/2017\/04\/NV200-portatutto.jpg 625w, https:\/\/www.storevan.com\/wp-content\/uploads\/2017\/04\/NV200-portatutto-300x125.jpg 300w, https:\/\/www.storevan.com\/wp-content\/uploads\/2017\/04\/NV200-portatutto-600x250.jpg 600w\" sizes=\"(max-width: 625px) 100vw, 625px\" \/><\/td>\n<td width=\"20\" height=\"5\"><\/td>\n<td style=\"text-align: left;\" width=\"205\" height=\"5\"><a href=\"https:\/\/www.storevan.com\/fr\/amenagement-vehicules-utilitaires\/porte-echelle-porte-objets\/\"><strong><span style=\"font-size: 14px;\">PORTE TOUT ET<br \/>\nPORTE-\u00c9CHELLES<\/span><\/strong><\/a><\/td>\n<\/tr>\n<tr>\n<td width=\"20\" height=\"18\"><\/td>\n<td width=\"205\" height=\"18\">\n<hr noshade=\"noshade\" size=\"1\" \/>\n<\/td>\n<\/tr>\n<tr>\n<td width=\"20\" height=\"110\"><\/td>\n<td valign=\"top\" width=\"205\" height=\"110\"><a href=\"https:\/\/www.storevan.com\/fr\/amenagement-vehicules-utilitaires\/porte-echelle-porte-objets\/\"><img decoding=\"async\" loading=\"lazy\" class=\"alignnone\" src=\"https:\/\/www.storevan.com\/wp-content\/uploads\/2015\/12\/storevan_portascale_portatutto_small.jpg\" alt=\"Porte tout et Porte-\u00e9chelles NV200\" width=\"250\" height=\"110\" border=\"0\" \/><\/a><\/td>\n<\/tr>\n<tr>\n<td width=\"20\"><\/td>\n<td width=\"205\"><\/td>\n<\/tr>\n<\/tbody>\n<\/table>\n<h2 class=\"TITOLO20arancione\" style=\"text-align: center;\">Porte tout<\/h2>\n<table class=\" aligncenter\" border=\"0\" width=\"850\" cellspacing=\"0\" cellpadding=\"0\" align=\"center\">\n<tbody>\n<tr>\n<td class=\"TESTO12biancoSX\" bgcolor=\"#0071B9\" width=\"111\" height=\"50\">V\u00c9HICULE<\/td>\n<td width=\"5\" height=\"50\"><\/td>\n<td class=\"TESTO12biancoCX\" bgcolor=\"#0071B9\" width=\"166\" height=\"50\">PORTE TOUT<\/td>\n<td width=\"5\" height=\"50\"><\/td>\n<td class=\"TESTO12neroCX\" bgcolor=\"#e4e4e4\" width=\"166\" height=\"50\"><strong>DIMENSIONS<\/strong><\/td>\n<td width=\"5\" height=\"50\"><\/td>\n<td class=\"TESTO12neroCX\" bgcolor=\"#e4e4e4\" width=\"166\" height=\"50\"><strong>POIDS<\/strong><\/td>\n<td width=\"5\" height=\"50\"><\/td>\n<td class=\"TESTO12neroCX\" bgcolor=\"#e4e4e4\" width=\"206\" height=\"50\"><strong>CHARGE<\/strong><\/td>\n<\/tr>\n<tr>\n<td class=\"TESTO12neroSX\" width=\"111\"><\/td>\n<td width=\"5\"><\/td>\n<td class=\"TESTO12neroCX\" width=\"166\" height=\"25\"><strong>ART.<\/strong><\/td>\n<td width=\"5\" height=\"25\"><\/td>\n<td class=\"TESTO12neroCX\" width=\"166\" height=\"25\"><\/td>\n<td width=\"5\" height=\"25\"><\/td>\n<td class=\"TESTO12neroCX\" width=\"166\" height=\"25\"><\/td>\n<td width=\"5\" height=\"25\"><\/td>\n<td class=\"TESTO12neroCX\" width=\"206\" height=\"25\"><\/td>\n<\/tr>\n<tr>\n<td class=\"TESTO12neroCX\" width=\"111\" height=\"18\"><\/td>\n<td height=\"18\"><\/td>\n<td class=\"TESTO12neroCX\" height=\"18\"><\/td>\n<td height=\"18\"><\/td>\n<td height=\"18\"><\/td>\n<td height=\"18\"><\/td>\n<td height=\"18\"><\/td>\n<td height=\"18\"><\/td>\n<td height=\"18\"><\/td>\n<\/tr>\n<tr>\n<td class=\"TESTO12neroSX\" bgcolor=\"#e4e4e4\" width=\"111\" height=\"35\"><strong>L1 H1<\/strong><\/td>\n<td width=\"5\" height=\"35\"><\/td>\n<td class=\"TESTO12arancioCX\" width=\"166\" height=\"35\"><strong>POT 218<\/strong><\/td>\n<td width=\"5\" height=\"35\"><\/td>\n<td class=\"TESTO12neroCX\" width=\"166\" height=\"35\">2000&#215;1400 mm<\/td>\n<td width=\"5\" height=\"35\"><\/td>\n<td class=\"TESTO12neroCX\" width=\"166\" height=\"35\">21,32 kg<\/td>\n<td width=\"5\" height=\"35\"><\/td>\n<td class=\"TESTO12neroCX\" width=\"206\" height=\"35\">128,00 kg<\/td>\n<\/tr>\n<tr>\n<td width=\"111\" height=\"18\"><\/td>\n<td width=\"5\" height=\"18\"><\/td>\n<td width=\"166\" height=\"18\">\n<hr class=\"FILETTOgrigio\" noshade=\"noshade\" \/>\n<\/td>\n<td width=\"5\" height=\"18\"><\/td>\n<td width=\"166\" height=\"18\">\n<hr class=\"FILETTOgrigio\" noshade=\"noshade\" \/>\n<\/td>\n<td width=\"5\" height=\"18\"><\/td>\n<td width=\"166\" height=\"18\">\n<hr class=\"FILETTOgrigio\" noshade=\"noshade\" \/>\n<\/td>\n<td width=\"5\" height=\"18\"><\/td>\n<td width=\"206\" height=\"18\">\n<hr class=\"FILETTOgrigio\" noshade=\"noshade\" \/>\n<\/td>\n<\/tr>\n<tr>\n<td class=\"TESTO12neroSX\" colspan=\"9\" height=\"18\">Seulement pour v\u00e9hicule avec portes arri\u00e8re battantes.<\/td>\n<\/tr>\n<\/tbody>\n<\/table>\n<p>&nbsp;<\/p>\n<table class=\" aligncenter\" border=\"0\" width=\"850\" cellspacing=\"0\" cellpadding=\"0\" align=\"center\">\n<tbody>\n<tr>\n<td rowspan=\"4\" valign=\"top\"><img decoding=\"async\" loading=\"lazy\" class=\"aligncenter size-full wp-image-54161\" src=\"https:\/\/www.storevan.com\/wp-content\/uploads\/2017\/04\/NV200-portascale.jpg\" alt=\"PORTES-\u00c9CHELLES POUR NISSAN NV200\" width=\"625\" height=\"260\" srcset=\"https:\/\/www.storevan.com\/wp-content\/uploads\/2017\/04\/NV200-portascale.jpg 625w, https:\/\/www.storevan.com\/wp-content\/uploads\/2017\/04\/NV200-portascale-300x125.jpg 300w, https:\/\/www.storevan.com\/wp-content\/uploads\/2017\/04\/NV200-portascale-600x250.jpg 600w\" sizes=\"(max-width: 625px) 100vw, 625px\" \/><\/td>\n<td width=\"20\" height=\"5\"><\/td>\n<td class=\"TESTO16grigio\" width=\"205\" height=\"5\"><\/td>\n<\/tr>\n<tr>\n<td width=\"20\" height=\"18\"><\/td>\n<td width=\"205\" height=\"18\"><\/td>\n<\/tr>\n<tr>\n<td width=\"20\" height=\"110\"><\/td>\n<td valign=\"top\" width=\"205\" height=\"110\"><\/td>\n<\/tr>\n<tr>\n<td width=\"20\"><\/td>\n<td width=\"205\"><\/td>\n<\/tr>\n<\/tbody>\n<\/table>\n<p>&nbsp;<\/p>\n<h2 class=\"TITOLO20arancione\" style=\"text-align: center;\">Porte-\u00e9chelles pour Nissan NV200<\/h2>\n<table class=\" aligncenter\" border=\"0\" width=\"850\" cellspacing=\"0\" cellpadding=\"0\" align=\"center\">\n<tbody>\n<tr>\n<td class=\"TESTO12biancoSX\" bgcolor=\"#0071B9\" width=\"111\" height=\"50\">V\u00c9HICULE<\/td>\n<td width=\"5\" height=\"50\"><\/td>\n<td class=\"TESTO12biancoCX\" bgcolor=\"#0071B9\" width=\"166\" height=\"50\">PORTE-\u00c9CHELLES<\/td>\n<td width=\"5\" height=\"50\"><\/td>\n<td class=\"TESTO12neroCX\" bgcolor=\"#e4e4e4\" width=\"166\" height=\"50\"><strong>DIMENSIONS<\/strong><\/td>\n<td width=\"5\" height=\"50\"><\/td>\n<td class=\"TESTO12neroCX\" bgcolor=\"#e4e4e4\" width=\"166\" height=\"50\"><strong>POIDS<\/strong><\/td>\n<td width=\"5\" height=\"50\"><\/td>\n<td class=\"TESTO12neroCX\" bgcolor=\"#e4e4e4\" width=\"206\" height=\"50\"><strong>CHARGE<\/strong><\/td>\n<\/tr>\n<tr>\n<td class=\"TESTO12neroSX\" width=\"111\"><\/td>\n<td width=\"5\"><\/td>\n<td class=\"TESTO12neroCX\" width=\"166\" height=\"25\"><strong>ART.<\/strong><\/td>\n<td width=\"5\" height=\"25\"><\/td>\n<td class=\"TESTO12neroCX\" width=\"166\" height=\"25\"><\/td>\n<td width=\"5\" height=\"25\"><\/td>\n<td class=\"TESTO12neroCX\" width=\"166\" height=\"25\"><\/td>\n<td width=\"5\" height=\"25\"><\/td>\n<td class=\"TESTO12neroCX\" width=\"206\" height=\"25\"><\/td>\n<\/tr>\n<tr>\n<td class=\"TESTO12neroCX\" width=\"111\" height=\"18\"><\/td>\n<td height=\"18\"><\/td>\n<td class=\"TESTO12neroCX\" height=\"18\"><\/td>\n<td height=\"18\"><\/td>\n<td height=\"18\"><\/td>\n<td height=\"18\"><\/td>\n<td height=\"18\"><\/td>\n<td height=\"18\"><\/td>\n<td height=\"18\"><\/td>\n<\/tr>\n<tr>\n<td class=\"TESTO12neroSX\" bgcolor=\"#e4e4e4\" width=\"111\" height=\"35\"><strong>L1 H1<\/strong><\/td>\n<td width=\"5\" height=\"35\"><\/td>\n<td class=\"TESTO12arancioCX\" width=\"166\" height=\"35\"><strong>POS 218<\/strong><\/td>\n<td width=\"5\" height=\"35\"><\/td>\n<td class=\"TESTO12neroCX\" width=\"166\" height=\"35\">2110&#215;1380 mm<\/td>\n<td width=\"5\" height=\"35\"><\/td>\n<td class=\"TESTO12neroCX\" width=\"166\" height=\"35\">44,28 kg<\/td>\n<td width=\"5\" height=\"35\"><\/td>\n<td class=\"TESTO12neroCX\" width=\"206\" height=\"35\">105,00 kg<\/td>\n<\/tr>\n<tr>\n<td width=\"111\" height=\"18\"><\/td>\n<td width=\"5\" height=\"18\"><\/td>\n<td width=\"166\" height=\"18\">\n<hr class=\"FILETTOgrigio\" noshade=\"noshade\" \/>\n<\/td>\n<td width=\"5\" height=\"18\"><\/td>\n<td width=\"166\" height=\"18\">\n<hr class=\"FILETTOgrigio\" noshade=\"noshade\" \/>\n<\/td>\n<td width=\"5\" height=\"18\"><\/td>\n<td width=\"166\" height=\"18\">\n<hr class=\"FILETTOgrigio\" noshade=\"noshade\" \/>\n<\/td>\n<td width=\"5\" height=\"18\"><\/td>\n<td width=\"206\" height=\"18\">\n<hr class=\"FILETTOgrigio\" noshade=\"noshade\" \/>\n<\/td>\n<\/tr>\n<tr>\n<td class=\"TESTO12neroSX\" colspan=\"9\" height=\"18\">Seulement pour v\u00e9hicule avec portes arri\u00e8re battantes. Le chariot porte-\u00e9chelles peut \u00eatre mont\u00e9 \u00e0 droite ou \u00e0 gauche.<\/td>\n<\/tr>\n<\/tbody>\n<\/table>\n","protected":false},"excerpt":{"rendered":"<p>Porte tout et Porte-\u00e9chelles pour fourgons Nissan NV200 Le syst\u00e8me de galerie de toit et porte-\u00e9chelle pour fourgons NV200 de Store Van est construit avec des mat\u00e9riaux l\u00e9gers mais r\u00e9sistants..<\/p>\n","protected":false},"author":470,"featured_media":0,"parent":54171,"menu_order":0,"comment_status":"closed","ping_status":"closed","template":"","meta":[],"acf":[],"yoast_head":"<!-- This site is optimized with the Yoast SEO plugin v20.11 - https:\/\/yoast.com\/wordpress\/plugins\/seo\/ -->\n<title>Porte tout et Porte-\u00e9chelles pour fourgons Nissan NV200<\/title>\n<meta name=\"robots\" content=\"index, follow, max-snippet:-1, max-image-preview:large, max-video-preview:-1\" \/>\n<link rel=\"canonical\" href=\"https:\/\/www.storevan.com\/fr\/amenagement-vehicules-utilitaires\/fourgons-nissan\/nv200\/porte-tout-porte-echelles\/\" \/>\n<meta property=\"og:locale\" content=\"fr_FR\" \/>\n<meta property=\"og:type\" content=\"article\" \/>\n<meta property=\"og:title\" content=\"Porte tout et Porte-\u00e9chelles pour fourgons Nissan NV200\" \/>\n<meta property=\"og:description\" content=\"Porte tout et Porte-\u00e9chelles pour fourgons Nissan NV200 Le syst\u00e8me de galerie de toit et porte-\u00e9chelle pour fourgons NV200 de Store Van est construit avec des mat\u00e9riaux l\u00e9gers mais r\u00e9sistants..\" \/>\n<meta property=\"og:url\" content=\"https:\/\/www.storevan.com\/fr\/amenagement-vehicules-utilitaires\/fourgons-nissan\/nv200\/porte-tout-porte-echelles\/\" \/>\n<meta property=\"og:site_name\" content=\"Store Van\" \/>\n<meta property=\"article:modified_time\" content=\"2018-01-29T10:43:35+00:00\" \/>\n<meta property=\"og:image\" content=\"https:\/\/www.storevan.com\/wp-content\/uploads\/2017\/04\/NV200-portatutto.jpg\" \/>\n<meta name=\"twitter:label1\" content=\"Dur\u00e9e de lecture estim\u00e9e\" \/>\n\t<meta name=\"twitter:data1\" content=\"1 minute\" \/>\n<script type=\"application\/ld+json\" class=\"yoast-schema-graph\">{\"@context\":\"https:\/\/schema.org\",\"@graph\":[{\"@type\":\"WebPage\",\"@id\":\"https:\/\/www.storevan.com\/fr\/amenagement-vehicules-utilitaires\/fourgons-nissan\/nv200\/porte-tout-porte-echelles\/\",\"url\":\"https:\/\/www.storevan.com\/fr\/amenagement-vehicules-utilitaires\/fourgons-nissan\/nv200\/porte-tout-porte-echelles\/\",\"name\":\"Porte tout et Porte-\u00e9chelles pour fourgons Nissan NV200\",\"isPartOf\":{\"@id\":\"https:\/\/www.storevan.com\/pl\/#website\"},\"datePublished\":\"2017-04-07T10:26:08+00:00\",\"dateModified\":\"2018-01-29T10:43:35+00:00\",\"breadcrumb\":{\"@id\":\"https:\/\/www.storevan.com\/fr\/amenagement-vehicules-utilitaires\/fourgons-nissan\/nv200\/porte-tout-porte-echelles\/#breadcrumb\"},\"inLanguage\":\"fr-FR\",\"potentialAction\":[{\"@type\":\"ReadAction\",\"target\":[\"https:\/\/www.storevan.com\/fr\/amenagement-vehicules-utilitaires\/fourgons-nissan\/nv200\/porte-tout-porte-echelles\/\"]}]},{\"@type\":\"BreadcrumbList\",\"@id\":\"https:\/\/www.storevan.com\/fr\/amenagement-vehicules-utilitaires\/fourgons-nissan\/nv200\/porte-tout-porte-echelles\/#breadcrumb\",\"itemListElement\":[{\"@type\":\"ListItem\",\"position\":1,\"name\":\"Home\",\"item\":\"https:\/\/www.storevan.com\/fr\/\"},{\"@type\":\"ListItem\",\"position\":2,\"name\":\"Am\u00e9nagement de v\u00e9hicule utilitaire\",\"item\":\"https:\/\/www.storevan.com\/fr\/amenagement-vehicules-utilitaires\/\"},{\"@type\":\"ListItem\",\"position\":3,\"name\":\"Nissan\",\"item\":\"https:\/\/www.storevan.com\/fr\/amenagement-vehicules-utilitaires\/fourgons-nissan\/\"},{\"@type\":\"ListItem\",\"position\":4,\"name\":\"NV200\",\"item\":\"https:\/\/www.storevan.com\/fr\/amenagement-vehicules-utilitaires\/fourgons-nissan\/nv200\/\"},{\"@type\":\"ListItem\",\"position\":5,\"name\":\"Porte tout et Porte-\u00e9chelles\"}]},{\"@type\":\"WebSite\",\"@id\":\"https:\/\/www.storevan.com\/pl\/#website\",\"url\":\"https:\/\/www.storevan.com\/pl\/\",\"name\":\"Store Van\",\"description\":\"Am\u00e9nagements fourgons\",\"potentialAction\":[{\"@type\":\"SearchAction\",\"target\":{\"@type\":\"EntryPoint\",\"urlTemplate\":\"https:\/\/www.storevan.com\/pl\/?s={search_term_string}\"},\"query-input\":\"required name=search_term_string\"}],\"inLanguage\":\"fr-FR\"}]}<\/script>\n<!-- \/ Yoast SEO plugin. -->","yoast_head_json":{"title":"Porte tout et Porte-\u00e9chelles pour fourgons Nissan NV200","robots":{"index":"index","follow":"follow","max-snippet":"max-snippet:-1","max-image-preview":"max-image-preview:large","max-video-preview":"max-video-preview:-1"},"canonical":"https:\/\/www.storevan.com\/fr\/amenagement-vehicules-utilitaires\/fourgons-nissan\/nv200\/porte-tout-porte-echelles\/","og_locale":"fr_FR","og_type":"article","og_title":"Porte tout et Porte-\u00e9chelles pour fourgons Nissan NV200","og_description":"Porte tout et Porte-\u00e9chelles pour fourgons Nissan NV200 Le syst\u00e8me de galerie de toit et porte-\u00e9chelle pour fourgons NV200 de Store Van est construit avec des mat\u00e9riaux l\u00e9gers mais r\u00e9sistants..","og_url":"https:\/\/www.storevan.com\/fr\/amenagement-vehicules-utilitaires\/fourgons-nissan\/nv200\/porte-tout-porte-echelles\/","og_site_name":"Store Van","article_modified_time":"2018-01-29T10:43:35+00:00","og_image":[{"url":"https:\/\/www.storevan.com\/wp-content\/uploads\/2017\/04\/NV200-portatutto.jpg"}],"twitter_misc":{"Dur\u00e9e de lecture estim\u00e9e":"1 minute"},"schema":{"@context":"https:\/\/schema.org","@graph":[{"@type":"WebPage","@id":"https:\/\/www.storevan.com\/fr\/amenagement-vehicules-utilitaires\/fourgons-nissan\/nv200\/porte-tout-porte-echelles\/","url":"https:\/\/www.storevan.com\/fr\/amenagement-vehicules-utilitaires\/fourgons-nissan\/nv200\/porte-tout-porte-echelles\/","name":"Porte tout et Porte-\u00e9chelles pour fourgons Nissan NV200","isPartOf":{"@id":"https:\/\/www.storevan.com\/pl\/#website"},"datePublished":"2017-04-07T10:26:08+00:00","dateModified":"2018-01-29T10:43:35+00:00","breadcrumb":{"@id":"https:\/\/www.storevan.com\/fr\/amenagement-vehicules-utilitaires\/fourgons-nissan\/nv200\/porte-tout-porte-echelles\/#breadcrumb"},"inLanguage":"fr-FR","potentialAction":[{"@type":"ReadAction","target":["https:\/\/www.storevan.com\/fr\/amenagement-vehicules-utilitaires\/fourgons-nissan\/nv200\/porte-tout-porte-echelles\/"]}]},{"@type":"BreadcrumbList","@id":"https:\/\/www.storevan.com\/fr\/amenagement-vehicules-utilitaires\/fourgons-nissan\/nv200\/porte-tout-porte-echelles\/#breadcrumb","itemListElement":[{"@type":"ListItem","position":1,"name":"Home","item":"https:\/\/www.storevan.com\/fr\/"},{"@type":"ListItem","position":2,"name":"Am\u00e9nagement de v\u00e9hicule utilitaire","item":"https:\/\/www.storevan.com\/fr\/amenagement-vehicules-utilitaires\/"},{"@type":"ListItem","position":3,"name":"Nissan","item":"https:\/\/www.storevan.com\/fr\/amenagement-vehicules-utilitaires\/fourgons-nissan\/"},{"@type":"ListItem","position":4,"name":"NV200","item":"https:\/\/www.storevan.com\/fr\/amenagement-vehicules-utilitaires\/fourgons-nissan\/nv200\/"},{"@type":"ListItem","position":5,"name":"Porte tout et Porte-\u00e9chelles"}]},{"@type":"WebSite","@id":"https:\/\/www.storevan.com\/pl\/#website","url":"https:\/\/www.storevan.com\/pl\/","name":"Store Van","description":"Am\u00e9nagements fourgons","potentialAction":[{"@type":"SearchAction","target":{"@type":"EntryPoint","urlTemplate":"https:\/\/www.storevan.com\/pl\/?s={search_term_string}"},"query-input":"required name=search_term_string"}],"inLanguage":"fr-FR"}]}},"_links":{"self":[{"href":"https:\/\/www.storevan.com\/fr\/wp-json\/wp\/v2\/pages\/54181"}],"collection":[{"href":"https:\/\/www.storevan.com\/fr\/wp-json\/wp\/v2\/pages"}],"about":[{"href":"https:\/\/www.storevan.com\/fr\/wp-json\/wp\/v2\/types\/page"}],"author":[{"embeddable":true,"href":"https:\/\/www.storevan.com\/fr\/wp-json\/wp\/v2\/users\/470"}],"replies":[{"embeddable":true,"href":"https:\/\/www.storevan.com\/fr\/wp-json\/wp\/v2\/comments?post=54181"}],"version-history":[{"count":0,"href":"https:\/\/www.storevan.com\/fr\/wp-json\/wp\/v2\/pages\/54181\/revisions"}],"up":[{"embeddable":true,"href":"https:\/\/www.storevan.com\/fr\/wp-json\/wp\/v2\/pages\/54171"}],"wp:attachment":[{"href":"https:\/\/www.storevan.com\/fr\/wp-json\/wp\/v2\/media?parent=54181"}],"curies":[{"name":"wp","href":"https:\/\/api.w.org\/{rel}","templated":true}]}}