{"id":54176,"date":"2017-04-07T10:10:24","date_gmt":"2017-04-07T10:10:24","guid":{"rendered":"https:\/\/www.storevan.com\/amenagement-vehicules-utilitaires\/fourgons-nissan\/nv200\/pianali-pannellature\/"},"modified":"2018-07-18T14:56:46","modified_gmt":"2018-07-18T14:56:46","slug":"planchers-habillages","status":"publish","type":"page","link":"https:\/\/www.storevan.com\/fr\/amenagement-vehicules-utilitaires\/fourgons-nissan\/nv200\/planchers-habillages\/","title":{"rendered":"Planchers et habillages"},"content":{"rendered":"<h1 class=\"customblackTitleSmall\">Planchers et habillages pour Nissan NV200<\/h1>\n<p>Les rayures et bosselures dans l\u2019espace de chargement d\u2019une fourgonnette met \u00e0 nu le m\u00e9tal de la carrosserie en favorisant la formation de la rouille. Dans le but de pr\u00e9venir ce probl\u00e8me la meilleure solution consiste \u00e0 prot\u00e9ger le v\u00e9hicule avec des <strong>planchers et habillages<\/strong> pour <strong>fourgonnettes NV200<\/strong> de <strong>Store Van<\/strong>. A la base d\u2019une am\u00e9lioration de la pr\u00e9servation de l\u2019espace de chargement il y a les <strong>rev\u00eatements int\u00e9rieurs<\/strong> pour v\u00e9hicules commerciaux <strong>Nissan NV200<\/strong>.<\/p>\n<p>Les planchers pour <strong>NV200<\/strong> sont en bois de 12 mm d\u2019\u00e9paisseur avec rev\u00eatement multicouche et pr\u00e9disposition pour les ancrages originaux du v\u00e9hicule.<\/p>\n<p><img decoding=\"async\" loading=\"lazy\" class=\"aligncenter wp-image-54143 size-full\" title=\"Planchers et habillages Nissan NV200\" src=\"https:\/\/www.storevan.com\/wp-content\/uploads\/2017\/04\/StoreVan-Pianali-Pannellature-1D.jpg\" alt=\"Planchers et habillages Nissan NV200\" width=\"625\" height=\"407\" srcset=\"https:\/\/www.storevan.com\/wp-content\/uploads\/2017\/04\/StoreVan-Pianali-Pannellature-1D.jpg 625w, https:\/\/www.storevan.com\/wp-content\/uploads\/2017\/04\/StoreVan-Pianali-Pannellature-1D-300x195.jpg 300w, https:\/\/www.storevan.com\/wp-content\/uploads\/2017\/04\/StoreVan-Pianali-Pannellature-1D-600x391.jpg 600w\" sizes=\"(max-width: 625px) 100vw, 625px\" \/><\/p>\n<table class=\"table tableBorder\">\n<thead>\n<tr>\n<td class=\"txtBkOrange\">V\u00c9HICULE<\/td>\n<td class=\"txtGrey\" style=\"text-align: center;\">PLANCHER 12 mm<\/td>\n<td class=\"txtGrey\" style=\"text-align: center;\">HABILLAGE<\/td>\n<td class=\"txtGrey\" style=\"text-align: center;\">HABILLAGE<\/td>\n<td class=\"txtGrey\" style=\"text-align: center;\">ARRI\u00c8RE CABINE<\/td>\n<\/tr>\n<tr>\n<td><\/td>\n<td class=\"TESTO12biancoCX\" style=\"text-align: center;\" bgcolor=\"#8d8d8d\"><strong>D<\/strong><\/td>\n<td class=\"TESTO12biancoCX\" style=\"text-align: center;\" bgcolor=\"#8d8d8d\"><strong>A+B<\/strong><\/td>\n<td class=\"TESTO12biancoCX\" style=\"text-align: center;\" bgcolor=\"#8d8d8d\"><strong>C<\/strong><\/td>\n<td class=\"TESTO12biancoCX\" style=\"text-align: center;\" bgcolor=\"#8d8d8d\"><strong>F<\/strong><\/td>\n<\/tr>\n<tr>\n<th><\/th>\n<th style=\"text-align: center;\">ART.<\/th>\n<th style=\"text-align: center;\">ART.<\/th>\n<th style=\"text-align: center;\">ART.<\/th>\n<th style=\"text-align: center;\">ART.<\/th>\n<\/tr>\n<\/thead>\n<tbody>\n<tr>\n<td style=\"vertical-align: middle;\" bgcolor=\"#f0f0f0\">L1 H1<\/td>\n<td style=\"text-align: center;\"><span class=\"blue\">PIL\u00a0221<\/span><br \/>\n21,20 kg<\/td>\n<td style=\"text-align: center;\"><span class=\"blue\">PAN\u00a0217<\/span><br \/>\n5,55 kg<\/td>\n<td style=\"text-align: center;\"><span class=\"blue\">PAR\u00a0210<\/span><br \/>\n0,80 kg<\/td>\n<td style=\"text-align: center;\"><span class=\"blue\">PIR\u00a0204<\/span><br \/>\n5,58 kg<\/td>\n<\/tr>\n<\/tbody>\n<\/table>\n","protected":false},"excerpt":{"rendered":"<p>Planchers et habillages pour Nissan NV200 Les rayures et bosselures dans l\u2019espace de chargement d\u2019une fourgonnette met \u00e0 nu le m\u00e9tal de la carrosserie en favorisant la formation de la.<\/p>\n","protected":false},"author":470,"featured_media":0,"parent":54171,"menu_order":0,"comment_status":"closed","ping_status":"closed","template":"","meta":[],"acf":[],"yoast_head":"<!-- This site is optimized with the Yoast SEO plugin v20.11 - https:\/\/yoast.com\/wordpress\/plugins\/seo\/ -->\n<title>Planchers et habillages pour Nissan NV200<\/title>\n<meta name=\"robots\" content=\"index, follow, max-snippet:-1, max-image-preview:large, max-video-preview:-1\" \/>\n<link rel=\"canonical\" href=\"https:\/\/www.storevan.com\/fr\/amenagement-vehicules-utilitaires\/fourgons-nissan\/nv200\/planchers-habillages\/\" \/>\n<meta property=\"og:locale\" content=\"fr_FR\" \/>\n<meta property=\"og:type\" content=\"article\" \/>\n<meta property=\"og:title\" content=\"Planchers et habillages pour Nissan NV200\" \/>\n<meta property=\"og:description\" content=\"Planchers et habillages pour Nissan NV200 Les rayures et bosselures dans l\u2019espace de chargement d\u2019une fourgonnette met \u00e0 nu le m\u00e9tal de la carrosserie en favorisant la formation de la.\" \/>\n<meta property=\"og:url\" content=\"https:\/\/www.storevan.com\/fr\/amenagement-vehicules-utilitaires\/fourgons-nissan\/nv200\/planchers-habillages\/\" \/>\n<meta property=\"og:site_name\" content=\"Store Van\" \/>\n<meta property=\"article:modified_time\" content=\"2018-07-18T14:56:46+00:00\" \/>\n<meta property=\"og:image\" content=\"https:\/\/www.storevan.com\/wp-content\/uploads\/2017\/04\/StoreVan-Pianali-Pannellature-1D.jpg\" \/>\n<meta name=\"twitter:label1\" content=\"Dur\u00e9e de lecture estim\u00e9e\" \/>\n\t<meta name=\"twitter:data1\" content=\"1 minute\" \/>\n<script type=\"application\/ld+json\" class=\"yoast-schema-graph\">{\"@context\":\"https:\/\/schema.org\",\"@graph\":[{\"@type\":\"WebPage\",\"@id\":\"https:\/\/www.storevan.com\/fr\/amenagement-vehicules-utilitaires\/fourgons-nissan\/nv200\/planchers-habillages\/\",\"url\":\"https:\/\/www.storevan.com\/fr\/amenagement-vehicules-utilitaires\/fourgons-nissan\/nv200\/planchers-habillages\/\",\"name\":\"Planchers et habillages pour Nissan NV200\",\"isPartOf\":{\"@id\":\"https:\/\/www.storevan.com\/pl\/#website\"},\"datePublished\":\"2017-04-07T10:10:24+00:00\",\"dateModified\":\"2018-07-18T14:56:46+00:00\",\"breadcrumb\":{\"@id\":\"https:\/\/www.storevan.com\/fr\/amenagement-vehicules-utilitaires\/fourgons-nissan\/nv200\/planchers-habillages\/#breadcrumb\"},\"inLanguage\":\"fr-FR\",\"potentialAction\":[{\"@type\":\"ReadAction\",\"target\":[\"https:\/\/www.storevan.com\/fr\/amenagement-vehicules-utilitaires\/fourgons-nissan\/nv200\/planchers-habillages\/\"]}]},{\"@type\":\"BreadcrumbList\",\"@id\":\"https:\/\/www.storevan.com\/fr\/amenagement-vehicules-utilitaires\/fourgons-nissan\/nv200\/planchers-habillages\/#breadcrumb\",\"itemListElement\":[{\"@type\":\"ListItem\",\"position\":1,\"name\":\"Home\",\"item\":\"https:\/\/www.storevan.com\/fr\/\"},{\"@type\":\"ListItem\",\"position\":2,\"name\":\"Am\u00e9nagement de v\u00e9hicule utilitaire\",\"item\":\"https:\/\/www.storevan.com\/fr\/amenagement-vehicules-utilitaires\/\"},{\"@type\":\"ListItem\",\"position\":3,\"name\":\"Nissan\",\"item\":\"https:\/\/www.storevan.com\/fr\/amenagement-vehicules-utilitaires\/fourgons-nissan\/\"},{\"@type\":\"ListItem\",\"position\":4,\"name\":\"NV200\",\"item\":\"https:\/\/www.storevan.com\/fr\/amenagement-vehicules-utilitaires\/fourgons-nissan\/nv200\/\"},{\"@type\":\"ListItem\",\"position\":5,\"name\":\"Planchers et habillages\"}]},{\"@type\":\"WebSite\",\"@id\":\"https:\/\/www.storevan.com\/pl\/#website\",\"url\":\"https:\/\/www.storevan.com\/pl\/\",\"name\":\"Store Van\",\"description\":\"Am\u00e9nagements fourgons\",\"potentialAction\":[{\"@type\":\"SearchAction\",\"target\":{\"@type\":\"EntryPoint\",\"urlTemplate\":\"https:\/\/www.storevan.com\/pl\/?s={search_term_string}\"},\"query-input\":\"required name=search_term_string\"}],\"inLanguage\":\"fr-FR\"}]}<\/script>\n<!-- \/ Yoast SEO plugin. -->","yoast_head_json":{"title":"Planchers et habillages pour Nissan NV200","robots":{"index":"index","follow":"follow","max-snippet":"max-snippet:-1","max-image-preview":"max-image-preview:large","max-video-preview":"max-video-preview:-1"},"canonical":"https:\/\/www.storevan.com\/fr\/amenagement-vehicules-utilitaires\/fourgons-nissan\/nv200\/planchers-habillages\/","og_locale":"fr_FR","og_type":"article","og_title":"Planchers et habillages pour Nissan NV200","og_description":"Planchers et habillages pour Nissan NV200 Les rayures et bosselures dans l\u2019espace de chargement d\u2019une fourgonnette met \u00e0 nu le m\u00e9tal de la carrosserie en favorisant la formation de la.","og_url":"https:\/\/www.storevan.com\/fr\/amenagement-vehicules-utilitaires\/fourgons-nissan\/nv200\/planchers-habillages\/","og_site_name":"Store Van","article_modified_time":"2018-07-18T14:56:46+00:00","og_image":[{"url":"https:\/\/www.storevan.com\/wp-content\/uploads\/2017\/04\/StoreVan-Pianali-Pannellature-1D.jpg"}],"twitter_misc":{"Dur\u00e9e de lecture estim\u00e9e":"1 minute"},"schema":{"@context":"https:\/\/schema.org","@graph":[{"@type":"WebPage","@id":"https:\/\/www.storevan.com\/fr\/amenagement-vehicules-utilitaires\/fourgons-nissan\/nv200\/planchers-habillages\/","url":"https:\/\/www.storevan.com\/fr\/amenagement-vehicules-utilitaires\/fourgons-nissan\/nv200\/planchers-habillages\/","name":"Planchers et habillages pour Nissan NV200","isPartOf":{"@id":"https:\/\/www.storevan.com\/pl\/#website"},"datePublished":"2017-04-07T10:10:24+00:00","dateModified":"2018-07-18T14:56:46+00:00","breadcrumb":{"@id":"https:\/\/www.storevan.com\/fr\/amenagement-vehicules-utilitaires\/fourgons-nissan\/nv200\/planchers-habillages\/#breadcrumb"},"inLanguage":"fr-FR","potentialAction":[{"@type":"ReadAction","target":["https:\/\/www.storevan.com\/fr\/amenagement-vehicules-utilitaires\/fourgons-nissan\/nv200\/planchers-habillages\/"]}]},{"@type":"BreadcrumbList","@id":"https:\/\/www.storevan.com\/fr\/amenagement-vehicules-utilitaires\/fourgons-nissan\/nv200\/planchers-habillages\/#breadcrumb","itemListElement":[{"@type":"ListItem","position":1,"name":"Home","item":"https:\/\/www.storevan.com\/fr\/"},{"@type":"ListItem","position":2,"name":"Am\u00e9nagement de v\u00e9hicule utilitaire","item":"https:\/\/www.storevan.com\/fr\/amenagement-vehicules-utilitaires\/"},{"@type":"ListItem","position":3,"name":"Nissan","item":"https:\/\/www.storevan.com\/fr\/amenagement-vehicules-utilitaires\/fourgons-nissan\/"},{"@type":"ListItem","position":4,"name":"NV200","item":"https:\/\/www.storevan.com\/fr\/amenagement-vehicules-utilitaires\/fourgons-nissan\/nv200\/"},{"@type":"ListItem","position":5,"name":"Planchers et habillages"}]},{"@type":"WebSite","@id":"https:\/\/www.storevan.com\/pl\/#website","url":"https:\/\/www.storevan.com\/pl\/","name":"Store Van","description":"Am\u00e9nagements fourgons","potentialAction":[{"@type":"SearchAction","target":{"@type":"EntryPoint","urlTemplate":"https:\/\/www.storevan.com\/pl\/?s={search_term_string}"},"query-input":"required name=search_term_string"}],"inLanguage":"fr-FR"}]}},"_links":{"self":[{"href":"https:\/\/www.storevan.com\/fr\/wp-json\/wp\/v2\/pages\/54176"}],"collection":[{"href":"https:\/\/www.storevan.com\/fr\/wp-json\/wp\/v2\/pages"}],"about":[{"href":"https:\/\/www.storevan.com\/fr\/wp-json\/wp\/v2\/types\/page"}],"author":[{"embeddable":true,"href":"https:\/\/www.storevan.com\/fr\/wp-json\/wp\/v2\/users\/470"}],"replies":[{"embeddable":true,"href":"https:\/\/www.storevan.com\/fr\/wp-json\/wp\/v2\/comments?post=54176"}],"version-history":[{"count":1,"href":"https:\/\/www.storevan.com\/fr\/wp-json\/wp\/v2\/pages\/54176\/revisions"}],"predecessor-version":[{"id":80961,"href":"https:\/\/www.storevan.com\/fr\/wp-json\/wp\/v2\/pages\/54176\/revisions\/80961"}],"up":[{"embeddable":true,"href":"https:\/\/www.storevan.com\/fr\/wp-json\/wp\/v2\/pages\/54171"}],"wp:attachment":[{"href":"https:\/\/www.storevan.com\/fr\/wp-json\/wp\/v2\/media?parent=54176"}],"curies":[{"name":"wp","href":"https:\/\/api.w.org\/{rel}","templated":true}]}}