{"id":54171,"date":"2017-04-07T10:04:28","date_gmt":"2017-04-07T10:04:28","guid":{"rendered":"https:\/\/www.storevan.com\/amenagement-vehicules-utilitaires\/fourgons-nissan\/nv200\/"},"modified":"2019-02-21T12:36:02","modified_gmt":"2019-02-21T12:36:02","slug":"nv200","status":"publish","type":"page","link":"https:\/\/www.storevan.com\/fr\/amenagement-vehicules-utilitaires\/fourgons-nissan\/nv200\/","title":{"rendered":"NV200"},"content":{"rendered":"<h1 class=\"customblackTitleSmall\">Am\u00e9nagements fourgons Nissan NV200<\/h1>\n<p><img decoding=\"async\" loading=\"lazy\" class=\"aligncenter size-full wp-image-80929\" src=\"https:\/\/www.storevan.com\/wp-content\/uploads\/2018\/07\/Nissan-NV200-top2.jpg\" alt=\"Am\u00e9nagements pour furgons Nissan NV200\" width=\"1140\" height=\"199\" srcset=\"https:\/\/www.storevan.com\/wp-content\/uploads\/2018\/07\/Nissan-NV200-top2.jpg 1140w, https:\/\/www.storevan.com\/wp-content\/uploads\/2018\/07\/Nissan-NV200-top2-300x52.jpg 300w, https:\/\/www.storevan.com\/wp-content\/uploads\/2018\/07\/Nissan-NV200-top2-768x134.jpg 768w, https:\/\/www.storevan.com\/wp-content\/uploads\/2018\/07\/Nissan-NV200-top2-1024x179.jpg 1024w\" sizes=\"(max-width: 1140px) 100vw, 1140px\" \/><\/p>\n<p>Parmi la multitude de v\u00e9hicules utilitaires disponibles sur le march\u00e9, le Nissan NV200 est certainement le fourgon id\u00e9al pour les activit\u00e9s de nombreuses entreprises qui le choisissent pour sa fiabilit\u00e9, sa r\u00e9sistance et son impressionnante capacit\u00e9 de chargement qui atteint 4,2 m\u00b3 de volume de chargement. Compact et dot\u00e9 de portes faciles \u00e0 ouvrir, il est en mesure de remplir les fonctions les plus difficiles, d\u2019acc\u00e9l\u00e9rer le chargement\/d\u00e9chargement des marchandises et de se frayer ais\u00e9ment un chemin, m\u00eame dans le trafic urbain.<\/p>\n<div class=\"col-xs-12 col-sm-6 col-md-6 col-lg-6\">\n<hr \/>\n<p><a href=\"https:\/\/www.storevan.com\/allestimenti-veicoli-commerciali\/furgoni-nissan\/nv200\/pianali-pannellature\/\" title=\"Planchers et habillages Nissan NV200\"><img decoding=\"async\" loading=\"lazy\" class=\"aligncenter size-full wp-image-80366\" src=\"https:\/\/www.storevan.com\/wp-content\/uploads\/2018\/07\/pianali-rivestimenti-furgone.jpg\" alt=\"PLANCHERS ET HABILLAGES\" width=\"547\" height=\"113\" srcset=\"https:\/\/www.storevan.com\/wp-content\/uploads\/2018\/07\/pianali-rivestimenti-furgone.jpg 547w, https:\/\/www.storevan.com\/wp-content\/uploads\/2018\/07\/pianali-rivestimenti-furgone-300x62.jpg 300w\" sizes=\"(max-width: 547px) 100vw, 547px\" \/><\/a><\/p>\n<h3 class=\"bigTxt txtGrey\"><a href=\"https:\/\/www.storevan.com\/allestimenti-veicoli-commerciali\/furgoni-nissan\/nv200\/pianali-pannellature\/\">PLANCHERS ET HABILLAGES<\/a><\/h3>\n<\/div>\n<div class=\"col-xs-12 col-sm-6 col-md-6 col-lg-6\">\n<hr \/>\n<p><a href=\"https:\/\/www.storevan.com\/allestimenti-veicoli-commerciali\/furgoni-nissan\/nv200\/portatutto-portascale\/\" title=\"Porte tout et porte-\u00e9chelles Nissan NV200\"><img decoding=\"async\" loading=\"lazy\" class=\"aligncenter size-full wp-image-80516\" src=\"https:\/\/www.storevan.com\/wp-content\/uploads\/2018\/07\/portascale-portatutto-furgone.jpg\" alt=\"PORTE TOUT ET PORTE-\u00c9CHELLES\" width=\"547\" height=\"113\" srcset=\"https:\/\/www.storevan.com\/wp-content\/uploads\/2018\/07\/portascale-portatutto-furgone.jpg 547w, https:\/\/www.storevan.com\/wp-content\/uploads\/2018\/07\/portascale-portatutto-furgone-300x62.jpg 300w\" sizes=\"(max-width: 547px) 100vw, 547px\" \/><\/a><\/p>\n<h3 class=\"bigTxt txtGrey\"><a href=\"https:\/\/www.storevan.com\/allestimenti-veicoli-commerciali\/furgoni-nissan\/nv200\/portatutto-portascale\/\">PORTE TOUT ET PORTE-\u00c9CHELLES<\/a><\/h3>\n<\/div>\n<div class=\"break\"><\/div>\n<p>Si vous avez choisi ce v\u00e9hicule utilitaire pour votre travail et que vous voulez exploiter au mieux son espace de chargement, contactez-nous et nous vous aiderons \u00e0 le transformer en atelier mobile. La t\u00f4le trait\u00e9e par galvanisation et la peinture par cataphor\u00e8se que nous utilisons garantissent \u00e0 l\u2019am\u00e9nagement de fourgons Nissan NV200 une excellente r\u00e9sistance \u00e0 la corrosion. Ce traitement moderne de pr\u00e9vention de la t\u00f4le rend les rayonnages plus r\u00e9sistants \u00e0 la rouille et permet de conserver plus longtemps l\u2019int\u00e9grit\u00e9 de la carrosserie des v\u00e9hicules utilitaires NV200.<\/p>\n<h2>Un logiciel pour offrir un conseil efficace de am\u00e9nagements pour NV200<\/h2>\n<p>Avec un logiciel de conception 3D de derni\u00e8re g\u00e9n\u00e9ration, qui reproduit des simulations r\u00e9alistes du projet\u00a0soign\u00e9 dans les moindres d\u00e9tails, nous sommes en mesure de r\u00e9pondre efficacement \u00e0 toutes les demandes de nos clients et de leur offrir un service compl\u00e9mentaire \u00e0 la proposition d\u2019am\u00e9nagement.<\/p>\n","protected":false},"excerpt":{"rendered":"<p>Am\u00e9nagements fourgons Nissan NV200 Parmi la multitude de v\u00e9hicules utilitaires disponibles sur le march\u00e9, le Nissan NV200 est certainement le fourgon id\u00e9al pour les activit\u00e9s de nombreuses entreprises qui le.<\/p>\n","protected":false},"author":470,"featured_media":0,"parent":26141,"menu_order":0,"comment_status":"closed","ping_status":"closed","template":"","meta":[],"acf":[],"yoast_head":"<!-- This site is optimized with the Yoast SEO plugin v20.11 - https:\/\/yoast.com\/wordpress\/plugins\/seo\/ -->\n<title>Am\u00e9nagements fourgons Nissan NV200<\/title>\n<meta name=\"description\" content=\"Gr\u00e2ce \u00e0 l\u2019utilisation de la t\u00f4le galvannealed et \u00e0 la peinture cataphor\u00e8se par immersion, les am\u00e9nagements pour fourgonnettes NV200 de Store Van ..\" \/>\n<meta name=\"robots\" content=\"index, follow, max-snippet:-1, max-image-preview:large, max-video-preview:-1\" \/>\n<link rel=\"canonical\" href=\"https:\/\/www.storevan.com\/fr\/amenagement-vehicules-utilitaires\/fourgons-nissan\/nv200\/\" \/>\n<meta property=\"og:locale\" content=\"fr_FR\" \/>\n<meta property=\"og:type\" content=\"article\" \/>\n<meta property=\"og:title\" content=\"Am\u00e9nagements fourgons Nissan NV200\" \/>\n<meta property=\"og:description\" content=\"Gr\u00e2ce \u00e0 l\u2019utilisation de la t\u00f4le galvannealed et \u00e0 la peinture cataphor\u00e8se par immersion, les am\u00e9nagements pour fourgonnettes NV200 de Store Van ..\" \/>\n<meta property=\"og:url\" content=\"https:\/\/www.storevan.com\/fr\/amenagement-vehicules-utilitaires\/fourgons-nissan\/nv200\/\" \/>\n<meta property=\"og:site_name\" content=\"Store Van\" \/>\n<meta property=\"article:modified_time\" content=\"2019-02-21T12:36:02+00:00\" \/>\n<meta property=\"og:image\" content=\"https:\/\/www.storevan.com\/wp-content\/uploads\/2018\/07\/Nissan-NV200-top2.jpg\" \/>\n<meta name=\"twitter:label1\" content=\"Dur\u00e9e de lecture estim\u00e9e\" \/>\n\t<meta name=\"twitter:data1\" content=\"1 minute\" \/>\n<script type=\"application\/ld+json\" class=\"yoast-schema-graph\">{\"@context\":\"https:\/\/schema.org\",\"@graph\":[{\"@type\":\"WebPage\",\"@id\":\"https:\/\/www.storevan.com\/fr\/amenagement-vehicules-utilitaires\/fourgons-nissan\/nv200\/\",\"url\":\"https:\/\/www.storevan.com\/fr\/amenagement-vehicules-utilitaires\/fourgons-nissan\/nv200\/\",\"name\":\"Am\u00e9nagements fourgons Nissan NV200\",\"isPartOf\":{\"@id\":\"https:\/\/www.storevan.com\/pl\/#website\"},\"datePublished\":\"2017-04-07T10:04:28+00:00\",\"dateModified\":\"2019-02-21T12:36:02+00:00\",\"description\":\"Gr\u00e2ce \u00e0 l\u2019utilisation de la t\u00f4le galvannealed et \u00e0 la peinture cataphor\u00e8se par immersion, les am\u00e9nagements pour fourgonnettes NV200 de Store Van ..\",\"breadcrumb\":{\"@id\":\"https:\/\/www.storevan.com\/fr\/amenagement-vehicules-utilitaires\/fourgons-nissan\/nv200\/#breadcrumb\"},\"inLanguage\":\"fr-FR\",\"potentialAction\":[{\"@type\":\"ReadAction\",\"target\":[\"https:\/\/www.storevan.com\/fr\/amenagement-vehicules-utilitaires\/fourgons-nissan\/nv200\/\"]}]},{\"@type\":\"BreadcrumbList\",\"@id\":\"https:\/\/www.storevan.com\/fr\/amenagement-vehicules-utilitaires\/fourgons-nissan\/nv200\/#breadcrumb\",\"itemListElement\":[{\"@type\":\"ListItem\",\"position\":1,\"name\":\"Home\",\"item\":\"https:\/\/www.storevan.com\/fr\/\"},{\"@type\":\"ListItem\",\"position\":2,\"name\":\"Am\u00e9nagement de v\u00e9hicule utilitaire\",\"item\":\"https:\/\/www.storevan.com\/fr\/amenagement-vehicules-utilitaires\/\"},{\"@type\":\"ListItem\",\"position\":3,\"name\":\"Nissan\",\"item\":\"https:\/\/www.storevan.com\/fr\/amenagement-vehicules-utilitaires\/fourgons-nissan\/\"},{\"@type\":\"ListItem\",\"position\":4,\"name\":\"NV200\"}]},{\"@type\":\"WebSite\",\"@id\":\"https:\/\/www.storevan.com\/pl\/#website\",\"url\":\"https:\/\/www.storevan.com\/pl\/\",\"name\":\"Store Van\",\"description\":\"Am\u00e9nagements fourgons\",\"potentialAction\":[{\"@type\":\"SearchAction\",\"target\":{\"@type\":\"EntryPoint\",\"urlTemplate\":\"https:\/\/www.storevan.com\/pl\/?s={search_term_string}\"},\"query-input\":\"required name=search_term_string\"}],\"inLanguage\":\"fr-FR\"}]}<\/script>\n<!-- \/ Yoast SEO plugin. -->","yoast_head_json":{"title":"Am\u00e9nagements fourgons Nissan NV200","description":"Gr\u00e2ce \u00e0 l\u2019utilisation de la t\u00f4le galvannealed et \u00e0 la peinture cataphor\u00e8se par immersion, les am\u00e9nagements pour fourgonnettes NV200 de Store Van ..","robots":{"index":"index","follow":"follow","max-snippet":"max-snippet:-1","max-image-preview":"max-image-preview:large","max-video-preview":"max-video-preview:-1"},"canonical":"https:\/\/www.storevan.com\/fr\/amenagement-vehicules-utilitaires\/fourgons-nissan\/nv200\/","og_locale":"fr_FR","og_type":"article","og_title":"Am\u00e9nagements fourgons Nissan NV200","og_description":"Gr\u00e2ce \u00e0 l\u2019utilisation de la t\u00f4le galvannealed et \u00e0 la peinture cataphor\u00e8se par immersion, les am\u00e9nagements pour fourgonnettes NV200 de Store Van ..","og_url":"https:\/\/www.storevan.com\/fr\/amenagement-vehicules-utilitaires\/fourgons-nissan\/nv200\/","og_site_name":"Store Van","article_modified_time":"2019-02-21T12:36:02+00:00","og_image":[{"url":"https:\/\/www.storevan.com\/wp-content\/uploads\/2018\/07\/Nissan-NV200-top2.jpg"}],"twitter_misc":{"Dur\u00e9e de lecture estim\u00e9e":"1 minute"},"schema":{"@context":"https:\/\/schema.org","@graph":[{"@type":"WebPage","@id":"https:\/\/www.storevan.com\/fr\/amenagement-vehicules-utilitaires\/fourgons-nissan\/nv200\/","url":"https:\/\/www.storevan.com\/fr\/amenagement-vehicules-utilitaires\/fourgons-nissan\/nv200\/","name":"Am\u00e9nagements fourgons Nissan NV200","isPartOf":{"@id":"https:\/\/www.storevan.com\/pl\/#website"},"datePublished":"2017-04-07T10:04:28+00:00","dateModified":"2019-02-21T12:36:02+00:00","description":"Gr\u00e2ce \u00e0 l\u2019utilisation de la t\u00f4le galvannealed et \u00e0 la peinture cataphor\u00e8se par immersion, les am\u00e9nagements pour fourgonnettes NV200 de Store Van ..","breadcrumb":{"@id":"https:\/\/www.storevan.com\/fr\/amenagement-vehicules-utilitaires\/fourgons-nissan\/nv200\/#breadcrumb"},"inLanguage":"fr-FR","potentialAction":[{"@type":"ReadAction","target":["https:\/\/www.storevan.com\/fr\/amenagement-vehicules-utilitaires\/fourgons-nissan\/nv200\/"]}]},{"@type":"BreadcrumbList","@id":"https:\/\/www.storevan.com\/fr\/amenagement-vehicules-utilitaires\/fourgons-nissan\/nv200\/#breadcrumb","itemListElement":[{"@type":"ListItem","position":1,"name":"Home","item":"https:\/\/www.storevan.com\/fr\/"},{"@type":"ListItem","position":2,"name":"Am\u00e9nagement de v\u00e9hicule utilitaire","item":"https:\/\/www.storevan.com\/fr\/amenagement-vehicules-utilitaires\/"},{"@type":"ListItem","position":3,"name":"Nissan","item":"https:\/\/www.storevan.com\/fr\/amenagement-vehicules-utilitaires\/fourgons-nissan\/"},{"@type":"ListItem","position":4,"name":"NV200"}]},{"@type":"WebSite","@id":"https:\/\/www.storevan.com\/pl\/#website","url":"https:\/\/www.storevan.com\/pl\/","name":"Store Van","description":"Am\u00e9nagements fourgons","potentialAction":[{"@type":"SearchAction","target":{"@type":"EntryPoint","urlTemplate":"https:\/\/www.storevan.com\/pl\/?s={search_term_string}"},"query-input":"required name=search_term_string"}],"inLanguage":"fr-FR"}]}},"_links":{"self":[{"href":"https:\/\/www.storevan.com\/fr\/wp-json\/wp\/v2\/pages\/54171"}],"collection":[{"href":"https:\/\/www.storevan.com\/fr\/wp-json\/wp\/v2\/pages"}],"about":[{"href":"https:\/\/www.storevan.com\/fr\/wp-json\/wp\/v2\/types\/page"}],"author":[{"embeddable":true,"href":"https:\/\/www.storevan.com\/fr\/wp-json\/wp\/v2\/users\/470"}],"replies":[{"embeddable":true,"href":"https:\/\/www.storevan.com\/fr\/wp-json\/wp\/v2\/comments?post=54171"}],"version-history":[{"count":6,"href":"https:\/\/www.storevan.com\/fr\/wp-json\/wp\/v2\/pages\/54171\/revisions"}],"predecessor-version":[{"id":98015,"href":"https:\/\/www.storevan.com\/fr\/wp-json\/wp\/v2\/pages\/54171\/revisions\/98015"}],"up":[{"embeddable":true,"href":"https:\/\/www.storevan.com\/fr\/wp-json\/wp\/v2\/pages\/26141"}],"wp:attachment":[{"href":"https:\/\/www.storevan.com\/fr\/wp-json\/wp\/v2\/media?parent=54171"}],"curies":[{"name":"wp","href":"https:\/\/api.w.org\/{rel}","templated":true}]}}