{"id":53484,"date":"2017-03-09T10:48:28","date_gmt":"2017-03-09T10:48:28","guid":{"rendered":"https:\/\/www.storevan.com\/allestimento-furgoni-germania\/"},"modified":"2023-06-22T15:23:19","modified_gmt":"2023-06-22T15:23:19","slug":"amenagements-filiale-allemagne","status":"publish","type":"page","link":"https:\/\/www.storevan.com\/fr\/amenagements-filiale-allemagne\/","title":{"rendered":"Am\u00e9nagement pour fourgons StoreVan &#8211; Filiale Allemagne"},"content":{"rendered":"<h1 class=\"customblackTitleSmall\">Am\u00e9nagement pour fourgons StoreVan &#8211; Filiale Allemagne<\/h1>\n<p style=\"text-align: justify;\">Apr\u00e8s s&rsquo;\u00eatre affirm\u00e9e sur le march\u00e9 national, la marque Store Van, qui doit son succ\u00e8s \u00e0 l&rsquo;investissement persistant dans le d\u00e9veloppement de solutions d&rsquo;<strong>am\u00e9nagement personnalis\u00e9es pour fourgons<\/strong>, s&rsquo;est aussi impos\u00e9e \u00e0 l\u2019\u00e9tranger gr\u00e2ce \u00e0 l&rsquo;excellent service offert par ses filiales.<\/p>\n<p style=\"text-align: justify;\">Avec sa <strong>filiale allemande Fami Deutschland GmbH<\/strong>, Store Van distribue dans tous les coins de l&rsquo;Allemagne les m\u00eames produits de qualit\u00e9, la m\u00eame excellence dans la cr\u00e9ation et le m\u00eame professionnalisme dans la r\u00e9alisation de l\u2019atelier mobile, qu&rsquo;elle garantit \u00e0 ses client italiens, en assistant l&rsquo;acheteur dans toutes les phases, de la conception de la meilleure solution \u00e0 la phase de montage, g\u00e9r\u00e9e par des techniciens sp\u00e9cialis\u00e9s et directement form\u00e9s par la soci\u00e9t\u00e9 m\u00e8re.<\/p>\n<p style=\"text-align: justify;\">La filiale est d\u00e9j\u00e0 active depuis quelques ann\u00e9e et est un v\u00e9ritable avant-poste commercial dans lequel le personnel est toujours disponible pour la r\u00e9daction de devis gratuits soigneusement d\u00e9taill\u00e9s et accompagn\u00e9s de <strong>dessins 3D<\/strong>, la reproduction fid\u00e8le de l&rsquo;am\u00e9nagement de l&rsquo;espace de chargement du fourgon avec des rayonnages modulaires, des blocs-tiroirs, des \u00e9tablis, des bacs pour petites pi\u00e8ces, des rev\u00eatements int\u00e9rieurs pour v\u00e9hicules utilitaires, des syst\u00e8mes \u00e0 support multifonction et porte-\u00e9chelle.<\/p>\n<p style=\"text-align: justify;\"><div class=\"one_half\"><a href=\"https:\/\/www.storevan.com\/wp-content\/uploads\/2023\/06\/STOREVAN-GERMANY-FAMI-DEUTSCHLAND-G.jpg\"><img decoding=\"async\" loading=\"lazy\" class=\"aligncenter wp-image-152126 size-full\" title=\"Am\u00e9nagement pour fourgons StoreVan - Filiale Allemagne\" src=\"https:\/\/www.storevan.com\/wp-content\/uploads\/2023\/06\/STOREVAN-GERMANY-FAMI-DEUTSCHLAND-G.jpg\" alt=\"\" width=\"555\" height=\"230\" srcset=\"https:\/\/www.storevan.com\/wp-content\/uploads\/2023\/06\/STOREVAN-GERMANY-FAMI-DEUTSCHLAND-G.jpg 555w, https:\/\/www.storevan.com\/wp-content\/uploads\/2023\/06\/STOREVAN-GERMANY-FAMI-DEUTSCHLAND-G-300x124.jpg 300w\" sizes=\"(max-width: 555px) 100vw, 555px\" \/><\/a><\/div><div class=\"one_half last\">\n<p><strong>Fami Deutschland GmbH<\/strong><br \/>\nBenzstra\u00dfe 11 a-c<br \/>\n82178 Puchheim &#8211; Deutschland<br \/>\nTelefon: +49 (0)89 1434078 0<\/p>\n<p><a href=\"mailto:info@fami.de\">info@fami.de<\/a><br \/>\n<a title=\"Fahrzeugeinrichtung StoreVan\" href=\"https:\/\/www.storevan.de\">www.storevan.de<\/a><\/p>\n<p style=\"text-align: justify;\"><\/div><div class=\"clearboth\"><\/div>\n","protected":false},"excerpt":{"rendered":"<p>Am\u00e9nagement pour fourgons StoreVan &#8211; Filiale Allemagne Apr\u00e8s s&rsquo;\u00eatre affirm\u00e9e sur le march\u00e9 national, la marque Store Van, qui doit son succ\u00e8s \u00e0 l&rsquo;investissement persistant dans le d\u00e9veloppement de solutions.<\/p>\n","protected":false},"author":470,"featured_media":0,"parent":0,"menu_order":0,"comment_status":"closed","ping_status":"closed","template":"","meta":[],"acf":[],"yoast_head":"<!-- This site is optimized with the Yoast SEO plugin v20.11 - https:\/\/yoast.com\/wordpress\/plugins\/seo\/ -->\n<title>Am\u00e9nagement pour fourgons StoreVan - Filiale Allemagne<\/title>\n<meta name=\"description\" content=\"Am\u00e9nagements fourgons en Allemagne, filiale de Puchheim. Atelier mobile personnalis\u00e9 pour v\u00e9hicules utilitaires. Rayonnages, plancher et panneaux.\" \/>\n<meta name=\"robots\" content=\"index, follow, max-snippet:-1, max-image-preview:large, max-video-preview:-1\" \/>\n<link rel=\"canonical\" href=\"https:\/\/www.storevan.com\/fr\/amenagements-filiale-allemagne\/\" \/>\n<meta property=\"og:locale\" content=\"fr_FR\" \/>\n<meta property=\"og:type\" content=\"article\" \/>\n<meta property=\"og:title\" content=\"Am\u00e9nagement pour fourgons StoreVan - Filiale Allemagne\" \/>\n<meta property=\"og:description\" content=\"Am\u00e9nagements fourgons en Allemagne, filiale de Puchheim. Atelier mobile personnalis\u00e9 pour v\u00e9hicules utilitaires. Rayonnages, plancher et panneaux.\" \/>\n<meta property=\"og:url\" content=\"https:\/\/www.storevan.com\/fr\/amenagements-filiale-allemagne\/\" \/>\n<meta property=\"og:site_name\" content=\"Store Van\" \/>\n<meta property=\"article:modified_time\" content=\"2023-06-22T15:23:19+00:00\" \/>\n<meta property=\"og:image\" content=\"https:\/\/www.storevan.com\/wp-content\/uploads\/2023\/06\/STOREVAN-GERMANY-FAMI-DEUTSCHLAND-G.jpg\" \/>\n<meta name=\"twitter:label1\" content=\"Dur\u00e9e de lecture estim\u00e9e\" \/>\n\t<meta name=\"twitter:data1\" content=\"2 minutes\" \/>\n<script type=\"application\/ld+json\" class=\"yoast-schema-graph\">{\"@context\":\"https:\/\/schema.org\",\"@graph\":[{\"@type\":\"WebPage\",\"@id\":\"https:\/\/www.storevan.com\/fr\/amenagements-filiale-allemagne\/\",\"url\":\"https:\/\/www.storevan.com\/fr\/amenagements-filiale-allemagne\/\",\"name\":\"Am\u00e9nagement pour fourgons StoreVan - Filiale Allemagne\",\"isPartOf\":{\"@id\":\"https:\/\/www.storevan.com\/pl\/#website\"},\"datePublished\":\"2017-03-09T10:48:28+00:00\",\"dateModified\":\"2023-06-22T15:23:19+00:00\",\"description\":\"Am\u00e9nagements fourgons en Allemagne, filiale de Puchheim. Atelier mobile personnalis\u00e9 pour v\u00e9hicules utilitaires. Rayonnages, plancher et panneaux.\",\"breadcrumb\":{\"@id\":\"https:\/\/www.storevan.com\/fr\/amenagements-filiale-allemagne\/#breadcrumb\"},\"inLanguage\":\"fr-FR\",\"potentialAction\":[{\"@type\":\"ReadAction\",\"target\":[\"https:\/\/www.storevan.com\/fr\/amenagements-filiale-allemagne\/\"]}]},{\"@type\":\"BreadcrumbList\",\"@id\":\"https:\/\/www.storevan.com\/fr\/amenagements-filiale-allemagne\/#breadcrumb\",\"itemListElement\":[{\"@type\":\"ListItem\",\"position\":1,\"name\":\"Home\",\"item\":\"https:\/\/www.storevan.com\/fr\/\"},{\"@type\":\"ListItem\",\"position\":2,\"name\":\"Am\u00e9nagement pour fourgons StoreVan &#8211; Filiale Allemagne\"}]},{\"@type\":\"WebSite\",\"@id\":\"https:\/\/www.storevan.com\/pl\/#website\",\"url\":\"https:\/\/www.storevan.com\/pl\/\",\"name\":\"Store Van\",\"description\":\"Am\u00e9nagements fourgons\",\"potentialAction\":[{\"@type\":\"SearchAction\",\"target\":{\"@type\":\"EntryPoint\",\"urlTemplate\":\"https:\/\/www.storevan.com\/pl\/?s={search_term_string}\"},\"query-input\":\"required name=search_term_string\"}],\"inLanguage\":\"fr-FR\"}]}<\/script>\n<!-- \/ Yoast SEO plugin. -->","yoast_head_json":{"title":"Am\u00e9nagement pour fourgons StoreVan - Filiale Allemagne","description":"Am\u00e9nagements fourgons en Allemagne, filiale de Puchheim. Atelier mobile personnalis\u00e9 pour v\u00e9hicules utilitaires. Rayonnages, plancher et panneaux.","robots":{"index":"index","follow":"follow","max-snippet":"max-snippet:-1","max-image-preview":"max-image-preview:large","max-video-preview":"max-video-preview:-1"},"canonical":"https:\/\/www.storevan.com\/fr\/amenagements-filiale-allemagne\/","og_locale":"fr_FR","og_type":"article","og_title":"Am\u00e9nagement pour fourgons StoreVan - Filiale Allemagne","og_description":"Am\u00e9nagements fourgons en Allemagne, filiale de Puchheim. Atelier mobile personnalis\u00e9 pour v\u00e9hicules utilitaires. Rayonnages, plancher et panneaux.","og_url":"https:\/\/www.storevan.com\/fr\/amenagements-filiale-allemagne\/","og_site_name":"Store Van","article_modified_time":"2023-06-22T15:23:19+00:00","og_image":[{"url":"https:\/\/www.storevan.com\/wp-content\/uploads\/2023\/06\/STOREVAN-GERMANY-FAMI-DEUTSCHLAND-G.jpg"}],"twitter_misc":{"Dur\u00e9e de lecture estim\u00e9e":"2 minutes"},"schema":{"@context":"https:\/\/schema.org","@graph":[{"@type":"WebPage","@id":"https:\/\/www.storevan.com\/fr\/amenagements-filiale-allemagne\/","url":"https:\/\/www.storevan.com\/fr\/amenagements-filiale-allemagne\/","name":"Am\u00e9nagement pour fourgons StoreVan - Filiale Allemagne","isPartOf":{"@id":"https:\/\/www.storevan.com\/pl\/#website"},"datePublished":"2017-03-09T10:48:28+00:00","dateModified":"2023-06-22T15:23:19+00:00","description":"Am\u00e9nagements fourgons en Allemagne, filiale de Puchheim. Atelier mobile personnalis\u00e9 pour v\u00e9hicules utilitaires. Rayonnages, plancher et panneaux.","breadcrumb":{"@id":"https:\/\/www.storevan.com\/fr\/amenagements-filiale-allemagne\/#breadcrumb"},"inLanguage":"fr-FR","potentialAction":[{"@type":"ReadAction","target":["https:\/\/www.storevan.com\/fr\/amenagements-filiale-allemagne\/"]}]},{"@type":"BreadcrumbList","@id":"https:\/\/www.storevan.com\/fr\/amenagements-filiale-allemagne\/#breadcrumb","itemListElement":[{"@type":"ListItem","position":1,"name":"Home","item":"https:\/\/www.storevan.com\/fr\/"},{"@type":"ListItem","position":2,"name":"Am\u00e9nagement pour fourgons StoreVan &#8211; Filiale Allemagne"}]},{"@type":"WebSite","@id":"https:\/\/www.storevan.com\/pl\/#website","url":"https:\/\/www.storevan.com\/pl\/","name":"Store Van","description":"Am\u00e9nagements fourgons","potentialAction":[{"@type":"SearchAction","target":{"@type":"EntryPoint","urlTemplate":"https:\/\/www.storevan.com\/pl\/?s={search_term_string}"},"query-input":"required name=search_term_string"}],"inLanguage":"fr-FR"}]}},"_links":{"self":[{"href":"https:\/\/www.storevan.com\/fr\/wp-json\/wp\/v2\/pages\/53484"}],"collection":[{"href":"https:\/\/www.storevan.com\/fr\/wp-json\/wp\/v2\/pages"}],"about":[{"href":"https:\/\/www.storevan.com\/fr\/wp-json\/wp\/v2\/types\/page"}],"author":[{"embeddable":true,"href":"https:\/\/www.storevan.com\/fr\/wp-json\/wp\/v2\/users\/470"}],"replies":[{"embeddable":true,"href":"https:\/\/www.storevan.com\/fr\/wp-json\/wp\/v2\/comments?post=53484"}],"version-history":[{"count":7,"href":"https:\/\/www.storevan.com\/fr\/wp-json\/wp\/v2\/pages\/53484\/revisions"}],"predecessor-version":[{"id":152150,"href":"https:\/\/www.storevan.com\/fr\/wp-json\/wp\/v2\/pages\/53484\/revisions\/152150"}],"wp:attachment":[{"href":"https:\/\/www.storevan.com\/fr\/wp-json\/wp\/v2\/media?parent=53484"}],"curies":[{"name":"wp","href":"https:\/\/api.w.org\/{rel}","templated":true}]}}