{"id":53414,"date":"2017-02-21T10:23:15","date_gmt":"2017-02-21T10:23:15","guid":{"rendered":"https:\/\/www.storevan.com\/allestimento-furgoni-filiale-lazio\/"},"modified":"2025-02-17T08:11:13","modified_gmt":"2025-02-17T08:11:13","slug":"amenagements-filiale-lazio","status":"publish","type":"page","link":"https:\/\/www.storevan.com\/fr\/amenagements-filiale-lazio\/","title":{"rendered":"Am\u00e9nagement fourgons StoreVan Filiale Lazio"},"content":{"rendered":"<h1 class=\"customblackTitleSmall\">Am\u00e9nagement fourgons StoreVan Filiale Lazio<\/h1>\n<p style=\"text-align: justify;\">Am\u00e9nagements pour fourgons Store Van dans le c\u0153ur de la r\u00e9gion Latium\u00a0; depuis plusieurs ann\u00e9es nous sommes pr\u00e9sents \u00e0 Rome, avec des solutions d\u2019am\u00e9nagements pour ateliers mobiles professionnels. Un fourgon am\u00e9nag\u00e9 par Store Van est une excellente carte de visite pour un entrepreneur qui ne perd pas de temps \u00e0 chercher ses outils et ses instruments plac\u00e9s les uns sur les autres dans l&rsquo;espace de chargement.\u00a0 De plus, la <a href=\"https:\/\/www.storevan.com\/fr\/produits\/securisation-chargement\/\">s\u00e9curit\u00e9 du chargement<\/a> est garantie par une gamme compl\u00e8te d&rsquo;accessoires pour fixer les marchandises, tels que crochets, courroies et barres pour un chargement parfaitement arrim\u00e9.\u00a0 Nous proposons des rev\u00eatements int\u00e9rieurs pour la carrosserie\u00a0: planchers en bois multiplis, r\u00e9alis\u00e9s en une ou plusieurs pi\u00e8ces encastrables, impr\u00e9gn\u00e9s de r\u00e9sine sur les deux faces, avec traitement anti-usure et antid\u00e9rapage sur la surface utile.<\/p>\n<div class=\"one_half\"><img decoding=\"async\" loading=\"lazy\" class=\"aligncenter wp-image-52443 size-full\" title=\"Am\u00e9nagement fourgons Store Van Filiale Lazio\" src=\"https:\/\/www.storevan.com\/wp-content\/uploads\/2017\/02\/STOREVAN-LAZIO.jpg\" alt=\"Am\u00e9nagement fourgons Store Van Filiale Lazio\" width=\"555\" height=\"230\" srcset=\"https:\/\/www.storevan.com\/wp-content\/uploads\/2017\/02\/STOREVAN-LAZIO.jpg 555w, https:\/\/www.storevan.com\/wp-content\/uploads\/2017\/02\/STOREVAN-LAZIO-300x124.jpg 300w\" sizes=\"(max-width: 555px) 100vw, 555px\" \/><\/div><div class=\"one_half last\">\n<strong>LAZIO &#8211; FAMI S.r.l<\/strong>.<br \/>\nVia Pieve Torina, 58\/60<br \/>\n00156 Roma (RM)<br \/>\nTel. +39 06 41205491<br \/>\nFax. +39 06 41204138<br \/>\n<a href=\"mailto:info.roma@storevan.it\">info.roma@storevan.it<\/a><br \/>\n<\/div><div class=\"clearboth\"><\/div>\n<p>&nbsp;<\/p>\n<div class=\"demo-sep\" style=\"margin-top: 40px;\"><\/div>\n<div class=\"one_half\">\n<p><span style=\"color: #ff9900;\"><strong>ROMA, FROSINONE, LATINA, RIETI, VITERBO<\/strong><\/span><br \/>\nRepr\u00e9sentant des ventes: Fabrizio Colangeli<br \/>\nMob. +39 331 6729414<br \/>\n<a href=\"mailto:fabrizio.colangeli@storevan.it\">fabrizio.colangeli@storevan.it<\/a><br \/>\n<\/div>\n<div class=\"one_half last\">\n<p><span style=\"color: #ff9900;\"><strong>ROMA<\/strong><\/span><br \/>\nRepr\u00e9sentant des ventes: Tania Onori<br \/>\nMob. +39 366 6626327<br \/>\n<a href=\"mailto:Tania.Onori@Storevan.it\">Tania.Onori@Storevan.it<\/a><br \/>\n<\/div><div class=\"clearboth\"><\/div>\n","protected":false},"excerpt":{"rendered":"<p>Am\u00e9nagement fourgons StoreVan Filiale Lazio Am\u00e9nagements pour fourgons Store Van dans le c\u0153ur de la r\u00e9gion Latium\u00a0; depuis plusieurs ann\u00e9es nous sommes pr\u00e9sents \u00e0 Rome, avec des solutions d\u2019am\u00e9nagements pour.<\/p>\n","protected":false},"author":470,"featured_media":0,"parent":0,"menu_order":0,"comment_status":"closed","ping_status":"closed","template":"","meta":[],"acf":[],"yoast_head":"<!-- This site is optimized with the Yoast SEO plugin v20.11 - https:\/\/yoast.com\/wordpress\/plugins\/seo\/ -->\n<title>Am\u00e9nagement fourgons StoreVan Filiale Lazio<\/title>\n<meta name=\"description\" content=\"Am\u00e9nagements pour fourgons Store Van dans le Latium. R\u00e9alisation d&#039;ateliers mobiles professionnels avec des am\u00e9nagements pour v\u00e9hicules utilitaires.\" \/>\n<meta name=\"robots\" content=\"index, follow, max-snippet:-1, max-image-preview:large, max-video-preview:-1\" \/>\n<link rel=\"canonical\" href=\"https:\/\/www.storevan.com\/fr\/amenagements-filiale-lazio\/\" \/>\n<meta property=\"og:locale\" content=\"fr_FR\" \/>\n<meta property=\"og:type\" content=\"article\" \/>\n<meta property=\"og:title\" content=\"Am\u00e9nagement fourgons StoreVan Filiale Lazio\" \/>\n<meta property=\"og:description\" content=\"Am\u00e9nagements pour fourgons Store Van dans le Latium. R\u00e9alisation d&#039;ateliers mobiles professionnels avec des am\u00e9nagements pour v\u00e9hicules utilitaires.\" \/>\n<meta property=\"og:url\" content=\"https:\/\/www.storevan.com\/fr\/amenagements-filiale-lazio\/\" \/>\n<meta property=\"og:site_name\" content=\"Store Van\" \/>\n<meta property=\"article:modified_time\" content=\"2025-02-17T08:11:13+00:00\" \/>\n<meta property=\"og:image\" content=\"https:\/\/www.storevan.com\/wp-content\/uploads\/2017\/02\/STOREVAN-LAZIO.jpg\" \/>\n<meta name=\"twitter:label1\" content=\"Dur\u00e9e de lecture estim\u00e9e\" \/>\n\t<meta name=\"twitter:data1\" content=\"2 minutes\" \/>\n<script type=\"application\/ld+json\" class=\"yoast-schema-graph\">{\"@context\":\"https:\/\/schema.org\",\"@graph\":[{\"@type\":\"WebPage\",\"@id\":\"https:\/\/www.storevan.com\/fr\/amenagements-filiale-lazio\/\",\"url\":\"https:\/\/www.storevan.com\/fr\/amenagements-filiale-lazio\/\",\"name\":\"Am\u00e9nagement fourgons StoreVan Filiale Lazio\",\"isPartOf\":{\"@id\":\"https:\/\/www.storevan.com\/pl\/#website\"},\"datePublished\":\"2017-02-21T10:23:15+00:00\",\"dateModified\":\"2025-02-17T08:11:13+00:00\",\"description\":\"Am\u00e9nagements pour fourgons Store Van dans le Latium. R\u00e9alisation d'ateliers mobiles professionnels avec des am\u00e9nagements pour v\u00e9hicules utilitaires.\",\"breadcrumb\":{\"@id\":\"https:\/\/www.storevan.com\/fr\/amenagements-filiale-lazio\/#breadcrumb\"},\"inLanguage\":\"fr-FR\",\"potentialAction\":[{\"@type\":\"ReadAction\",\"target\":[\"https:\/\/www.storevan.com\/fr\/amenagements-filiale-lazio\/\"]}]},{\"@type\":\"BreadcrumbList\",\"@id\":\"https:\/\/www.storevan.com\/fr\/amenagements-filiale-lazio\/#breadcrumb\",\"itemListElement\":[{\"@type\":\"ListItem\",\"position\":1,\"name\":\"Home\",\"item\":\"https:\/\/www.storevan.com\/fr\/\"},{\"@type\":\"ListItem\",\"position\":2,\"name\":\"Am\u00e9nagement fourgons StoreVan Filiale Lazio\"}]},{\"@type\":\"WebSite\",\"@id\":\"https:\/\/www.storevan.com\/pl\/#website\",\"url\":\"https:\/\/www.storevan.com\/pl\/\",\"name\":\"Store Van\",\"description\":\"Am\u00e9nagements fourgons\",\"potentialAction\":[{\"@type\":\"SearchAction\",\"target\":{\"@type\":\"EntryPoint\",\"urlTemplate\":\"https:\/\/www.storevan.com\/pl\/?s={search_term_string}\"},\"query-input\":\"required name=search_term_string\"}],\"inLanguage\":\"fr-FR\"}]}<\/script>\n<!-- \/ Yoast SEO plugin. -->","yoast_head_json":{"title":"Am\u00e9nagement fourgons StoreVan Filiale Lazio","description":"Am\u00e9nagements pour fourgons Store Van dans le Latium. R\u00e9alisation d'ateliers mobiles professionnels avec des am\u00e9nagements pour v\u00e9hicules utilitaires.","robots":{"index":"index","follow":"follow","max-snippet":"max-snippet:-1","max-image-preview":"max-image-preview:large","max-video-preview":"max-video-preview:-1"},"canonical":"https:\/\/www.storevan.com\/fr\/amenagements-filiale-lazio\/","og_locale":"fr_FR","og_type":"article","og_title":"Am\u00e9nagement fourgons StoreVan Filiale Lazio","og_description":"Am\u00e9nagements pour fourgons Store Van dans le Latium. R\u00e9alisation d'ateliers mobiles professionnels avec des am\u00e9nagements pour v\u00e9hicules utilitaires.","og_url":"https:\/\/www.storevan.com\/fr\/amenagements-filiale-lazio\/","og_site_name":"Store Van","article_modified_time":"2025-02-17T08:11:13+00:00","og_image":[{"url":"https:\/\/www.storevan.com\/wp-content\/uploads\/2017\/02\/STOREVAN-LAZIO.jpg"}],"twitter_misc":{"Dur\u00e9e de lecture estim\u00e9e":"2 minutes"},"schema":{"@context":"https:\/\/schema.org","@graph":[{"@type":"WebPage","@id":"https:\/\/www.storevan.com\/fr\/amenagements-filiale-lazio\/","url":"https:\/\/www.storevan.com\/fr\/amenagements-filiale-lazio\/","name":"Am\u00e9nagement fourgons StoreVan Filiale Lazio","isPartOf":{"@id":"https:\/\/www.storevan.com\/pl\/#website"},"datePublished":"2017-02-21T10:23:15+00:00","dateModified":"2025-02-17T08:11:13+00:00","description":"Am\u00e9nagements pour fourgons Store Van dans le Latium. R\u00e9alisation d'ateliers mobiles professionnels avec des am\u00e9nagements pour v\u00e9hicules utilitaires.","breadcrumb":{"@id":"https:\/\/www.storevan.com\/fr\/amenagements-filiale-lazio\/#breadcrumb"},"inLanguage":"fr-FR","potentialAction":[{"@type":"ReadAction","target":["https:\/\/www.storevan.com\/fr\/amenagements-filiale-lazio\/"]}]},{"@type":"BreadcrumbList","@id":"https:\/\/www.storevan.com\/fr\/amenagements-filiale-lazio\/#breadcrumb","itemListElement":[{"@type":"ListItem","position":1,"name":"Home","item":"https:\/\/www.storevan.com\/fr\/"},{"@type":"ListItem","position":2,"name":"Am\u00e9nagement fourgons StoreVan Filiale Lazio"}]},{"@type":"WebSite","@id":"https:\/\/www.storevan.com\/pl\/#website","url":"https:\/\/www.storevan.com\/pl\/","name":"Store Van","description":"Am\u00e9nagements fourgons","potentialAction":[{"@type":"SearchAction","target":{"@type":"EntryPoint","urlTemplate":"https:\/\/www.storevan.com\/pl\/?s={search_term_string}"},"query-input":"required name=search_term_string"}],"inLanguage":"fr-FR"}]}},"_links":{"self":[{"href":"https:\/\/www.storevan.com\/fr\/wp-json\/wp\/v2\/pages\/53414"}],"collection":[{"href":"https:\/\/www.storevan.com\/fr\/wp-json\/wp\/v2\/pages"}],"about":[{"href":"https:\/\/www.storevan.com\/fr\/wp-json\/wp\/v2\/types\/page"}],"author":[{"embeddable":true,"href":"https:\/\/www.storevan.com\/fr\/wp-json\/wp\/v2\/users\/470"}],"replies":[{"embeddable":true,"href":"https:\/\/www.storevan.com\/fr\/wp-json\/wp\/v2\/comments?post=53414"}],"version-history":[{"count":3,"href":"https:\/\/www.storevan.com\/fr\/wp-json\/wp\/v2\/pages\/53414\/revisions"}],"predecessor-version":[{"id":158553,"href":"https:\/\/www.storevan.com\/fr\/wp-json\/wp\/v2\/pages\/53414\/revisions\/158553"}],"wp:attachment":[{"href":"https:\/\/www.storevan.com\/fr\/wp-json\/wp\/v2\/media?parent=53414"}],"curies":[{"name":"wp","href":"https:\/\/api.w.org\/{rel}","templated":true}]}}