{"id":25670,"date":"2016-05-18T14:07:14","date_gmt":"2016-05-18T14:07:14","guid":{"rendered":"https:\/\/www.storevan.com\/fr\/products\/storage-bins-vans\/"},"modified":"2020-04-20T15:03:13","modified_gmt":"2020-04-20T15:03:13","slug":"bacs-rangements-fourgons","status":"publish","type":"page","link":"https:\/\/www.storevan.com\/fr\/produits\/bacs-rangements-fourgons\/","title":{"rendered":"Bacs en plastique pour fourgons"},"content":{"rendered":"<h1 class=\"customblackTitleSmall\">Bacs en plastique pour fourgons<\/h1>\n<p><img decoding=\"async\" loading=\"lazy\" class=\"aligncenter wp-image-22523 size-full\" src=\"https:\/\/www.storevan.com\/wp-content\/uploads\/2016\/05\/CONTENITORI_intro.jpg\" alt=\"Bacs en plastique pour fourgons\" width=\"1170\" height=\"250\" srcset=\"https:\/\/www.storevan.com\/wp-content\/uploads\/2016\/05\/CONTENITORI_intro.jpg 1170w, https:\/\/www.storevan.com\/wp-content\/uploads\/2016\/05\/CONTENITORI_intro-300x64.jpg 300w, https:\/\/www.storevan.com\/wp-content\/uploads\/2016\/05\/CONTENITORI_intro-768x164.jpg 768w, https:\/\/www.storevan.com\/wp-content\/uploads\/2016\/05\/CONTENITORI_intro-1024x219.jpg 1024w, https:\/\/www.storevan.com\/wp-content\/uploads\/2016\/05\/CONTENITORI_intro-600x128.jpg 600w\" sizes=\"(max-width: 1170px) 100vw, 1170px\" \/><\/p>\n<p>Les<strong>\u00a0<\/strong><strong>bacs en plastique pour fourgons\u00a0<\/strong>de Store Van repr\u00e9sentent la solution id\u00e9ale pour le stockage du petit mat\u00e9riel \u00e0 l\u2019int\u00e9rieur de l\u2019espace de chargement de votre v\u00e9hicule utilitaire. Les solutions offertes par Store Van sont toutes \u00e9tudi\u00e9es pour\u00a0<strong>optimiser l\u2019espace<\/strong>, faciliter le mouvement et <strong>trouver le mat\u00e9riel n\u00e9cessaire imm\u00e9diatement<\/strong>. En logeant les outils et les accessoires de mani\u00e8re s\u00fbre et optimale, Store Van permet\u00a0d\u2019avoir tout le mat\u00e9riel \u00e0 port\u00e9e de main,\u00a0<strong>ce qui garantit un gain de temps et r\u00e9duit les encombrements<\/strong>.<\/p>\n<div class=\"demo-sep\" style=\"margin-top: 20px;\"><\/div>\n<div class=\"one_fourth\">\n<table border=\"0\" cellspacing=\"0\" cellpadding=\"0\">\n<tbody>\n<tr>\n<td><img decoding=\"async\" loading=\"lazy\" class=\"aligncenter wp-image-22527 size-full\" src=\"https:\/\/www.storevan.com\/wp-content\/uploads\/2016\/05\/CONTENITORI_1.jpg\" alt=\"Visual Box - Bacs con\u00e7us pour le rangement rationnel du mat\u00e9riel\" width=\"260\" height=\"160\" \/><\/td>\n<\/tr>\n<tr>\n<td>\u00a0<div class=\"demo-sep\" style=\"margin-top: 10px;\"><\/div><\/td>\n<\/tr>\n<tr class=\"border_top\" bgcolor=\"#f2f2f2\">\n<td valign=\"top\" height=\"150px\">\n<p style=\"margin-left: 20pt; margin-right: 20pt; margin-top: 5pt;\"><strong>VISUAL BOX<\/strong><\/p>\n<p style=\"margin-left: 20pt; margin-right: 20pt;\">Bacs con\u00e7us pour le rangement rationnel du mat\u00e9riel de petites et moyennes dimensions (petites pi\u00e8ces, pi\u00e8ces de rechange, mat\u00e9riel \u00e9lectrique, etc.)<\/p>\n<\/td>\n<\/tr>\n<\/tbody>\n<\/table>\n<\/div>\n<div class=\"one_fourth\">\n<table border=\"0\" cellspacing=\"0\" cellpadding=\"0\">\n<tbody>\n<tr>\n<td><img decoding=\"async\" loading=\"lazy\" class=\"aligncenter wp-image-22531 size-full\" src=\"https:\/\/www.storevan.com\/wp-content\/uploads\/2016\/05\/CONTENITORI_2.jpg\" alt=\"RK Box - caisses RK Box pour fourgons\" width=\"260\" height=\"160\" \/><\/td>\n<\/tr>\n<tr>\n<td>\u00a0<div class=\"demo-sep\" style=\"margin-top: 10px;\"><\/div><\/td>\n<\/tr>\n<tr class=\"border_top\" bgcolor=\"#f2f2f2\">\n<td valign=\"top\" height=\"150px\">\n<p style=\"margin-left: 20pt; margin-right: 20pt; margin-top: 5pt;\"><strong>RK BOX<\/strong><\/p>\n<p style=\"margin-left: 20pt; margin-right: 20pt;\">Un espace de chargement flexible et fonctionnel gr\u00e2ce aux caisses RK Box qui peuvent \u00eatre divis\u00e9es au moyen de s\u00e9parateurs mobiles.<\/p>\n<\/td>\n<\/tr>\n<\/tbody>\n<\/table>\n<\/div>\n<div class=\"one_fourth\">\n<table border=\"0\" cellspacing=\"0\" cellpadding=\"0\">\n<tbody>\n<tr>\n<td><img decoding=\"async\" loading=\"lazy\" class=\"aligncenter wp-image-22535 size-full\" src=\"https:\/\/www.storevan.com\/wp-content\/uploads\/2016\/05\/CONTENITORI_3.jpg\" alt=\"BACS POUR TIROIRS\" width=\"260\" height=\"160\" \/><\/td>\n<\/tr>\n<tr>\n<td>\u00a0<div class=\"demo-sep\" style=\"margin-top: 10px;\"><\/div><\/td>\n<\/tr>\n<tr class=\"border_top\" bgcolor=\"#f2f2f2\">\n<td valign=\"top\" height=\"150px\">\n<p style=\"margin-left: 20pt; margin-right: 20pt; margin-top: 5pt;\"><strong>BACS POUR TIROIRS<\/strong><\/p>\n<p style=\"margin-left: 20pt; margin-right: 20pt;\">Disponibles dans diff\u00e9rentes dimensions et couleurs, ils sont con\u00e7us pour diviser les diff\u00e9rents types de mat\u00e9riel.*<\/p>\n<\/td>\n<\/tr>\n<\/tbody>\n<\/table>\n<\/div>\n<div class=\"one_fourth last\">\n<table border=\"0\" cellspacing=\"0\" cellpadding=\"0\">\n<tbody>\n<tr>\n<td><img decoding=\"async\" loading=\"lazy\" class=\"aligncenter wp-image-22539 size-full\" src=\"https:\/\/www.storevan.com\/wp-content\/uploads\/2016\/05\/CONTENITORI_4.jpg\" alt=\"BACS \u00c0 BEC\" width=\"260\" height=\"160\" \/><\/td>\n<\/tr>\n<tr>\n<td>\u00a0<div class=\"demo-sep\" style=\"margin-top: 10px;\"><\/div><\/td>\n<\/tr>\n<tr class=\"border_top\" bgcolor=\"#f2f2f2\">\n<td valign=\"top\" height=\"150px\">\n<p style=\"margin-left: 20pt; margin-right: 20pt; margin-top: 5pt;\"><strong>BACS \u00c0 BEC<\/strong><\/p>\n<p style=\"margin-left: 20pt; margin-right: 20pt;\">La fa\u00e7ade oblique et ouverte du bac permet d\u2019acc\u00e9der facilement au mat\u00e9riel qu\u2019il contient.<\/p>\n<\/td>\n<\/tr>\n<\/tbody>\n<\/table>\n<\/div><div class=\"clearboth\"><\/div>\n<div class=\"alert notice\"><div class=\"msg\">*<em>bacs<\/em> de dimensions standard, qui s\u2019adaptent parfaitement \u00e0 l\u2019int\u00e9rieur des <a href=\"https:\/\/www.storevan.com\/en\/products\/store-box-system-van-tool-cases\/\">mallettes pour fourgons Store Van<\/a>.<\/div><a href=\"#\" class=\"toggle-alert\"><\/a><\/div>\n","protected":false},"excerpt":{"rendered":"<p>Bacs en plastique pour fourgons Les\u00a0bacs en plastique pour fourgons\u00a0de Store Van repr\u00e9sentent la solution id\u00e9ale pour le stockage du petit mat\u00e9riel \u00e0 l\u2019int\u00e9rieur de l\u2019espace de chargement de votre.<\/p>\n","protected":false},"author":470,"featured_media":0,"parent":25668,"menu_order":0,"comment_status":"closed","ping_status":"closed","template":"","meta":[],"acf":[],"yoast_head":"<!-- This site is optimized with the Yoast SEO plugin v20.11 - https:\/\/yoast.com\/wordpress\/plugins\/seo\/ -->\n<title>Bacs en plastique pour fourgons<\/title>\n<meta name=\"description\" content=\"Les bacs en plastique pour fourgons de Store Van repr\u00e9sentent la solution id\u00e9ale pour le stockage du petit mat\u00e9riel \u00e0 votre v\u00e9hicule utilitaire.\" \/>\n<meta name=\"robots\" content=\"index, follow, max-snippet:-1, max-image-preview:large, max-video-preview:-1\" \/>\n<link rel=\"canonical\" href=\"https:\/\/www.storevan.com\/fr\/produits\/bacs-rangements-fourgons\/\" \/>\n<meta property=\"og:locale\" content=\"fr_FR\" \/>\n<meta property=\"og:type\" content=\"article\" \/>\n<meta property=\"og:title\" content=\"Bacs en plastique pour fourgons\" \/>\n<meta property=\"og:description\" content=\"Les bacs en plastique pour fourgons de Store Van repr\u00e9sentent la solution id\u00e9ale pour le stockage du petit mat\u00e9riel \u00e0 votre v\u00e9hicule utilitaire.\" \/>\n<meta property=\"og:url\" content=\"https:\/\/www.storevan.com\/fr\/produits\/bacs-rangements-fourgons\/\" \/>\n<meta property=\"og:site_name\" content=\"Store Van\" \/>\n<meta property=\"article:modified_time\" content=\"2020-04-20T15:03:13+00:00\" \/>\n<meta property=\"og:image\" content=\"https:\/\/www.storevan.com\/wp-content\/uploads\/2016\/05\/CONTENITORI_intro.jpg\" \/>\n<meta name=\"twitter:label1\" content=\"Dur\u00e9e de lecture estim\u00e9e\" \/>\n\t<meta name=\"twitter:data1\" content=\"1 minute\" \/>\n<script type=\"application\/ld+json\" class=\"yoast-schema-graph\">{\"@context\":\"https:\/\/schema.org\",\"@graph\":[{\"@type\":\"WebPage\",\"@id\":\"https:\/\/www.storevan.com\/fr\/produits\/bacs-rangements-fourgons\/\",\"url\":\"https:\/\/www.storevan.com\/fr\/produits\/bacs-rangements-fourgons\/\",\"name\":\"Bacs en plastique pour fourgons\",\"isPartOf\":{\"@id\":\"https:\/\/www.storevan.com\/pl\/#website\"},\"datePublished\":\"2016-05-18T14:07:14+00:00\",\"dateModified\":\"2020-04-20T15:03:13+00:00\",\"description\":\"Les bacs en plastique pour fourgons de Store Van repr\u00e9sentent la solution id\u00e9ale pour le stockage du petit mat\u00e9riel \u00e0 votre v\u00e9hicule utilitaire.\",\"breadcrumb\":{\"@id\":\"https:\/\/www.storevan.com\/fr\/produits\/bacs-rangements-fourgons\/#breadcrumb\"},\"inLanguage\":\"fr-FR\",\"potentialAction\":[{\"@type\":\"ReadAction\",\"target\":[\"https:\/\/www.storevan.com\/fr\/produits\/bacs-rangements-fourgons\/\"]}]},{\"@type\":\"BreadcrumbList\",\"@id\":\"https:\/\/www.storevan.com\/fr\/produits\/bacs-rangements-fourgons\/#breadcrumb\",\"itemListElement\":[{\"@type\":\"ListItem\",\"position\":1,\"name\":\"Home\",\"item\":\"https:\/\/www.storevan.com\/fr\/\"},{\"@type\":\"ListItem\",\"position\":2,\"name\":\"Produits\",\"item\":\"https:\/\/www.storevan.com\/fr\/produits\/\"},{\"@type\":\"ListItem\",\"position\":3,\"name\":\"Bacs en plastique pour fourgons\"}]},{\"@type\":\"WebSite\",\"@id\":\"https:\/\/www.storevan.com\/pl\/#website\",\"url\":\"https:\/\/www.storevan.com\/pl\/\",\"name\":\"Store Van\",\"description\":\"Am\u00e9nagements fourgons\",\"potentialAction\":[{\"@type\":\"SearchAction\",\"target\":{\"@type\":\"EntryPoint\",\"urlTemplate\":\"https:\/\/www.storevan.com\/pl\/?s={search_term_string}\"},\"query-input\":\"required name=search_term_string\"}],\"inLanguage\":\"fr-FR\"}]}<\/script>\n<!-- \/ Yoast SEO plugin. -->","yoast_head_json":{"title":"Bacs en plastique pour fourgons","description":"Les bacs en plastique pour fourgons de Store Van repr\u00e9sentent la solution id\u00e9ale pour le stockage du petit mat\u00e9riel \u00e0 votre v\u00e9hicule utilitaire.","robots":{"index":"index","follow":"follow","max-snippet":"max-snippet:-1","max-image-preview":"max-image-preview:large","max-video-preview":"max-video-preview:-1"},"canonical":"https:\/\/www.storevan.com\/fr\/produits\/bacs-rangements-fourgons\/","og_locale":"fr_FR","og_type":"article","og_title":"Bacs en plastique pour fourgons","og_description":"Les bacs en plastique pour fourgons de Store Van repr\u00e9sentent la solution id\u00e9ale pour le stockage du petit mat\u00e9riel \u00e0 votre v\u00e9hicule utilitaire.","og_url":"https:\/\/www.storevan.com\/fr\/produits\/bacs-rangements-fourgons\/","og_site_name":"Store Van","article_modified_time":"2020-04-20T15:03:13+00:00","og_image":[{"url":"https:\/\/www.storevan.com\/wp-content\/uploads\/2016\/05\/CONTENITORI_intro.jpg"}],"twitter_misc":{"Dur\u00e9e de lecture estim\u00e9e":"1 minute"},"schema":{"@context":"https:\/\/schema.org","@graph":[{"@type":"WebPage","@id":"https:\/\/www.storevan.com\/fr\/produits\/bacs-rangements-fourgons\/","url":"https:\/\/www.storevan.com\/fr\/produits\/bacs-rangements-fourgons\/","name":"Bacs en plastique pour fourgons","isPartOf":{"@id":"https:\/\/www.storevan.com\/pl\/#website"},"datePublished":"2016-05-18T14:07:14+00:00","dateModified":"2020-04-20T15:03:13+00:00","description":"Les bacs en plastique pour fourgons de Store Van repr\u00e9sentent la solution id\u00e9ale pour le stockage du petit mat\u00e9riel \u00e0 votre v\u00e9hicule utilitaire.","breadcrumb":{"@id":"https:\/\/www.storevan.com\/fr\/produits\/bacs-rangements-fourgons\/#breadcrumb"},"inLanguage":"fr-FR","potentialAction":[{"@type":"ReadAction","target":["https:\/\/www.storevan.com\/fr\/produits\/bacs-rangements-fourgons\/"]}]},{"@type":"BreadcrumbList","@id":"https:\/\/www.storevan.com\/fr\/produits\/bacs-rangements-fourgons\/#breadcrumb","itemListElement":[{"@type":"ListItem","position":1,"name":"Home","item":"https:\/\/www.storevan.com\/fr\/"},{"@type":"ListItem","position":2,"name":"Produits","item":"https:\/\/www.storevan.com\/fr\/produits\/"},{"@type":"ListItem","position":3,"name":"Bacs en plastique pour fourgons"}]},{"@type":"WebSite","@id":"https:\/\/www.storevan.com\/pl\/#website","url":"https:\/\/www.storevan.com\/pl\/","name":"Store Van","description":"Am\u00e9nagements fourgons","potentialAction":[{"@type":"SearchAction","target":{"@type":"EntryPoint","urlTemplate":"https:\/\/www.storevan.com\/pl\/?s={search_term_string}"},"query-input":"required name=search_term_string"}],"inLanguage":"fr-FR"}]}},"_links":{"self":[{"href":"https:\/\/www.storevan.com\/fr\/wp-json\/wp\/v2\/pages\/25670"}],"collection":[{"href":"https:\/\/www.storevan.com\/fr\/wp-json\/wp\/v2\/pages"}],"about":[{"href":"https:\/\/www.storevan.com\/fr\/wp-json\/wp\/v2\/types\/page"}],"author":[{"embeddable":true,"href":"https:\/\/www.storevan.com\/fr\/wp-json\/wp\/v2\/users\/470"}],"replies":[{"embeddable":true,"href":"https:\/\/www.storevan.com\/fr\/wp-json\/wp\/v2\/comments?post=25670"}],"version-history":[{"count":2,"href":"https:\/\/www.storevan.com\/fr\/wp-json\/wp\/v2\/pages\/25670\/revisions"}],"predecessor-version":[{"id":116930,"href":"https:\/\/www.storevan.com\/fr\/wp-json\/wp\/v2\/pages\/25670\/revisions\/116930"}],"up":[{"embeddable":true,"href":"https:\/\/www.storevan.com\/fr\/wp-json\/wp\/v2\/pages\/25668"}],"wp:attachment":[{"href":"https:\/\/www.storevan.com\/fr\/wp-json\/wp\/v2\/media?parent=25670"}],"curies":[{"name":"wp","href":"https:\/\/api.w.org\/{rel}","templated":true}]}}