{"id":132144,"date":"2015-12-11T10:34:43","date_gmt":"2015-12-11T10:34:43","guid":{"rendered":"https:\/\/www.storevan.com\/?page_id=132144"},"modified":"2022-05-04T09:28:46","modified_gmt":"2022-05-04T09:28:46","slug":"iveco-daily-l2-h2-safety","status":"publish","type":"page","link":"https:\/\/www.storevan.com\/fr\/amenagements-fourgon\/iveco-daily-l2-h2-safety\/","title":{"rendered":"Iveco Daily L2 H2 \/ 3520 H2 Safety"},"content":{"rendered":"<h1 class=\"customblackTitleSmall\">Am\u00e9nagement Daily L2 H2 \/ 3520 H2<\/h1>\n<h2>La fixation du chargement de s\u00e9rie<\/h2>\n<p>Am\u00e9nagement pour <strong>fourgons\u00a0Daily\u00a0L2 H2 \/ 3520 H2<\/strong>.\u00a0Vous trouverez ici des exemples d&rsquo;\u00e9quipements pour v\u00e9hicules utilitaires Iveco Daily\u00a0(Empattement\u00a03520 mm).<\/p>\n<hr \/>\n<h4 class=\"bigTxt\">VOUS AVEZ UN AUTRE MOD\u00c8LE DE DAILY\u00a0? VOIR D&rsquo;AUTRES EXEMPLES D&rsquo;AM\u00c9NAGEMENT DE FOURGONS POUR:<\/h4>\n<div class=\"filterMenu\">\n<div class=\"col-xs-12 col-sm-6 col-md-3 colFilter\">\n<div class=\"accordian\"><h3 class=\"toggle \"><a href=\"#\"><span class=\"arrow\"><\/span>L1 H1 \/ 3000 H1<\/a><\/h3><div class=\"toggle-content \" style=\"\">\n<ul>\n<li class=\"linkFilter\"><a title=\"Exemples am\u00e9nagement Daily 3000 H1 Safety\" href=\"https:\/\/www.storevan.com\/allestimento-furgoni\/iveco-daily-l1-h1-safety\/\">Safety<\/a><\/li>\n<li class=\"linkFilter\"><a title=\"Exemples am\u00e9nagement Daily 3000 H1 Professional\" href=\"https:\/\/www.storevan.com\/allestimento-furgoni\/iveco-daily-l1-h1-professional\/\">Professional<\/a><\/li>\n<li class=\"linkFilter\"><a title=\"Exemples am\u00e9nagement Daily 3000 H1 Mobile\" href=\"https:\/\/www.storevan.com\/allestimento-furgoni\/iveco-daily-l1-h1-mobile\/\">Mobile<\/a><\/li>\n<\/ul>\n<\/div><\/div>\n<\/div>\n<div class=\"col-xs-12 col-sm-6 col-md-3 colFilter\">\n<div class=\"accordian\"><h3 class=\"toggle \"><a href=\"#\"><span class=\"arrow\"><\/span>L2 H1 \/ 3520 H1<\/a><\/h3><div class=\"toggle-content \" style=\"\">\n<ul>\n<li class=\"linkFilter\"><a title=\"Exemples am\u00e9nagement Daily 3520 H1 Safety\" href=\"https:\/\/www.storevan.com\/allestimento-furgoni\/iveco-daily-l2-h1-safety\/\">Safety<\/a><\/li>\n<li class=\"linkFilter\"><a title=\"Exemples am\u00e9nagement Daily 3520 H1 Professional\" href=\"https:\/\/www.storevan.com\/allestimento-furgoni\/iveco-daily-l2-h1-professional\/\">Professional<\/a><\/li>\n<li class=\"linkFilter\"><a title=\"Exemples am\u00e9nagement Daily 3520 H1 Mobile\" href=\"https:\/\/www.storevan.com\/allestimento-furgoni\/iveco-daily-l2-h1-mobile\/\">Mobile<\/a><\/li>\n<\/ul>\n<\/div><\/div>\n<\/div>\n<div class=\"col-xs-12 col-sm-6 col-md-3 colFilter\">\n<div class=\"accordian\"><h3 class=\"toggle \"><a href=\"#\"><span class=\"arrow\"><\/span>L2 H2 \/ 3520 H2<\/a><\/h3><div class=\"toggle-content \" style=\"\">\n<ul>\n<li class=\"linkFilter\">Safety<\/li>\n<li class=\"linkFilter\"><a title=\"Exemples am\u00e9nagement Daily 3520 H2 Professional\" href=\"https:\/\/www.storevan.com\/allestimento-furgoni\/iveco-daily-l2-h2-professional\/\">Professional<\/a><\/li>\n<li class=\"linkFilter\"><a title=\"Exemples am\u00e9nagement Daily 3520 H2 Mobile\" href=\"https:\/\/www.storevan.com\/allestimento-furgoni\/iveco-daily-l2-h2-mobile\/\">Mobile<\/a><\/li>\n<\/ul>\n<\/div><\/div>\n<\/div>\n<div class=\"col-xs-12 col-sm-6 col-md-3 colFilter\">\n<div class=\"accordian\"><h3 class=\"toggle \"><a href=\"#\"><span class=\"arrow\"><\/span>L2L H2 \/ 3520L H2<\/a><\/h3><div class=\"toggle-content \" style=\"\">\n<ul>\n<li class=\"linkFilter\"><a title=\"Exemple pour Daily 3520L H2 Safety\" href=\"https:\/\/www.storevan.com\/allestimento-furgoni\/iveco-daily-l2l-h2-safety\/\">Safety<\/a><\/li>\n<li class=\"linkFilter\"><a title=\"Exemple pour Daily 3520L H2 Professional\" href=\"https:\/\/www.storevan.com\/allestimento-furgoni\/iveco-daily-l2l-h2-professional\/\">Professional<\/a><\/li>\n<li class=\"linkFilter\"><a title=\"Exemple pour Daily 3520L H2 Mobile\" href=\"https:\/\/www.storevan.com\/allestimento-furgoni\/iveco-daily-l2l-h2-mobile\/\">Mobile<\/a><\/li>\n<\/ul>\n<\/div><\/div>\n<\/div>\n<div class=\"col-xs-12 col-sm-6 col-md-3 colFilter\">\n<\/div>\n<\/div>\n<div class=\"break\"><\/div>\n<hr \/>\n<div class=\"btnAllestimento\"><a class=\"btn btn-primary col-xs-12 col-md-3 text-left pull-left\" href=\"https:\/\/www.storevan.com\/fr\/amenagement-vehicules-utilitaires\/fourgons-iveco\/daily\/\"><i class=\"fa fa-angle-double-left\"><\/i> ARRI\u00c8RE DAILY<\/a><a class=\"btn btn-primary col-xs-12 col-md-3 text-right pull-right\" href=\"https:\/\/www.storevan.com\/allestimenti-veicoli-commerciali\/furgoni-iveco\/daily\/pianali-pannellature\/\">PLANCHERS ET HABILLAGES <i class=\"fa fa-angle-double-right\"><\/i><\/a><\/div>\n<div class=\"break\"><\/div>\n<p><strong>*Jeu de fixation inclus<\/strong><\/p>\n<div class=\"ts-gallery\">\n<div class=\"one_third\">\n<a href=\"https:\/\/www.storevan.com\/wp-content\/uploads\/veicoli\/iveco\/daily\/DA-2717-01.jpg\"><img decoding=\"async\" loading=\"lazy\" class=\"aligncenter size-full wp-image-63961\" src=\"https:\/\/www.storevan.com\/wp-content\/uploads\/veicoli\/iveco\/daily\/DA-2717-01-350.jpg\" alt=\"Am\u00e9nagement DAILY DA-2717-01\" width=\"350\" height=\"241\" \/><\/a><\/p>\n<div class=\"txtBlue\">EXEMPLE<\/div>\n<table class=\"table\">\n<tbody>\n<tr>\n<td class=\"TESTOblu\">DA 2717 01*<\/td>\n<td rowspan=\"2\"><img decoding=\"async\" loading=\"lazy\" class=\"alignnone size-full wp-image-62976\" src=\"https:\/\/www.storevan.com\/wp-content\/uploads\/2018\/02\/ZONE-23.jpg\" alt=\"ZONE-23\" width=\"120\" height=\"55\" \/><\/td>\n<\/tr>\n<tr class=\"border_topGrey\">\n<td>L=2749 P=365 H=1690 mm<\/td>\n<\/tr>\n<\/tbody>\n<\/table>\n<\/div><div class=\"one_third\">\n<a href=\"https:\/\/www.storevan.com\/wp-content\/uploads\/veicoli\/iveco\/daily\/DA-2717-02.jpg\"><img decoding=\"async\" loading=\"lazy\" class=\"aligncenter size-full wp-image-63967\" src=\"https:\/\/www.storevan.com\/wp-content\/uploads\/veicoli\/iveco\/daily\/DA-2717-02-350.jpg\" alt=\"Am\u00e9nagement DAILY DA-2717-02\" width=\"350\" height=\"241\" \/><\/a><\/p>\n<div class=\"txtBlue\">EXEMPLE<\/div>\n<table class=\"table\">\n<tbody>\n<tr>\n<td class=\"TESTOblu\">DA 2717 02*<\/td>\n<td rowspan=\"2\"><img decoding=\"async\" loading=\"lazy\" class=\"alignnone size-full wp-image-62976\" src=\"https:\/\/www.storevan.com\/wp-content\/uploads\/2018\/02\/ZONE-23.jpg\" alt=\"ZONE-23\" width=\"120\" height=\"55\" \/><\/td>\n<\/tr>\n<tr class=\"border_topGrey\">\n<td>L=2749 P=365 H=1690 mm<\/td>\n<\/tr>\n<\/tbody>\n<\/table>\n<\/div><div class=\"one_third last\">\n<a href=\"https:\/\/www.storevan.com\/wp-content\/uploads\/veicoli\/iveco\/daily\/DA-2717-03.jpg\"><img decoding=\"async\" loading=\"lazy\" class=\"aligncenter size-full wp-image-63897\" src=\"https:\/\/www.storevan.com\/wp-content\/uploads\/veicoli\/iveco\/daily\/DA-2717-03-350.jpg\" alt=\"Am\u00e9nagement DAILY DA-2717-03\" width=\"350\" height=\"241\" \/><\/a><\/p>\n<div class=\"txtBlue\">EXEMPLE<\/div>\n<table class=\"table\">\n<tbody>\n<tr>\n<td class=\"TESTOblu\">DA 2717 03*<\/td>\n<td rowspan=\"2\"><img decoding=\"async\" loading=\"lazy\" class=\"alignnone size-full wp-image-62976\" src=\"https:\/\/www.storevan.com\/wp-content\/uploads\/2018\/02\/ZONE-23.jpg\" alt=\"ZONE-23\" width=\"120\" height=\"55\" \/><\/td>\n<\/tr>\n<tr class=\"border_topGrey\">\n<td>L=2749 P=365 H=1700 mm<\/td>\n<\/tr>\n<\/tbody>\n<\/table>\n<\/div><div class=\"clearboth\"><\/div>\n<\/div>\n<div class=\"ts-gallery\">\n<\/div>\n<hr noshade=\"noshade\" size=\"1\" \/>\n<div class=\"ts-gallery\">\n<div class=\"one_third\">\n<a href=\"https:\/\/www.storevan.com\/wp-content\/uploads\/veicoli\/iveco\/daily\/DA-1217-01.jpg\"><img decoding=\"async\" loading=\"lazy\" class=\"aligncenter size-full wp-image-63931\" src=\"https:\/\/www.storevan.com\/wp-content\/uploads\/veicoli\/iveco\/daily\/DA-1217-01-350.jpg\" alt=\"Am\u00e9nagement DAILY DA-1217-01\" width=\"350\" height=\"241\" \/><\/a><\/p>\n<div class=\"txtBlue\">EXEMPLE<\/div>\n<table class=\"table\">\n<tbody>\n<tr>\n<td class=\"TESTOblu\">DA 1217 01*<\/td>\n<td rowspan=\"2\"><img decoding=\"async\" loading=\"lazy\" class=\"alignnone size-full wp-image-62970\" src=\"https:\/\/www.storevan.com\/wp-content\/uploads\/2018\/02\/ZONE-5.jpg\" alt=\"ZONE-5\" width=\"120\" height=\"55\" \/><\/td>\n<\/tr>\n<tr class=\"border_topGrey\">\n<td>L=1225 P=365 H=1700 mm<\/td>\n<\/tr>\n<\/tbody>\n<\/table>\n<\/div><div class=\"one_third\">\n<a href=\"https:\/\/www.storevan.com\/wp-content\/uploads\/veicoli\/iveco\/daily\/DA-1517-01.jpg\"><img decoding=\"async\" loading=\"lazy\" class=\"aligncenter size-full wp-image-63931\" src=\"https:\/\/www.storevan.com\/wp-content\/uploads\/veicoli\/iveco\/daily\/DA-1517-01-350.jpg\" alt=\"Am\u00e9nagement DAILY DA-1517-01\" width=\"350\" height=\"241\" \/><\/a><\/p>\n<div class=\"txtBlue\">EXEMPLE<\/div>\n<table class=\"table\">\n<tbody>\n<tr>\n<td class=\"TESTOblu\">DA 1517 01*<\/td>\n<td rowspan=\"2\"><img decoding=\"async\" loading=\"lazy\" class=\"alignnone size-full wp-image-62970\" src=\"https:\/\/www.storevan.com\/wp-content\/uploads\/2018\/02\/ZONE-5.jpg\" alt=\"ZONE-5\" width=\"120\" height=\"55\" \/><\/td>\n<\/tr>\n<tr class=\"border_topGrey\">\n<td>L=1524 P=365 H=1700 mm<\/td>\n<\/tr>\n<\/tbody>\n<\/table>\n<\/div><div class=\"one_third last\">\n<a href=\"https:\/\/www.storevan.com\/wp-content\/uploads\/veicoli\/iveco\/daily\/DA-1517-02.jpg\"><span class=\"testoImg\">Vue de porte lat\u00e9rale<\/span><img decoding=\"async\" loading=\"lazy\" class=\"aligncenter size-full wp-image-63937\" src=\"https:\/\/www.storevan.com\/wp-content\/uploads\/veicoli\/iveco\/daily\/DA-1517-02-350.jpg\" alt=\"Am\u00e9nagement DAILY DA-1517-02\" width=\"350\" height=\"241\" \/><\/a><\/p>\n<div class=\"txtBlue\">EXEMPLE<\/div>\n<table class=\"table\">\n<tbody>\n<tr>\n<td class=\"TESTOblu\">DA 1517 02*<\/td>\n<td rowspan=\"2\"><img decoding=\"async\" loading=\"lazy\" class=\"alignnone size-full wp-image-62970\" src=\"https:\/\/www.storevan.com\/wp-content\/uploads\/2018\/02\/ZONE-5.jpg\" alt=\"ZONE-5\" width=\"120\" height=\"55\" \/><\/td>\n<\/tr>\n<tr class=\"border_topGrey\">\n<td>L=1524 P=365 H=1700 mm<\/td>\n<\/tr>\n<\/tbody>\n<\/table>\n<\/div><div class=\"clearboth\"><\/div>\n<\/div>\n<div class=\"ts-gallery\">\n<\/div>\n<hr class=\"noColor\" \/>\n<p><a class=\"btn btnLink\" href=\"https:\/\/www.storevan.com\/allestimenti-interni-furgoni\/\"> Cliquer ici pour en savoir plus sur les solutions <strong>SAFETY, PROFESSIONAL et MOBILE<\/strong><\/a><\/p>\n<hr class=\"noColor\" \/>\n<div class=\"col-xs-12 col-sm-12 col-md-6\">\n<div class=\"text-center\"><a class=\"btn btn-download\" href=\"tel:+390424585455\"><i class=\"fa fa-phone\"><\/i> <span class=\"spanBtn\">APPELEZ-NOUS<\/span><br \/>\npour toute information<\/a><\/div>\n<\/div>\n<div class=\"col-xs-12 col-sm-12 col-md-6\">\n<div class=\"text-center\"><a class=\"btn btn-download\" href=\"https:\/\/www.storevan.com\/wp-content\/uploads\/doc\/IVECO_DAILY_Allestimenti_Amenagements_StoreVan_itfr.pdf\" target=\"_blank\" rel=\"noopener noreferrer\"><i class=\"fa fa-download\"><\/i> <span class=\"spanBtn\">DOWNLOAD<\/span><br \/>\nCATALOGUE DAILY<\/a><\/div>\n<\/div>\n<div class=\"break\"><\/div>\n<hr class=\"noColor\" \/>\n<h4 class=\"bigTxt text-center txtBkOrange\"><i class=\"fa fa-envelope pull-left\"><\/i>VOULEZ-VOUS EN SAVOIR PLUS?<\/h4>\n\n<div class=\"wpcf7 no-js\" id=\"wpcf7-f67673-o1\" lang=\"it-IT\" dir=\"ltr\">\n<div class=\"screen-reader-response\"><p role=\"status\" aria-live=\"polite\" aria-atomic=\"true\"><\/p> <ul><\/ul><\/div>\n<form action=\"\/fr\/wp-json\/wp\/v2\/pages\/132144#wpcf7-f67673-o1\" method=\"post\" class=\"wpcf7-form init\" aria-label=\"Modulo di contatto\" novalidate=\"novalidate\" data-status=\"init\">\n<div style=\"display: none;\">\n<input type=\"hidden\" name=\"_wpcf7\" value=\"67673\" \/>\n<input type=\"hidden\" name=\"_wpcf7_version\" value=\"5.7.7\" \/>\n<input type=\"hidden\" name=\"_wpcf7_locale\" value=\"it_IT\" \/>\n<input type=\"hidden\" name=\"_wpcf7_unit_tag\" value=\"wpcf7-f67673-o1\" \/>\n<input type=\"hidden\" name=\"_wpcf7_container_post\" value=\"0\" \/>\n<input type=\"hidden\" name=\"_wpcf7_posted_data_hash\" value=\"\" \/>\n<input type=\"hidden\" name=\"_wpcf7_recaptcha_response\" value=\"\" \/>\n<\/div>\n<span class=\"wpcf7-form-control-wrap url\" data-name=\"url\"><input type=\"hidden\" name=\"url\" size=\"40\" class=\"wpcf7-form-control wpcf7-hidden wpcf7dtx wpcf7dtx-hidden\" aria-invalid=\"false\" value=\"iveco-daily-l2-h2-safety\" autocomplete=\"off\" \/><\/span>\n<p>Pour plus d'informations, remplissez les champs suivants. L'un de nos op\u00e9rateurs vous recontactera dans les plus brefs d\u00e9lais (* champs obligatoires):\n<\/p>\n<div class=\"col-xs-12 col-md-6\">\n\t<p><span class='titoli'>Pr\u00e9nom (*)<\/span>\n\t<\/p>\n\t<p><span class=\"wpcf7-form-control-wrap\" data-name=\"your-name\"><input size=\"40\" class=\"wpcf7-form-control wpcf7-text wpcf7-validates-as-required form-control\" aria-required=\"true\" aria-invalid=\"false\" value=\"\" type=\"text\" name=\"your-name\" \/><\/span>\n\t<\/p>\n<\/div>\n<div class=\"col-xs-12 col-md-6\">\n\t<p><span class='titoli'>Nom (*)<\/span>\n\t<\/p>\n\t<p><span class=\"wpcf7-form-control-wrap\" data-name=\"your-last-name\"><input size=\"40\" class=\"wpcf7-form-control wpcf7-text wpcf7-validates-as-required form-control\" aria-required=\"true\" aria-invalid=\"false\" value=\"\" type=\"text\" name=\"your-last-name\" \/><\/span>\n\t<\/p>\n<\/div>\n<div class=\"col-xs-12 col-md-6\">\n\t<p><span class='titoli'>Entreprise (*)<\/span>\n\t<\/p>\n\t<p><span class=\"wpcf7-form-control-wrap\" data-name=\"your-company\"><input size=\"40\" class=\"wpcf7-form-control wpcf7-text wpcf7-validates-as-required form-control\" aria-required=\"true\" aria-invalid=\"false\" value=\"\" type=\"text\" name=\"your-company\" \/><\/span>\n\t<\/p>\n<\/div>\n<div class=\"col-xs-12 col-md-6\">\n\t<p><span class='titoli'>TVA<\/span>\n\t<\/p>\n\t<p><span class=\"wpcf7-form-control-wrap\" data-name=\"p-iva\"><input size=\"40\" class=\"wpcf7-form-control wpcf7-text form-control\" aria-invalid=\"false\" value=\"\" type=\"text\" name=\"p-iva\" \/><\/span>\n\t<\/p>\n<\/div>\n<div class=\"clearboth\">\n<\/div>\n<div class=\"col-xs-12 col-md-4\">\n\t<p><span class='titoli'>Code Postal (*)<\/span>\n\t<\/p>\n\t<p><span class=\"wpcf7-form-control-wrap\" data-name=\"your-zip-code\"><input size=\"40\" class=\"wpcf7-form-control wpcf7-text wpcf7-validates-as-required form-control\" aria-required=\"true\" aria-invalid=\"false\" value=\"\" type=\"text\" name=\"your-zip-code\" \/><\/span>\n\t<\/p>\n<\/div>\n<div class=\"col-xs-12 col-md-4\">\n\t<p><span class='titoli'>Adresse (*)<\/span>\n\t<\/p>\n\t<p><span class=\"wpcf7-form-control-wrap\" data-name=\"your-address\"><input size=\"40\" class=\"wpcf7-form-control wpcf7-text wpcf7-validates-as-required form-control\" aria-required=\"true\" aria-invalid=\"false\" value=\"\" type=\"text\" name=\"your-address\" \/><\/span>\n\t<\/p>\n<\/div>\n<div class=\"col-xs-12 col-md-4\">\n\t<p><span class='titoli'>Ville (*)<\/span>\n\t<\/p>\n\t<p><span class=\"wpcf7-form-control-wrap\" data-name=\"your-Town\"><input size=\"40\" class=\"wpcf7-form-control wpcf7-text wpcf7-validates-as-required form-control\" aria-required=\"true\" aria-invalid=\"false\" value=\"\" type=\"text\" name=\"your-Town\" \/><\/span>\n\t<\/p>\n<\/div>\n<div class=\"clearboth\">\n<\/div>\n<div class=\"col-xs-12 col-md-6\">\n\t<p><span class='titoli'>email (*)<\/span>\n\t<\/p>\n\t<p><span class=\"wpcf7-form-control-wrap\" data-name=\"your-email\"><input size=\"40\" class=\"wpcf7-form-control wpcf7-text wpcf7-email wpcf7-validates-as-required wpcf7-validates-as-email form-control\" aria-required=\"true\" aria-invalid=\"false\" value=\"\" type=\"email\" name=\"your-email\" \/><\/span>\n\t<\/p>\n<\/div>\n<div class=\"col-xs-12 col-md-6\">\n\t<p><span class='titoli'>T\u00e9l\u00e9phone (*)<\/span>\n\t<\/p>\n\t<p><span class=\"wpcf7-form-control-wrap\" data-name=\"telefono\"><input size=\"40\" class=\"wpcf7-form-control wpcf7-text wpcf7-tel wpcf7-validates-as-required wpcf7-validates-as-tel form-control\" aria-required=\"true\" aria-invalid=\"false\" value=\"\" type=\"tel\" name=\"telefono\" \/><\/span>\n\t<\/p>\n<\/div>\n<div class=\"clearboth\">\n<\/div>\n<div class=\"col-xs-12 col-md-6\">\n\t<p><span class='titoli'>Objet <\/span>\n\t<\/p>\n\t<p><span class=\"wpcf7-form-control-wrap\" data-name=\"oggetto\"><select class=\"wpcf7-form-control wpcf7-select wpcf7-validates-as-required\" aria-required=\"true\" aria-invalid=\"false\" name=\"oggetto\"><option value=\"Citation\">Citation<\/option><option value=\"Information technique\">Information technique<\/option><option value=\"Rendez-vous\">Rendez-vous<\/option><\/select><\/span>\n\t<\/p>\n<\/div>\n<div class=\"col-xs-12 col-md-6\">\n\t<p><br \/>\n<span class=\"titoli\"> <span class=\"wpcf7-form-control-wrap\" data-name=\"cliente\"><span class=\"wpcf7-form-control wpcf7-checkbox\"><span class=\"wpcf7-list-item first last\"><label><span class=\"wpcf7-list-item-label\">Je suis d\u00e9j\u00e0 client<\/span><input type=\"checkbox\" name=\"cliente[]\" value=\"Je suis d\u00e9j\u00e0 client\" \/><\/label><\/span><\/span><\/span><\/span>\n\t<\/p>\n<\/div>\n<div class=\"col-xs-12 col-md-12\">\n\t<p><span class='titoli'>Message (*)<\/span>\n\t<\/p>\n\t<p><span class=\"wpcf7-form-control-wrap\" data-name=\"your-message\"><textarea cols=\"40\" rows=\"10\" class=\"wpcf7-form-control wpcf7-textarea wpcf7-validates-as-required form-control\" aria-required=\"true\" aria-invalid=\"false\" name=\"your-message\"><\/textarea><\/span>\n\t<\/p>\n<\/div>\n<div class=\"col-xs-12 col-md-12\">\n\t<p><small>Les donn\u00e9es saisies seront trait\u00e9es de mani\u00e8re strictement confidentielle conform\u00e9ment \u00e0 la loi et \u00e0 notre <a href=\"https:\/\/www.storevan.com\/fr\/privacy-policy\/\">politique de confidentialit\u00e9<\/a>.<\/small>\n\t<\/p>\n\t<p><span class=\"wpcf7-form-control-wrap\" data-name=\"AccettazionePrivacy\"><span class=\"wpcf7-form-control wpcf7-acceptance\"><span class=\"wpcf7-list-item\"><input type=\"checkbox\" name=\"AccettazionePrivacy\" value=\"1\" aria-invalid=\"false\" \/><\/span><\/span><\/span> Je d\u00e9clare avoir pris connaissance de la Note Informative sur les <a href=\"https:\/\/www.storevan.com\/fr\/privacy-policy\/\">Note Informative sur les Informations priv\u00e9es<\/a> et j\u2019autorise au traitement de mes donn\u00e9es personnelles en conformit\u00e9 avec ce qui y est \u00e9crit. (*)<br \/>\n\t<span class=\"wpcf7-form-control-wrap recaptcha\" data-name=\"recaptcha\"><span data-sitekey=\"6LdfM4AUAAAAAJjsAucux5WVNA3hsk5KP0a03T_n\" class=\"wpcf7-form-control g-recaptcha wpcf7-recaptcha\"><\/span>\r\n<noscript>\r\n\t<div class=\"grecaptcha-noscript\">\r\n\t\t<iframe src=\"https:\/\/www.google.com\/recaptcha\/api\/fallback?k=6LdfM4AUAAAAAJjsAucux5WVNA3hsk5KP0a03T_n\" frameborder=\"0\" scrolling=\"no\" width=\"310\" height=\"430\">\r\n\t\t<\/iframe>\r\n\t\t<textarea name=\"g-recaptcha-response\" rows=\"3\" cols=\"40\" placeholder=\"reCaptcha Response Here\">\r\n\t\t<\/textarea>\r\n\t<\/div>\r\n<\/noscript>\r\n<\/span>\n\t<\/p>\n<\/div>\n<hr class=\"noColor\" \/>\n<p><input class=\"wpcf7-form-control has-spinner wpcf7-submit\" type=\"submit\" value=\"Envoi\" \/>\n<\/p><div class=\"wpcf7-response-output\" aria-hidden=\"true\"><\/div>\n<\/form>\n<\/div>\n\n","protected":false},"excerpt":{"rendered":"<p>Am\u00e9nagement Daily L2 H2 \/ 3520 H2 La fixation du chargement de s\u00e9rie Am\u00e9nagement pour fourgons\u00a0Daily\u00a0L2 H2 \/ 3520 H2.\u00a0Vous trouverez ici des exemples d&rsquo;\u00e9quipements pour v\u00e9hicules utilitaires Iveco Daily\u00a0(Empattement\u00a03520.<\/p>\n","protected":false},"author":522,"featured_media":0,"parent":67886,"menu_order":0,"comment_status":"closed","ping_status":"closed","template":"","meta":[],"acf":[],"yoast_head":"<!-- This site is optimized with the Yoast SEO plugin v20.11 - https:\/\/yoast.com\/wordpress\/plugins\/seo\/ -->\n<title>Iveco Daily L2 H2 \/ 3520 H2 Safety<\/title>\n<meta name=\"robots\" content=\"index, follow, max-snippet:-1, max-image-preview:large, max-video-preview:-1\" \/>\n<link rel=\"canonical\" href=\"https:\/\/www.storevan.com\/fr\/amenagements-fourgon\/iveco-daily-l2-h2-safety\/\" \/>\n<meta property=\"og:locale\" content=\"fr_FR\" \/>\n<meta property=\"og:type\" content=\"article\" \/>\n<meta property=\"og:title\" content=\"Iveco Daily L2 H2 \/ 3520 H2 Safety\" \/>\n<meta property=\"og:description\" content=\"Am\u00e9nagement Daily L2 H2 \/ 3520 H2 La fixation du chargement de s\u00e9rie Am\u00e9nagement pour fourgons\u00a0Daily\u00a0L2 H2 \/ 3520 H2.\u00a0Vous trouverez ici des exemples d&rsquo;\u00e9quipements pour v\u00e9hicules utilitaires Iveco Daily\u00a0(Empattement\u00a03520.\" \/>\n<meta property=\"og:url\" content=\"https:\/\/www.storevan.com\/fr\/amenagements-fourgon\/iveco-daily-l2-h2-safety\/\" \/>\n<meta property=\"og:site_name\" content=\"Store Van\" \/>\n<meta property=\"article:modified_time\" content=\"2022-05-04T09:28:46+00:00\" \/>\n<meta property=\"og:image\" content=\"https:\/\/www.storevan.com\/wp-content\/uploads\/veicoli\/iveco\/daily\/DA-2717-01-350.jpg\" \/>\n<meta name=\"twitter:label1\" content=\"Dur\u00e9e de lecture estim\u00e9e\" \/>\n\t<meta name=\"twitter:data1\" content=\"1 minute\" \/>\n<script type=\"application\/ld+json\" class=\"yoast-schema-graph\">{\"@context\":\"https:\/\/schema.org\",\"@graph\":[{\"@type\":\"WebPage\",\"@id\":\"https:\/\/www.storevan.com\/fr\/amenagements-fourgon\/iveco-daily-l2-h2-safety\/\",\"url\":\"https:\/\/www.storevan.com\/fr\/amenagements-fourgon\/iveco-daily-l2-h2-safety\/\",\"name\":\"Iveco Daily L2 H2 \/ 3520 H2 Safety\",\"isPartOf\":{\"@id\":\"https:\/\/www.storevan.com\/pl\/#website\"},\"datePublished\":\"2015-12-11T10:34:43+00:00\",\"dateModified\":\"2022-05-04T09:28:46+00:00\",\"breadcrumb\":{\"@id\":\"https:\/\/www.storevan.com\/fr\/amenagements-fourgon\/iveco-daily-l2-h2-safety\/#breadcrumb\"},\"inLanguage\":\"fr-FR\",\"potentialAction\":[{\"@type\":\"ReadAction\",\"target\":[\"https:\/\/www.storevan.com\/fr\/amenagements-fourgon\/iveco-daily-l2-h2-safety\/\"]}]},{\"@type\":\"BreadcrumbList\",\"@id\":\"https:\/\/www.storevan.com\/fr\/amenagements-fourgon\/iveco-daily-l2-h2-safety\/#breadcrumb\",\"itemListElement\":[{\"@type\":\"ListItem\",\"position\":1,\"name\":\"Home\",\"item\":\"https:\/\/www.storevan.com\/fr\/\"},{\"@type\":\"ListItem\",\"position\":2,\"name\":\"Am\u00e9nagements de fourgon\",\"item\":\"https:\/\/www.storevan.com\/fr\/amenagements-fourgon\/\"},{\"@type\":\"ListItem\",\"position\":3,\"name\":\"Iveco Daily L2 H2 \/ 3520 H2 Safety\"}]},{\"@type\":\"WebSite\",\"@id\":\"https:\/\/www.storevan.com\/pl\/#website\",\"url\":\"https:\/\/www.storevan.com\/pl\/\",\"name\":\"Store Van\",\"description\":\"Am\u00e9nagements fourgons\",\"potentialAction\":[{\"@type\":\"SearchAction\",\"target\":{\"@type\":\"EntryPoint\",\"urlTemplate\":\"https:\/\/www.storevan.com\/pl\/?s={search_term_string}\"},\"query-input\":\"required name=search_term_string\"}],\"inLanguage\":\"fr-FR\"}]}<\/script>\n<!-- \/ Yoast SEO plugin. -->","yoast_head_json":{"title":"Iveco Daily L2 H2 \/ 3520 H2 Safety","robots":{"index":"index","follow":"follow","max-snippet":"max-snippet:-1","max-image-preview":"max-image-preview:large","max-video-preview":"max-video-preview:-1"},"canonical":"https:\/\/www.storevan.com\/fr\/amenagements-fourgon\/iveco-daily-l2-h2-safety\/","og_locale":"fr_FR","og_type":"article","og_title":"Iveco Daily L2 H2 \/ 3520 H2 Safety","og_description":"Am\u00e9nagement Daily L2 H2 \/ 3520 H2 La fixation du chargement de s\u00e9rie Am\u00e9nagement pour fourgons\u00a0Daily\u00a0L2 H2 \/ 3520 H2.\u00a0Vous trouverez ici des exemples d&rsquo;\u00e9quipements pour v\u00e9hicules utilitaires Iveco Daily\u00a0(Empattement\u00a03520.","og_url":"https:\/\/www.storevan.com\/fr\/amenagements-fourgon\/iveco-daily-l2-h2-safety\/","og_site_name":"Store Van","article_modified_time":"2022-05-04T09:28:46+00:00","og_image":[{"url":"https:\/\/www.storevan.com\/wp-content\/uploads\/veicoli\/iveco\/daily\/DA-2717-01-350.jpg"}],"twitter_misc":{"Dur\u00e9e de lecture estim\u00e9e":"1 minute"},"schema":{"@context":"https:\/\/schema.org","@graph":[{"@type":"WebPage","@id":"https:\/\/www.storevan.com\/fr\/amenagements-fourgon\/iveco-daily-l2-h2-safety\/","url":"https:\/\/www.storevan.com\/fr\/amenagements-fourgon\/iveco-daily-l2-h2-safety\/","name":"Iveco Daily L2 H2 \/ 3520 H2 Safety","isPartOf":{"@id":"https:\/\/www.storevan.com\/pl\/#website"},"datePublished":"2015-12-11T10:34:43+00:00","dateModified":"2022-05-04T09:28:46+00:00","breadcrumb":{"@id":"https:\/\/www.storevan.com\/fr\/amenagements-fourgon\/iveco-daily-l2-h2-safety\/#breadcrumb"},"inLanguage":"fr-FR","potentialAction":[{"@type":"ReadAction","target":["https:\/\/www.storevan.com\/fr\/amenagements-fourgon\/iveco-daily-l2-h2-safety\/"]}]},{"@type":"BreadcrumbList","@id":"https:\/\/www.storevan.com\/fr\/amenagements-fourgon\/iveco-daily-l2-h2-safety\/#breadcrumb","itemListElement":[{"@type":"ListItem","position":1,"name":"Home","item":"https:\/\/www.storevan.com\/fr\/"},{"@type":"ListItem","position":2,"name":"Am\u00e9nagements de fourgon","item":"https:\/\/www.storevan.com\/fr\/amenagements-fourgon\/"},{"@type":"ListItem","position":3,"name":"Iveco Daily L2 H2 \/ 3520 H2 Safety"}]},{"@type":"WebSite","@id":"https:\/\/www.storevan.com\/pl\/#website","url":"https:\/\/www.storevan.com\/pl\/","name":"Store Van","description":"Am\u00e9nagements fourgons","potentialAction":[{"@type":"SearchAction","target":{"@type":"EntryPoint","urlTemplate":"https:\/\/www.storevan.com\/pl\/?s={search_term_string}"},"query-input":"required name=search_term_string"}],"inLanguage":"fr-FR"}]}},"_links":{"self":[{"href":"https:\/\/www.storevan.com\/fr\/wp-json\/wp\/v2\/pages\/132144"}],"collection":[{"href":"https:\/\/www.storevan.com\/fr\/wp-json\/wp\/v2\/pages"}],"about":[{"href":"https:\/\/www.storevan.com\/fr\/wp-json\/wp\/v2\/types\/page"}],"author":[{"embeddable":true,"href":"https:\/\/www.storevan.com\/fr\/wp-json\/wp\/v2\/users\/522"}],"replies":[{"embeddable":true,"href":"https:\/\/www.storevan.com\/fr\/wp-json\/wp\/v2\/comments?post=132144"}],"version-history":[{"count":10,"href":"https:\/\/www.storevan.com\/fr\/wp-json\/wp\/v2\/pages\/132144\/revisions"}],"predecessor-version":[{"id":144786,"href":"https:\/\/www.storevan.com\/fr\/wp-json\/wp\/v2\/pages\/132144\/revisions\/144786"}],"up":[{"embeddable":true,"href":"https:\/\/www.storevan.com\/fr\/wp-json\/wp\/v2\/pages\/67886"}],"wp:attachment":[{"href":"https:\/\/www.storevan.com\/fr\/wp-json\/wp\/v2\/media?parent=132144"}],"curies":[{"name":"wp","href":"https:\/\/api.w.org\/{rel}","templated":true}]}}