{"id":119373,"date":"2019-10-03T09:24:49","date_gmt":"2019-10-03T09:24:49","guid":{"rendered":"https:\/\/www.storevan.com\/amenagements-speciaux-pour-vehicules-utilitaires-equipes\/reapprovisionnement-de-distributeurs-automatiques\/vending-opel-movano\/"},"modified":"2020-07-31T09:10:07","modified_gmt":"2020-07-31T09:10:07","slug":"amenagement-pour-la-distribution-automatique-avec-compartiment-pour-refrigerateur-opel-movano","status":"publish","type":"page","link":"https:\/\/www.storevan.com\/fr\/amenagements-speciaux-pour-vehicules-utilitaires-equipes\/reapprovisionnement-de-distributeurs-automatiques\/amenagement-pour-la-distribution-automatique-avec-compartiment-pour-refrigerateur-opel-movano\/","title":{"rendered":"OPEL MOVANO L2 H2"},"content":{"rendered":"<h1 class=\"customblackTitleSmall\">Am\u00e9nagement pour la distribution automatique avec compartiment pour r\u00e9frig\u00e9rateur<\/h1>\n<hr class=\"noColor\" \/>\n<div class=\"one_half\">\n<img decoding=\"async\" loading=\"lazy\" class=\"aligncenter wp-image-109381 size-full\" src=\"https:\/\/www.storevan.com\/wp-content\/uploads\/2019\/10\/v-opel-movano-00.jpg\" alt=\"Allestimento speciale per Opel Movano\" width=\"525\" height=\"463\" srcset=\"https:\/\/www.storevan.com\/wp-content\/uploads\/2019\/10\/v-opel-movano-00.jpg 525w, https:\/\/www.storevan.com\/wp-content\/uploads\/2019\/10\/v-opel-movano-00-300x265.jpg 300w\" sizes=\"(max-width: 525px) 100vw, 525px\" \/><\/p>\n<hr class=\"noColor\" \/>\n<p>\u00c9tag\u00e8res avec rebords anti-chute et fond en bois avec surface cannel\u00e9e pour une meilleure adh\u00e9rence. Am\u00e9nagement pour transport de boissons avec compartiment r\u00e9frig\u00e9rateur (dim. 560x850x1180\u00a0mm H). Am\u00e9nagement avec points de fixation suppl\u00e9mentaires pour la fixation du mat\u00e9riel et le transport en toute s\u00e9curit\u00e9.<\/p>\n<\/div><div class=\"one_half last\">\n<h2 class=\"bigTxt txtBkOrange\">EXEMPLES POUR OPEL MOVANO L2 H2<\/h2>\n<h3>OPEL MOVANO \/ RENAULT MASTER \/ NV400 L2 H2<\/h3>\n<h3>REMARQUES TECHNIQUES\u00a0:<\/h3>\n<ul class=\"arrow nomarg\">\n<li>Am\u00e9nagement pour le transport de boissons avec profil\u00e9s r\u00e9alis\u00e9s en acier automobile et peints par cataphor\u00e8se en gris RAL 7000. Profil\u00e9s sur mesure avec solides renforts nervur\u00e9s qui permettent, gr\u00e2ce \u00e0 des perforations sur les deux faces, le montage d\u2019\u00e9tag\u00e8res en bois\u00a0;<\/li>\n<li>\u00c9tag\u00e8res en bois avec rev\u00eatement ph\u00e9nolique gris r\u00e9alis\u00e9es en multiplis de bouleau de 9\u00a0mm d\u2019\u00e9paisseur. R\u00e9sistance \u00e0 l\u2019usure, valeur Taber de 300 R \u00e0 1500 R conform\u00e9ment \u00e0 la norme EN 438-2. R\u00e9sistance au feu. R\u00e9sine ph\u00e9nolique r\u00e9sistante aux intemp\u00e9ries conform\u00e9ment \u00e0 la norme EN 314-2\/classe 3.<\/li>\n<li>\u00c9tag\u00e8res d\u2019une capacit\u00e9 de 100 \u00e0 200\u00a0kg (poids r\u00e9parti uniform\u00e9ment). Sur chaque \u00e9tag\u00e8re est appliqu\u00e9e une \u00e9tiquette sp\u00e9cifique mentionnant la capacit\u00e9 maximale.\u00a0<\/li>\n<li><strong>Il n\u2019y a pas de trous suppl\u00e9mentaires sur le v\u00e9hicule pour la fixation de l\u2019am\u00e9nagement.<\/strong><\/li>\n<\/ul>\n<hr class=\"noColor\" \/>\n<div class=\"ts-gallery col-md-10 col-md-offset-1\">\n<div class=\"borderTitleCenterOrange\"><\/div>\n<div class=\"col-xs-3 col-md-3\"><a href=\"https:\/\/www.storevan.com\/wp-content\/uploads\/2019\/10\/v-opel-movano-01.jpg\"><img decoding=\"async\" loading=\"lazy\" src=\"https:\/\/www.storevan.com\/wp-content\/uploads\/2019\/10\/v-opel-movano-01-150x150.jpg\" alt=\"Opel Movano\" width=\"150\" height=\"150\" class=\"aligncenter size-thumbnail wp-image-109387\" srcset=\"https:\/\/www.storevan.com\/wp-content\/uploads\/2019\/10\/v-opel-movano-01-150x150.jpg 150w, https:\/\/www.storevan.com\/wp-content\/uploads\/2019\/10\/v-opel-movano-01-48x48.jpg 48w, https:\/\/www.storevan.com\/wp-content\/uploads\/2019\/10\/v-opel-movano-01-480x480.jpg 480w\" sizes=\"(max-width: 150px) 100vw, 150px\" \/><\/a><\/div>\n<div class=\"col-xs-3 col-md-3\"><a href=\"https:\/\/www.storevan.com\/wp-content\/uploads\/2019\/10\/v-opel-movano-02.jpg\"><img decoding=\"async\" loading=\"lazy\" src=\"https:\/\/www.storevan.com\/wp-content\/uploads\/2019\/10\/v-opel-movano-02-150x150.jpg\" alt=\"Opel Movano\" width=\"150\" height=\"150\" class=\"aligncenter size-thumbnail wp-image-109393\" srcset=\"https:\/\/www.storevan.com\/wp-content\/uploads\/2019\/10\/v-opel-movano-02-150x150.jpg 150w, https:\/\/www.storevan.com\/wp-content\/uploads\/2019\/10\/v-opel-movano-02-48x48.jpg 48w, https:\/\/www.storevan.com\/wp-content\/uploads\/2019\/10\/v-opel-movano-02-480x480.jpg 480w\" sizes=\"(max-width: 150px) 100vw, 150px\" \/><\/a><\/div>\n<div class=\"col-xs-3 col-md-3\"><a href=\"https:\/\/www.storevan.com\/wp-content\/uploads\/2019\/10\/v-opel-movano-03.jpg\"><img decoding=\"async\" loading=\"lazy\" src=\"https:\/\/www.storevan.com\/wp-content\/uploads\/2019\/10\/v-opel-movano-03-150x150.jpg\" alt=\"Opel Movano\" width=\"150\" height=\"150\" class=\"aligncenter size-thumbnail wp-image-109399\" srcset=\"https:\/\/www.storevan.com\/wp-content\/uploads\/2019\/10\/v-opel-movano-03-150x150.jpg 150w, https:\/\/www.storevan.com\/wp-content\/uploads\/2019\/10\/v-opel-movano-03-48x48.jpg 48w, https:\/\/www.storevan.com\/wp-content\/uploads\/2019\/10\/v-opel-movano-03-480x480.jpg 480w\" sizes=\"(max-width: 150px) 100vw, 150px\" \/><\/a><\/div>\n<div class=\"col-xs-3 col-md-3\"><a href=\"https:\/\/www.storevan.com\/wp-content\/uploads\/2019\/10\/v-opel-movano-04.jpg\"><img decoding=\"async\" loading=\"lazy\" src=\"https:\/\/www.storevan.com\/wp-content\/uploads\/2019\/10\/v-opel-movano-04-150x150.jpg\" alt=\"Opel Movano\" width=\"150\" height=\"150\" class=\"aligncenter size-thumbnail wp-image-109405\" srcset=\"https:\/\/www.storevan.com\/wp-content\/uploads\/2019\/10\/v-opel-movano-04-150x150.jpg 150w, https:\/\/www.storevan.com\/wp-content\/uploads\/2019\/10\/v-opel-movano-04-48x48.jpg 48w, https:\/\/www.storevan.com\/wp-content\/uploads\/2019\/10\/v-opel-movano-04-480x480.jpg 480w\" sizes=\"(max-width: 150px) 100vw, 150px\" \/><\/a><\/div>\n<hr class=\"noColor break\" \/>\n<div class=\"borderTitleCenterOrange\"><\/div>\n<\/div>\n<hr class=\"noColor break\" \/>\n<hr \/>\n<div class=\"text-center\"><a class=\"btn btn-download btnToggle\"><i class=\"fa fa-envelope\"><\/i> <span class=\"spanBtn\">\u00c9CRIVEZ-NOUS<\/span><br \/>\nvous serez contact\u00e9s<\/a><\/div>\n<\/div><div class=\"clearboth\"><\/div>\n<div class=\"break\"><\/div>\n<hr class=\"noColor\" \/>\n<a name=\"formcontatto\"><\/a><\/p>\n<div class=\"formToggle\">\n<h4 class=\"bigTxt text-center txtBkOrange\"><i class=\"fa fa-envelope pull-left\"><\/i>VOULEZ-VOUS EN SAVOIR PLUS?<\/h4>\n\n<div class=\"wpcf7 no-js\" id=\"wpcf7-f67673-o1\" lang=\"it-IT\" dir=\"ltr\">\n<div class=\"screen-reader-response\"><p role=\"status\" aria-live=\"polite\" aria-atomic=\"true\"><\/p> <ul><\/ul><\/div>\n<form action=\"\/fr\/wp-json\/wp\/v2\/pages\/119373#wpcf7-f67673-o1\" method=\"post\" class=\"wpcf7-form init\" aria-label=\"Modulo di contatto\" novalidate=\"novalidate\" data-status=\"init\">\n<div style=\"display: none;\">\n<input type=\"hidden\" name=\"_wpcf7\" value=\"67673\" \/>\n<input type=\"hidden\" name=\"_wpcf7_version\" value=\"5.7.7\" \/>\n<input type=\"hidden\" name=\"_wpcf7_locale\" value=\"it_IT\" \/>\n<input type=\"hidden\" name=\"_wpcf7_unit_tag\" value=\"wpcf7-f67673-o1\" \/>\n<input type=\"hidden\" name=\"_wpcf7_container_post\" value=\"0\" \/>\n<input type=\"hidden\" name=\"_wpcf7_posted_data_hash\" value=\"\" \/>\n<input type=\"hidden\" name=\"_wpcf7_recaptcha_response\" value=\"\" \/>\n<\/div>\n<span class=\"wpcf7-form-control-wrap url\" data-name=\"url\"><input type=\"hidden\" name=\"url\" size=\"40\" class=\"wpcf7-form-control wpcf7-hidden wpcf7dtx wpcf7dtx-hidden\" aria-invalid=\"false\" value=\"amenagement-pour-la-distribution-automatique-avec-compartiment-pour-refrigerateur-opel-movano\" autocomplete=\"off\" \/><\/span>\n<p>Pour plus d'informations, remplissez les champs suivants. L'un de nos op\u00e9rateurs vous recontactera dans les plus brefs d\u00e9lais (* champs obligatoires):\n<\/p>\n<div class=\"col-xs-12 col-md-6\">\n\t<p><span class='titoli'>Pr\u00e9nom (*)<\/span>\n\t<\/p>\n\t<p><span class=\"wpcf7-form-control-wrap\" data-name=\"your-name\"><input size=\"40\" class=\"wpcf7-form-control wpcf7-text wpcf7-validates-as-required form-control\" aria-required=\"true\" aria-invalid=\"false\" value=\"\" type=\"text\" name=\"your-name\" \/><\/span>\n\t<\/p>\n<\/div>\n<div class=\"col-xs-12 col-md-6\">\n\t<p><span class='titoli'>Nom (*)<\/span>\n\t<\/p>\n\t<p><span class=\"wpcf7-form-control-wrap\" data-name=\"your-last-name\"><input size=\"40\" class=\"wpcf7-form-control wpcf7-text wpcf7-validates-as-required form-control\" aria-required=\"true\" aria-invalid=\"false\" value=\"\" type=\"text\" name=\"your-last-name\" \/><\/span>\n\t<\/p>\n<\/div>\n<div class=\"col-xs-12 col-md-6\">\n\t<p><span class='titoli'>Entreprise (*)<\/span>\n\t<\/p>\n\t<p><span class=\"wpcf7-form-control-wrap\" data-name=\"your-company\"><input size=\"40\" class=\"wpcf7-form-control wpcf7-text wpcf7-validates-as-required form-control\" aria-required=\"true\" aria-invalid=\"false\" value=\"\" type=\"text\" name=\"your-company\" \/><\/span>\n\t<\/p>\n<\/div>\n<div class=\"col-xs-12 col-md-6\">\n\t<p><span class='titoli'>TVA<\/span>\n\t<\/p>\n\t<p><span class=\"wpcf7-form-control-wrap\" data-name=\"p-iva\"><input size=\"40\" class=\"wpcf7-form-control wpcf7-text form-control\" aria-invalid=\"false\" value=\"\" type=\"text\" name=\"p-iva\" \/><\/span>\n\t<\/p>\n<\/div>\n<div class=\"clearboth\">\n<\/div>\n<div class=\"col-xs-12 col-md-4\">\n\t<p><span class='titoli'>Code Postal (*)<\/span>\n\t<\/p>\n\t<p><span class=\"wpcf7-form-control-wrap\" data-name=\"your-zip-code\"><input size=\"40\" class=\"wpcf7-form-control wpcf7-text wpcf7-validates-as-required form-control\" aria-required=\"true\" aria-invalid=\"false\" value=\"\" type=\"text\" name=\"your-zip-code\" \/><\/span>\n\t<\/p>\n<\/div>\n<div class=\"col-xs-12 col-md-4\">\n\t<p><span class='titoli'>Adresse (*)<\/span>\n\t<\/p>\n\t<p><span class=\"wpcf7-form-control-wrap\" data-name=\"your-address\"><input size=\"40\" class=\"wpcf7-form-control wpcf7-text wpcf7-validates-as-required form-control\" aria-required=\"true\" aria-invalid=\"false\" value=\"\" type=\"text\" name=\"your-address\" \/><\/span>\n\t<\/p>\n<\/div>\n<div class=\"col-xs-12 col-md-4\">\n\t<p><span class='titoli'>Ville (*)<\/span>\n\t<\/p>\n\t<p><span class=\"wpcf7-form-control-wrap\" data-name=\"your-Town\"><input size=\"40\" class=\"wpcf7-form-control wpcf7-text wpcf7-validates-as-required form-control\" aria-required=\"true\" aria-invalid=\"false\" value=\"\" type=\"text\" name=\"your-Town\" \/><\/span>\n\t<\/p>\n<\/div>\n<div class=\"clearboth\">\n<\/div>\n<div class=\"col-xs-12 col-md-6\">\n\t<p><span class='titoli'>email (*)<\/span>\n\t<\/p>\n\t<p><span class=\"wpcf7-form-control-wrap\" data-name=\"your-email\"><input size=\"40\" class=\"wpcf7-form-control wpcf7-text wpcf7-email wpcf7-validates-as-required wpcf7-validates-as-email form-control\" aria-required=\"true\" aria-invalid=\"false\" value=\"\" type=\"email\" name=\"your-email\" \/><\/span>\n\t<\/p>\n<\/div>\n<div class=\"col-xs-12 col-md-6\">\n\t<p><span class='titoli'>T\u00e9l\u00e9phone (*)<\/span>\n\t<\/p>\n\t<p><span class=\"wpcf7-form-control-wrap\" data-name=\"telefono\"><input size=\"40\" class=\"wpcf7-form-control wpcf7-text wpcf7-tel wpcf7-validates-as-required wpcf7-validates-as-tel form-control\" aria-required=\"true\" aria-invalid=\"false\" value=\"\" type=\"tel\" name=\"telefono\" \/><\/span>\n\t<\/p>\n<\/div>\n<div class=\"clearboth\">\n<\/div>\n<div class=\"col-xs-12 col-md-6\">\n\t<p><span class='titoli'>Objet <\/span>\n\t<\/p>\n\t<p><span class=\"wpcf7-form-control-wrap\" data-name=\"oggetto\"><select class=\"wpcf7-form-control wpcf7-select wpcf7-validates-as-required\" aria-required=\"true\" aria-invalid=\"false\" name=\"oggetto\"><option value=\"Citation\">Citation<\/option><option value=\"Information technique\">Information technique<\/option><option value=\"Rendez-vous\">Rendez-vous<\/option><\/select><\/span>\n\t<\/p>\n<\/div>\n<div class=\"col-xs-12 col-md-6\">\n\t<p><br \/>\n<span class=\"titoli\"> <span class=\"wpcf7-form-control-wrap\" data-name=\"cliente\"><span class=\"wpcf7-form-control wpcf7-checkbox\"><span class=\"wpcf7-list-item first last\"><label><span class=\"wpcf7-list-item-label\">Je suis d\u00e9j\u00e0 client<\/span><input type=\"checkbox\" name=\"cliente[]\" value=\"Je suis d\u00e9j\u00e0 client\" \/><\/label><\/span><\/span><\/span><\/span>\n\t<\/p>\n<\/div>\n<div class=\"col-xs-12 col-md-12\">\n\t<p><span class='titoli'>Message (*)<\/span>\n\t<\/p>\n\t<p><span class=\"wpcf7-form-control-wrap\" data-name=\"your-message\"><textarea cols=\"40\" rows=\"10\" class=\"wpcf7-form-control wpcf7-textarea wpcf7-validates-as-required form-control\" aria-required=\"true\" aria-invalid=\"false\" name=\"your-message\"><\/textarea><\/span>\n\t<\/p>\n<\/div>\n<div class=\"col-xs-12 col-md-12\">\n\t<p><small>Les donn\u00e9es saisies seront trait\u00e9es de mani\u00e8re strictement confidentielle conform\u00e9ment \u00e0 la loi et \u00e0 notre <a href=\"https:\/\/www.storevan.com\/fr\/privacy-policy\/\">politique de confidentialit\u00e9<\/a>.<\/small>\n\t<\/p>\n\t<p><span class=\"wpcf7-form-control-wrap\" data-name=\"AccettazionePrivacy\"><span class=\"wpcf7-form-control wpcf7-acceptance\"><span class=\"wpcf7-list-item\"><input type=\"checkbox\" name=\"AccettazionePrivacy\" value=\"1\" aria-invalid=\"false\" \/><\/span><\/span><\/span> Je d\u00e9clare avoir pris connaissance de la Note Informative sur les <a href=\"https:\/\/www.storevan.com\/fr\/privacy-policy\/\">Note Informative sur les Informations priv\u00e9es<\/a> et j\u2019autorise au traitement de mes donn\u00e9es personnelles en conformit\u00e9 avec ce qui y est \u00e9crit. (*)<br \/>\n\t<span class=\"wpcf7-form-control-wrap recaptcha\" data-name=\"recaptcha\"><span data-sitekey=\"6LdfM4AUAAAAAJjsAucux5WVNA3hsk5KP0a03T_n\" class=\"wpcf7-form-control g-recaptcha wpcf7-recaptcha\"><\/span>\r\n<noscript>\r\n\t<div class=\"grecaptcha-noscript\">\r\n\t\t<iframe src=\"https:\/\/www.google.com\/recaptcha\/api\/fallback?k=6LdfM4AUAAAAAJjsAucux5WVNA3hsk5KP0a03T_n\" frameborder=\"0\" scrolling=\"no\" width=\"310\" height=\"430\">\r\n\t\t<\/iframe>\r\n\t\t<textarea name=\"g-recaptcha-response\" rows=\"3\" cols=\"40\" placeholder=\"reCaptcha Response Here\">\r\n\t\t<\/textarea>\r\n\t<\/div>\r\n<\/noscript>\r\n<\/span>\n\t<\/p>\n<\/div>\n<hr class=\"noColor\" \/>\n<p><input class=\"wpcf7-form-control has-spinner wpcf7-submit\" type=\"submit\" value=\"Envoi\" \/>\n<\/p><div class=\"wpcf7-response-output\" aria-hidden=\"true\"><\/div>\n<\/form>\n<\/div>\n<\/div>\n","protected":false},"excerpt":{"rendered":"<p>Am\u00e9nagement pour la distribution automatique avec compartiment pour r\u00e9frig\u00e9rateur VOULEZ-VOUS EN SAVOIR PLUS?<\/p>\n","protected":false},"author":470,"featured_media":0,"parent":119347,"menu_order":0,"comment_status":"closed","ping_status":"closed","template":"","meta":[],"acf":[],"yoast_head":"<!-- This site is optimized with the Yoast SEO plugin v20.11 - https:\/\/yoast.com\/wordpress\/plugins\/seo\/ -->\n<title>Am\u00e9nagement pour la distribution automatique avec compartiment pour r\u00e9frig\u00e9rateur<\/title>\n<meta name=\"robots\" content=\"index, follow, max-snippet:-1, max-image-preview:large, max-video-preview:-1\" \/>\n<link rel=\"canonical\" href=\"https:\/\/www.storevan.com\/fr\/amenagements-speciaux-pour-vehicules-utilitaires-equipes\/reapprovisionnement-de-distributeurs-automatiques\/amenagement-pour-la-distribution-automatique-avec-compartiment-pour-refrigerateur-opel-movano\/\" \/>\n<meta property=\"og:locale\" content=\"fr_FR\" \/>\n<meta property=\"og:type\" content=\"article\" \/>\n<meta property=\"og:title\" content=\"Am\u00e9nagement pour la distribution automatique avec compartiment pour r\u00e9frig\u00e9rateur\" \/>\n<meta property=\"og:description\" content=\"Am\u00e9nagement pour la distribution automatique avec compartiment pour r\u00e9frig\u00e9rateur VOULEZ-VOUS EN SAVOIR PLUS?\" \/>\n<meta property=\"og:url\" content=\"https:\/\/www.storevan.com\/fr\/amenagements-speciaux-pour-vehicules-utilitaires-equipes\/reapprovisionnement-de-distributeurs-automatiques\/amenagement-pour-la-distribution-automatique-avec-compartiment-pour-refrigerateur-opel-movano\/\" \/>\n<meta property=\"og:site_name\" content=\"Store Van\" \/>\n<meta property=\"article:modified_time\" content=\"2020-07-31T09:10:07+00:00\" \/>\n<meta property=\"og:image\" content=\"https:\/\/www.storevan.com\/wp-content\/uploads\/2019\/10\/v-opel-movano-00.jpg\" \/>\n<meta name=\"twitter:label1\" content=\"Dur\u00e9e de lecture estim\u00e9e\" \/>\n\t<meta name=\"twitter:data1\" content=\"1 minute\" \/>\n<script type=\"application\/ld+json\" class=\"yoast-schema-graph\">{\"@context\":\"https:\/\/schema.org\",\"@graph\":[{\"@type\":\"WebPage\",\"@id\":\"https:\/\/www.storevan.com\/fr\/amenagements-speciaux-pour-vehicules-utilitaires-equipes\/reapprovisionnement-de-distributeurs-automatiques\/amenagement-pour-la-distribution-automatique-avec-compartiment-pour-refrigerateur-opel-movano\/\",\"url\":\"https:\/\/www.storevan.com\/fr\/amenagements-speciaux-pour-vehicules-utilitaires-equipes\/reapprovisionnement-de-distributeurs-automatiques\/amenagement-pour-la-distribution-automatique-avec-compartiment-pour-refrigerateur-opel-movano\/\",\"name\":\"Am\u00e9nagement pour la distribution automatique avec compartiment pour r\u00e9frig\u00e9rateur\",\"isPartOf\":{\"@id\":\"https:\/\/www.storevan.com\/pl\/#website\"},\"datePublished\":\"2019-10-03T09:24:49+00:00\",\"dateModified\":\"2020-07-31T09:10:07+00:00\",\"breadcrumb\":{\"@id\":\"https:\/\/www.storevan.com\/fr\/amenagements-speciaux-pour-vehicules-utilitaires-equipes\/reapprovisionnement-de-distributeurs-automatiques\/amenagement-pour-la-distribution-automatique-avec-compartiment-pour-refrigerateur-opel-movano\/#breadcrumb\"},\"inLanguage\":\"fr-FR\",\"potentialAction\":[{\"@type\":\"ReadAction\",\"target\":[\"https:\/\/www.storevan.com\/fr\/amenagements-speciaux-pour-vehicules-utilitaires-equipes\/reapprovisionnement-de-distributeurs-automatiques\/amenagement-pour-la-distribution-automatique-avec-compartiment-pour-refrigerateur-opel-movano\/\"]}]},{\"@type\":\"BreadcrumbList\",\"@id\":\"https:\/\/www.storevan.com\/fr\/amenagements-speciaux-pour-vehicules-utilitaires-equipes\/reapprovisionnement-de-distributeurs-automatiques\/amenagement-pour-la-distribution-automatique-avec-compartiment-pour-refrigerateur-opel-movano\/#breadcrumb\",\"itemListElement\":[{\"@type\":\"ListItem\",\"position\":1,\"name\":\"Home\",\"item\":\"https:\/\/www.storevan.com\/fr\/\"},{\"@type\":\"ListItem\",\"position\":2,\"name\":\"Am\u00e9nagements sp\u00e9ciaux pour v\u00e9hicules utilitaires \u00e9quip\u00e9s\",\"item\":\"https:\/\/www.storevan.com\/fr\/amenagements-speciaux-pour-vehicules-utilitaires-equipes\/\"},{\"@type\":\"ListItem\",\"position\":3,\"name\":\"R\u00e9approvisionnement de distributeurs automatiques\",\"item\":\"https:\/\/www.storevan.com\/fr\/amenagements-speciaux-pour-vehicules-utilitaires-equipes\/reapprovisionnement-de-distributeurs-automatiques\/\"},{\"@type\":\"ListItem\",\"position\":4,\"name\":\"OPEL MOVANO L2 H2\"}]},{\"@type\":\"WebSite\",\"@id\":\"https:\/\/www.storevan.com\/pl\/#website\",\"url\":\"https:\/\/www.storevan.com\/pl\/\",\"name\":\"Store Van\",\"description\":\"Am\u00e9nagements fourgons\",\"potentialAction\":[{\"@type\":\"SearchAction\",\"target\":{\"@type\":\"EntryPoint\",\"urlTemplate\":\"https:\/\/www.storevan.com\/pl\/?s={search_term_string}\"},\"query-input\":\"required name=search_term_string\"}],\"inLanguage\":\"fr-FR\"}]}<\/script>\n<!-- \/ Yoast SEO plugin. -->","yoast_head_json":{"title":"Am\u00e9nagement pour la distribution automatique avec compartiment pour r\u00e9frig\u00e9rateur","robots":{"index":"index","follow":"follow","max-snippet":"max-snippet:-1","max-image-preview":"max-image-preview:large","max-video-preview":"max-video-preview:-1"},"canonical":"https:\/\/www.storevan.com\/fr\/amenagements-speciaux-pour-vehicules-utilitaires-equipes\/reapprovisionnement-de-distributeurs-automatiques\/amenagement-pour-la-distribution-automatique-avec-compartiment-pour-refrigerateur-opel-movano\/","og_locale":"fr_FR","og_type":"article","og_title":"Am\u00e9nagement pour la distribution automatique avec compartiment pour r\u00e9frig\u00e9rateur","og_description":"Am\u00e9nagement pour la distribution automatique avec compartiment pour r\u00e9frig\u00e9rateur VOULEZ-VOUS EN SAVOIR PLUS?","og_url":"https:\/\/www.storevan.com\/fr\/amenagements-speciaux-pour-vehicules-utilitaires-equipes\/reapprovisionnement-de-distributeurs-automatiques\/amenagement-pour-la-distribution-automatique-avec-compartiment-pour-refrigerateur-opel-movano\/","og_site_name":"Store Van","article_modified_time":"2020-07-31T09:10:07+00:00","og_image":[{"url":"https:\/\/www.storevan.com\/wp-content\/uploads\/2019\/10\/v-opel-movano-00.jpg"}],"twitter_misc":{"Dur\u00e9e de lecture estim\u00e9e":"1 minute"},"schema":{"@context":"https:\/\/schema.org","@graph":[{"@type":"WebPage","@id":"https:\/\/www.storevan.com\/fr\/amenagements-speciaux-pour-vehicules-utilitaires-equipes\/reapprovisionnement-de-distributeurs-automatiques\/amenagement-pour-la-distribution-automatique-avec-compartiment-pour-refrigerateur-opel-movano\/","url":"https:\/\/www.storevan.com\/fr\/amenagements-speciaux-pour-vehicules-utilitaires-equipes\/reapprovisionnement-de-distributeurs-automatiques\/amenagement-pour-la-distribution-automatique-avec-compartiment-pour-refrigerateur-opel-movano\/","name":"Am\u00e9nagement pour la distribution automatique avec compartiment pour r\u00e9frig\u00e9rateur","isPartOf":{"@id":"https:\/\/www.storevan.com\/pl\/#website"},"datePublished":"2019-10-03T09:24:49+00:00","dateModified":"2020-07-31T09:10:07+00:00","breadcrumb":{"@id":"https:\/\/www.storevan.com\/fr\/amenagements-speciaux-pour-vehicules-utilitaires-equipes\/reapprovisionnement-de-distributeurs-automatiques\/amenagement-pour-la-distribution-automatique-avec-compartiment-pour-refrigerateur-opel-movano\/#breadcrumb"},"inLanguage":"fr-FR","potentialAction":[{"@type":"ReadAction","target":["https:\/\/www.storevan.com\/fr\/amenagements-speciaux-pour-vehicules-utilitaires-equipes\/reapprovisionnement-de-distributeurs-automatiques\/amenagement-pour-la-distribution-automatique-avec-compartiment-pour-refrigerateur-opel-movano\/"]}]},{"@type":"BreadcrumbList","@id":"https:\/\/www.storevan.com\/fr\/amenagements-speciaux-pour-vehicules-utilitaires-equipes\/reapprovisionnement-de-distributeurs-automatiques\/amenagement-pour-la-distribution-automatique-avec-compartiment-pour-refrigerateur-opel-movano\/#breadcrumb","itemListElement":[{"@type":"ListItem","position":1,"name":"Home","item":"https:\/\/www.storevan.com\/fr\/"},{"@type":"ListItem","position":2,"name":"Am\u00e9nagements sp\u00e9ciaux pour v\u00e9hicules utilitaires \u00e9quip\u00e9s","item":"https:\/\/www.storevan.com\/fr\/amenagements-speciaux-pour-vehicules-utilitaires-equipes\/"},{"@type":"ListItem","position":3,"name":"R\u00e9approvisionnement de distributeurs automatiques","item":"https:\/\/www.storevan.com\/fr\/amenagements-speciaux-pour-vehicules-utilitaires-equipes\/reapprovisionnement-de-distributeurs-automatiques\/"},{"@type":"ListItem","position":4,"name":"OPEL MOVANO L2 H2"}]},{"@type":"WebSite","@id":"https:\/\/www.storevan.com\/pl\/#website","url":"https:\/\/www.storevan.com\/pl\/","name":"Store Van","description":"Am\u00e9nagements fourgons","potentialAction":[{"@type":"SearchAction","target":{"@type":"EntryPoint","urlTemplate":"https:\/\/www.storevan.com\/pl\/?s={search_term_string}"},"query-input":"required name=search_term_string"}],"inLanguage":"fr-FR"}]}},"_links":{"self":[{"href":"https:\/\/www.storevan.com\/fr\/wp-json\/wp\/v2\/pages\/119373"}],"collection":[{"href":"https:\/\/www.storevan.com\/fr\/wp-json\/wp\/v2\/pages"}],"about":[{"href":"https:\/\/www.storevan.com\/fr\/wp-json\/wp\/v2\/types\/page"}],"author":[{"embeddable":true,"href":"https:\/\/www.storevan.com\/fr\/wp-json\/wp\/v2\/users\/470"}],"replies":[{"embeddable":true,"href":"https:\/\/www.storevan.com\/fr\/wp-json\/wp\/v2\/comments?post=119373"}],"version-history":[{"count":3,"href":"https:\/\/www.storevan.com\/fr\/wp-json\/wp\/v2\/pages\/119373\/revisions"}],"predecessor-version":[{"id":119982,"href":"https:\/\/www.storevan.com\/fr\/wp-json\/wp\/v2\/pages\/119373\/revisions\/119982"}],"up":[{"embeddable":true,"href":"https:\/\/www.storevan.com\/fr\/wp-json\/wp\/v2\/pages\/119347"}],"wp:attachment":[{"href":"https:\/\/www.storevan.com\/fr\/wp-json\/wp\/v2\/media?parent=119373"}],"curies":[{"name":"wp","href":"https:\/\/api.w.org\/{rel}","templated":true}]}}