{"id":100469,"date":"2019-04-11T11:58:22","date_gmt":"2019-04-11T11:58:22","guid":{"rendered":"https:\/\/www.storevan.com\/?page_id=100469"},"modified":"2019-04-11T11:58:22","modified_gmt":"2019-04-11T11:58:22","slug":"flottes-dentreprise","status":"publish","type":"page","link":"https:\/\/www.storevan.com\/fr\/flottes-dentreprise\/","title":{"rendered":"Flottes d&rsquo;entreprise"},"content":{"rendered":"<h1 class=\"customblackTitleSmall\">Flottes d&rsquo;entreprise<\/h1>\n<div class=\"bannerPage\">\n<div class=\"txtBannerPage\">\n<div class=\"text-left\">\n<h2 class=\"txtWhite text-left\">Flottes d&rsquo;entreprise et parcs automobiles<\/h2>\n<div class=\"borderTitleOrange\"><\/div>\n<hr class=\"noColor\">\n<h3 class=\"txtWhite text-left noUP\">Solutions sur mesure pour grandes et petites flottes<\/h3>\n<\/div>\n<\/div>\n<div class=\"imgBannerPage\"><img decoding=\"async\" src=\"https:\/\/www.storevan.com\/wp-content\/uploads\/2019\/03\/flotte.jpg\" alt=\"Flottes d'entreprise\"\/><\/div>\n<\/div>\n<hr class=\"noColor\"\/>\n<div class=\"col-xs-12 col-sm-7 col-md-6\">\n<hr class=\"noColor\"\/>\n<p class=\"txtOrange hidden-xs\">Am\u00e9nagements professionnels de v\u00e9hicules d&rsquo;entreprise<\/p>\n<h4 class=\"bigTxt txtBlack\">Vous devez am\u00e9nager une flotte d&rsquo;entreprise\u00a0?<\/h4>\n<div class=\"borderTitleOrange\"><\/div>\n<hr class=\"noColor\"\/>\nStore Van r\u00e9alise des am\u00e9nagements pour des flottes d&rsquo;entreprise de petites, moyennes et grandes dimensions. Gr\u00e2ce \u00e0 son exp\u00e9rience, \u00e0 son professionnalisme et \u00e0 sa capacit\u00e9 de concevoir des solutions personnalis\u00e9es, il est choisi depuis des ann\u00e9es par des entreprises de divers secteurs.<br \/>\nTout projet est \u00e9tudi\u00e9 et analys\u00e9 attentivement avec le client et suivi par une \u00e9quipe d\u00e9di\u00e9e dans toutes ses \u00e9tapes\u00a0: de la prise en charge \u00e0 la r\u00e9alisation finale.<br \/>\nGr\u00e2ce aux grands espaces dont il dispose et \u00e0 sa production totalement interne, Store Van peut faire face \u00e0 des commandes importantes, en respectant les d\u00e9lais fix\u00e9s et en travaillant avec pr\u00e9cision et qualit\u00e9 sur chaque v\u00e9hicule.<\/p>\n<hr class=\"noColor\"\/>\n<\/div>\n<div class=\"col-xs-12 col-sm-5 col-md-6\">\n<hr class=\"noColor hidden-xs\"\/><img decoding=\"async\" loading=\"lazy\" src=\"https:\/\/www.storevan.com\/wp-content\/uploads\/2019\/03\/allestimento-flotta-aziendale.jpg\" alt=\"Am\u00e9nagements professionnels de v\u00e9hicules d'entreprise\" width=\"548\" height=\"244\" class=\"aligncenter size-full wp-image-98133\" \/><\/div>\n<div class=\"break\"><\/div>\n<hr class=\"visible-xs\"\/>\n<div class=\"col-xs-12 col-sm-7 col-md-6\">\n<hr class=\"noColor hidden-xs\"\/><img decoding=\"async\" loading=\"lazy\" src=\"https:\/\/www.storevan.com\/wp-content\/uploads\/2019\/03\/allestimento-furgoni-aziendali-su-misura.jpg\" alt=\"Am\u00e9nagement de fa\u00e7on personnalis\u00e9e\" width=\"548\" height=\"244\" class=\"aligncenter size-full wp-image-98139\" \/><\/div>\n<div class=\"col-xs-12 col-sm-5 col-md-6\">\n<hr class=\"noColor\"\/>\n<p class=\"txtOrange hidden-xs\">Concevez l&rsquo;am\u00e9nagement de fa\u00e7on personnalis\u00e9e<\/p>\n<h4 class=\"bigTxt txtBlack\">CHOISISSEZ UN AM\u00c9NAGEMENT SUR MESURE POUR VOS V\u00c9HICULES D&rsquo;ENTREPRISE<\/h4>\n<div class=\"borderTitleOrange\"><\/div>\n<hr class=\"noColor\"\/>\nTout projet peut \u00eatre personnalis\u00e9\u00a0: au cours d&rsquo;une premi\u00e8re phase une \u00e9valuation est effectu\u00e9e avec le client pour juger des besoins et trouver les solutions id\u00e9ales pour un am\u00e9nagement parfait de la flotte. Un projet 3D est ensuite cr\u00e9\u00e9 et, apr\u00e8s son approbation de la part du client, un premier prototype va \u00eatre r\u00e9alis\u00e9. La production ne d\u00e9marre qu&rsquo;apr\u00e8s l&rsquo;examen et l&rsquo;approbation de celui-ci.  <\/p>\n<p>La vaste gamme de rayonnages et de rev\u00eatements, unie aux nombreux accessoires pour v\u00e9hicules utilitaires disponibles, permettent de proposer des solutions tr\u00e8s vari\u00e9es tout en maintenant un excellent rapport qualit\u00e9\/prix.<\/p>\n<hr class=\"noColor\"\/>\n<\/div>\n<div class=\"break\"><\/div>\n<hr class=\"noColor\"\/>\n<hr\/>\n<hr class=\"noColor\"\/>\n<h4 class=\"text-center txtBlack bigTxt txtBkOrange\"><i class=\"fa fa-angle-left\"><\/i> Vous voulez en savoir plus\u00a0?  <i class=\"fa fa-angle-right\"><\/i><\/h4>\n<p class=\"text-center bigTxt\"><strong>Si vous \u00eates une entreprise et d\u00e9sirez recevoir de plus amples informations sur l&rsquo;am\u00e9nagement de flottes d&rsquo;entreprise, contactez-nous d\u00e8s \u00e0 pr\u00e9sent, sans engagement, pour obtenir un devis personnalis\u00e9.<\/strong><\/p>\n<hr class=\"noColor\"\/>\n\n<div class=\"wpcf7 no-js\" id=\"wpcf7-f100463-o1\" lang=\"it-IT\" dir=\"ltr\">\n<div class=\"screen-reader-response\"><p role=\"status\" aria-live=\"polite\" aria-atomic=\"true\"><\/p> <ul><\/ul><\/div>\n<form action=\"\/fr\/wp-json\/wp\/v2\/pages\/100469#wpcf7-f100463-o1\" method=\"post\" class=\"wpcf7-form init\" aria-label=\"Modulo di contatto\" novalidate=\"novalidate\" data-status=\"init\">\n<div style=\"display: none;\">\n<input type=\"hidden\" name=\"_wpcf7\" value=\"100463\" \/>\n<input type=\"hidden\" name=\"_wpcf7_version\" value=\"5.7.7\" \/>\n<input type=\"hidden\" name=\"_wpcf7_locale\" value=\"it_IT\" \/>\n<input type=\"hidden\" name=\"_wpcf7_unit_tag\" value=\"wpcf7-f100463-o1\" \/>\n<input type=\"hidden\" name=\"_wpcf7_container_post\" value=\"0\" \/>\n<input type=\"hidden\" name=\"_wpcf7_posted_data_hash\" value=\"\" \/>\n<input type=\"hidden\" name=\"_wpcf7_recaptcha_response\" value=\"\" \/>\n<\/div>\n<span class=\"wpcf7-form-control-wrap url\" data-name=\"url\"><input type=\"hidden\" name=\"url\" size=\"40\" class=\"wpcf7-form-control wpcf7-hidden wpcf7dtx wpcf7dtx-hidden\" aria-invalid=\"false\" value=\"flottes-dentreprise\" autocomplete=\"off\" \/><\/span>\n<p class=\"text-center\">Pour plus d'informations, remplissez les champs suivants. L'un de nos op\u00e9rateurs vous recontactera dans les plus brefs d\u00e9lais (* champs obligatoires):\n<\/p>\n<hr class=\"noColor\" \/>\n<div class=\"col-xs-12 col-md-6\">\n\t<p><span class='titoli'>Pr\u00e9nom (*)<\/span>\n\t<\/p>\n\t<p><span class=\"wpcf7-form-control-wrap\" data-name=\"your-name\"><input size=\"40\" class=\"wpcf7-form-control wpcf7-text wpcf7-validates-as-required form-control\" aria-required=\"true\" aria-invalid=\"false\" value=\"\" type=\"text\" name=\"your-name\" \/><\/span>\n\t<\/p>\n<\/div>\n<div class=\"col-xs-12 col-md-6\">\n\t<p><span class='titoli'>Nom (*)<\/span>\n\t<\/p>\n\t<p><span class=\"wpcf7-form-control-wrap\" data-name=\"your-last-name\"><input size=\"40\" class=\"wpcf7-form-control wpcf7-text wpcf7-validates-as-required form-control\" aria-required=\"true\" aria-invalid=\"false\" value=\"\" type=\"text\" name=\"your-last-name\" \/><\/span>\n\t<\/p>\n<\/div>\n<div class=\"col-xs-12 col-md-6\">\n\t<p><span class='titoli'>Entreprise (*)<\/span>\n\t<\/p>\n\t<p><span class=\"wpcf7-form-control-wrap\" data-name=\"your-company\"><input size=\"40\" class=\"wpcf7-form-control wpcf7-text wpcf7-validates-as-required form-control\" aria-required=\"true\" aria-invalid=\"false\" value=\"\" type=\"text\" name=\"your-company\" \/><\/span>\n\t<\/p>\n<\/div>\n<div class=\"col-xs-12 col-md-6\">\n\t<p><span class='titoli'>TVA<\/span>\n\t<\/p>\n\t<p><span class=\"wpcf7-form-control-wrap\" data-name=\"p-iva\"><input size=\"40\" class=\"wpcf7-form-control wpcf7-text form-control\" aria-invalid=\"false\" value=\"\" type=\"text\" name=\"p-iva\" \/><\/span>\n\t<\/p>\n<\/div>\n<div class=\"clearboth\">\n<\/div>\n<div class=\"col-xs-12 col-md-4\">\n\t<p><span class='titoli'>Code Postal (*)<\/span>\n\t<\/p>\n\t<p><span class=\"wpcf7-form-control-wrap\" data-name=\"your-zip-code\"><input size=\"40\" class=\"wpcf7-form-control wpcf7-text wpcf7-validates-as-required form-control\" aria-required=\"true\" aria-invalid=\"false\" value=\"\" type=\"text\" name=\"your-zip-code\" \/><\/span>\n\t<\/p>\n<\/div>\n<div class=\"col-xs-12 col-md-4\">\n\t<p><span class='titoli'>Adresse (*)<\/span>\n\t<\/p>\n\t<p><span class=\"wpcf7-form-control-wrap\" data-name=\"your-address\"><input size=\"40\" class=\"wpcf7-form-control wpcf7-text wpcf7-validates-as-required form-control\" aria-required=\"true\" aria-invalid=\"false\" value=\"\" type=\"text\" name=\"your-address\" \/><\/span>\n\t<\/p>\n<\/div>\n<div class=\"col-xs-12 col-md-4\">\n\t<p><span class='titoli'>Ville (*)<\/span>\n\t<\/p>\n\t<p><span class=\"wpcf7-form-control-wrap\" data-name=\"your-Town\"><input size=\"40\" class=\"wpcf7-form-control wpcf7-text wpcf7-validates-as-required form-control\" aria-required=\"true\" aria-invalid=\"false\" value=\"\" type=\"text\" name=\"your-Town\" \/><\/span>\n\t<\/p>\n<\/div>\n<div class=\"clearboth\">\n<\/div>\n<div class=\"col-xs-12 col-md-6\">\n\t<p><span class='titoli'>Email (*)<\/span>\n\t<\/p>\n\t<p><span class=\"wpcf7-form-control-wrap\" data-name=\"your-email\"><input size=\"40\" class=\"wpcf7-form-control wpcf7-text wpcf7-email wpcf7-validates-as-required wpcf7-validates-as-email form-control\" aria-required=\"true\" aria-invalid=\"false\" value=\"\" type=\"email\" name=\"your-email\" \/><\/span>\n\t<\/p>\n<\/div>\n<div class=\"col-xs-12 col-md-6\">\n\t<p><span class='titoli'>T\u00e9l\u00e9phone (*)<\/span>\n\t<\/p>\n\t<p><span class=\"wpcf7-form-control-wrap\" data-name=\"telefono\"><input size=\"40\" class=\"wpcf7-form-control wpcf7-text wpcf7-tel wpcf7-validates-as-required wpcf7-validates-as-tel form-control\" aria-required=\"true\" aria-invalid=\"false\" value=\"\" type=\"tel\" name=\"telefono\" \/><\/span>\n\t<\/p>\n<\/div>\n<div class=\"clearboth\">\n<\/div>\n<div class=\"col-xs-12 col-md-12\">\n\t<p><br \/>\n<span class=\"titoli\"> <span class=\"wpcf7-form-control-wrap\" data-name=\"cliente\"><span class=\"wpcf7-form-control wpcf7-checkbox\"><span class=\"wpcf7-list-item first last\"><label><span class=\"wpcf7-list-item-label\">Je suis d\u00e9j\u00e0 client<\/span><input type=\"checkbox\" name=\"cliente[]\" value=\"Je suis d\u00e9j\u00e0 client\" \/><\/label><\/span><\/span><\/span><\/span>\n\t<\/p>\n<\/div>\n<div class=\"col-xs-12 col-md-12\">\n\t<p><span class='titoli'>Message (*)<\/span>\n\t<\/p>\n\t<p><span class=\"wpcf7-form-control-wrap\" data-name=\"your-message\"><textarea cols=\"40\" rows=\"10\" class=\"wpcf7-form-control wpcf7-textarea wpcf7-validates-as-required form-control\" aria-required=\"true\" aria-invalid=\"false\" name=\"your-message\"><\/textarea><\/span>\n\t<\/p>\n<\/div>\n<div class=\"col-xs-12 col-md-12\">\n\t<p><small>Les donn\u00e9es saisies seront trait\u00e9es de mani\u00e8re strictement confidentielle conform\u00e9ment \u00e0 la loi et \u00e0 notre <a href=\"https:\/\/www.storevan.com\/fr\/privacy-policy\/\">politique de confidentialit\u00e9<\/a>.<\/small>\n\t<\/p>\n\t<p><span class=\"wpcf7-form-control-wrap\" data-name=\"AccettazionePrivacy\"><span class=\"wpcf7-form-control wpcf7-acceptance\"><span class=\"wpcf7-list-item\"><input type=\"checkbox\" name=\"AccettazionePrivacy\" value=\"1\" aria-invalid=\"false\" \/><\/span><\/span><\/span> Je d\u00e9clare avoir pris connaissance de la Note Informative sur les <a href=\"https:\/\/www.storevan.com\/fr\/privacy-policy\/\">Note Informative sur les Informations priv\u00e9es<\/a> et j\u2019autorise au traitement de mes donn\u00e9es personnelles en conformit\u00e9 avec ce qui y est \u00e9crit. (*)<br \/>\n\t<span class=\"wpcf7-form-control-wrap recaptcha\" data-name=\"recaptcha\"><span data-sitekey=\"6LdfM4AUAAAAAJjsAucux5WVNA3hsk5KP0a03T_n\" class=\"wpcf7-form-control g-recaptcha wpcf7-recaptcha\"><\/span>\r\n<noscript>\r\n\t<div class=\"grecaptcha-noscript\">\r\n\t\t<iframe src=\"https:\/\/www.google.com\/recaptcha\/api\/fallback?k=6LdfM4AUAAAAAJjsAucux5WVNA3hsk5KP0a03T_n\" frameborder=\"0\" scrolling=\"no\" width=\"310\" height=\"430\">\r\n\t\t<\/iframe>\r\n\t\t<textarea name=\"g-recaptcha-response\" rows=\"3\" cols=\"40\" placeholder=\"reCaptcha Response Here\">\r\n\t\t<\/textarea>\r\n\t<\/div>\r\n<\/noscript>\r\n<\/span>\n\t<\/p>\n<\/div>\n<hr class=\"noColor\" \/>\n<p><input class=\"wpcf7-form-control has-spinner wpcf7-submit\" type=\"submit\" value=\"Envoi\" \/>\n<\/p><div class=\"wpcf7-response-output\" aria-hidden=\"true\"><\/div>\n<\/form>\n<\/div>\n\n","protected":false},"excerpt":{"rendered":"<p>Flottes d&rsquo;entreprise Flottes d&rsquo;entreprise et parcs automobiles Solutions sur mesure pour grandes et petites flottes Am\u00e9nagements professionnels de v\u00e9hicules d&rsquo;entreprise Vous devez am\u00e9nager une flotte d&rsquo;entreprise\u00a0? Store Van r\u00e9alise des.<\/p>\n","protected":false},"author":470,"featured_media":103887,"parent":0,"menu_order":0,"comment_status":"closed","ping_status":"closed","template":"","meta":[],"acf":[],"yoast_head":"<!-- This site is optimized with the Yoast SEO plugin v20.11 - https:\/\/yoast.com\/wordpress\/plugins\/seo\/ -->\n<title>Am\u00e9nagements pour flottes d&#039;entreprise<\/title>\n<meta name=\"description\" content=\"Store Van r\u00e9alise des am\u00e9nagements pour des flottes d&#039;entreprise de petites, moyennes et grandes dimensions. Am\u00e9nagements sur mesure.\" \/>\n<meta name=\"robots\" content=\"index, follow, max-snippet:-1, max-image-preview:large, max-video-preview:-1\" \/>\n<link rel=\"canonical\" href=\"https:\/\/www.storevan.com\/fr\/flottes-dentreprise\/\" \/>\n<meta property=\"og:locale\" content=\"fr_FR\" \/>\n<meta property=\"og:type\" content=\"article\" \/>\n<meta property=\"og:title\" content=\"Am\u00e9nagements pour flottes d&#039;entreprise\" \/>\n<meta property=\"og:description\" content=\"Store Van r\u00e9alise des am\u00e9nagements pour des flottes d&#039;entreprise de petites, moyennes et grandes dimensions. Am\u00e9nagements sur mesure.\" \/>\n<meta property=\"og:url\" content=\"https:\/\/www.storevan.com\/fr\/flottes-dentreprise\/\" \/>\n<meta property=\"og:site_name\" content=\"Store Van\" \/>\n<meta property=\"og:image\" content=\"https:\/\/www.storevan.com\/wp-content\/uploads\/2019\/06\/flotte.jpg\" \/>\n\t<meta property=\"og:image:width\" content=\"1140\" \/>\n\t<meta property=\"og:image:height\" content=\"410\" \/>\n\t<meta property=\"og:image:type\" content=\"image\/jpeg\" \/>\n<meta name=\"twitter:label1\" content=\"Dur\u00e9e de lecture estim\u00e9e\" \/>\n\t<meta name=\"twitter:data1\" content=\"2 minutes\" \/>\n<script type=\"application\/ld+json\" class=\"yoast-schema-graph\">{\"@context\":\"https:\/\/schema.org\",\"@graph\":[{\"@type\":\"WebPage\",\"@id\":\"https:\/\/www.storevan.com\/fr\/flottes-dentreprise\/\",\"url\":\"https:\/\/www.storevan.com\/fr\/flottes-dentreprise\/\",\"name\":\"Am\u00e9nagements pour flottes d'entreprise\",\"isPartOf\":{\"@id\":\"https:\/\/www.storevan.com\/pl\/#website\"},\"datePublished\":\"2019-04-11T11:58:22+00:00\",\"dateModified\":\"2019-04-11T11:58:22+00:00\",\"description\":\"Store Van r\u00e9alise des am\u00e9nagements pour des flottes d'entreprise de petites, moyennes et grandes dimensions. Am\u00e9nagements sur mesure.\",\"breadcrumb\":{\"@id\":\"https:\/\/www.storevan.com\/fr\/flottes-dentreprise\/#breadcrumb\"},\"inLanguage\":\"fr-FR\",\"potentialAction\":[{\"@type\":\"ReadAction\",\"target\":[\"https:\/\/www.storevan.com\/fr\/flottes-dentreprise\/\"]}]},{\"@type\":\"BreadcrumbList\",\"@id\":\"https:\/\/www.storevan.com\/fr\/flottes-dentreprise\/#breadcrumb\",\"itemListElement\":[{\"@type\":\"ListItem\",\"position\":1,\"name\":\"Home\",\"item\":\"https:\/\/www.storevan.com\/fr\/\"},{\"@type\":\"ListItem\",\"position\":2,\"name\":\"Flottes d&rsquo;entreprise\"}]},{\"@type\":\"WebSite\",\"@id\":\"https:\/\/www.storevan.com\/pl\/#website\",\"url\":\"https:\/\/www.storevan.com\/pl\/\",\"name\":\"Store Van\",\"description\":\"Am\u00e9nagements fourgons\",\"potentialAction\":[{\"@type\":\"SearchAction\",\"target\":{\"@type\":\"EntryPoint\",\"urlTemplate\":\"https:\/\/www.storevan.com\/pl\/?s={search_term_string}\"},\"query-input\":\"required name=search_term_string\"}],\"inLanguage\":\"fr-FR\"}]}<\/script>\n<!-- \/ Yoast SEO plugin. -->","yoast_head_json":{"title":"Am\u00e9nagements pour flottes d'entreprise","description":"Store Van r\u00e9alise des am\u00e9nagements pour des flottes d'entreprise de petites, moyennes et grandes dimensions. Am\u00e9nagements sur mesure.","robots":{"index":"index","follow":"follow","max-snippet":"max-snippet:-1","max-image-preview":"max-image-preview:large","max-video-preview":"max-video-preview:-1"},"canonical":"https:\/\/www.storevan.com\/fr\/flottes-dentreprise\/","og_locale":"fr_FR","og_type":"article","og_title":"Am\u00e9nagements pour flottes d'entreprise","og_description":"Store Van r\u00e9alise des am\u00e9nagements pour des flottes d'entreprise de petites, moyennes et grandes dimensions. Am\u00e9nagements sur mesure.","og_url":"https:\/\/www.storevan.com\/fr\/flottes-dentreprise\/","og_site_name":"Store Van","og_image":[{"width":1140,"height":410,"url":"https:\/\/www.storevan.com\/wp-content\/uploads\/2019\/06\/flotte.jpg","type":"image\/jpeg"}],"twitter_misc":{"Dur\u00e9e de lecture estim\u00e9e":"2 minutes"},"schema":{"@context":"https:\/\/schema.org","@graph":[{"@type":"WebPage","@id":"https:\/\/www.storevan.com\/fr\/flottes-dentreprise\/","url":"https:\/\/www.storevan.com\/fr\/flottes-dentreprise\/","name":"Am\u00e9nagements pour flottes d'entreprise","isPartOf":{"@id":"https:\/\/www.storevan.com\/pl\/#website"},"datePublished":"2019-04-11T11:58:22+00:00","dateModified":"2019-04-11T11:58:22+00:00","description":"Store Van r\u00e9alise des am\u00e9nagements pour des flottes d'entreprise de petites, moyennes et grandes dimensions. Am\u00e9nagements sur mesure.","breadcrumb":{"@id":"https:\/\/www.storevan.com\/fr\/flottes-dentreprise\/#breadcrumb"},"inLanguage":"fr-FR","potentialAction":[{"@type":"ReadAction","target":["https:\/\/www.storevan.com\/fr\/flottes-dentreprise\/"]}]},{"@type":"BreadcrumbList","@id":"https:\/\/www.storevan.com\/fr\/flottes-dentreprise\/#breadcrumb","itemListElement":[{"@type":"ListItem","position":1,"name":"Home","item":"https:\/\/www.storevan.com\/fr\/"},{"@type":"ListItem","position":2,"name":"Flottes d&rsquo;entreprise"}]},{"@type":"WebSite","@id":"https:\/\/www.storevan.com\/pl\/#website","url":"https:\/\/www.storevan.com\/pl\/","name":"Store Van","description":"Am\u00e9nagements fourgons","potentialAction":[{"@type":"SearchAction","target":{"@type":"EntryPoint","urlTemplate":"https:\/\/www.storevan.com\/pl\/?s={search_term_string}"},"query-input":"required name=search_term_string"}],"inLanguage":"fr-FR"}]}},"_links":{"self":[{"href":"https:\/\/www.storevan.com\/fr\/wp-json\/wp\/v2\/pages\/100469"}],"collection":[{"href":"https:\/\/www.storevan.com\/fr\/wp-json\/wp\/v2\/pages"}],"about":[{"href":"https:\/\/www.storevan.com\/fr\/wp-json\/wp\/v2\/types\/page"}],"author":[{"embeddable":true,"href":"https:\/\/www.storevan.com\/fr\/wp-json\/wp\/v2\/users\/470"}],"replies":[{"embeddable":true,"href":"https:\/\/www.storevan.com\/fr\/wp-json\/wp\/v2\/comments?post=100469"}],"version-history":[{"count":2,"href":"https:\/\/www.storevan.com\/fr\/wp-json\/wp\/v2\/pages\/100469\/revisions"}],"predecessor-version":[{"id":100484,"href":"https:\/\/www.storevan.com\/fr\/wp-json\/wp\/v2\/pages\/100469\/revisions\/100484"}],"wp:featuredmedia":[{"embeddable":true,"href":"https:\/\/www.storevan.com\/fr\/wp-json\/wp\/v2\/media\/103887"}],"wp:attachment":[{"href":"https:\/\/www.storevan.com\/fr\/wp-json\/wp\/v2\/media?parent=100469"}],"curies":[{"name":"wp","href":"https:\/\/api.w.org\/{rel}","templated":true}]}}