{"id":56538,"date":"2017-02-16T13:19:59","date_gmt":"2017-02-16T13:19:59","guid":{"rendered":"https:\/\/www.storevan.com\/allestimento-furgoni-gallery\/"},"modified":"2019-06-21T07:17:05","modified_gmt":"2019-06-21T07:17:05","slug":"equipamientos-furgonetas-gallery","status":"publish","type":"page","link":"https:\/\/www.storevan.com\/es\/equipamientos-furgonetas-gallery\/","title":{"rendered":"Equipamientos furgonetas Gallery"},"content":{"rendered":"<h1 class=\"customblackTitleSmall\">Equipamientos furgonetas Gallery<\/h1>\n<div class=\"three_fourth\">\n<p class=\"txtBlack bigTxt\"><strong>\u00a1V\u00cdDEO 360 GRADOS!<\/strong><\/p>\n<p>para captar el m\u00ednimo detalle de los equipamientos para furgonetas Store Van.<\/p>\n<div class=\"intrinsic-container intrinsic-container-4x3\" style=\"margin-bottom: 20px;\"><iframe loading=\"lazy\" src=\"https:\/\/www.youtube.com\/embed\/JCPxrubDzmw\" width=\"640\" height=\"360\" frameborder=\"0\" allowfullscreen=\"allowfullscreen\"><br \/>\n<\/iframe><\/div>\n<div class=\"txtGrey\">\n<h3>PHOTO GALLERY<\/h3>\n<p>Seleccione la marca para ver las imagenes del equipamiento que le interesa<\/p>\n<section class=\"clearfix\">\n<ul id=\"filters\" class=\"option-set clearfix unstyled\" data-option-key=\"filter\">\n<li><a href=\"https:\/\/www.storevan.com\/es\/equipamientos-furgonetas-gallery\/citroen\/\" rel=\"next\">Citro\u00ebn<\/a><\/li>\n<li><a href=\"https:\/\/www.storevan.com\/es\/equipamientos-furgonetas-gallery\/dacia\/\" rel=\"next\">Dacia<\/a><\/li>\n<li><a href=\"https:\/\/www.storevan.com\/es\/equipamientos-furgonetas-gallery\/fiat\/\" rel=\"next\">Fiat<\/a><\/li>\n<li><a href=\"https:\/\/www.storevan.com\/es\/equipamientos-furgonetas-gallery\/ford\/\" rel=\"next\">Ford<\/a><\/li>\n<li><a href=\"https:\/\/www.storevan.com\/es\/equipamientos-furgonetas-gallery\/hyundai\/\" rel=\"next\">Hyundai<\/a><\/li>\n<li><a href=\"https:\/\/www.storevan.com\/es\/equipamientos-furgonetas-gallery\/iveco\/\" rel=\"next\">Iveco<\/a><\/li>\n<li><a href=\"https:\/\/www.storevan.com\/es\/equipamientos-furgonetas-gallery\/mercedes-benz\/\" rel=\"next\">Mercedes-benz<\/a><\/li>\n<li><a href=\"https:\/\/www.storevan.com\/es\/equipamientos-furgonetas-gallery\/nissan\/\" rel=\"next\">Nissan<\/a><\/li>\n<li><a href=\"https:\/\/www.storevan.com\/es\/equipamientos-furgonetas-gallery\/opel\/\" rel=\"next\">Opel<\/a><\/li>\n<li><a href=\"https:\/\/www.storevan.com\/es\/equipamientos-furgonetas-gallery\/peugeot\/\" rel=\"next\">Peugeot<\/a><\/li>\n<li><a href=\"https:\/\/www.storevan.com\/es\/equipamientos-furgonetas-gallery\/renault\/\" rel=\"next\">Renault<\/a><\/li>\n<li><a href=\"https:\/\/www.storevan.com\/es\/equipamientos-furgonetas-gallery\/toyota\/\" rel=\"next\">Toyota<\/a><\/li>\n<li><a href=\"https:\/\/www.storevan.com\/es\/equipamientos-furgonetas-gallery\/volkswagen\/\" rel=\"next\">Volkswagen<\/a><\/li>\n<\/ul>\n<\/section>\n<\/div>\n<\/div><div class=\"one_fourth last\">\nStoreVan une resistencia a la corrosi\u00f3n y aumento del peso residual con la l\u00ednea de <a href=\"https:\/\/www.storevan.com\/es\/productos\/estanterias-para-furgonetas\/\">estanterias para furgonetas<\/a>, destinada a dejar la huella.<\/p>\n<ul class=\"arrow\">\n<li>Estructura modular de acero galvannealed. Recubrimiento por inmersi\u00f3n, cat\u00f3dica, con resina acr\u00edlica<\/li>\n<li>Elementos insonorizantes de seguridad entre los diferentes componentes de metal<\/li>\n<li>Sistema innovador de anclaje de los m\u00f3dulos a la carrocer\u00eda mediante barras de aluminio<\/li>\n<li>Asas ergonomicas de pl\u00e1stico con posibilidad, a pedido, de cerradura con llave<\/li>\n<li>Cajones f\u00e1cilmente deslizables, con bloqueo mec\u00e1nico de seguridad de apertura y de cierre (D5)<\/li>\n<li>Regulaci\u00f3n de la altura de los diferentes elementos con paso de 25 mm<\/li>\n<li>Elementos fabricados con sistema tubular de elevada capacidad y resistencia<\/li>\n<\/ul>\n<\/div><div class=\"clearboth\"><\/div>\n<h5 class=\"bigTxt txtGrey\">La l\u00ednea StoreVan de equipamientos para furgonetas, adem\u00e1s optimiza el espacio gracias a los <a href=\"https:\/\/www.storevan.com\/es\/productos\/cajones-furgonetas\/\">cajones de pl\u00e0stica<\/a> adicionales agregados con varias dimensiones.<\/h5>\n<div class=\"ts-gallery\">\n<div class=\"one_fourth\">\n<p><a href=\"https:\/\/www.storevan.com\/wp-content\/uploads\/2017\/02\/Allestimenti-furgoni-Citroen-Jumper-4-StoreVan.jpg\"><img decoding=\"async\" loading=\"lazy\" class=\"size-thumbnail wp-image-51204 aligncenter\" src=\"https:\/\/www.storevan.com\/wp-content\/uploads\/2017\/02\/Allestimenti-furgoni-Citroen-Jumper-4-StoreVan-150x150.jpg\" alt=\"Equipamientos furgonetas Citro\u00ebn Jumper\" width=\"150\" height=\"150\" srcset=\"https:\/\/www.storevan.com\/wp-content\/uploads\/2017\/02\/Allestimenti-furgoni-Citroen-Jumper-4-StoreVan-150x150.jpg 150w, https:\/\/www.storevan.com\/wp-content\/uploads\/2017\/02\/Allestimenti-furgoni-Citroen-Jumper-4-StoreVan-300x300.jpg 300w, https:\/\/www.storevan.com\/wp-content\/uploads\/2017\/02\/Allestimenti-furgoni-Citroen-Jumper-4-StoreVan-768x768.jpg 768w, https:\/\/www.storevan.com\/wp-content\/uploads\/2017\/02\/Allestimenti-furgoni-Citroen-Jumper-4-StoreVan-600x600.jpg 600w, https:\/\/www.storevan.com\/wp-content\/uploads\/2017\/02\/Allestimenti-furgoni-Citroen-Jumper-4-StoreVan-48x48.jpg 48w, https:\/\/www.storevan.com\/wp-content\/uploads\/2017\/02\/Allestimenti-furgoni-Citroen-Jumper-4-StoreVan-480x480.jpg 480w, https:\/\/www.storevan.com\/wp-content\/uploads\/2017\/02\/Allestimenti-furgoni-Citroen-Jumper-4-StoreVan.jpg 800w\" sizes=\"(max-width: 150px) 100vw, 150px\" \/><\/a><\/p>\n<\/div><div class=\"one_fourth\">\n<p><a href=\"https:\/\/www.storevan.com\/wp-content\/uploads\/2017\/02\/Allestimenti-furgoni-Fiat-Ducato-2-StoreVan.jpg\"><img decoding=\"async\" loading=\"lazy\" class=\"size-thumbnail wp-image-51292 aligncenter\" src=\"https:\/\/www.storevan.com\/wp-content\/uploads\/2017\/02\/Allestimenti-furgoni-Fiat-Ducato-2-StoreVan-150x150.jpg\" alt=\"Equipamientos furgonetas Fiat Ducato\" width=\"150\" height=\"150\" srcset=\"https:\/\/www.storevan.com\/wp-content\/uploads\/2017\/02\/Allestimenti-furgoni-Fiat-Ducato-2-StoreVan-150x150.jpg 150w, https:\/\/www.storevan.com\/wp-content\/uploads\/2017\/02\/Allestimenti-furgoni-Fiat-Ducato-2-StoreVan-300x300.jpg 300w, https:\/\/www.storevan.com\/wp-content\/uploads\/2017\/02\/Allestimenti-furgoni-Fiat-Ducato-2-StoreVan-768x768.jpg 768w, https:\/\/www.storevan.com\/wp-content\/uploads\/2017\/02\/Allestimenti-furgoni-Fiat-Ducato-2-StoreVan-600x600.jpg 600w, https:\/\/www.storevan.com\/wp-content\/uploads\/2017\/02\/Allestimenti-furgoni-Fiat-Ducato-2-StoreVan-48x48.jpg 48w, https:\/\/www.storevan.com\/wp-content\/uploads\/2017\/02\/Allestimenti-furgoni-Fiat-Ducato-2-StoreVan-480x480.jpg 480w, https:\/\/www.storevan.com\/wp-content\/uploads\/2017\/02\/Allestimenti-furgoni-Fiat-Ducato-2-StoreVan.jpg 800w\" sizes=\"(max-width: 150px) 100vw, 150px\" \/><\/a><\/p>\n<\/div><div class=\"one_fourth\">\n<p><a href=\"https:\/\/www.storevan.com\/wp-content\/uploads\/2017\/02\/Allestimenti-furgoni-Fiat-Ducato-1-StoreVan.jpg\"><img decoding=\"async\" loading=\"lazy\" class=\"size-thumbnail wp-image-51286 aligncenter\" src=\"https:\/\/www.storevan.com\/wp-content\/uploads\/2017\/02\/Allestimenti-furgoni-Fiat-Ducato-1-StoreVan-150x150.jpg\" alt=\"Equipamientos furgonetas Fiat Ducato\" width=\"150\" height=\"150\" srcset=\"https:\/\/www.storevan.com\/wp-content\/uploads\/2017\/02\/Allestimenti-furgoni-Fiat-Ducato-1-StoreVan-150x150.jpg 150w, https:\/\/www.storevan.com\/wp-content\/uploads\/2017\/02\/Allestimenti-furgoni-Fiat-Ducato-1-StoreVan-300x300.jpg 300w, https:\/\/www.storevan.com\/wp-content\/uploads\/2017\/02\/Allestimenti-furgoni-Fiat-Ducato-1-StoreVan-768x768.jpg 768w, https:\/\/www.storevan.com\/wp-content\/uploads\/2017\/02\/Allestimenti-furgoni-Fiat-Ducato-1-StoreVan-600x600.jpg 600w, https:\/\/www.storevan.com\/wp-content\/uploads\/2017\/02\/Allestimenti-furgoni-Fiat-Ducato-1-StoreVan-48x48.jpg 48w, https:\/\/www.storevan.com\/wp-content\/uploads\/2017\/02\/Allestimenti-furgoni-Fiat-Ducato-1-StoreVan-480x480.jpg 480w, https:\/\/www.storevan.com\/wp-content\/uploads\/2017\/02\/Allestimenti-furgoni-Fiat-Ducato-1-StoreVan.jpg 800w\" sizes=\"(max-width: 150px) 100vw, 150px\" \/><\/a><\/p>\n<\/div><div class=\"one_fourth last\">\n<p><a href=\"https:\/\/www.storevan.com\/wp-content\/uploads\/2017\/02\/Allestimenti-furgoni-Fiat-Ducato-3-StoreVan.jpg\"><img decoding=\"async\" loading=\"lazy\" class=\"size-thumbnail wp-image-51298 aligncenter\" src=\"https:\/\/www.storevan.com\/wp-content\/uploads\/2017\/02\/Allestimenti-furgoni-Fiat-Ducato-3-StoreVan-150x150.jpg\" alt=\"Equipamientos furgonetas Fiat Ducato\" width=\"150\" height=\"150\" srcset=\"https:\/\/www.storevan.com\/wp-content\/uploads\/2017\/02\/Allestimenti-furgoni-Fiat-Ducato-3-StoreVan-150x150.jpg 150w, https:\/\/www.storevan.com\/wp-content\/uploads\/2017\/02\/Allestimenti-furgoni-Fiat-Ducato-3-StoreVan-300x300.jpg 300w, https:\/\/www.storevan.com\/wp-content\/uploads\/2017\/02\/Allestimenti-furgoni-Fiat-Ducato-3-StoreVan-768x768.jpg 768w, https:\/\/www.storevan.com\/wp-content\/uploads\/2017\/02\/Allestimenti-furgoni-Fiat-Ducato-3-StoreVan-600x600.jpg 600w, https:\/\/www.storevan.com\/wp-content\/uploads\/2017\/02\/Allestimenti-furgoni-Fiat-Ducato-3-StoreVan-48x48.jpg 48w, https:\/\/www.storevan.com\/wp-content\/uploads\/2017\/02\/Allestimenti-furgoni-Fiat-Ducato-3-StoreVan-480x480.jpg 480w, https:\/\/www.storevan.com\/wp-content\/uploads\/2017\/02\/Allestimenti-furgoni-Fiat-Ducato-3-StoreVan.jpg 800w\" sizes=\"(max-width: 150px) 100vw, 150px\" \/><\/a><\/p>\n<\/div><div class=\"clearboth\"><\/div><div class=\"one_fourth\">\n<p><a href=\"https:\/\/www.storevan.com\/wp-content\/uploads\/2017\/02\/Allestimenti-furgoni-Fiat-Ducato-4-StoreVan.jpg\"><img decoding=\"async\" loading=\"lazy\" class=\"size-thumbnail wp-image-51304 aligncenter\" src=\"https:\/\/www.storevan.com\/wp-content\/uploads\/2017\/02\/Allestimenti-furgoni-Fiat-Ducato-4-StoreVan-150x150.jpg\" alt=\"Equipamientos furgonetas Fiat Ducato\" width=\"150\" height=\"150\" srcset=\"https:\/\/www.storevan.com\/wp-content\/uploads\/2017\/02\/Allestimenti-furgoni-Fiat-Ducato-4-StoreVan-150x150.jpg 150w, https:\/\/www.storevan.com\/wp-content\/uploads\/2017\/02\/Allestimenti-furgoni-Fiat-Ducato-4-StoreVan-300x300.jpg 300w, https:\/\/www.storevan.com\/wp-content\/uploads\/2017\/02\/Allestimenti-furgoni-Fiat-Ducato-4-StoreVan-768x768.jpg 768w, https:\/\/www.storevan.com\/wp-content\/uploads\/2017\/02\/Allestimenti-furgoni-Fiat-Ducato-4-StoreVan-600x600.jpg 600w, https:\/\/www.storevan.com\/wp-content\/uploads\/2017\/02\/Allestimenti-furgoni-Fiat-Ducato-4-StoreVan-48x48.jpg 48w, https:\/\/www.storevan.com\/wp-content\/uploads\/2017\/02\/Allestimenti-furgoni-Fiat-Ducato-4-StoreVan-480x480.jpg 480w, https:\/\/www.storevan.com\/wp-content\/uploads\/2017\/02\/Allestimenti-furgoni-Fiat-Ducato-4-StoreVan.jpg 800w\" sizes=\"(max-width: 150px) 100vw, 150px\" \/><\/a><\/p>\n<\/div><div class=\"one_fourth\">\n<p><a href=\"https:\/\/www.storevan.com\/wp-content\/uploads\/2017\/02\/Allestimenti-furgoni-Fiat-Ducato-5-StoreVan.jpg\"><img decoding=\"async\" loading=\"lazy\" class=\"size-thumbnail wp-image-51310 aligncenter\" src=\"https:\/\/www.storevan.com\/wp-content\/uploads\/2017\/02\/Allestimenti-furgoni-Fiat-Ducato-5-StoreVan-150x150.jpg\" alt=\"Equipamientos furgonetas Fiat Ducato\" width=\"150\" height=\"150\" srcset=\"https:\/\/www.storevan.com\/wp-content\/uploads\/2017\/02\/Allestimenti-furgoni-Fiat-Ducato-5-StoreVan-150x150.jpg 150w, https:\/\/www.storevan.com\/wp-content\/uploads\/2017\/02\/Allestimenti-furgoni-Fiat-Ducato-5-StoreVan-300x300.jpg 300w, https:\/\/www.storevan.com\/wp-content\/uploads\/2017\/02\/Allestimenti-furgoni-Fiat-Ducato-5-StoreVan-768x768.jpg 768w, https:\/\/www.storevan.com\/wp-content\/uploads\/2017\/02\/Allestimenti-furgoni-Fiat-Ducato-5-StoreVan-600x600.jpg 600w, https:\/\/www.storevan.com\/wp-content\/uploads\/2017\/02\/Allestimenti-furgoni-Fiat-Ducato-5-StoreVan-48x48.jpg 48w, https:\/\/www.storevan.com\/wp-content\/uploads\/2017\/02\/Allestimenti-furgoni-Fiat-Ducato-5-StoreVan-480x480.jpg 480w, https:\/\/www.storevan.com\/wp-content\/uploads\/2017\/02\/Allestimenti-furgoni-Fiat-Ducato-5-StoreVan.jpg 800w\" sizes=\"(max-width: 150px) 100vw, 150px\" \/><\/a><\/p>\n<\/div><div class=\"one_fourth\">\n<p><a href=\"https:\/\/www.storevan.com\/wp-content\/uploads\/2017\/02\/Allestimento-furgoni-Peugeot-Boxer-2-StoreVan.jpg\"><img decoding=\"async\" loading=\"lazy\" class=\"size-thumbnail wp-image-52061 aligncenter\" src=\"https:\/\/www.storevan.com\/wp-content\/uploads\/2017\/02\/Allestimento-furgoni-Peugeot-Boxer-2-StoreVan-150x150.jpg\" alt=\"Equipamientos furgonetas Peugeot Boxer\" width=\"150\" height=\"150\" srcset=\"https:\/\/www.storevan.com\/wp-content\/uploads\/2017\/02\/Allestimento-furgoni-Peugeot-Boxer-2-StoreVan-150x150.jpg 150w, https:\/\/www.storevan.com\/wp-content\/uploads\/2017\/02\/Allestimento-furgoni-Peugeot-Boxer-2-StoreVan-300x300.jpg 300w, https:\/\/www.storevan.com\/wp-content\/uploads\/2017\/02\/Allestimento-furgoni-Peugeot-Boxer-2-StoreVan-768x768.jpg 768w, https:\/\/www.storevan.com\/wp-content\/uploads\/2017\/02\/Allestimento-furgoni-Peugeot-Boxer-2-StoreVan-600x600.jpg 600w, https:\/\/www.storevan.com\/wp-content\/uploads\/2017\/02\/Allestimento-furgoni-Peugeot-Boxer-2-StoreVan-48x48.jpg 48w, https:\/\/www.storevan.com\/wp-content\/uploads\/2017\/02\/Allestimento-furgoni-Peugeot-Boxer-2-StoreVan-480x480.jpg 480w, https:\/\/www.storevan.com\/wp-content\/uploads\/2017\/02\/Allestimento-furgoni-Peugeot-Boxer-2-StoreVan.jpg 800w\" sizes=\"(max-width: 150px) 100vw, 150px\" \/><\/a><\/p>\n<\/div><div class=\"one_fourth last\">\n<p><a href=\"https:\/\/www.storevan.com\/wp-content\/uploads\/2017\/02\/Allestimento-furgoni-Opel-Vivaro-3-StoreVan.jpg\"><img decoding=\"async\" loading=\"lazy\" class=\"size-thumbnail wp-image-51999 aligncenter\" src=\"https:\/\/www.storevan.com\/wp-content\/uploads\/2017\/02\/Allestimento-furgoni-Opel-Vivaro-3-StoreVan-150x150.jpg\" alt=\"Equipamientos furgonetas Opel Vivaro\" width=\"150\" height=\"150\" srcset=\"https:\/\/www.storevan.com\/wp-content\/uploads\/2017\/02\/Allestimento-furgoni-Opel-Vivaro-3-StoreVan-150x150.jpg 150w, https:\/\/www.storevan.com\/wp-content\/uploads\/2017\/02\/Allestimento-furgoni-Opel-Vivaro-3-StoreVan-300x300.jpg 300w, https:\/\/www.storevan.com\/wp-content\/uploads\/2017\/02\/Allestimento-furgoni-Opel-Vivaro-3-StoreVan-768x768.jpg 768w, https:\/\/www.storevan.com\/wp-content\/uploads\/2017\/02\/Allestimento-furgoni-Opel-Vivaro-3-StoreVan-600x600.jpg 600w, https:\/\/www.storevan.com\/wp-content\/uploads\/2017\/02\/Allestimento-furgoni-Opel-Vivaro-3-StoreVan-48x48.jpg 48w, https:\/\/www.storevan.com\/wp-content\/uploads\/2017\/02\/Allestimento-furgoni-Opel-Vivaro-3-StoreVan-480x480.jpg 480w, https:\/\/www.storevan.com\/wp-content\/uploads\/2017\/02\/Allestimento-furgoni-Opel-Vivaro-3-StoreVan.jpg 800w\" sizes=\"(max-width: 150px) 100vw, 150px\" \/><\/a><\/p>\n<\/div><div class=\"clearboth\"><\/div>\n<\/div>\n","protected":false},"excerpt":{"rendered":"<p>Equipamientos furgonetas Gallery La l\u00ednea StoreVan de equipamientos para furgonetas, adem\u00e1s optimiza el espacio gracias a los cajones de pl\u00e0stica adicionales agregados con varias dimensiones.<\/p>\n","protected":false},"author":470,"featured_media":0,"parent":0,"menu_order":0,"comment_status":"closed","ping_status":"closed","template":"","meta":[],"acf":[],"yoast_head":"<!-- This site is optimized with the Yoast SEO plugin v20.11 - https:\/\/yoast.com\/wordpress\/plugins\/seo\/ -->\n<title>Equipamientos furgonetas Gallery<\/title>\n<meta name=\"description\" content=\"StoreVan une resistencia a la corrosi\u00f3n y aumento del peso residual con la l\u00ednea de equipamientos para furgonetas, destinada a dejar la huella.\" \/>\n<meta name=\"robots\" content=\"index, follow, max-snippet:-1, max-image-preview:large, max-video-preview:-1\" \/>\n<link rel=\"canonical\" href=\"https:\/\/www.storevan.com\/es\/equipamientos-furgonetas-gallery\/\" \/>\n<meta property=\"og:locale\" content=\"es_ES\" \/>\n<meta property=\"og:type\" content=\"article\" \/>\n<meta property=\"og:title\" content=\"Equipamientos furgonetas Gallery\" \/>\n<meta property=\"og:description\" content=\"StoreVan une resistencia a la corrosi\u00f3n y aumento del peso residual con la l\u00ednea de equipamientos para furgonetas, destinada a dejar la huella.\" \/>\n<meta property=\"og:url\" content=\"https:\/\/www.storevan.com\/es\/equipamientos-furgonetas-gallery\/\" \/>\n<meta property=\"og:site_name\" content=\"Store Van\" \/>\n<meta property=\"article:modified_time\" content=\"2019-06-21T07:17:05+00:00\" \/>\n<meta property=\"og:image\" content=\"https:\/\/www.storevan.com\/wp-content\/uploads\/2017\/02\/Allestimenti-furgoni-Citroen-Jumper-4-StoreVan-150x150.jpg\" \/>\n<meta name=\"twitter:label1\" content=\"Tiempo de lectura\" \/>\n\t<meta name=\"twitter:data1\" content=\"1 minuto\" \/>\n<script type=\"application\/ld+json\" class=\"yoast-schema-graph\">{\"@context\":\"https:\/\/schema.org\",\"@graph\":[{\"@type\":\"WebPage\",\"@id\":\"https:\/\/www.storevan.com\/es\/equipamientos-furgonetas-gallery\/\",\"url\":\"https:\/\/www.storevan.com\/es\/equipamientos-furgonetas-gallery\/\",\"name\":\"Equipamientos furgonetas Gallery\",\"isPartOf\":{\"@id\":\"https:\/\/www.storevan.com\/pl\/#website\"},\"datePublished\":\"2017-02-16T13:19:59+00:00\",\"dateModified\":\"2019-06-21T07:17:05+00:00\",\"description\":\"StoreVan une resistencia a la corrosi\u00f3n y aumento del peso residual con la l\u00ednea de equipamientos para furgonetas, destinada a dejar la huella.\",\"breadcrumb\":{\"@id\":\"https:\/\/www.storevan.com\/es\/equipamientos-furgonetas-gallery\/#breadcrumb\"},\"inLanguage\":\"es\",\"potentialAction\":[{\"@type\":\"ReadAction\",\"target\":[\"https:\/\/www.storevan.com\/es\/equipamientos-furgonetas-gallery\/\"]}]},{\"@type\":\"BreadcrumbList\",\"@id\":\"https:\/\/www.storevan.com\/es\/equipamientos-furgonetas-gallery\/#breadcrumb\",\"itemListElement\":[{\"@type\":\"ListItem\",\"position\":1,\"name\":\"Home\",\"item\":\"https:\/\/www.storevan.com\/es\/\"},{\"@type\":\"ListItem\",\"position\":2,\"name\":\"Equipamientos furgonetas Gallery\"}]},{\"@type\":\"WebSite\",\"@id\":\"https:\/\/www.storevan.com\/pl\/#website\",\"url\":\"https:\/\/www.storevan.com\/pl\/\",\"name\":\"Store Van\",\"description\":\"Equipamientos furgonetas\",\"potentialAction\":[{\"@type\":\"SearchAction\",\"target\":{\"@type\":\"EntryPoint\",\"urlTemplate\":\"https:\/\/www.storevan.com\/pl\/?s={search_term_string}\"},\"query-input\":\"required name=search_term_string\"}],\"inLanguage\":\"es\"}]}<\/script>\n<!-- \/ Yoast SEO plugin. -->","yoast_head_json":{"title":"Equipamientos furgonetas Gallery","description":"StoreVan une resistencia a la corrosi\u00f3n y aumento del peso residual con la l\u00ednea de equipamientos para furgonetas, destinada a dejar la huella.","robots":{"index":"index","follow":"follow","max-snippet":"max-snippet:-1","max-image-preview":"max-image-preview:large","max-video-preview":"max-video-preview:-1"},"canonical":"https:\/\/www.storevan.com\/es\/equipamientos-furgonetas-gallery\/","og_locale":"es_ES","og_type":"article","og_title":"Equipamientos furgonetas Gallery","og_description":"StoreVan une resistencia a la corrosi\u00f3n y aumento del peso residual con la l\u00ednea de equipamientos para furgonetas, destinada a dejar la huella.","og_url":"https:\/\/www.storevan.com\/es\/equipamientos-furgonetas-gallery\/","og_site_name":"Store Van","article_modified_time":"2019-06-21T07:17:05+00:00","og_image":[{"url":"https:\/\/www.storevan.com\/wp-content\/uploads\/2017\/02\/Allestimenti-furgoni-Citroen-Jumper-4-StoreVan-150x150.jpg"}],"twitter_misc":{"Tiempo de lectura":"1 minuto"},"schema":{"@context":"https:\/\/schema.org","@graph":[{"@type":"WebPage","@id":"https:\/\/www.storevan.com\/es\/equipamientos-furgonetas-gallery\/","url":"https:\/\/www.storevan.com\/es\/equipamientos-furgonetas-gallery\/","name":"Equipamientos furgonetas Gallery","isPartOf":{"@id":"https:\/\/www.storevan.com\/pl\/#website"},"datePublished":"2017-02-16T13:19:59+00:00","dateModified":"2019-06-21T07:17:05+00:00","description":"StoreVan une resistencia a la corrosi\u00f3n y aumento del peso residual con la l\u00ednea de equipamientos para furgonetas, destinada a dejar la huella.","breadcrumb":{"@id":"https:\/\/www.storevan.com\/es\/equipamientos-furgonetas-gallery\/#breadcrumb"},"inLanguage":"es","potentialAction":[{"@type":"ReadAction","target":["https:\/\/www.storevan.com\/es\/equipamientos-furgonetas-gallery\/"]}]},{"@type":"BreadcrumbList","@id":"https:\/\/www.storevan.com\/es\/equipamientos-furgonetas-gallery\/#breadcrumb","itemListElement":[{"@type":"ListItem","position":1,"name":"Home","item":"https:\/\/www.storevan.com\/es\/"},{"@type":"ListItem","position":2,"name":"Equipamientos furgonetas Gallery"}]},{"@type":"WebSite","@id":"https:\/\/www.storevan.com\/pl\/#website","url":"https:\/\/www.storevan.com\/pl\/","name":"Store Van","description":"Equipamientos furgonetas","potentialAction":[{"@type":"SearchAction","target":{"@type":"EntryPoint","urlTemplate":"https:\/\/www.storevan.com\/pl\/?s={search_term_string}"},"query-input":"required name=search_term_string"}],"inLanguage":"es"}]}},"_links":{"self":[{"href":"https:\/\/www.storevan.com\/es\/wp-json\/wp\/v2\/pages\/56538"}],"collection":[{"href":"https:\/\/www.storevan.com\/es\/wp-json\/wp\/v2\/pages"}],"about":[{"href":"https:\/\/www.storevan.com\/es\/wp-json\/wp\/v2\/types\/page"}],"author":[{"embeddable":true,"href":"https:\/\/www.storevan.com\/es\/wp-json\/wp\/v2\/users\/470"}],"replies":[{"embeddable":true,"href":"https:\/\/www.storevan.com\/es\/wp-json\/wp\/v2\/comments?post=56538"}],"version-history":[{"count":2,"href":"https:\/\/www.storevan.com\/es\/wp-json\/wp\/v2\/pages\/56538\/revisions"}],"predecessor-version":[{"id":104372,"href":"https:\/\/www.storevan.com\/es\/wp-json\/wp\/v2\/pages\/56538\/revisions\/104372"}],"wp:attachment":[{"href":"https:\/\/www.storevan.com\/es\/wp-json\/wp\/v2\/media?parent=56538"}],"curies":[{"name":"wp","href":"https:\/\/api.w.org\/{rel}","templated":true}]}}