{"id":54174,"date":"2017-04-07T10:04:28","date_gmt":"2017-04-07T10:04:28","guid":{"rendered":"https:\/\/www.storevan.com\/equipamientos-vehiculos-comerciales\/furgonetas-nissan\/nv200\/"},"modified":"2019-02-21T12:43:24","modified_gmt":"2019-02-21T12:43:24","slug":"nv200","status":"publish","type":"page","link":"https:\/\/www.storevan.com\/es\/equipamientos-vehiculos-comerciales\/furgonetas-nissan\/nv200\/","title":{"rendered":"NV200"},"content":{"rendered":"<h1 class=\"customblackTitleSmall\">Equipamientos furgonetas Nissan NV200<\/h1>\n<p><img decoding=\"async\" loading=\"lazy\" src=\"https:\/\/www.storevan.com\/wp-content\/uploads\/2018\/07\/Nissan-NV200-top2.jpg\" alt=\"Equipamientos furgonetas Nissan NV200\" width=\"1140\" height=\"199\" class=\"aligncenter size-full wp-image-80932\" srcset=\"https:\/\/www.storevan.com\/wp-content\/uploads\/2018\/07\/Nissan-NV200-top2.jpg 1140w, https:\/\/www.storevan.com\/wp-content\/uploads\/2018\/07\/Nissan-NV200-top2-300x52.jpg 300w, https:\/\/www.storevan.com\/wp-content\/uploads\/2018\/07\/Nissan-NV200-top2-768x134.jpg 768w, https:\/\/www.storevan.com\/wp-content\/uploads\/2018\/07\/Nissan-NV200-top2-1024x179.jpg 1024w\" sizes=\"(max-width: 1140px) 100vw, 1140px\" \/><br \/>\nEntre los muchos veh\u00edculos comerciales disponibles en el mercado, Nissan NV200 es ciertamente la furgoneta ideal para las actividades de muchas empresas que la eligen por su fiabilidad, resistencia y capacidad de carga impresionante que alcanza los 4,2 m\u00b3 de volumen de carga. Compacta y con puertas de f\u00e1cil apertura, logra realizar las tareas m\u00e1s dif\u00edciles, agiliza la carga y descarga de la mercanc\u00eda, movi\u00e9ndose f\u00e1cilmente incluso en el tr\u00e1fico urbano.<\/p>\n<div class=\"col-xs-12 col-sm-6 col-md-6 col-lg-6\">\n<hr \/>\n<p><a href=\"https:\/\/www.storevan.com\/allestimenti-veicoli-commerciali\/furgoni-nissan\/nv200\/pianali-pannellature\/\" title=\"Suelos y paneles Nissan NV200\"><img decoding=\"async\" loading=\"lazy\" class=\"aligncenter size-full wp-image-80366\" src=\"https:\/\/www.storevan.com\/wp-content\/uploads\/2018\/07\/pianali-rivestimenti-furgone.jpg\" alt=\"SUELOS Y PANELES\" width=\"547\" height=\"113\" srcset=\"https:\/\/www.storevan.com\/wp-content\/uploads\/2018\/07\/pianali-rivestimenti-furgone.jpg 547w, https:\/\/www.storevan.com\/wp-content\/uploads\/2018\/07\/pianali-rivestimenti-furgone-300x62.jpg 300w\" sizes=\"(max-width: 547px) 100vw, 547px\" \/><\/a><\/p>\n<h3 class=\"bigTxt txtGrey\"><a href=\"https:\/\/www.storevan.com\/allestimenti-veicoli-commerciali\/furgoni-nissan\/nv200\/pianali-pannellature\/\">SUELOS Y PANELES<\/a><\/h3>\n<\/div>\n<div class=\"col-xs-12 col-sm-6 col-md-6 col-lg-6\">\n<hr \/>\n<p><a href=\"https:\/\/www.storevan.com\/allestimenti-veicoli-commerciali\/furgoni-nissan\/nv200\/portatutto-portascale\/\" title=\"Bacas y portaescaleras Nissan NV200\"><img decoding=\"async\" loading=\"lazy\" class=\"aligncenter size-full wp-image-80516\" src=\"https:\/\/www.storevan.com\/wp-content\/uploads\/2018\/07\/portascale-portatutto-furgone.jpg\" alt=\"BACAS Y PORTAESCALERAS\" width=\"547\" height=\"113\" srcset=\"https:\/\/www.storevan.com\/wp-content\/uploads\/2018\/07\/portascale-portatutto-furgone.jpg 547w, https:\/\/www.storevan.com\/wp-content\/uploads\/2018\/07\/portascale-portatutto-furgone-300x62.jpg 300w\" sizes=\"(max-width: 547px) 100vw, 547px\" \/><\/a><\/p>\n<h3 class=\"bigTxt txtGrey\"><a href=\"https:\/\/www.storevan.com\/allestimenti-veicoli-commerciali\/furgoni-nissan\/nv200\/portatutto-portascale\/\">BACAS Y PORTAESCALERAS<\/a><\/h3>\n<\/div>\n<div class=\"break\"><\/div>\n<p>Si ha elegido este veh\u00edculo comercial para su trabajo y desea aprovechar al m\u00e1ximo su zona de carga, p\u00f3ngase en contacto con nosotros y lo ayudaremos a convertirlo en un taller m\u00f3vil. La chapa \u201cgalvannealed\u201d y el recubrimiento por cataforesis que utilizamos aseguran al equipamiento de la furgoneta Nissan NV200 una alta resistencia a la corrosi\u00f3n. Este moderno tratamiento de prevenci\u00f3n de la chapa proporciona a las estanter\u00edas una mayor resistencia al \u00f3xido, preservando la integridad de la carrocer\u00eda de los veh\u00edculos comerciales NV200 durante m\u00e1s tiempo.<\/p>\n<h2>Un software para ofrecer un asesoramiento eficaz para equipamientos NV200<\/h2>\n<p>Con un software de dise\u00f1o 3D de \u00faltima generaci\u00f3n, que reproduce simulaciones realistas del proyecto estudiado en los m\u00e1s \u00ednfimos detalles, damos respuestas eficaces a cada demanda de nuestros clientes, ofreciendo un servicio adicional a la propuesta de equipamiento.<\/p>\n","protected":false},"excerpt":{"rendered":"<p>Equipamientos furgonetas Nissan NV200 Entre los muchos veh\u00edculos comerciales disponibles en el mercado, Nissan NV200 es ciertamente la furgoneta ideal para las actividades de muchas empresas que la eligen por.<\/p>\n","protected":false},"author":470,"featured_media":0,"parent":26142,"menu_order":0,"comment_status":"closed","ping_status":"closed","template":"","meta":[],"acf":[],"yoast_head":"<!-- This site is optimized with the Yoast SEO plugin v20.11 - https:\/\/yoast.com\/wordpress\/plugins\/seo\/ -->\n<title>Equipamientos furgonetas Nissan NV200<\/title>\n<meta name=\"description\" content=\"Equipamientos para furgonetas Nissan NV200 de Store Van, modulos resistentes a la corrosi\u00f3n. Las propuestas de equipamiento se acompa\u00f1an con dise\u00f1os 3D.\" \/>\n<meta name=\"robots\" content=\"index, follow, max-snippet:-1, max-image-preview:large, max-video-preview:-1\" \/>\n<link rel=\"canonical\" href=\"https:\/\/www.storevan.com\/es\/equipamientos-vehiculos-comerciales\/furgonetas-nissan\/nv200\/\" \/>\n<meta property=\"og:locale\" content=\"es_ES\" \/>\n<meta property=\"og:type\" content=\"article\" \/>\n<meta property=\"og:title\" content=\"Equipamientos furgonetas Nissan NV200\" \/>\n<meta property=\"og:description\" content=\"Equipamientos para furgonetas Nissan NV200 de Store Van, modulos resistentes a la corrosi\u00f3n. Las propuestas de equipamiento se acompa\u00f1an con dise\u00f1os 3D.\" \/>\n<meta property=\"og:url\" content=\"https:\/\/www.storevan.com\/es\/equipamientos-vehiculos-comerciales\/furgonetas-nissan\/nv200\/\" \/>\n<meta property=\"og:site_name\" content=\"Store Van\" \/>\n<meta property=\"article:modified_time\" content=\"2019-02-21T12:43:24+00:00\" \/>\n<meta property=\"og:image\" content=\"https:\/\/www.storevan.com\/wp-content\/uploads\/2018\/07\/Nissan-NV200-top2.jpg\" \/>\n<meta name=\"twitter:label1\" content=\"Tiempo de lectura\" \/>\n\t<meta name=\"twitter:data1\" content=\"1 minuto\" \/>\n<script type=\"application\/ld+json\" class=\"yoast-schema-graph\">{\"@context\":\"https:\/\/schema.org\",\"@graph\":[{\"@type\":\"WebPage\",\"@id\":\"https:\/\/www.storevan.com\/es\/equipamientos-vehiculos-comerciales\/furgonetas-nissan\/nv200\/\",\"url\":\"https:\/\/www.storevan.com\/es\/equipamientos-vehiculos-comerciales\/furgonetas-nissan\/nv200\/\",\"name\":\"Equipamientos furgonetas Nissan NV200\",\"isPartOf\":{\"@id\":\"https:\/\/www.storevan.com\/pl\/#website\"},\"datePublished\":\"2017-04-07T10:04:28+00:00\",\"dateModified\":\"2019-02-21T12:43:24+00:00\",\"description\":\"Equipamientos para furgonetas Nissan NV200 de Store Van, modulos resistentes a la corrosi\u00f3n. Las propuestas de equipamiento se acompa\u00f1an con dise\u00f1os 3D.\",\"breadcrumb\":{\"@id\":\"https:\/\/www.storevan.com\/es\/equipamientos-vehiculos-comerciales\/furgonetas-nissan\/nv200\/#breadcrumb\"},\"inLanguage\":\"es\",\"potentialAction\":[{\"@type\":\"ReadAction\",\"target\":[\"https:\/\/www.storevan.com\/es\/equipamientos-vehiculos-comerciales\/furgonetas-nissan\/nv200\/\"]}]},{\"@type\":\"BreadcrumbList\",\"@id\":\"https:\/\/www.storevan.com\/es\/equipamientos-vehiculos-comerciales\/furgonetas-nissan\/nv200\/#breadcrumb\",\"itemListElement\":[{\"@type\":\"ListItem\",\"position\":1,\"name\":\"Home\",\"item\":\"https:\/\/www.storevan.com\/es\/\"},{\"@type\":\"ListItem\",\"position\":2,\"name\":\"Equipamientos veh\u00edculos comerciales\",\"item\":\"https:\/\/www.storevan.com\/es\/equipamientos-vehiculos-comerciales\/\"},{\"@type\":\"ListItem\",\"position\":3,\"name\":\"Nissan\",\"item\":\"https:\/\/www.storevan.com\/es\/equipamientos-vehiculos-comerciales\/furgonetas-nissan\/\"},{\"@type\":\"ListItem\",\"position\":4,\"name\":\"NV200\"}]},{\"@type\":\"WebSite\",\"@id\":\"https:\/\/www.storevan.com\/pl\/#website\",\"url\":\"https:\/\/www.storevan.com\/pl\/\",\"name\":\"Store Van\",\"description\":\"Equipamientos furgonetas\",\"potentialAction\":[{\"@type\":\"SearchAction\",\"target\":{\"@type\":\"EntryPoint\",\"urlTemplate\":\"https:\/\/www.storevan.com\/pl\/?s={search_term_string}\"},\"query-input\":\"required name=search_term_string\"}],\"inLanguage\":\"es\"}]}<\/script>\n<!-- \/ Yoast SEO plugin. -->","yoast_head_json":{"title":"Equipamientos furgonetas Nissan NV200","description":"Equipamientos para furgonetas Nissan NV200 de Store Van, modulos resistentes a la corrosi\u00f3n. Las propuestas de equipamiento se acompa\u00f1an con dise\u00f1os 3D.","robots":{"index":"index","follow":"follow","max-snippet":"max-snippet:-1","max-image-preview":"max-image-preview:large","max-video-preview":"max-video-preview:-1"},"canonical":"https:\/\/www.storevan.com\/es\/equipamientos-vehiculos-comerciales\/furgonetas-nissan\/nv200\/","og_locale":"es_ES","og_type":"article","og_title":"Equipamientos furgonetas Nissan NV200","og_description":"Equipamientos para furgonetas Nissan NV200 de Store Van, modulos resistentes a la corrosi\u00f3n. Las propuestas de equipamiento se acompa\u00f1an con dise\u00f1os 3D.","og_url":"https:\/\/www.storevan.com\/es\/equipamientos-vehiculos-comerciales\/furgonetas-nissan\/nv200\/","og_site_name":"Store Van","article_modified_time":"2019-02-21T12:43:24+00:00","og_image":[{"url":"https:\/\/www.storevan.com\/wp-content\/uploads\/2018\/07\/Nissan-NV200-top2.jpg"}],"twitter_misc":{"Tiempo de lectura":"1 minuto"},"schema":{"@context":"https:\/\/schema.org","@graph":[{"@type":"WebPage","@id":"https:\/\/www.storevan.com\/es\/equipamientos-vehiculos-comerciales\/furgonetas-nissan\/nv200\/","url":"https:\/\/www.storevan.com\/es\/equipamientos-vehiculos-comerciales\/furgonetas-nissan\/nv200\/","name":"Equipamientos furgonetas Nissan NV200","isPartOf":{"@id":"https:\/\/www.storevan.com\/pl\/#website"},"datePublished":"2017-04-07T10:04:28+00:00","dateModified":"2019-02-21T12:43:24+00:00","description":"Equipamientos para furgonetas Nissan NV200 de Store Van, modulos resistentes a la corrosi\u00f3n. Las propuestas de equipamiento se acompa\u00f1an con dise\u00f1os 3D.","breadcrumb":{"@id":"https:\/\/www.storevan.com\/es\/equipamientos-vehiculos-comerciales\/furgonetas-nissan\/nv200\/#breadcrumb"},"inLanguage":"es","potentialAction":[{"@type":"ReadAction","target":["https:\/\/www.storevan.com\/es\/equipamientos-vehiculos-comerciales\/furgonetas-nissan\/nv200\/"]}]},{"@type":"BreadcrumbList","@id":"https:\/\/www.storevan.com\/es\/equipamientos-vehiculos-comerciales\/furgonetas-nissan\/nv200\/#breadcrumb","itemListElement":[{"@type":"ListItem","position":1,"name":"Home","item":"https:\/\/www.storevan.com\/es\/"},{"@type":"ListItem","position":2,"name":"Equipamientos veh\u00edculos comerciales","item":"https:\/\/www.storevan.com\/es\/equipamientos-vehiculos-comerciales\/"},{"@type":"ListItem","position":3,"name":"Nissan","item":"https:\/\/www.storevan.com\/es\/equipamientos-vehiculos-comerciales\/furgonetas-nissan\/"},{"@type":"ListItem","position":4,"name":"NV200"}]},{"@type":"WebSite","@id":"https:\/\/www.storevan.com\/pl\/#website","url":"https:\/\/www.storevan.com\/pl\/","name":"Store Van","description":"Equipamientos furgonetas","potentialAction":[{"@type":"SearchAction","target":{"@type":"EntryPoint","urlTemplate":"https:\/\/www.storevan.com\/pl\/?s={search_term_string}"},"query-input":"required name=search_term_string"}],"inLanguage":"es"}]}},"_links":{"self":[{"href":"https:\/\/www.storevan.com\/es\/wp-json\/wp\/v2\/pages\/54174"}],"collection":[{"href":"https:\/\/www.storevan.com\/es\/wp-json\/wp\/v2\/pages"}],"about":[{"href":"https:\/\/www.storevan.com\/es\/wp-json\/wp\/v2\/types\/page"}],"author":[{"embeddable":true,"href":"https:\/\/www.storevan.com\/es\/wp-json\/wp\/v2\/users\/470"}],"replies":[{"embeddable":true,"href":"https:\/\/www.storevan.com\/es\/wp-json\/wp\/v2\/comments?post=54174"}],"version-history":[{"count":5,"href":"https:\/\/www.storevan.com\/es\/wp-json\/wp\/v2\/pages\/54174\/revisions"}],"predecessor-version":[{"id":98020,"href":"https:\/\/www.storevan.com\/es\/wp-json\/wp\/v2\/pages\/54174\/revisions\/98020"}],"up":[{"embeddable":true,"href":"https:\/\/www.storevan.com\/es\/wp-json\/wp\/v2\/pages\/26142"}],"wp:attachment":[{"href":"https:\/\/www.storevan.com\/es\/wp-json\/wp\/v2\/media?parent=54174"}],"curies":[{"name":"wp","href":"https:\/\/api.w.org\/{rel}","templated":true}]}}