{"id":53417,"date":"2017-02-21T10:23:15","date_gmt":"2017-02-21T10:23:15","guid":{"rendered":"https:\/\/www.storevan.com\/allestimento-furgoni-filiale-lazio\/"},"modified":"2025-02-17T08:11:58","modified_gmt":"2025-02-17T08:11:58","slug":"equipamiento-furgonetas-filial-lacio","status":"publish","type":"page","link":"https:\/\/www.storevan.com\/es\/equipamiento-furgonetas-filial-lacio\/","title":{"rendered":"Equipamiento para furgonetas StoreVan Filial Lacio"},"content":{"rendered":"<h1 class=\"customblackTitleSmall\">Equipamiento para furgonetas StoreVan Filial Lacio<\/h1>\n<p style=\"text-align: justify;\"><strong>Equipamiento para furgonetas<\/strong> StoreVan en el centro de la regi\u00f3n <strong>Lacio<\/strong>; desde hace varios a\u00f1os estamos presentes en <strong>Roma<\/strong>, con soluciones de equipamiento para <strong>talleres m\u00f3viles<\/strong> profesionales. Una furgoneta equipada por StoreVan se convierte en una excelente tarjeta de visita para un empresario que no pierde tiempo en buscar herramientas e instrumentos almacenados en la zona de carga.\u00a0 Adem\u00e1s, la <a href=\"https:\/\/www.storevan.com\/es\/productos\/furgonetas-seguridad-carga\/\">seguridad de la carga<\/a> est\u00e1 garantizada por una gama completa de accesorios para la fijaci\u00f3n de la mercanc\u00eda, tales como ganchos, correas y barras para una carga perfectamente fijada.\u00a0 Proponemos recubrimientos interiores para la carrocer\u00eda: suelos de madera contraplacada preconformados de una o varias piezas por encastre, resinados en ambos lados y sometidos a tratamiento antidesgaste y antideslizante sobre la superficie practicable.\u00a0Ven a visitarnos a nuestra filial de Roma, o ll\u00e1manos para un presupuesto al n\u00famero gratuito (IT):\u00a0<span style=\"color: #008000;\"><strong>800-645506<\/strong><\/span>.<\/p>\n<div class=\"one_half\"><img decoding=\"async\" loading=\"lazy\" class=\"aligncenter wp-image-52446 size-full\" title=\"Equipamiento para furgonetas StoreVan Filial Lacio\" src=\"https:\/\/www.storevan.com\/wp-content\/uploads\/2017\/02\/STOREVAN-LAZIO.jpg\" alt=\"Equipamiento para furgonetas StoreVan Filial Lacio\" width=\"555\" height=\"230\" srcset=\"https:\/\/www.storevan.com\/wp-content\/uploads\/2017\/02\/STOREVAN-LAZIO.jpg 555w, https:\/\/www.storevan.com\/wp-content\/uploads\/2017\/02\/STOREVAN-LAZIO-300x124.jpg 300w\" sizes=\"(max-width: 555px) 100vw, 555px\" \/><\/div><div class=\"one_half last\">\n<p><strong>LAZIO &#8211; FAMI S.r.l<\/strong>.<br \/>\nVia Pieve Torina, 58\/60<br \/>\n00156 Roma (RM)<br \/>\nTel. +39 06 41205491<br \/>\nFax. +39 06 41204138<br \/>\n<a href=\"mailto:info.roma@storevan.it\">info.roma@storevan.it<\/a><br \/>\n<\/div><div class=\"clearboth\"><\/div>\n<p>&nbsp;<\/p>\n<div class=\"demo-sep\" style=\"margin-top: 40px;\"><\/div>\n<div class=\"one_half\">\n<p><span style=\"color: #ff9900;\"><strong>ROMA, FROSINONE, LATINA, RIETI, VITERBO<\/strong><\/span><br \/>\nRepresentante de ventas: Fabrizio Colangeli<br \/>\nMob. +39 331 6729414<br \/>\n<a href=\"mailto:fabrizio.colangeli@storevan.it\">fabrizio.colangeli@storevan.it<\/a><br \/>\n<\/div>\n<div class=\"one_half last\">\n<p><span style=\"color: #ff9900;\"><strong>ROMA<\/strong><\/span><br \/>\nRepresentante de ventas: Tania Onori<br \/>\nMob. +39 366 6626327<br \/>\n<a href=\"mailto:Tania.Onori@Storevan.it\">Tania.Onori@Storevan.it<\/a><br \/>\n<\/div><div class=\"clearboth\"><\/div>\n","protected":false},"excerpt":{"rendered":"<p>Equipamiento para furgonetas StoreVan Filial Lacio Equipamiento para furgonetas StoreVan en el centro de la regi\u00f3n Lacio; desde hace varios a\u00f1os estamos presentes en Roma, con soluciones de equipamiento para.<\/p>\n","protected":false},"author":470,"featured_media":0,"parent":0,"menu_order":0,"comment_status":"closed","ping_status":"closed","template":"","meta":[],"acf":[],"yoast_head":"<!-- This site is optimized with the Yoast SEO plugin v20.11 - https:\/\/yoast.com\/wordpress\/plugins\/seo\/ -->\n<title>Equipamiento para furgonetas StoreVan Filial Lacio<\/title>\n<meta name=\"description\" content=\"Equipamientos para furgonetas en Lacio. Talleres m\u00f3viles profesionales con soluciones para veh\u00edculos comerciales: estanter\u00edas, recubrimientos, suelos.\" \/>\n<meta name=\"robots\" content=\"index, follow, max-snippet:-1, max-image-preview:large, max-video-preview:-1\" \/>\n<link rel=\"canonical\" href=\"https:\/\/www.storevan.com\/es\/equipamiento-furgonetas-filial-lacio\/\" \/>\n<meta property=\"og:locale\" content=\"es_ES\" \/>\n<meta property=\"og:type\" content=\"article\" \/>\n<meta property=\"og:title\" content=\"Equipamiento para furgonetas StoreVan Filial Lacio\" \/>\n<meta property=\"og:description\" content=\"Equipamientos para furgonetas en Lacio. Talleres m\u00f3viles profesionales con soluciones para veh\u00edculos comerciales: estanter\u00edas, recubrimientos, suelos.\" \/>\n<meta property=\"og:url\" content=\"https:\/\/www.storevan.com\/es\/equipamiento-furgonetas-filial-lacio\/\" \/>\n<meta property=\"og:site_name\" content=\"Store Van\" \/>\n<meta property=\"article:modified_time\" content=\"2025-02-17T08:11:58+00:00\" \/>\n<meta property=\"og:image\" content=\"https:\/\/www.storevan.com\/wp-content\/uploads\/2017\/02\/STOREVAN-LAZIO.jpg\" \/>\n<meta name=\"twitter:label1\" content=\"Tiempo de lectura\" \/>\n\t<meta name=\"twitter:data1\" content=\"2 minutos\" \/>\n<script type=\"application\/ld+json\" class=\"yoast-schema-graph\">{\"@context\":\"https:\/\/schema.org\",\"@graph\":[{\"@type\":\"WebPage\",\"@id\":\"https:\/\/www.storevan.com\/es\/equipamiento-furgonetas-filial-lacio\/\",\"url\":\"https:\/\/www.storevan.com\/es\/equipamiento-furgonetas-filial-lacio\/\",\"name\":\"Equipamiento para furgonetas StoreVan Filial Lacio\",\"isPartOf\":{\"@id\":\"https:\/\/www.storevan.com\/pl\/#website\"},\"datePublished\":\"2017-02-21T10:23:15+00:00\",\"dateModified\":\"2025-02-17T08:11:58+00:00\",\"description\":\"Equipamientos para furgonetas en Lacio. Talleres m\u00f3viles profesionales con soluciones para veh\u00edculos comerciales: estanter\u00edas, recubrimientos, suelos.\",\"breadcrumb\":{\"@id\":\"https:\/\/www.storevan.com\/es\/equipamiento-furgonetas-filial-lacio\/#breadcrumb\"},\"inLanguage\":\"es\",\"potentialAction\":[{\"@type\":\"ReadAction\",\"target\":[\"https:\/\/www.storevan.com\/es\/equipamiento-furgonetas-filial-lacio\/\"]}]},{\"@type\":\"BreadcrumbList\",\"@id\":\"https:\/\/www.storevan.com\/es\/equipamiento-furgonetas-filial-lacio\/#breadcrumb\",\"itemListElement\":[{\"@type\":\"ListItem\",\"position\":1,\"name\":\"Home\",\"item\":\"https:\/\/www.storevan.com\/es\/\"},{\"@type\":\"ListItem\",\"position\":2,\"name\":\"Equipamiento para furgonetas StoreVan Filial Lacio\"}]},{\"@type\":\"WebSite\",\"@id\":\"https:\/\/www.storevan.com\/pl\/#website\",\"url\":\"https:\/\/www.storevan.com\/pl\/\",\"name\":\"Store Van\",\"description\":\"Equipamientos furgonetas\",\"potentialAction\":[{\"@type\":\"SearchAction\",\"target\":{\"@type\":\"EntryPoint\",\"urlTemplate\":\"https:\/\/www.storevan.com\/pl\/?s={search_term_string}\"},\"query-input\":\"required name=search_term_string\"}],\"inLanguage\":\"es\"}]}<\/script>\n<!-- \/ Yoast SEO plugin. -->","yoast_head_json":{"title":"Equipamiento para furgonetas StoreVan Filial Lacio","description":"Equipamientos para furgonetas en Lacio. Talleres m\u00f3viles profesionales con soluciones para veh\u00edculos comerciales: estanter\u00edas, recubrimientos, suelos.","robots":{"index":"index","follow":"follow","max-snippet":"max-snippet:-1","max-image-preview":"max-image-preview:large","max-video-preview":"max-video-preview:-1"},"canonical":"https:\/\/www.storevan.com\/es\/equipamiento-furgonetas-filial-lacio\/","og_locale":"es_ES","og_type":"article","og_title":"Equipamiento para furgonetas StoreVan Filial Lacio","og_description":"Equipamientos para furgonetas en Lacio. Talleres m\u00f3viles profesionales con soluciones para veh\u00edculos comerciales: estanter\u00edas, recubrimientos, suelos.","og_url":"https:\/\/www.storevan.com\/es\/equipamiento-furgonetas-filial-lacio\/","og_site_name":"Store Van","article_modified_time":"2025-02-17T08:11:58+00:00","og_image":[{"url":"https:\/\/www.storevan.com\/wp-content\/uploads\/2017\/02\/STOREVAN-LAZIO.jpg"}],"twitter_misc":{"Tiempo de lectura":"2 minutos"},"schema":{"@context":"https:\/\/schema.org","@graph":[{"@type":"WebPage","@id":"https:\/\/www.storevan.com\/es\/equipamiento-furgonetas-filial-lacio\/","url":"https:\/\/www.storevan.com\/es\/equipamiento-furgonetas-filial-lacio\/","name":"Equipamiento para furgonetas StoreVan Filial Lacio","isPartOf":{"@id":"https:\/\/www.storevan.com\/pl\/#website"},"datePublished":"2017-02-21T10:23:15+00:00","dateModified":"2025-02-17T08:11:58+00:00","description":"Equipamientos para furgonetas en Lacio. Talleres m\u00f3viles profesionales con soluciones para veh\u00edculos comerciales: estanter\u00edas, recubrimientos, suelos.","breadcrumb":{"@id":"https:\/\/www.storevan.com\/es\/equipamiento-furgonetas-filial-lacio\/#breadcrumb"},"inLanguage":"es","potentialAction":[{"@type":"ReadAction","target":["https:\/\/www.storevan.com\/es\/equipamiento-furgonetas-filial-lacio\/"]}]},{"@type":"BreadcrumbList","@id":"https:\/\/www.storevan.com\/es\/equipamiento-furgonetas-filial-lacio\/#breadcrumb","itemListElement":[{"@type":"ListItem","position":1,"name":"Home","item":"https:\/\/www.storevan.com\/es\/"},{"@type":"ListItem","position":2,"name":"Equipamiento para furgonetas StoreVan Filial Lacio"}]},{"@type":"WebSite","@id":"https:\/\/www.storevan.com\/pl\/#website","url":"https:\/\/www.storevan.com\/pl\/","name":"Store Van","description":"Equipamientos furgonetas","potentialAction":[{"@type":"SearchAction","target":{"@type":"EntryPoint","urlTemplate":"https:\/\/www.storevan.com\/pl\/?s={search_term_string}"},"query-input":"required name=search_term_string"}],"inLanguage":"es"}]}},"_links":{"self":[{"href":"https:\/\/www.storevan.com\/es\/wp-json\/wp\/v2\/pages\/53417"}],"collection":[{"href":"https:\/\/www.storevan.com\/es\/wp-json\/wp\/v2\/pages"}],"about":[{"href":"https:\/\/www.storevan.com\/es\/wp-json\/wp\/v2\/types\/page"}],"author":[{"embeddable":true,"href":"https:\/\/www.storevan.com\/es\/wp-json\/wp\/v2\/users\/470"}],"replies":[{"embeddable":true,"href":"https:\/\/www.storevan.com\/es\/wp-json\/wp\/v2\/comments?post=53417"}],"version-history":[{"count":3,"href":"https:\/\/www.storevan.com\/es\/wp-json\/wp\/v2\/pages\/53417\/revisions"}],"predecessor-version":[{"id":158554,"href":"https:\/\/www.storevan.com\/es\/wp-json\/wp\/v2\/pages\/53417\/revisions\/158554"}],"wp:attachment":[{"href":"https:\/\/www.storevan.com\/es\/wp-json\/wp\/v2\/media?parent=53417"}],"curies":[{"name":"wp","href":"https:\/\/api.w.org\/{rel}","templated":true}]}}