{"id":53412,"date":"2017-02-21T10:19:34","date_gmt":"2017-02-21T10:19:34","guid":{"rendered":"https:\/\/www.storevan.com\/allestimento-furgoni-filiale-lombardia\/"},"modified":"2025-12-12T10:52:35","modified_gmt":"2025-12-12T10:52:35","slug":"equipamiento-furgonetas-filial-lombardia","status":"publish","type":"page","link":"https:\/\/www.storevan.com\/es\/equipamiento-furgonetas-filial-lombardia\/","title":{"rendered":"Equipamiento para furgonetas StoreVan Filial de Lombard\u00eda"},"content":{"rendered":"<h1 class=\"customblackTitleSmall\">Equipamiento para furgonetas StoreVan Filial de Lombard\u00eda<\/h1>\n<p style=\"text-align: justify;\">Solicita un presupuesto gratuito para el equipamiento de tu veh\u00edculo comercial a la filial StoreVan de <strong>Rivolta d\u2019Adda (Cremona)<\/strong>, en Lombard\u00eda. Recibir\u00e1s la mejor soluci\u00f3n para tus necesidades, dise\u00f1ada con el mejor <strong>equipamiento para furgonetas<\/strong>: suelos y paneles de protecci\u00f3n de interiores, estanter\u00edas, cajoneras, bancos de trabajo y todo lo necesario para <a href=\"https:\/\/www.storevan.com\/es\/productos\/furgonetas-seguridad-carga\/\">fijar la mercanc\u00eda transportada<\/a>.<\/p>\n<p style=\"text-align: justify;\">La filial de <strong>Rivolta d\u2019Adda<\/strong> es la expresi\u00f3n de un crecimiento continuo de la empresa StoreVan, determinada a consolidar su presencia en el mercado italiano del equipamiento de furgonetas, sirviendo en la zona a los concesionarios y usuarios de veh\u00edculos comerciales equipados.<\/p>\n<p style=\"text-align: justify;\">El personal de la filial StoreVan de Rivolta d\u2019Adda dise\u00f1a contigo el equipamiento ideal para tu furgoneta, proporcionando los dise\u00f1os tridimensionales de la soluci\u00f3n personalizada que permite tener una simulaci\u00f3n realista y detallada del interior de la zona de carga.<\/p>\n<p style=\"text-align: justify;\">El <strong>taller m\u00f3vil<\/strong> StoreVan, cuidado en sus m\u00ednimos detalles, es una excelente tarjeta de visita para tu profesionalidad. \u00a1Ponte en contacto con nosotros y hablemos!<\/p>\n<hr class=\"noColor\" style=\"margin-top:40px;\"\/>\n<div class=\"col-xs-12 col-md-6 col-lg-6\" style=\"border-right:2px solid #ccc;\">\n<div class=\"col-md-12\" style=\"height:150px;\">\n\t\t<strong>LOMBARDIA &#8211; Rivolta d&#8217;Adda<\/strong><\/p>\n<p>\t\tVia delle Arti e Mestieri, 3<br \/>\n\t\t26027 Rivolta d&#8217;Adda (CR)<br \/>\n\t\tTel. +39 0363 79934<br \/>\n\t\t<span class=\"TESTOdodici\"><a href=\"mailto:info.rivolta@storevan.it\">info.rivolta@storevan.it <\/a><\/span>\n\t<\/div>\n<hr class=\"noColor\" style=\"margin-bottom:20px; clear:both;\"\/>\n<div class=\"col-xs-12 col-md-6 col-lg-6\">\n\t\t<strong><span style=\"color: #ff9900;\">MILANO, VARESE, COMO, LECCO, SONDRIO, MONZA BRIANZA<\/span><\/strong><br \/>\n\t\tRepresentante de ventas: ANDREA CARONNI<br \/>\n\t\t<a href=\"mailto:andrea.caronni@storevan.it\">andrea.caronni@storevan.it<\/a><br \/>\n\t\tCell. +39 337 1608160\n\t<\/div>\n<div class=\"col-xs-12 col-md-6 col-lg-6\">\n\t\t<strong><span style=\"color: #ff9900;\">PAVIA<\/span><\/strong><br \/>\n\t\tRepresentante de ventas: DANIELE SPAGNOLO<br \/>\n\t\t<a href=\"mailto:daniele.spagnolo@storevan.it\">daniele.spagnolo@storevan.it<\/a><br \/>\n\t\tCell. +39 335 1510978\n\t<\/div>\n<hr class=\"noColor\" style=\"clear:both;\"\/>\n<div class=\"col-xs-12 col-md-6 col-lg-6\">\n\t\t<strong><span style=\"color: #ff9900;\">LODI<\/span><\/strong><br \/>\n\t\tRepresentante de ventas: MORENO FONTANESI<br \/>\n\t\t<a href=\"mailto:moreno.fontanesi@storevan.it\">moreno.fontanesi@storevan.it<\/a><br \/>\n\t\tCell. +39 335 7014833\n\t<\/div>\n<div class=\"col-xs-12 col-md-6 col-lg-6\">\n\t\t<strong><span style=\"color: #ff9900;\">BERGAMO, CREMONA<\/span><\/strong><br \/>\n\t\tRepresentante de ventas: MATTEO BOSCARATO<br \/>\n\t\t<a href=\"mailto:matteo.boscarato@storevan.it\">matteo.boscarato@storevan.it<\/a><br \/>\n\t\tMob. +39 346 0795016\n\t<\/div>\n<\/div>\n<div class=\"col-xs-12 col-md-6 col-lg-6\">\n<div class=\"col-md-12\" style=\"height:150px;\">\n\t<strong>LOMBARDIA &#8211; Brescia<\/strong><\/p>\n<p>\tVia del Mella, 67<br \/>\n\t25131 Brescia (BS)<br \/>\n\tTel. +39 030 5900014\n\t<\/p><\/div>\n<hr class=\"noColor\" style=\"margin-bottom:20px;clear:both;\"\/>\n<div class=\"col-xs-12 col-md-6 col-lg-6\">\n\t<strong><span style=\"color: #ff9900;\">BRESCIA, MANTOVA<\/span><\/strong><br \/>\n\tRepresentante de ventas: ALESSANDRO LONGONI<br \/>\n\t<a href=\"mailto:alessandro.longoni@storevan.it\">alessandro.longoni@storevan.it <\/a><br \/>\n\tMob. +39 338 6166687\n\t<\/div>\n<div class=\"col-xs-12 col-md-6 col-lg-6\">\n\t<strong><span style=\"color: #ff9900;\">BRESCIA, VERONA<\/span><\/strong><br \/>\n\tRepresentante de ventas: MARCO TEZZA<br \/>\n\t<a href=\"mailto:marco.tezza@storevan.it\">marco.tezza@storevan.it <\/a><br \/>\n\tMob. +39 331 8887083\n\t<\/div>\n<\/div>\n<hr class=\"noColor\"\/>\n","protected":false},"excerpt":{"rendered":"<p>Equipamiento para furgonetas StoreVan Filial de Lombard\u00eda Solicita un presupuesto gratuito para el equipamiento de tu veh\u00edculo comercial a la filial StoreVan de Rivolta d\u2019Adda (Cremona), en Lombard\u00eda. Recibir\u00e1s la.<\/p>\n","protected":false},"author":470,"featured_media":0,"parent":0,"menu_order":0,"comment_status":"closed","ping_status":"closed","template":"","meta":[],"acf":[],"yoast_head":"<!-- This site is optimized with the Yoast SEO plugin v20.11 - https:\/\/yoast.com\/wordpress\/plugins\/seo\/ -->\n<title>Equipamiento para furgonetas StoreVan Filial de Lombard\u00eda<\/title>\n<meta name=\"description\" content=\"Equipamientos para furgonetas StoreVan en Lombard\u00eda, filial de Cremona. Soluciones personalizadas con estanter\u00edas, cajoneras, suelos y paneles.\" \/>\n<meta name=\"robots\" content=\"index, follow, max-snippet:-1, max-image-preview:large, max-video-preview:-1\" \/>\n<link rel=\"canonical\" href=\"https:\/\/www.storevan.com\/es\/equipamiento-furgonetas-filial-lombardia\/\" \/>\n<meta property=\"og:locale\" content=\"es_ES\" \/>\n<meta property=\"og:type\" content=\"article\" \/>\n<meta property=\"og:title\" content=\"Equipamiento para furgonetas StoreVan Filial de Lombard\u00eda\" \/>\n<meta property=\"og:description\" content=\"Equipamientos para furgonetas StoreVan en Lombard\u00eda, filial de Cremona. Soluciones personalizadas con estanter\u00edas, cajoneras, suelos y paneles.\" \/>\n<meta property=\"og:url\" content=\"https:\/\/www.storevan.com\/es\/equipamiento-furgonetas-filial-lombardia\/\" \/>\n<meta property=\"og:site_name\" content=\"Store Van\" \/>\n<meta property=\"article:modified_time\" content=\"2025-12-12T10:52:35+00:00\" \/>\n<meta name=\"twitter:label1\" content=\"Tiempo de lectura\" \/>\n\t<meta name=\"twitter:data1\" content=\"2 minutos\" \/>\n<script type=\"application\/ld+json\" class=\"yoast-schema-graph\">{\"@context\":\"https:\/\/schema.org\",\"@graph\":[{\"@type\":\"WebPage\",\"@id\":\"https:\/\/www.storevan.com\/es\/equipamiento-furgonetas-filial-lombardia\/\",\"url\":\"https:\/\/www.storevan.com\/es\/equipamiento-furgonetas-filial-lombardia\/\",\"name\":\"Equipamiento para furgonetas StoreVan Filial de Lombard\u00eda\",\"isPartOf\":{\"@id\":\"https:\/\/www.storevan.com\/pl\/#website\"},\"datePublished\":\"2017-02-21T10:19:34+00:00\",\"dateModified\":\"2025-12-12T10:52:35+00:00\",\"description\":\"Equipamientos para furgonetas StoreVan en Lombard\u00eda, filial de Cremona. Soluciones personalizadas con estanter\u00edas, cajoneras, suelos y paneles.\",\"breadcrumb\":{\"@id\":\"https:\/\/www.storevan.com\/es\/equipamiento-furgonetas-filial-lombardia\/#breadcrumb\"},\"inLanguage\":\"es\",\"potentialAction\":[{\"@type\":\"ReadAction\",\"target\":[\"https:\/\/www.storevan.com\/es\/equipamiento-furgonetas-filial-lombardia\/\"]}]},{\"@type\":\"BreadcrumbList\",\"@id\":\"https:\/\/www.storevan.com\/es\/equipamiento-furgonetas-filial-lombardia\/#breadcrumb\",\"itemListElement\":[{\"@type\":\"ListItem\",\"position\":1,\"name\":\"Home\",\"item\":\"https:\/\/www.storevan.com\/es\/\"},{\"@type\":\"ListItem\",\"position\":2,\"name\":\"Equipamiento para furgonetas StoreVan Filial de Lombard\u00eda\"}]},{\"@type\":\"WebSite\",\"@id\":\"https:\/\/www.storevan.com\/pl\/#website\",\"url\":\"https:\/\/www.storevan.com\/pl\/\",\"name\":\"Store Van\",\"description\":\"Equipamientos furgonetas\",\"potentialAction\":[{\"@type\":\"SearchAction\",\"target\":{\"@type\":\"EntryPoint\",\"urlTemplate\":\"https:\/\/www.storevan.com\/pl\/?s={search_term_string}\"},\"query-input\":\"required name=search_term_string\"}],\"inLanguage\":\"es\"}]}<\/script>\n<!-- \/ Yoast SEO plugin. -->","yoast_head_json":{"title":"Equipamiento para furgonetas StoreVan Filial de Lombard\u00eda","description":"Equipamientos para furgonetas StoreVan en Lombard\u00eda, filial de Cremona. Soluciones personalizadas con estanter\u00edas, cajoneras, suelos y paneles.","robots":{"index":"index","follow":"follow","max-snippet":"max-snippet:-1","max-image-preview":"max-image-preview:large","max-video-preview":"max-video-preview:-1"},"canonical":"https:\/\/www.storevan.com\/es\/equipamiento-furgonetas-filial-lombardia\/","og_locale":"es_ES","og_type":"article","og_title":"Equipamiento para furgonetas StoreVan Filial de Lombard\u00eda","og_description":"Equipamientos para furgonetas StoreVan en Lombard\u00eda, filial de Cremona. Soluciones personalizadas con estanter\u00edas, cajoneras, suelos y paneles.","og_url":"https:\/\/www.storevan.com\/es\/equipamiento-furgonetas-filial-lombardia\/","og_site_name":"Store Van","article_modified_time":"2025-12-12T10:52:35+00:00","twitter_misc":{"Tiempo de lectura":"2 minutos"},"schema":{"@context":"https:\/\/schema.org","@graph":[{"@type":"WebPage","@id":"https:\/\/www.storevan.com\/es\/equipamiento-furgonetas-filial-lombardia\/","url":"https:\/\/www.storevan.com\/es\/equipamiento-furgonetas-filial-lombardia\/","name":"Equipamiento para furgonetas StoreVan Filial de Lombard\u00eda","isPartOf":{"@id":"https:\/\/www.storevan.com\/pl\/#website"},"datePublished":"2017-02-21T10:19:34+00:00","dateModified":"2025-12-12T10:52:35+00:00","description":"Equipamientos para furgonetas StoreVan en Lombard\u00eda, filial de Cremona. Soluciones personalizadas con estanter\u00edas, cajoneras, suelos y paneles.","breadcrumb":{"@id":"https:\/\/www.storevan.com\/es\/equipamiento-furgonetas-filial-lombardia\/#breadcrumb"},"inLanguage":"es","potentialAction":[{"@type":"ReadAction","target":["https:\/\/www.storevan.com\/es\/equipamiento-furgonetas-filial-lombardia\/"]}]},{"@type":"BreadcrumbList","@id":"https:\/\/www.storevan.com\/es\/equipamiento-furgonetas-filial-lombardia\/#breadcrumb","itemListElement":[{"@type":"ListItem","position":1,"name":"Home","item":"https:\/\/www.storevan.com\/es\/"},{"@type":"ListItem","position":2,"name":"Equipamiento para furgonetas StoreVan Filial de Lombard\u00eda"}]},{"@type":"WebSite","@id":"https:\/\/www.storevan.com\/pl\/#website","url":"https:\/\/www.storevan.com\/pl\/","name":"Store Van","description":"Equipamientos furgonetas","potentialAction":[{"@type":"SearchAction","target":{"@type":"EntryPoint","urlTemplate":"https:\/\/www.storevan.com\/pl\/?s={search_term_string}"},"query-input":"required name=search_term_string"}],"inLanguage":"es"}]}},"_links":{"self":[{"href":"https:\/\/www.storevan.com\/es\/wp-json\/wp\/v2\/pages\/53412"}],"collection":[{"href":"https:\/\/www.storevan.com\/es\/wp-json\/wp\/v2\/pages"}],"about":[{"href":"https:\/\/www.storevan.com\/es\/wp-json\/wp\/v2\/types\/page"}],"author":[{"embeddable":true,"href":"https:\/\/www.storevan.com\/es\/wp-json\/wp\/v2\/users\/470"}],"replies":[{"embeddable":true,"href":"https:\/\/www.storevan.com\/es\/wp-json\/wp\/v2\/comments?post=53412"}],"version-history":[{"count":13,"href":"https:\/\/www.storevan.com\/es\/wp-json\/wp\/v2\/pages\/53412\/revisions"}],"predecessor-version":[{"id":163862,"href":"https:\/\/www.storevan.com\/es\/wp-json\/wp\/v2\/pages\/53412\/revisions\/163862"}],"wp:attachment":[{"href":"https:\/\/www.storevan.com\/es\/wp-json\/wp\/v2\/media?parent=53412"}],"curies":[{"name":"wp","href":"https:\/\/api.w.org\/{rel}","templated":true}]}}