{"id":41022,"date":"2016-11-15T14:37:52","date_gmt":"2016-11-15T14:37:52","guid":{"rendered":"https:\/\/www.storevan.com\/es\/equipamientos-vehiculos-comerciales\/furgonetas-mercedes-benz\/vito\/portatutto-portascale\/"},"modified":"2022-03-01T09:27:56","modified_gmt":"2022-03-01T09:27:56","slug":"bacas-portaescaleras","status":"publish","type":"page","link":"https:\/\/www.storevan.com\/es\/equipamientos-vehiculos-comerciales\/furgonetas-mercedes-benz\/vito\/bacas-portaescaleras\/","title":{"rendered":"Bacas y portaescaleras"},"content":{"rendered":"<h1 class=\"customblackTitleSmall\">Bacas y portaescaleras para furgonetas Mercedes-Benz Vito<\/h1>\n<p>Las <strong>bacas y portaescaleras<\/strong>\u00a0Store Van para\u00a0furgonetas <strong>Mercedes-Benz Vito<\/strong> son la soluci\u00f3n ideal para optimizar la capacidad de carga de su veh\u00edculo comercial utilizando la zona del techo como un espacio \u00fatil para transportar la escalera y otros materiales. El sistema de baca y la escalera se realizan de acuerdo a la ley y la <a href=\"https:\/\/www.storevan.com\/es\/empresa\/certificados\/\">certificaci\u00f3n GS<\/a>, para garantizar la seguridad de las mercanc\u00edas transportadas a\u00fan\u00a0en caso de frenazo brusco. El rodillo de carga y la corredera con bajada asistida, construidos en\u00a0aluminio y acero inoxidable, facilitan las operaciones de carga y descarga del\u00a0techo\u00a0y\u00a0duran para toda la vida.<\/p>\n<hr class=\"noColor\" \/>\n<h2 class=\"customBlackSection\">JUEGOS DE BARRAS PARA MERCEDES-BENZ VITO<\/h2>\n<div class=\"col-xs-12 col-sm-7 col-md-8\">\n<img decoding=\"async\" loading=\"lazy\" class=\"aligncenter size-full wp-image-6052\" src=\"https:\/\/www.storevan.com\/wp-content\/uploads\/veicoli\/mercedes\/vito2010\/VT-10H1-B1.jpg\" alt=\"Juegos de Barras para MERCEDES-BENZ VITO\" width=\"625\" height=\"260\" \/>\n<\/div>\n<div class=\"col-xs-12 col-sm-5 col-md-4\">\n<hr class=\"noColor\" \/>\n<hr class=\"noColor\" \/>\n<p>Juegos de Barras dotadas de:<br \/>\n&#8211; barras de aluminio con anclajes y perfil de goma<br \/>\n&#8211; torniller\u00eda de fijaci\u00f3n suministrada de acero inoxidable<\/p>\n<p><strong>S\u00f3lo para veh\u00edculo con puertas traseras de batiente.<\/strong><\/p>\n<\/div>\n<div class=\"break\"><\/div>\n<table class=\"table tableBorder\">\n<tbody>\n<tr class=\"border_bottomGrey\">\n<td class=\"txtBkOrange\" style=\"text-align: center;\">VEH\u00cdCULO<\/td>\n<td class=\"txtBkOrange\" style=\"text-align: center;\" bgcolor=\"#0071B9\">JUEGOS DE BARRAS<\/td>\n<td class=\"TESTO12neroCX\" style=\"text-align: center;\" bgcolor=\"#e4e4e4\">DIMENSIONES<\/td>\n<td class=\"TESTO12neroCX\" style=\"text-align: center;\" bgcolor=\"#e4e4e4\">PESO<\/td>\n<td class=\"TESTO12neroCX\" style=\"text-align: center;\" bgcolor=\"#e4e4e4\">CARGA<\/td>\n<\/tr>\n<tr class=\"border_bottomGrey\">\n<td class=\"text-center\"><strong>MODELO<\/strong><\/td>\n<td class=\"text-center\"><strong>ART.<\/strong><\/td>\n<td><\/td>\n<td><\/td>\n<td><\/td>\n<\/tr>\n<tr class=\"border_bottomGrey\">\n<td style=\"text-align: center;\" bgcolor=\"#f0f0f0\">Compacto<\/td>\n<td style=\"text-align: center;\"><span class=\"blue\"><strong>F22 KK VT10H1 B1 00<\/strong><\/span><\/td>\n<td style=\"text-align: center;\">2400&#215;1560 mm<\/td>\n<td style=\"text-align: center;\">15,50 Kg<\/td>\n<td style=\"text-align: center;\">134,50 Kg<\/td>\n<\/tr>\n<tr class=\"border_bottomGrey\">\n<td style=\"text-align: center;\" bgcolor=\"#f0f0f0\">Largo<\/td>\n<td style=\"text-align: center;\"><span class=\"blue\"><strong>F22 KK VT1LH1 B1 00<\/strong><\/span><\/td>\n<td style=\"text-align: center;\">2650&#215;1560 mm<\/td>\n<td style=\"text-align: center;\">15,50 Kg<\/td>\n<td style=\"text-align: center;\">134,50 Kg<\/td>\n<\/tr>\n<tr class=\"border_bottomGrey\">\n<td style=\"text-align: center;\" bgcolor=\"#f0f0f0\">Extralargo<\/td>\n<td style=\"text-align: center;\"><span class=\"blue\"><strong>F22 KK VT20H1 B1 00<\/strong><\/span><\/td>\n<td style=\"text-align: center;\">3000&#215;1560 mm<\/td>\n<td style=\"text-align: center;\">15,50 Kg<\/td>\n<td style=\"text-align: center;\">134,50 Kg<\/td>\n<\/tr>\n<\/tbody>\n<\/table>\n<hr class=\"noColor\" \/>\n<hr class=\"noColor\" \/>\n<hr class=\"noColor\" \/>\n<h2 class=\"customBlackSection\">BACAS PORTAEQUIPAJE PARA MERCEDES-BENZ VITO<\/h2>\n<div class=\"col-xs-12 col-sm-7 col-md-8\">\n<img decoding=\"async\" loading=\"lazy\" class=\"aligncenter size-full wp-image-6052\" src=\"https:\/\/www.storevan.com\/wp-content\/uploads\/veicoli\/mercedes\/vito2010\/VT-10H1-R1.jpg\" alt=\"Bacas Portaequipaje para MERCEDES-BENZ VITO\" width=\"625\" height=\"260\" \/>\n<\/div>\n<div class=\"col-xs-12 col-sm-5 col-md-4\">\n<hr class=\"noColor\" \/>\n<hr class=\"noColor\" \/>\n<p>Bacas Portaequipaje dotadas de:<br \/>\n&#8211; barras de aluminio con anclajes y perfil de goma<br \/>\n&#8211; bordes laterales de aluminio<br \/>\n&#8211; rodillo de carga de aluminio<br \/>\n&#8211; torniller\u00eda de fijaci\u00f3n suministrada de acero inoxidable<\/p>\n<p><strong>S\u00f3lo para veh\u00edculo con puertas traseras de batiente.<\/strong><\/p>\n<\/div>\n<div class=\"break\"><\/div>\n<table class=\"table tableBorder\">\n<tbody>\n<tr class=\"border_bottomGrey\">\n<td class=\"txtBkOrange\" style=\"text-align: center;\">VEH\u00cdCULO<\/td>\n<td class=\"txtBkOrange\" style=\"text-align: center;\" bgcolor=\"#0071B9\">BACAS PORTAEQUIPAJE<\/td>\n<td class=\"TESTO12neroCX\" style=\"text-align: center;\" bgcolor=\"#e4e4e4\">DIMENSIONES<\/td>\n<td class=\"TESTO12neroCX\" style=\"text-align: center;\" bgcolor=\"#e4e4e4\">PESO<\/td>\n<td class=\"TESTO12neroCX\" style=\"text-align: center;\" bgcolor=\"#e4e4e4\">CARGA<\/td>\n<\/tr>\n<tr class=\"border_bottomGrey\">\n<td class=\"text-center\"><strong>MODELO<\/strong><\/td>\n<td class=\"text-center\"><strong>ART.<\/strong><\/td>\n<td><\/td>\n<td><\/td>\n<td><\/td>\n<\/tr>\n<tr class=\"border_bottomGrey\">\n<td style=\"text-align: center;\" bgcolor=\"#f0f0f0\">Compacto<\/td>\n<td style=\"text-align: center;\"><span class=\"blue\"><strong>F22 KK VT10H1 R1 00<\/strong><\/span><\/td>\n<td style=\"text-align: center;\">2750&#215;1600 mm<\/td>\n<td style=\"text-align: center;\">24,50 Kg<\/td>\n<td style=\"text-align: center;\">125,50 Kg<\/td>\n<\/tr>\n<tr class=\"border_bottomGrey\">\n<td style=\"text-align: center;\" bgcolor=\"#f0f0f0\">Largo<\/td>\n<td style=\"text-align: center;\"><span class=\"blue\"><strong>F22 KK VT1LH1 R1 00<\/strong><\/span><\/td>\n<td style=\"text-align: center;\">3000&#215;1600 mm<\/td>\n<td style=\"text-align: center;\">25,50 Kg<\/td>\n<td style=\"text-align: center;\">124,50 Kg<\/td>\n<\/tr>\n<tr class=\"border_bottomGrey\">\n<td style=\"text-align: center;\" bgcolor=\"#f0f0f0\">Extralargo<\/td>\n<td style=\"text-align: center;\"><span class=\"blue\"><strong>F22 KK VT20H1 R1 00<\/strong><\/span><\/td>\n<td style=\"text-align: center;\">3400&#215;1600 mm<\/td>\n<td style=\"text-align: center;\">26,50 Kg<\/td>\n<td style=\"text-align: center;\">123,50 Kg<\/td>\n<\/tr>\n<\/tbody>\n<\/table>\n<hr class=\"noColor\" \/>\n<hr class=\"noColor\" \/>\n<hr class=\"noColor\" \/>\n<h2 class=\"customBlackSection\">PORTAESCALERAS PARA MERCEDES-BENZ VITO<\/h2>\n<div class=\"col-xs-12 col-sm-7 col-md-8\">\n<img decoding=\"async\" loading=\"lazy\" class=\"aligncenter size-full wp-image-6054\" src=\"https:\/\/www.storevan.com\/wp-content\/uploads\/veicoli\/mercedes\/vito2010\/VT-10H1-L1.jpg\" alt=\"Portaescaleras para MERCEDES-BENZ VITO\" width=\"625\" height=\"260\" \/>\n<\/div>\n<div class=\"col-xs-12 col-sm-5 col-md-4\">\n<hr class=\"noColor\" \/>\n<hr class=\"noColor\" \/>\n<p>Portaescaleras dotado de:<br \/>\n&#8211; barras de aluminio con anclajes y perfil de goma<br \/>\n&#8211; bordo lateral de aluminio<br \/>\n&#8211; rodillo de carga de aluminio<br \/>\n&#8211; guia portaescaleras de aluminio y acero inoxidable<br \/>\n&#8211; torniller\u00eda de fijaci\u00f3n suministrada de acero inoxidable<\/p>\n<p><strong>S\u00f3lo para veh\u00edculo con puertas traseras de batiente.<br \/>\nLa guia portaescaleras puede montarse a derecha o a izquierda.<\/strong><\/p>\n<\/div>\n<div class=\"break\"><\/div>\n<table class=\"table tableBorder\">\n<tbody>\n<tr class=\"border_bottomGrey\">\n<td class=\"txtBkOrange\" style=\"text-align: center;\">VEH\u00cdCULO<\/td>\n<td class=\"txtBkOrange\" style=\"text-align: center;\" bgcolor=\"#0071B9\">PORTAESCALERAS<\/td>\n<td class=\"TESTO12neroCX\" style=\"text-align: center;\" bgcolor=\"#e4e4e4\">DIMENSIONES<\/td>\n<td class=\"TESTO12neroCX\" style=\"text-align: center;\" bgcolor=\"#e4e4e4\">PESO<\/td>\n<td class=\"TESTO12neroCX\" style=\"text-align: center;\" bgcolor=\"#e4e4e4\">CARGA<\/td>\n<\/tr>\n<tr class=\"border_bottomGrey\">\n<td class=\"text-center\"><strong>MODELO<\/strong><\/td>\n<td class=\"text-center\"><strong>ART.<\/strong><\/td>\n<td><\/td>\n<td><\/td>\n<td><\/td>\n<\/tr>\n<tr class=\"border_bottomGrey\">\n<td style=\"text-align: center;\" bgcolor=\"#f0f0f0\">Compacto<\/td>\n<td style=\"text-align: center;\"><span class=\"blue\"><strong>F22 KK VT10H1 L1 00<\/strong><\/span><\/td>\n<td style=\"text-align: center;\">2900&#215;1580 mm<\/td>\n<td style=\"text-align: center;\">62,50 Kg<\/td>\n<td style=\"text-align: center;\">87,50 Kg<\/td>\n<\/tr>\n<tr class=\"border_bottomGrey\">\n<td style=\"text-align: center;\" bgcolor=\"#f0f0f0\">Largo<\/td>\n<td style=\"text-align: center;\"><span class=\"blue\"><strong>F22 KK VT1LH1 L1 00<\/strong><\/span><\/td>\n<td style=\"text-align: center;\">3150&#215;1580 mm<\/td>\n<td style=\"text-align: center;\">63,50 Kg<\/td>\n<td style=\"text-align: center;\">86,50 Kg<\/td>\n<\/tr>\n<tr class=\"border_bottomGrey\">\n<td style=\"text-align: center;\" bgcolor=\"#f0f0f0\">Extralargo<\/td>\n<td style=\"text-align: center;\"><span class=\"blue\"><strong>F22 KK VT20H1 L1 00<\/strong><\/span><\/td>\n<td style=\"text-align: center;\">3550&#215;1580 mm<\/td>\n<td style=\"text-align: center;\">64,00 Kg<\/td>\n<td style=\"text-align: center;\">86,00 Kg<\/td>\n<\/tr>\n<\/tbody>\n<\/table>\n<hr class=\"noColor\" \/>\n<hr class=\"noColor\" \/>\n<hr \/>\n<div class=\"col-xs-12 col-sm-12 col-md-6\">\n<div class=\"text-center\"><a class=\"btn btn-download\" title=\"LLAME AHORA!\" href=\"tel:+390424585455\"><i class=\"fa fa-phone\"><\/i> <span class=\"spanBtn\">LLAME AHORA<\/span><br \/>\npara cualquier informaci\u00f3n<\/a><\/div>\n<\/div>\n<div class=\"col-xs-12 col-sm-12 col-md-6\">\n<div class=\"text-center\"><a class=\"btn btn-download\" href=\"https:\/\/www.storevan.com\/wp-content\/uploads\/doc\/MERCEDES-BENZ_VITO_Equipamiento_Wyposazenie_StoreVan_espl.pdf\" target=\"_blank\" rel=\"noopener noreferrer\"><i class=\"fa fa-download\"><\/i> <span class=\"spanBtn\">DESCARGAR<\/span><br \/>\nCAT\u00c1LOGO VITO<\/a><\/div>\n<\/div>\n<div class=\"break\"><\/div>\n<div class=\"break\"><\/div>\n<hr \/>\n<h4 class=\"bigTxt text-center txtBkOrange\"><i class=\"fa fa-envelope pull-left\"><\/i>\u00bfQUIERES SABER M\u00c1S?<\/h4>\n<div class=\"hidden-xs\">\n<div class=\"wpcf7 no-js\" id=\"wpcf7-f67674-o1\" lang=\"it-IT\" dir=\"ltr\">\n<div class=\"screen-reader-response\"><p role=\"status\" aria-live=\"polite\" aria-atomic=\"true\"><\/p> <ul><\/ul><\/div>\n<form action=\"\/es\/wp-json\/wp\/v2\/pages\/41022#wpcf7-f67674-o1\" method=\"post\" class=\"wpcf7-form init\" aria-label=\"Modulo di contatto\" novalidate=\"novalidate\" data-status=\"init\">\n<div style=\"display: none;\">\n<input type=\"hidden\" name=\"_wpcf7\" value=\"67674\" \/>\n<input type=\"hidden\" name=\"_wpcf7_version\" value=\"5.7.7\" \/>\n<input type=\"hidden\" name=\"_wpcf7_locale\" value=\"it_IT\" \/>\n<input type=\"hidden\" name=\"_wpcf7_unit_tag\" value=\"wpcf7-f67674-o1\" \/>\n<input type=\"hidden\" name=\"_wpcf7_container_post\" value=\"0\" \/>\n<input type=\"hidden\" name=\"_wpcf7_posted_data_hash\" value=\"\" \/>\n<input type=\"hidden\" name=\"_wpcf7_recaptcha_response\" value=\"\" \/>\n<\/div>\n<span class=\"wpcf7-form-control-wrap url\" data-name=\"url\"><input type=\"hidden\" name=\"url\" size=\"40\" class=\"wpcf7-form-control wpcf7-hidden wpcf7dtx wpcf7dtx-hidden\" aria-invalid=\"false\" value=\"bacas-portaescaleras\" autocomplete=\"off\" \/><\/span>\n<p>Complete los siguientes campos para recibir m\u00e1s informaci\u00f3n. Uno de nuestros operadores se pondr\u00e1 en contacto con usted lo antes posible (* campos obligatorios):\n<\/p>\n<div class=\"col-xs-12 col-md-6\">\n\t<p><span class='titoli'>Nombre (*)<\/span>\n\t<\/p>\n\t<p><span class=\"wpcf7-form-control-wrap\" data-name=\"your-name\"><input size=\"40\" class=\"wpcf7-form-control wpcf7-text wpcf7-validates-as-required form-control\" aria-required=\"true\" aria-invalid=\"false\" value=\"\" type=\"text\" name=\"your-name\" \/><\/span>\n\t<\/p>\n<\/div>\n<div class=\"col-xs-12 col-md-6\">\n\t<p><span class='titoli'>Apellidos (*)<\/span>\n\t<\/p>\n\t<p><span class=\"wpcf7-form-control-wrap\" data-name=\"your-last-name\"><input size=\"40\" class=\"wpcf7-form-control wpcf7-text wpcf7-validates-as-required form-control\" aria-required=\"true\" aria-invalid=\"false\" value=\"\" type=\"text\" name=\"your-last-name\" \/><\/span>\n\t<\/p>\n<\/div>\n<div class=\"col-xs-12 col-md-6\">\n\t<p><span class='titoli'>Empresa(*)<\/span>\n\t<\/p>\n\t<p><span class=\"wpcf7-form-control-wrap\" data-name=\"your-company\"><input size=\"40\" class=\"wpcf7-form-control wpcf7-text wpcf7-validates-as-required form-control\" aria-required=\"true\" aria-invalid=\"false\" value=\"\" type=\"text\" name=\"your-company\" \/><\/span>\n\t<\/p>\n<\/div>\n<div class=\"col-xs-12 col-md-6\">\n\t<p><span class='titoli'>C\u00f3d. NIF<\/span>\n\t<\/p>\n\t<p><span class=\"wpcf7-form-control-wrap\" data-name=\"p-iva\"><input size=\"40\" class=\"wpcf7-form-control wpcf7-text form-control\" aria-invalid=\"false\" value=\"\" type=\"text\" name=\"p-iva\" \/><\/span>\n\t<\/p>\n<\/div>\n<div class=\"clearboth\">\n<\/div>\n<div class=\"col-xs-12 col-md-4\">\n\t<p><span class='titoli'>C\u00f3digo Postal(*)<\/span>\n\t<\/p>\n\t<p><span class=\"wpcf7-form-control-wrap\" data-name=\"your-zip-code\"><input size=\"40\" class=\"wpcf7-form-control wpcf7-text wpcf7-validates-as-required form-control\" aria-required=\"true\" aria-invalid=\"false\" value=\"\" type=\"text\" name=\"your-zip-code\" \/><\/span>\n\t<\/p>\n<\/div>\n<div class=\"col-xs-12 col-md-4\">\n\t<p><span class='titoli'>Direcci\u00f3n (*)<\/span>\n\t<\/p>\n\t<p><span class=\"wpcf7-form-control-wrap\" data-name=\"your-address\"><input size=\"40\" class=\"wpcf7-form-control wpcf7-text wpcf7-validates-as-required form-control\" aria-required=\"true\" aria-invalid=\"false\" value=\"\" type=\"text\" name=\"your-address\" \/><\/span>\n\t<\/p>\n<\/div>\n<div class=\"col-xs-12 col-md-4\">\n\t<p><span class='titoli'>Ciudad (*)<\/span>\n\t<\/p>\n\t<p><span class=\"wpcf7-form-control-wrap\" data-name=\"your-Town\"><input size=\"40\" class=\"wpcf7-form-control wpcf7-text wpcf7-validates-as-required form-control\" aria-required=\"true\" aria-invalid=\"false\" value=\"\" type=\"text\" name=\"your-Town\" \/><\/span>\n\t<\/p>\n<\/div>\n<div class=\"clearboth\">\n<\/div>\n<div class=\"col-xs-12 col-md-6\">\n\t<p><span class='titoli'>email (*)<\/span>\n\t<\/p>\n\t<p><span class=\"wpcf7-form-control-wrap\" data-name=\"your-email\"><input size=\"40\" class=\"wpcf7-form-control wpcf7-text wpcf7-email wpcf7-validates-as-required wpcf7-validates-as-email form-control\" aria-required=\"true\" aria-invalid=\"false\" value=\"\" type=\"email\" name=\"your-email\" \/><\/span>\n\t<\/p>\n<\/div>\n<div class=\"col-xs-12 col-md-6\">\n\t<p><span class='titoli'>Tel\u00e9fono (*)<\/span>\n\t<\/p>\n\t<p><span class=\"wpcf7-form-control-wrap\" data-name=\"telefono\"><input size=\"40\" class=\"wpcf7-form-control wpcf7-text wpcf7-tel wpcf7-validates-as-required wpcf7-validates-as-tel form-control\" aria-required=\"true\" aria-invalid=\"false\" value=\"\" type=\"tel\" name=\"telefono\" \/><\/span>\n\t<\/p>\n<\/div>\n<div class=\"clearboth\">\n<\/div>\n<div class=\"col-xs-12 col-md-6\">\n\t<p><span class='titoli'>Objeto <\/span>\n\t<\/p>\n\t<p><span class=\"wpcf7-form-control-wrap\" data-name=\"oggetto\"><select class=\"wpcf7-form-control wpcf7-select wpcf7-validates-as-required\" aria-required=\"true\" aria-invalid=\"false\" name=\"oggetto\"><option value=\"Solicitud de presupuesto\">Solicitud de presupuesto<\/option><option value=\"Informaci\u00f3n t\u00e9cnica\">Informaci\u00f3n t\u00e9cnica<\/option><option value=\"Cita\">Cita<\/option><\/select><\/span>\n\t<\/p>\n<\/div>\n<div class=\"col-xs-12 col-md-6\">\n\t<p><br \/>\n<span class=\"titoli\"> <span class=\"wpcf7-form-control-wrap\" data-name=\"cliente\"><span class=\"wpcf7-form-control wpcf7-checkbox\"><span class=\"wpcf7-list-item first last\"><label><span class=\"wpcf7-list-item-label\">Soy un cliente<\/span><input type=\"checkbox\" name=\"cliente[]\" value=\"Soy un cliente\" \/><\/label><\/span><\/span><\/span><\/span>\n\t<\/p>\n<\/div>\n<div class=\"col-xs-12 col-md-12\">\n\t<p><span class='titoli'>Mensaje (*)<\/span>\n\t<\/p>\n\t<p><span class=\"wpcf7-form-control-wrap\" data-name=\"your-message\"><textarea cols=\"40\" rows=\"10\" class=\"wpcf7-form-control wpcf7-textarea wpcf7-validates-as-required form-control\" aria-required=\"true\" aria-invalid=\"false\" name=\"your-message\"><\/textarea><\/span>\n\t<\/p>\n<\/div>\n<div class=\"col-xs-12 col-md-12\">\n\t<p><small>Los datos introducidos ser\u00e1n tratados con estricta confidencialidad de acuerdo con la ley y con nuestra <a href=\"https:\/\/www.storevan.com\/es\/privacy-policy\/\">pol\u00edtica de privacidad<\/a>.<\/small>\n\t<\/p>\n\t<p><span class=\"wpcf7-form-control-wrap\" data-name=\"AccettazionePrivacy\"><span class=\"wpcf7-form-control wpcf7-acceptance\"><span class=\"wpcf7-list-item\"><input type=\"checkbox\" name=\"AccettazionePrivacy\" value=\"1\" aria-invalid=\"false\" \/><\/span><\/span><\/span> Declaro haber le\u00eddo la Informaci\u00f3n sobre la <a href=\"https:\/\/www.storevan.com\/es\/privacy-policy\/\">Privacy<\/a> y autorizo el tratamiento de mis datos personales de conformidad con aquello aqu\u00ed descrito.(*)<br \/>\n\t<span class=\"wpcf7-form-control-wrap recaptcha\" data-name=\"recaptcha\"><span data-sitekey=\"6LdfM4AUAAAAAJjsAucux5WVNA3hsk5KP0a03T_n\" class=\"wpcf7-form-control g-recaptcha wpcf7-recaptcha\"><\/span>\r\n<noscript>\r\n\t<div class=\"grecaptcha-noscript\">\r\n\t\t<iframe src=\"https:\/\/www.google.com\/recaptcha\/api\/fallback?k=6LdfM4AUAAAAAJjsAucux5WVNA3hsk5KP0a03T_n\" frameborder=\"0\" scrolling=\"no\" width=\"310\" height=\"430\">\r\n\t\t<\/iframe>\r\n\t\t<textarea name=\"g-recaptcha-response\" rows=\"3\" cols=\"40\" placeholder=\"Aqu\u00ed la respuesta de reCAPTCHA\">\r\n\t\t<\/textarea>\r\n\t<\/div>\r\n<\/noscript>\r\n<\/span>\n\t<\/p>\n<\/div>\n<hr class=\"noColor\" \/>\n<p><input class=\"wpcf7-form-control has-spinner wpcf7-submit\" type=\"submit\" value=\"Env\u00edo\" \/>\n<\/p><div class=\"wpcf7-response-output\" aria-hidden=\"true\"><\/div>\n<\/form>\n<\/div>\n<\/div>\n","protected":false},"excerpt":{"rendered":"<p>Bacas y portaescaleras para furgonetas Mercedes-Benz Vito Las bacas y portaescaleras\u00a0Store Van para\u00a0furgonetas Mercedes-Benz Vito son la soluci\u00f3n ideal para optimizar la capacidad de carga de su veh\u00edculo comercial utilizando.<\/p>\n","protected":false},"author":470,"featured_media":0,"parent":40972,"menu_order":0,"comment_status":"closed","ping_status":"closed","template":"","meta":[],"acf":[],"yoast_head":"<!-- This site is optimized with the Yoast SEO plugin v20.11 - https:\/\/yoast.com\/wordpress\/plugins\/seo\/ -->\n<title>Bacas y portaescaleras para furgonetas Mercedes-Benz\u00a0Vito<\/title>\n<meta name=\"robots\" content=\"index, follow, max-snippet:-1, max-image-preview:large, max-video-preview:-1\" \/>\n<link rel=\"canonical\" href=\"https:\/\/www.storevan.com\/es\/equipamientos-vehiculos-comerciales\/furgonetas-mercedes-benz\/vito\/bacas-portaescaleras\/\" \/>\n<meta property=\"og:locale\" content=\"es_ES\" \/>\n<meta property=\"og:type\" content=\"article\" \/>\n<meta property=\"og:title\" content=\"Bacas y portaescaleras para furgonetas Mercedes-Benz\u00a0Vito\" \/>\n<meta property=\"og:description\" content=\"Bacas y portaescaleras para furgonetas Mercedes-Benz Vito Las bacas y portaescaleras\u00a0Store Van para\u00a0furgonetas Mercedes-Benz Vito son la soluci\u00f3n ideal para optimizar la capacidad de carga de su veh\u00edculo comercial utilizando.\" \/>\n<meta property=\"og:url\" content=\"https:\/\/www.storevan.com\/es\/equipamientos-vehiculos-comerciales\/furgonetas-mercedes-benz\/vito\/bacas-portaescaleras\/\" \/>\n<meta property=\"og:site_name\" content=\"Store Van\" \/>\n<meta property=\"article:modified_time\" content=\"2022-03-01T09:27:56+00:00\" \/>\n<meta property=\"og:image\" content=\"https:\/\/www.storevan.com\/wp-content\/uploads\/veicoli\/mercedes\/vito2010\/VT-10H1-B1.jpg\" \/>\n<meta name=\"twitter:label1\" content=\"Tiempo de lectura\" \/>\n\t<meta name=\"twitter:data1\" content=\"2 minutos\" \/>\n<script type=\"application\/ld+json\" class=\"yoast-schema-graph\">{\"@context\":\"https:\/\/schema.org\",\"@graph\":[{\"@type\":\"WebPage\",\"@id\":\"https:\/\/www.storevan.com\/es\/equipamientos-vehiculos-comerciales\/furgonetas-mercedes-benz\/vito\/bacas-portaescaleras\/\",\"url\":\"https:\/\/www.storevan.com\/es\/equipamientos-vehiculos-comerciales\/furgonetas-mercedes-benz\/vito\/bacas-portaescaleras\/\",\"name\":\"Bacas y portaescaleras para furgonetas Mercedes-Benz\u00a0Vito\",\"isPartOf\":{\"@id\":\"https:\/\/www.storevan.com\/pl\/#website\"},\"datePublished\":\"2016-11-15T14:37:52+00:00\",\"dateModified\":\"2022-03-01T09:27:56+00:00\",\"breadcrumb\":{\"@id\":\"https:\/\/www.storevan.com\/es\/equipamientos-vehiculos-comerciales\/furgonetas-mercedes-benz\/vito\/bacas-portaescaleras\/#breadcrumb\"},\"inLanguage\":\"es\",\"potentialAction\":[{\"@type\":\"ReadAction\",\"target\":[\"https:\/\/www.storevan.com\/es\/equipamientos-vehiculos-comerciales\/furgonetas-mercedes-benz\/vito\/bacas-portaescaleras\/\"]}]},{\"@type\":\"BreadcrumbList\",\"@id\":\"https:\/\/www.storevan.com\/es\/equipamientos-vehiculos-comerciales\/furgonetas-mercedes-benz\/vito\/bacas-portaescaleras\/#breadcrumb\",\"itemListElement\":[{\"@type\":\"ListItem\",\"position\":1,\"name\":\"Home\",\"item\":\"https:\/\/www.storevan.com\/es\/\"},{\"@type\":\"ListItem\",\"position\":2,\"name\":\"Equipamientos veh\u00edculos comerciales\",\"item\":\"https:\/\/www.storevan.com\/es\/equipamientos-vehiculos-comerciales\/\"},{\"@type\":\"ListItem\",\"position\":3,\"name\":\"Mercedes-benz\",\"item\":\"https:\/\/www.storevan.com\/es\/equipamientos-vehiculos-comerciales\/furgonetas-mercedes-benz\/\"},{\"@type\":\"ListItem\",\"position\":4,\"name\":\"Vito\",\"item\":\"https:\/\/www.storevan.com\/es\/equipamientos-vehiculos-comerciales\/furgonetas-mercedes-benz\/vito\/\"},{\"@type\":\"ListItem\",\"position\":5,\"name\":\"Bacas y portaescaleras\"}]},{\"@type\":\"WebSite\",\"@id\":\"https:\/\/www.storevan.com\/pl\/#website\",\"url\":\"https:\/\/www.storevan.com\/pl\/\",\"name\":\"Store Van\",\"description\":\"Equipamientos furgonetas\",\"potentialAction\":[{\"@type\":\"SearchAction\",\"target\":{\"@type\":\"EntryPoint\",\"urlTemplate\":\"https:\/\/www.storevan.com\/pl\/?s={search_term_string}\"},\"query-input\":\"required name=search_term_string\"}],\"inLanguage\":\"es\"}]}<\/script>\n<!-- \/ Yoast SEO plugin. -->","yoast_head_json":{"title":"Bacas y portaescaleras para furgonetas Mercedes-Benz\u00a0Vito","robots":{"index":"index","follow":"follow","max-snippet":"max-snippet:-1","max-image-preview":"max-image-preview:large","max-video-preview":"max-video-preview:-1"},"canonical":"https:\/\/www.storevan.com\/es\/equipamientos-vehiculos-comerciales\/furgonetas-mercedes-benz\/vito\/bacas-portaescaleras\/","og_locale":"es_ES","og_type":"article","og_title":"Bacas y portaescaleras para furgonetas Mercedes-Benz\u00a0Vito","og_description":"Bacas y portaescaleras para furgonetas Mercedes-Benz Vito Las bacas y portaescaleras\u00a0Store Van para\u00a0furgonetas Mercedes-Benz Vito son la soluci\u00f3n ideal para optimizar la capacidad de carga de su veh\u00edculo comercial utilizando.","og_url":"https:\/\/www.storevan.com\/es\/equipamientos-vehiculos-comerciales\/furgonetas-mercedes-benz\/vito\/bacas-portaescaleras\/","og_site_name":"Store Van","article_modified_time":"2022-03-01T09:27:56+00:00","og_image":[{"url":"https:\/\/www.storevan.com\/wp-content\/uploads\/veicoli\/mercedes\/vito2010\/VT-10H1-B1.jpg"}],"twitter_misc":{"Tiempo de lectura":"2 minutos"},"schema":{"@context":"https:\/\/schema.org","@graph":[{"@type":"WebPage","@id":"https:\/\/www.storevan.com\/es\/equipamientos-vehiculos-comerciales\/furgonetas-mercedes-benz\/vito\/bacas-portaescaleras\/","url":"https:\/\/www.storevan.com\/es\/equipamientos-vehiculos-comerciales\/furgonetas-mercedes-benz\/vito\/bacas-portaescaleras\/","name":"Bacas y portaescaleras para furgonetas Mercedes-Benz\u00a0Vito","isPartOf":{"@id":"https:\/\/www.storevan.com\/pl\/#website"},"datePublished":"2016-11-15T14:37:52+00:00","dateModified":"2022-03-01T09:27:56+00:00","breadcrumb":{"@id":"https:\/\/www.storevan.com\/es\/equipamientos-vehiculos-comerciales\/furgonetas-mercedes-benz\/vito\/bacas-portaescaleras\/#breadcrumb"},"inLanguage":"es","potentialAction":[{"@type":"ReadAction","target":["https:\/\/www.storevan.com\/es\/equipamientos-vehiculos-comerciales\/furgonetas-mercedes-benz\/vito\/bacas-portaescaleras\/"]}]},{"@type":"BreadcrumbList","@id":"https:\/\/www.storevan.com\/es\/equipamientos-vehiculos-comerciales\/furgonetas-mercedes-benz\/vito\/bacas-portaescaleras\/#breadcrumb","itemListElement":[{"@type":"ListItem","position":1,"name":"Home","item":"https:\/\/www.storevan.com\/es\/"},{"@type":"ListItem","position":2,"name":"Equipamientos veh\u00edculos comerciales","item":"https:\/\/www.storevan.com\/es\/equipamientos-vehiculos-comerciales\/"},{"@type":"ListItem","position":3,"name":"Mercedes-benz","item":"https:\/\/www.storevan.com\/es\/equipamientos-vehiculos-comerciales\/furgonetas-mercedes-benz\/"},{"@type":"ListItem","position":4,"name":"Vito","item":"https:\/\/www.storevan.com\/es\/equipamientos-vehiculos-comerciales\/furgonetas-mercedes-benz\/vito\/"},{"@type":"ListItem","position":5,"name":"Bacas y portaescaleras"}]},{"@type":"WebSite","@id":"https:\/\/www.storevan.com\/pl\/#website","url":"https:\/\/www.storevan.com\/pl\/","name":"Store Van","description":"Equipamientos furgonetas","potentialAction":[{"@type":"SearchAction","target":{"@type":"EntryPoint","urlTemplate":"https:\/\/www.storevan.com\/pl\/?s={search_term_string}"},"query-input":"required name=search_term_string"}],"inLanguage":"es"}]}},"_links":{"self":[{"href":"https:\/\/www.storevan.com\/es\/wp-json\/wp\/v2\/pages\/41022"}],"collection":[{"href":"https:\/\/www.storevan.com\/es\/wp-json\/wp\/v2\/pages"}],"about":[{"href":"https:\/\/www.storevan.com\/es\/wp-json\/wp\/v2\/types\/page"}],"author":[{"embeddable":true,"href":"https:\/\/www.storevan.com\/es\/wp-json\/wp\/v2\/users\/470"}],"replies":[{"embeddable":true,"href":"https:\/\/www.storevan.com\/es\/wp-json\/wp\/v2\/comments?post=41022"}],"version-history":[{"count":6,"href":"https:\/\/www.storevan.com\/es\/wp-json\/wp\/v2\/pages\/41022\/revisions"}],"predecessor-version":[{"id":140970,"href":"https:\/\/www.storevan.com\/es\/wp-json\/wp\/v2\/pages\/41022\/revisions\/140970"}],"up":[{"embeddable":true,"href":"https:\/\/www.storevan.com\/es\/wp-json\/wp\/v2\/pages\/40972"}],"wp:attachment":[{"href":"https:\/\/www.storevan.com\/es\/wp-json\/wp\/v2\/media?parent=41022"}],"curies":[{"name":"wp","href":"https:\/\/api.w.org\/{rel}","templated":true}]}}