{"id":30130,"date":"2016-04-22T10:47:05","date_gmt":"2016-04-22T08:47:05","guid":{"rendered":"https:\/\/www.storevan.com\/es\/legal-notes\/"},"modified":"2021-02-18T10:38:52","modified_gmt":"2021-02-18T10:38:52","slug":"legal-notes","status":"publish","type":"page","link":"https:\/\/www.storevan.com\/es\/legal-notes\/","title":{"rendered":"Notas legales y condiciones de uso"},"content":{"rendered":"<h1 class=\"customblackTitleSmall\">Notas legales y condiciones de uso<\/h1>\n<p><strong>1.\tPremisa<\/strong><\/p>\n<p>Las presentes Condiciones de Uso (las \u00abCondiciones\u00bb) cubren las principales reglas para un uso seguro y conforme a la ley de la web (la \u00abWeb\u00bb) que est\u00e1 consultando. Las presentes Condiciones de Uso han sido acordadas por Fami S.r.l., via Stazione Rossano 13 &#8211; 36027 Ros\u00e0 (VI), tel\u00e9fono +39 0424 585455, N.\u00ba a efectos de IVA\/NIF\/N.\u00ba Reg. Merc. 03498610249. <\/p>\n<p><strong>2.\tDerechos de autor y otros derechos de propiedad intelectual <\/strong><\/p>\n<p>2.1.\tSalvo que se precise de otro modo en los contenidos de la Web, los derechos de autor y cualquier otro derecho de propiedad intelectual sobre todos los materiales presentes en la Web (incluidos, sin limitaci\u00f3n alguna, informaciones, textos, fotograf\u00edas, im\u00e1genes gr\u00e1ficas, archivos de audio y v\u00eddeo, dise\u00f1o, gr\u00e1ficos, logotipo, s\u00edmbolos, nombres, denominaciones de productos y empresas, as\u00ed como todo el software en ella contenido) son propiedad de Fami S.r.L o de sus licenciatarios. Asimismo, las marcas, los logotipos o las marcas de servicio presentes en la Web (las \u00abMarcas\u00bb) est\u00e1n registrados por Fami S.r.l. o por sus licenciatarios, o bien son marcas industriales sobre las cuales Fami S.r.l. o sus licenciatarios poseen leg\u00edtimos derechos de protecci\u00f3n industrial. Nada de lo contenido en esta Web se podr\u00e1 interpretar como concesi\u00f3n de licencia o derecho a utilizar las Marcas por parte de usuarios o visitantes.<br \/>\nNo es posible adquirir derechos relativos a la Web mediante su consulta o el uso de los servicios prestados por la propia Web. <\/p>\n<p>2.2.\tEs posible descargar, visualizar o imprimir informaci\u00f3n de este Sitio Web \u00fanica y exclusivamente para un uso l\u00edcito, personal y no comercial con las siguientes condiciones:<br \/>\n&#8211; que no se modifiquen de ning\u00fan modo los documentos presentes en esta Web ni su dise\u00f1o gr\u00e1fico;<br \/>\n&#8211; que no se utilice el dise\u00f1o gr\u00e1fico presente en la Web separado del texto correspondiente;<br \/>\n&#8211; que se mantenga o se reproduzca cualquier aviso relativo a los derechos de autor y a cualquier otro derecho de propiedad exclusiva contenido en la informaci\u00f3n descargada.<\/p>\n<p>2.3.\tSe proh\u00edbe a los usuarios distribuir, modificar, transmitir, reutilizar, reinsertar o utilizar el contenido de esta Web con fines p\u00fablicos, incluidos el texto, las im\u00e1genes, los sonidos y los v\u00eddeos sin la autorizaci\u00f3n por escrito de Fami S.r.l. <\/p>\n<p>2.4.\tFami S.r.l. no garantiza ni declara que el uso por parte de los usuarios de las informaciones que aparecen en esta Web no constituya una infracci\u00f3n de los derechos de terceros.<\/p>\n<p>2.5.\tEl uso por parte de los usuarios de los materiales presentes en esta Web, a excepci\u00f3n de lo previsto en las Condiciones y lo expresamente autorizado por escrito por el titular, est\u00e1 terminantemente prohibido.<\/p>\n<p>2.6.\tSin perjuicio de lo dispuesto en el p\u00e1rrafo 2.2, ninguna secci\u00f3n de esta Web podr\u00e1 ser reproducida o guardada en otra web o incorporada a un sistema o servicio de datos p\u00fablico o privado sin la autorizaci\u00f3n previa por escrito de Fami S.r.l.<\/p>\n<p><strong>3.\tCl\u00e1usula de exenci\u00f3n de responsabilidad<\/strong><\/p>\n<p>3.1.\tAun haciendo todo lo que se encuentra dentro de sus posibilidades por introducir en esta Web informaciones exactas y actualizadas, Fami S.r.l. no ofrece garant\u00edas ni asume ninguna responsabilidad por la exactitud e integridad de la informaci\u00f3n publicada en esta. En la medida permitida por la legislaci\u00f3n, Fami S.r.l. rechaza cualquier responsabilidad u obligaci\u00f3n de cualquier naturaleza derivada o de cualquier modo relacionada con el uso de esta Web. En particular, Fami S.r.l. no ser\u00e1 responsable de la exactitud, integridad, adecuaci\u00f3n, actualizaci\u00f3n o exhaustividad de las informaciones contenidas en esta Web.<\/p>\n<p>3.2.\tFami S.r.l. no asume ninguna responsabilidad ni ninguna obligaci\u00f3n por los da\u00f1os o los virus que puedan infectar los ordenadores u otros dispositivos de los usuarios a causa del acceso, uso o navegaci\u00f3n por esta Web o por el hecho de haber descargado de la misma materiales, datos, textos, im\u00e1genes o archivos de v\u00eddeo o audio.<\/p>\n<p>3.3.\tFami S.r.l. se reserva el derecho a interrumpir o suspender, incluso sin aviso previo, una o todas las funcionalidades de la Web. Fami S.r.l. rechaza cualquier responsabilidad u obligaci\u00f3n de cualquier naturaleza por la eventual interrupci\u00f3n o suspensi\u00f3n de una o todas las funcionalidades de la Web, independientemente del hecho que sea como consecuencia de actos u omisiones de Fami S.r.l. o de un sujeto tercero.<\/p>\n<p>3.4.\tLos materiales presentes en esta Web, tambi\u00e9n las informaciones, pueden contener inexactitudes t\u00e9cnicas o errores tipogr\u00e1ficos. Fami S.r.l. se reserva el derecho a realizar, en cualquier momento y sin aviso previo, modificaciones, correcciones y\/o mejoras en dichos materiales (tambi\u00e9n en la informaci\u00f3n) y en los productos y programas descritos en esta informaci\u00f3n.<\/p>\n<p><strong>4.\tMaterial de los usuarios<\/strong><\/p>\n<p>4.1.\tSin perjuicio de lo dispuesto en la Pol\u00edtica de Privacidad (Privacy Policy) de Fami S.r.l., cualquier mensaje o material transmitido a la Web por correo electr\u00f3nico u otro medio, incluidos los datos, preguntas, comentarios, sugerencias o similares, es y ser\u00e1 considerado como no reservado y no sujeto a ning\u00fan derecho de privacidad u otra limitaci\u00f3n de uso, a no ser que se indique otra cosa expresamente. Cualquier mensaje o material transmitido o introducido por los usuarios pasa a ser propiedad de Fami S.r.l. y podr\u00e1 ser utilizado para cualquier prop\u00f3sito, entre los cuales, solo como ejemplo aunque no exhaustivo, la reproducci\u00f3n, la divulgaci\u00f3n, la transmisi\u00f3n y la publicaci\u00f3n. Adem\u00e1s, Fami S.r.l. es libre de utilizar las ideas, los conceptos, las t\u00e9cnicas o el saber hacer contenido en los mensajes enviados por los usuarios a esta Web con cualquier prop\u00f3sito, entre los cuales, como ejemplo, aunque no exhaustivo, el desarrollo, la fabricaci\u00f3n y la comercializaci\u00f3n de productos utilizando tales informaciones.<\/p>\n<p><strong>5.\tComportamientos prohibidos a los usuarios<\/strong><\/p>\n<p>5.1.\tEl usuario no puede utilizar, ni mandar utilizar con fines comerciales a terceros, la web y los datos que contiene. Por lo tanto, se proh\u00edbe expresamente en todo momento cualquier uso con intenci\u00f3n o finalidad comercial o de explotaci\u00f3n econ\u00f3mica por parte de los usuarios.<\/p>\n<p>5.2.\tEn cualquier caso, tambi\u00e9n se proh\u00edbe:<br \/>\n&#8211; la modificaci\u00f3n de la Web o de cualquier contenido o modalidad de acceso;<br \/>\n&#8211; los comportamientos que constituyen un delito con arreglo a las normativas vigentes (por ejemplo los denominados delitos inform\u00e1ticos, como la vulneraci\u00f3n del domicilio inform\u00e1tico);<br \/>\n&#8211; las conductas que implican vulnerar el derecho a la protecci\u00f3n de los datos personales y cualquier otro derecho personal y de exclusividad de cualquier persona f\u00edsica o jur\u00eddica;<br \/>\n&#8211; la inclusi\u00f3n en la Web o la transmisi\u00f3n a o desde esta de material: i) que sea intimidatorio, difamatorio, obsceno, indecente, sedicioso, ofensivo, pornogr\u00e1fico, violento, susceptible de instigar cualquier forma de odio, discriminatorio, amenazante, escandaloso, provocador, blasfemo, que viole la privacidad y la confidencialidad o que pueda ser molesto o perturbador; ii) para el cual no se haya obtenido las licencias y\/o autorizaciones necesarias; iii) que constituya o incite comportamientos que puedan suponer un delito penal, dar lugar a responsabilidad civil o violar de otro modo la ley o los derechos de terceros en cualquier pa\u00eds del mundo;<br \/>\n&#8211; los comportamientos destinados a fraccionar partes o secciones de la presente Web y\/o a incorporarlas en otros sitios de terceros, a modificar, copiar, reproducir, republicar, hacer p\u00fablico, transmitir o distribuir de alguna mera el contenido, total o parcialmente, sin la autorizaci\u00f3n previa de Fami S.r.l, vulnerando las presentes Condiciones;<br \/>\n&#8211; el intento de acceso a las \u00e1reas reservadas de la Web sin perfil de autorizaci\u00f3n;<br \/>\n&#8211; la carga de programas inform\u00e1ticos, archivos y otro material con caracter\u00edsticas destructivas o de alteraci\u00f3n como virus, archivos manipulados, worms, troyanos y cualquier otra actividad en general capaz de alterar la integridad, el funcionamiento o la comunicaci\u00f3n online de la Web y\/o de provocar en la Web un da\u00f1o de tipo t\u00e9cnico;<br \/>\n&#8211; en general, el uso que cause o pueda causar da\u00f1o, interrupci\u00f3n, o limitaci\u00f3n de la Web o de sus servicios;<\/p>\n<p>5.3.\tFami S.r.l. colaborar\u00e1 plenamente con cualquier autoridad de seguridad p\u00fablica o cumplir\u00e1 cualquier orden judicial que requiera o imponga revelar la identidad o el lugar de proveniencia de quienquiera que haya introducido materiales perniciosos.<\/p>\n<p><strong>6.\tResponsabilidad de los usuarios registrados<\/strong><\/p>\n<p>6.1. \tSi decide registrare en la Web y convertirse en un usuario registrado, acepta ser responsable \u00fanico de su cuenta (\u00abCuenta\u00bb) y de cualquier actividad desempe\u00f1ada con la propia Cuenta, incluidas todas las actividades acometidas por personas que accedan a la Cuenta con o sin el permiso del usuario. Al convertirse en usuario registrado, tambi\u00e9n se acepta:<br \/>\n&#8211; facilitar informaci\u00f3n veraz, actualizada, exacta y completa cuando en alg\u00fan momento pudiera solicitarla Fami S.r.l. y comunicar en tiempo y forma posibles modificaciones en la propia informaci\u00f3n de modo que la informaci\u00f3n de la Cuenta est\u00e9 actualizada, completa y sea exacta;<br \/>\n&#8211; mantener la confidencialidad y la seguridad de la propia Cuenta, incluidos el nombre de usuario y la contrase\u00f1a;<br \/>\n&#8211; notificar a Fami S.r.l. de inmediato cualquier uso no autorizado de la propia Cuenta, de la contrase\u00f1a de la Cuenta o de los servicios prestados mediante la Cuenta, as\u00ed como cualquier violaci\u00f3n de seguridad de la propia cuenta, de la contrase\u00f1a de la Cuenta o de los servicios prestados mediante esta;<br \/>\n&#8211; colaborar con Fami S.r.l, si y seg\u00fan lo solicitado, para poner fin o solucionar cualquier vulneraci\u00f3n de seguridad inherente a la propia Cuenta.<\/p>\n<p><strong>7.\tEnlaces a y desde otras webs<\/strong><\/p>\n<p>7.1.\tFami S.r.l. no ejerce ning\u00fan control sobre las webs a las cuales enlaza esta Web y no presta ninguna garant\u00eda sobre los contenidos en ellas presentes y, adem\u00e1s, no ha verificado ninguna de dichas webs, por tanto, los usuarios reconocen que Fami S.r.l. no es responsable del contenido de las p\u00e1ginas externas a esta Web o de cualquier otra web conectada a esta. Los usuarios son responsables en exclusiva del acceso a las p\u00e1ginas externas a la Web y a los enlaces que conectan a webs de sujetos terceros.<\/p>\n<p>7.2.\tConectarse a esta Web desde p\u00e1ginas externas a la misma o desde otras webs es a cuenta y riesgo de los usuarios. Con el uso de dichos enlaces, los usuarios declaran estar informados de que se aplicar\u00e1n la nota legal y la pol\u00edtica de privacidad de la Web a la cual se conecta y que estas podr\u00edan ser diferentes a las de Fami S.r.l.<\/p>\n<p>7.3.\tSe proh\u00edbe a los usuarios utilizar las t\u00e9cnicas de framing, in-line linking o incorporar de otro modo secciones de la Web en otras webs.<\/p>\n<p><strong>8.\tAcceso a la Web <\/strong><\/p>\n<p>8.1. \tSi bien se compromete a garantizar la regular disponibilidad de la Web 24 horas al d\u00eda, Fami S.r.l. declina toda responsabilidad si, por cualquier motivo, la Web no estuviese disponible en un determinado horario o durante un determinado periodo.<\/p>\n<p>8.2.\tEl acceso a esta Web podr\u00e1 suspenderse temporalmente sin aviso previo en caso de fallo del sistema, mantenimiento o reparaci\u00f3n o por casos fuera del control de Fami S.r.l.<\/p>\n<p><strong>9. \tLey aplicable y tribunal competente<\/strong><\/p>\n<p>9.1.\tEn la interpretaci\u00f3n y en la ejecuci\u00f3n de las presentes Condiciones generales, ser\u00e1 aplicable \u00fanicamente la Ley italiana.<\/p>\n<p>9.2. \tEn caso de controversias derivadas de o en cualquier caso vinculadas con el uso de la Web o relativas a las presentes Condiciones generales, ser\u00e1 competente exclusivamente al Tribunal de Vicenza, sin perjuicio de la aplicaci\u00f3n de los criterios inderogables de competencia por territorio establecidos por las normas procesales vigentes y sin perjuicio de las normas inderogables del C\u00f3digo de Consumo.<\/p>\n<p><strong>10.   Modificaciones <\/strong><\/p>\n<p>10.1.\tFami S.r.l. se reserva, en cualquier momento, el derecho a modificar las presentes Condiciones, tambi\u00e9n sin preaviso. Por lo tanto, se insta al usuario a consultar peri\u00f3dicamente el presente documento. El acceso o el uso de la Web tras la publicaci\u00f3n de las modificaciones de las Notas Legales y las Condiciones de uso implica su aceptaci\u00f3n por parte del usuario.<\/p>\n","protected":false},"excerpt":{"rendered":"<p>Notas legales y condiciones de uso 1. Premisa Las presentes Condiciones de Uso (las \u00abCondiciones\u00bb) cubren las principales reglas para un uso seguro y conforme a la ley de la.<\/p>\n","protected":false},"author":470,"featured_media":0,"parent":0,"menu_order":0,"comment_status":"closed","ping_status":"closed","template":"","meta":[],"acf":[],"yoast_head":"<!-- This site is optimized with the Yoast SEO plugin v20.11 - https:\/\/yoast.com\/wordpress\/plugins\/seo\/ -->\n<title>Condiciones de uso de la web<\/title>\n<meta name=\"robots\" content=\"index, nofollow, max-snippet:-1, max-image-preview:large, max-video-preview:-1\" \/>\n<link rel=\"canonical\" href=\"https:\/\/www.storevan.com\/es\/legal-notes\/\" \/>\n<meta property=\"og:locale\" content=\"es_ES\" \/>\n<meta property=\"og:type\" content=\"article\" \/>\n<meta property=\"og:title\" content=\"Condiciones de uso de la web\" \/>\n<meta property=\"og:description\" content=\"Notas legales y condiciones de uso 1. Premisa Las presentes Condiciones de Uso (las \u00abCondiciones\u00bb) cubren las principales reglas para un uso seguro y conforme a la ley de la.\" \/>\n<meta property=\"og:url\" content=\"https:\/\/www.storevan.com\/es\/legal-notes\/\" \/>\n<meta property=\"og:site_name\" content=\"Store Van\" \/>\n<meta property=\"article:modified_time\" content=\"2021-02-18T10:38:52+00:00\" \/>\n<meta name=\"twitter:label1\" content=\"Tiempo de lectura\" \/>\n\t<meta name=\"twitter:data1\" content=\"10 minutos\" \/>\n<script type=\"application\/ld+json\" class=\"yoast-schema-graph\">{\"@context\":\"https:\/\/schema.org\",\"@graph\":[{\"@type\":\"WebPage\",\"@id\":\"https:\/\/www.storevan.com\/es\/legal-notes\/\",\"url\":\"https:\/\/www.storevan.com\/es\/legal-notes\/\",\"name\":\"Condiciones de uso de la web\",\"isPartOf\":{\"@id\":\"https:\/\/www.storevan.com\/pl\/#website\"},\"datePublished\":\"2016-04-22T08:47:05+00:00\",\"dateModified\":\"2021-02-18T10:38:52+00:00\",\"breadcrumb\":{\"@id\":\"https:\/\/www.storevan.com\/es\/legal-notes\/#breadcrumb\"},\"inLanguage\":\"es\",\"potentialAction\":[{\"@type\":\"ReadAction\",\"target\":[\"https:\/\/www.storevan.com\/es\/legal-notes\/\"]}]},{\"@type\":\"BreadcrumbList\",\"@id\":\"https:\/\/www.storevan.com\/es\/legal-notes\/#breadcrumb\",\"itemListElement\":[{\"@type\":\"ListItem\",\"position\":1,\"name\":\"Home\",\"item\":\"https:\/\/www.storevan.com\/es\/\"},{\"@type\":\"ListItem\",\"position\":2,\"name\":\"Notas legales y condiciones de uso\"}]},{\"@type\":\"WebSite\",\"@id\":\"https:\/\/www.storevan.com\/pl\/#website\",\"url\":\"https:\/\/www.storevan.com\/pl\/\",\"name\":\"Store Van\",\"description\":\"Equipamientos furgonetas\",\"potentialAction\":[{\"@type\":\"SearchAction\",\"target\":{\"@type\":\"EntryPoint\",\"urlTemplate\":\"https:\/\/www.storevan.com\/pl\/?s={search_term_string}\"},\"query-input\":\"required name=search_term_string\"}],\"inLanguage\":\"es\"}]}<\/script>\n<!-- \/ Yoast SEO plugin. -->","yoast_head_json":{"title":"Condiciones de uso de la web","robots":{"index":"index","follow":"nofollow","max-snippet":"max-snippet:-1","max-image-preview":"max-image-preview:large","max-video-preview":"max-video-preview:-1"},"canonical":"https:\/\/www.storevan.com\/es\/legal-notes\/","og_locale":"es_ES","og_type":"article","og_title":"Condiciones de uso de la web","og_description":"Notas legales y condiciones de uso 1. Premisa Las presentes Condiciones de Uso (las \u00abCondiciones\u00bb) cubren las principales reglas para un uso seguro y conforme a la ley de la.","og_url":"https:\/\/www.storevan.com\/es\/legal-notes\/","og_site_name":"Store Van","article_modified_time":"2021-02-18T10:38:52+00:00","twitter_misc":{"Tiempo de lectura":"10 minutos"},"schema":{"@context":"https:\/\/schema.org","@graph":[{"@type":"WebPage","@id":"https:\/\/www.storevan.com\/es\/legal-notes\/","url":"https:\/\/www.storevan.com\/es\/legal-notes\/","name":"Condiciones de uso de la web","isPartOf":{"@id":"https:\/\/www.storevan.com\/pl\/#website"},"datePublished":"2016-04-22T08:47:05+00:00","dateModified":"2021-02-18T10:38:52+00:00","breadcrumb":{"@id":"https:\/\/www.storevan.com\/es\/legal-notes\/#breadcrumb"},"inLanguage":"es","potentialAction":[{"@type":"ReadAction","target":["https:\/\/www.storevan.com\/es\/legal-notes\/"]}]},{"@type":"BreadcrumbList","@id":"https:\/\/www.storevan.com\/es\/legal-notes\/#breadcrumb","itemListElement":[{"@type":"ListItem","position":1,"name":"Home","item":"https:\/\/www.storevan.com\/es\/"},{"@type":"ListItem","position":2,"name":"Notas legales y condiciones de uso"}]},{"@type":"WebSite","@id":"https:\/\/www.storevan.com\/pl\/#website","url":"https:\/\/www.storevan.com\/pl\/","name":"Store Van","description":"Equipamientos furgonetas","potentialAction":[{"@type":"SearchAction","target":{"@type":"EntryPoint","urlTemplate":"https:\/\/www.storevan.com\/pl\/?s={search_term_string}"},"query-input":"required name=search_term_string"}],"inLanguage":"es"}]}},"_links":{"self":[{"href":"https:\/\/www.storevan.com\/es\/wp-json\/wp\/v2\/pages\/30130"}],"collection":[{"href":"https:\/\/www.storevan.com\/es\/wp-json\/wp\/v2\/pages"}],"about":[{"href":"https:\/\/www.storevan.com\/es\/wp-json\/wp\/v2\/types\/page"}],"author":[{"embeddable":true,"href":"https:\/\/www.storevan.com\/es\/wp-json\/wp\/v2\/users\/470"}],"replies":[{"embeddable":true,"href":"https:\/\/www.storevan.com\/es\/wp-json\/wp\/v2\/comments?post=30130"}],"version-history":[{"count":4,"href":"https:\/\/www.storevan.com\/es\/wp-json\/wp\/v2\/pages\/30130\/revisions"}],"predecessor-version":[{"id":124646,"href":"https:\/\/www.storevan.com\/es\/wp-json\/wp\/v2\/pages\/30130\/revisions\/124646"}],"wp:attachment":[{"href":"https:\/\/www.storevan.com\/es\/wp-json\/wp\/v2\/media?parent=30130"}],"curies":[{"name":"wp","href":"https:\/\/api.w.org\/{rel}","templated":true}]}}