{"id":26124,"date":"2015-12-14T10:03:40","date_gmt":"2015-12-14T09:03:40","guid":{"rendered":"https:\/\/www.storevan.com\/es\/allestimenti-veicoli-commerciali\/furgoni-mercedes-benz\/"},"modified":"2021-11-04T13:47:50","modified_gmt":"2021-11-04T13:47:50","slug":"furgonetas-mercedes-benz","status":"publish","type":"page","link":"https:\/\/www.storevan.com\/es\/equipamientos-vehiculos-comerciales\/furgonetas-mercedes-benz\/","title":{"rendered":"Mercedes-benz"},"content":{"rendered":"<h1 class=\"customblackTitleSmall\">Equipamientos furgonetas Mercedes-benz<\/h1>\n<h2>Equipamiento Mercedes-Benz de Store Van. Del desorden salvaje al orden preestablecido.<\/h2>\n<p><img decoding=\"async\" loading=\"lazy\" class=\"alignright wp-image-43724 size-full\" title=\"Equipamiento Mercedes\" src=\"https:\/\/www.storevan.com\/wp-content\/uploads\/2017\/01\/HOME7-Allestimenti-MERCEDES-BENZ.png\" alt=\"Equipamiento Mercedes\" width=\"116\" height=\"105\" \/><\/p>\n<p>Store Van produce soluciones de <strong>equipamientos para furgonetas Mercedes-Benz<\/strong>. <strong>Revestimientos\u00a0<\/strong>para la protecci\u00f3n de la zona de carga, bacas y portaescaleras para cargar con seguridad en el techo de la furgoneta y numerosas estanter\u00edas para equipar el veh\u00edculo comercial de acuerdo con las necesidades espec\u00edficas profesionales. Tenemos todas las soluciones de equipamientos para furgonetas Mercedes-Benz: \u00a1ll\u00e1menos para solicitar un presupuesto gratuito!<\/p>\n<h3 class=\"customblackTitleExtraSmall\">SELECCIONE EL MODELO DE SU FURGONETA:<\/h3>\n<div class=\"one_third\">\n<p class=\"text-center\"><strong>CITAN 2012<\/strong><\/p>\n<hr \/>\n<p><a href=\"https:\/\/www.storevan.com\/es\/equipamientos-vehiculos-comerciales\/furgonetas-mercedes-benz\/citan\/\" class=\"txtOrange\" title=\"Equipamientos para Citan\"><img decoding=\"async\" loading=\"lazy\" class=\"aligncenter size-full wp-image-40255\" src=\"https:\/\/www.storevan.com\/wp-content\/uploads\/2015\/12\/Allestimento-furgoni-Mercedes-Benz_Citan_2012-1.jpg\" alt=\"Equipamiento furgonetas MERCEDES-BENZ Citan\" width=\"350\" height=\"220\" srcset=\"https:\/\/www.storevan.com\/wp-content\/uploads\/2015\/12\/Allestimento-furgoni-Mercedes-Benz_Citan_2012-1.jpg 350w, https:\/\/www.storevan.com\/wp-content\/uploads\/2015\/12\/Allestimento-furgoni-Mercedes-Benz_Citan_2012-1-300x189.jpg 300w\" sizes=\"(max-width: 350px) 100vw, 350px\" \/><br \/>\nEquipamientos para Citan <i class=\"fa fa-angle-double-right\"><\/i><\/a><br \/>\n<a href=\"https:\/\/www.storevan.com\/es\/equipamientos-vehiculos-comerciales\/furgonetas-mercedes-benz\/citan\/suelos-paneles\/\" class=\"txtOrange\" title=\"Suelo y revestimiento interior para Citan\">Suelo y revestimiento interior  <i class=\"fa fa-angle-double-right\"><\/i><\/a><br \/>\n<a href=\"https:\/\/www.storevan.com\/es\/equipamientos-vehiculos-comerciales\/furgonetas-mercedes-benz\/citan\/bacas-portaescaleras\/\" class=\"txtOrange\" title=\"Bacas y portaescaleras para Citan\">Bacas y portaescaleras <i class=\"fa fa-angle-double-right\"><\/i><\/a> <\/p>\n<hr class=\"visible-xs\" \/>\n<\/div><div class=\"one_third\">\n<p class=\"text-center\"><strong>VITO 2015<\/strong><\/p>\n<hr \/>\n<p><a href=\"https:\/\/www.storevan.com\/es\/equipamientos-vehiculos-comerciales\/furgonetas-mercedes-benz\/vito\/\" class=\"txtOrange\" title=\"Equipamientos para Vito\"><img decoding=\"async\" loading=\"lazy\" class=\"aligncenter size-full wp-image-41408\" src=\"https:\/\/www.storevan.com\/wp-content\/uploads\/2015\/12\/Allestimento-furgoni-Mercedes-Benz_Vito_2015.jpg\" alt=\"Equipamientos furgonetas Mercedes-benz Vito\" width=\"350\" height=\"220\" srcset=\"https:\/\/www.storevan.com\/wp-content\/uploads\/2015\/12\/Allestimento-furgoni-Mercedes-Benz_Vito_2015.jpg 350w, https:\/\/www.storevan.com\/wp-content\/uploads\/2015\/12\/Allestimento-furgoni-Mercedes-Benz_Vito_2015-300x189.jpg 300w\" sizes=\"(max-width: 350px) 100vw, 350px\" \/><br \/>\nEquipamientos para Vito <i class=\"fa fa-angle-double-right\"><\/i><\/a><br \/>\n<a href=\"https:\/\/www.storevan.com\/es\/equipamientos-vehiculos-comerciales\/furgonetas-mercedes-benz\/vito\/suelos-paneles\/\" class=\"txtOrange\" title=\"Suelo y revestimiento interior para Vito\">Suelo y revestimiento interior  <i class=\"fa fa-angle-double-right\"><\/i><\/a><br \/>\n<a href=\"https:\/\/www.storevan.com\/es\/equipamientos-vehiculos-comerciales\/furgonetas-mercedes-benz\/vito\/bacas-portaescaleras\/\" class=\"txtOrange\" title=\"Bacas y portaescaleras para Vito\">Bacas y portaescaleras <i class=\"fa fa-angle-double-right\"><\/i><\/a> <\/p>\n<hr class=\"visible-xs\" \/>\n<\/div><div class=\"one_third last\">\n<p class=\"text-center\"><strong>SPRINTER 2018<\/strong><\/p>\n<hr \/>\n<p><a href=\"https:\/\/www.storevan.com\/es\/equipamientos-vehiculos-comerciales\/furgonetas-mercedes-benz\/sprinter\/\" class=\"txtOrange\" title=\"Equipamientos para Sprinter\"><img decoding=\"async\" loading=\"lazy\" class=\"aligncenter size-full wp-image-40261\" src=\"https:\/\/www.storevan.com\/wp-content\/uploads\/2015\/12\/Allestimento-furgoni-Mercedes-Benz-Sprinter-2006-1.jpg\" alt=\"Equipamiento furgonetas MERCEDES-BENZ Sprinter\" width=\"350\" height=\"220\" srcset=\"https:\/\/www.storevan.com\/wp-content\/uploads\/2015\/12\/Allestimento-furgoni-Mercedes-Benz-Sprinter-2006-1.jpg 350w, https:\/\/www.storevan.com\/wp-content\/uploads\/2015\/12\/Allestimento-furgoni-Mercedes-Benz-Sprinter-2006-1-300x189.jpg 300w\" sizes=\"(max-width: 350px) 100vw, 350px\" \/><br \/>\nEquipamientos para Sprinter <i class=\"fa fa-angle-double-right\"><\/i><\/a><br \/>\n<a href=\"https:\/\/www.storevan.com\/es\/equipamientos-vehiculos-comerciales\/furgonetas-mercedes-benz\/sprinter\/suelos-paneles\/\" class=\"txtOrange\" title=\"Suelo y revestimiento interior para Sprinter\">Suelo y revestimiento interior  <i class=\"fa fa-angle-double-right\"><\/i><\/a><br \/>\n<a href=\"https:\/\/www.storevan.com\/es\/equipamientos-vehiculos-comerciales\/furgonetas-mercedes-benz\/sprinter\/bacas-portaescaleras\/\" class=\"txtOrange\" title=\"Bacas y portaescaleras para Sprinter\">Bacas y portaescaleras <i class=\"fa fa-angle-double-right\"><\/i><\/a> <\/p>\n<hr class=\"visible-xs\" \/>\n<\/div><div class=\"clearboth\"><\/div>\n<p>Del desorden salvaje al orden preestablecido: un taller m\u00f3vil \u2013 lo mejor del equipamiento para veh\u00edculos comerciales \u2013 es la extraordinaria mutaci\u00f3n de la zona de carga-revoltijo en un taller m\u00f3vil perfectamente ordenado y eficiente. Hay profesionales y obreros de empresas de servicios m\u00faltiples que trabajan diariamente fuera del taller, en lo del cliente, en obras o en la calle. \u00a1Para todos ellos, cada minuto es precioso! Pensemos en quienes se ocupan de los servicios \u00fatiles para la ciudadan\u00eda, como el mantenimiento de las redes de agua y alcantarillado o de las calles; no intervenir r\u00e1pidamente puede aumentar el da\u00f1o. Con estas premisas, Store Van ha estudiado el equipamiento de las furgonetas Mercedes-Benz para cada cliente, organizando el espacio de manera racional, funcional pero tambi\u00e9n \u201cresistente\u201d.<\/p>\n<p>Las estanter\u00edas para furgonetas Mercedes-Benz son c\u00f3modas y equipadas, con componentes \u00fatiles tales como: cajas con divisores, porta-maletines, cajones con cierre centralizado, banco con tornillo de banco extra\u00edble, soporte para cable, etc.<\/p>\n","protected":false},"excerpt":{"rendered":"<p>Equipamientos furgonetas Mercedes-benz Equipamiento Mercedes-Benz de Store Van. Del desorden salvaje al orden preestablecido. Store Van produce soluciones de equipamientos para furgonetas Mercedes-Benz. Revestimientos\u00a0para la protecci\u00f3n de la zona de.<\/p>\n","protected":false},"author":470,"featured_media":0,"parent":26070,"menu_order":0,"comment_status":"closed","ping_status":"closed","template":"","meta":[],"acf":[],"yoast_head":"<!-- This site is optimized with the Yoast SEO plugin v20.11 - https:\/\/yoast.com\/wordpress\/plugins\/seo\/ -->\n<title>Equipamientos furgonetas Mercedes-benz<\/title>\n<meta name=\"description\" content=\"Store Van produce equipamientos para furgonetas Mercedes-Benz. Revestimientos para la protecci\u00f3n de la zona de carga, bacas, portaescaleras, modulos, etc.\" \/>\n<meta name=\"robots\" content=\"index, follow, max-snippet:-1, max-image-preview:large, max-video-preview:-1\" \/>\n<link rel=\"canonical\" href=\"https:\/\/www.storevan.com\/es\/equipamientos-vehiculos-comerciales\/furgonetas-mercedes-benz\/\" \/>\n<meta property=\"og:locale\" content=\"es_ES\" \/>\n<meta property=\"og:type\" content=\"article\" \/>\n<meta property=\"og:title\" content=\"Equipamientos furgonetas Mercedes-benz\" \/>\n<meta property=\"og:description\" content=\"Store Van produce equipamientos para furgonetas Mercedes-Benz. Revestimientos para la protecci\u00f3n de la zona de carga, bacas, portaescaleras, modulos, etc.\" \/>\n<meta property=\"og:url\" content=\"https:\/\/www.storevan.com\/es\/equipamientos-vehiculos-comerciales\/furgonetas-mercedes-benz\/\" \/>\n<meta property=\"og:site_name\" content=\"Store Van\" \/>\n<meta property=\"article:modified_time\" content=\"2021-11-04T13:47:50+00:00\" \/>\n<meta property=\"og:image\" content=\"https:\/\/www.storevan.com\/wp-content\/uploads\/2017\/01\/HOME7-Allestimenti-MERCEDES-BENZ.png\" \/>\n<meta name=\"twitter:label1\" content=\"Tiempo de lectura\" \/>\n\t<meta name=\"twitter:data1\" content=\"2 minutos\" \/>\n<script type=\"application\/ld+json\" class=\"yoast-schema-graph\">{\"@context\":\"https:\/\/schema.org\",\"@graph\":[{\"@type\":\"WebPage\",\"@id\":\"https:\/\/www.storevan.com\/es\/equipamientos-vehiculos-comerciales\/furgonetas-mercedes-benz\/\",\"url\":\"https:\/\/www.storevan.com\/es\/equipamientos-vehiculos-comerciales\/furgonetas-mercedes-benz\/\",\"name\":\"Equipamientos furgonetas Mercedes-benz\",\"isPartOf\":{\"@id\":\"https:\/\/www.storevan.com\/pl\/#website\"},\"datePublished\":\"2015-12-14T09:03:40+00:00\",\"dateModified\":\"2021-11-04T13:47:50+00:00\",\"description\":\"Store Van produce equipamientos para furgonetas Mercedes-Benz. Revestimientos para la protecci\u00f3n de la zona de carga, bacas, portaescaleras, modulos, etc.\",\"breadcrumb\":{\"@id\":\"https:\/\/www.storevan.com\/es\/equipamientos-vehiculos-comerciales\/furgonetas-mercedes-benz\/#breadcrumb\"},\"inLanguage\":\"es\",\"potentialAction\":[{\"@type\":\"ReadAction\",\"target\":[\"https:\/\/www.storevan.com\/es\/equipamientos-vehiculos-comerciales\/furgonetas-mercedes-benz\/\"]}]},{\"@type\":\"BreadcrumbList\",\"@id\":\"https:\/\/www.storevan.com\/es\/equipamientos-vehiculos-comerciales\/furgonetas-mercedes-benz\/#breadcrumb\",\"itemListElement\":[{\"@type\":\"ListItem\",\"position\":1,\"name\":\"Home\",\"item\":\"https:\/\/www.storevan.com\/es\/\"},{\"@type\":\"ListItem\",\"position\":2,\"name\":\"Equipamientos veh\u00edculos comerciales\",\"item\":\"https:\/\/www.storevan.com\/es\/equipamientos-vehiculos-comerciales\/\"},{\"@type\":\"ListItem\",\"position\":3,\"name\":\"Mercedes-benz\"}]},{\"@type\":\"WebSite\",\"@id\":\"https:\/\/www.storevan.com\/pl\/#website\",\"url\":\"https:\/\/www.storevan.com\/pl\/\",\"name\":\"Store Van\",\"description\":\"Equipamientos furgonetas\",\"potentialAction\":[{\"@type\":\"SearchAction\",\"target\":{\"@type\":\"EntryPoint\",\"urlTemplate\":\"https:\/\/www.storevan.com\/pl\/?s={search_term_string}\"},\"query-input\":\"required name=search_term_string\"}],\"inLanguage\":\"es\"}]}<\/script>\n<!-- \/ Yoast SEO plugin. -->","yoast_head_json":{"title":"Equipamientos furgonetas Mercedes-benz","description":"Store Van produce equipamientos para furgonetas Mercedes-Benz. Revestimientos para la protecci\u00f3n de la zona de carga, bacas, portaescaleras, modulos, etc.","robots":{"index":"index","follow":"follow","max-snippet":"max-snippet:-1","max-image-preview":"max-image-preview:large","max-video-preview":"max-video-preview:-1"},"canonical":"https:\/\/www.storevan.com\/es\/equipamientos-vehiculos-comerciales\/furgonetas-mercedes-benz\/","og_locale":"es_ES","og_type":"article","og_title":"Equipamientos furgonetas Mercedes-benz","og_description":"Store Van produce equipamientos para furgonetas Mercedes-Benz. Revestimientos para la protecci\u00f3n de la zona de carga, bacas, portaescaleras, modulos, etc.","og_url":"https:\/\/www.storevan.com\/es\/equipamientos-vehiculos-comerciales\/furgonetas-mercedes-benz\/","og_site_name":"Store Van","article_modified_time":"2021-11-04T13:47:50+00:00","og_image":[{"url":"https:\/\/www.storevan.com\/wp-content\/uploads\/2017\/01\/HOME7-Allestimenti-MERCEDES-BENZ.png"}],"twitter_misc":{"Tiempo de lectura":"2 minutos"},"schema":{"@context":"https:\/\/schema.org","@graph":[{"@type":"WebPage","@id":"https:\/\/www.storevan.com\/es\/equipamientos-vehiculos-comerciales\/furgonetas-mercedes-benz\/","url":"https:\/\/www.storevan.com\/es\/equipamientos-vehiculos-comerciales\/furgonetas-mercedes-benz\/","name":"Equipamientos furgonetas Mercedes-benz","isPartOf":{"@id":"https:\/\/www.storevan.com\/pl\/#website"},"datePublished":"2015-12-14T09:03:40+00:00","dateModified":"2021-11-04T13:47:50+00:00","description":"Store Van produce equipamientos para furgonetas Mercedes-Benz. Revestimientos para la protecci\u00f3n de la zona de carga, bacas, portaescaleras, modulos, etc.","breadcrumb":{"@id":"https:\/\/www.storevan.com\/es\/equipamientos-vehiculos-comerciales\/furgonetas-mercedes-benz\/#breadcrumb"},"inLanguage":"es","potentialAction":[{"@type":"ReadAction","target":["https:\/\/www.storevan.com\/es\/equipamientos-vehiculos-comerciales\/furgonetas-mercedes-benz\/"]}]},{"@type":"BreadcrumbList","@id":"https:\/\/www.storevan.com\/es\/equipamientos-vehiculos-comerciales\/furgonetas-mercedes-benz\/#breadcrumb","itemListElement":[{"@type":"ListItem","position":1,"name":"Home","item":"https:\/\/www.storevan.com\/es\/"},{"@type":"ListItem","position":2,"name":"Equipamientos veh\u00edculos comerciales","item":"https:\/\/www.storevan.com\/es\/equipamientos-vehiculos-comerciales\/"},{"@type":"ListItem","position":3,"name":"Mercedes-benz"}]},{"@type":"WebSite","@id":"https:\/\/www.storevan.com\/pl\/#website","url":"https:\/\/www.storevan.com\/pl\/","name":"Store Van","description":"Equipamientos furgonetas","potentialAction":[{"@type":"SearchAction","target":{"@type":"EntryPoint","urlTemplate":"https:\/\/www.storevan.com\/pl\/?s={search_term_string}"},"query-input":"required name=search_term_string"}],"inLanguage":"es"}]}},"_links":{"self":[{"href":"https:\/\/www.storevan.com\/es\/wp-json\/wp\/v2\/pages\/26124"}],"collection":[{"href":"https:\/\/www.storevan.com\/es\/wp-json\/wp\/v2\/pages"}],"about":[{"href":"https:\/\/www.storevan.com\/es\/wp-json\/wp\/v2\/types\/page"}],"author":[{"embeddable":true,"href":"https:\/\/www.storevan.com\/es\/wp-json\/wp\/v2\/users\/470"}],"replies":[{"embeddable":true,"href":"https:\/\/www.storevan.com\/es\/wp-json\/wp\/v2\/comments?post=26124"}],"version-history":[{"count":9,"href":"https:\/\/www.storevan.com\/es\/wp-json\/wp\/v2\/pages\/26124\/revisions"}],"predecessor-version":[{"id":135557,"href":"https:\/\/www.storevan.com\/es\/wp-json\/wp\/v2\/pages\/26124\/revisions\/135557"}],"up":[{"embeddable":true,"href":"https:\/\/www.storevan.com\/es\/wp-json\/wp\/v2\/pages\/26070"}],"wp:attachment":[{"href":"https:\/\/www.storevan.com\/es\/wp-json\/wp\/v2\/media?parent=26124"}],"curies":[{"name":"wp","href":"https:\/\/api.w.org\/{rel}","templated":true}]}}