{"id":26088,"date":"2015-12-14T09:59:12","date_gmt":"2015-12-14T08:59:12","guid":{"rendered":"https:\/\/www.storevan.com\/es\/allestimenti-veicoli-commerciali\/furgoni-ford\/"},"modified":"2022-03-10T13:34:20","modified_gmt":"2022-03-10T13:34:20","slug":"furgonetas-ford","status":"publish","type":"page","link":"https:\/\/www.storevan.com\/es\/equipamientos-vehiculos-comerciales\/furgonetas-ford\/","title":{"rendered":"Ford"},"content":{"rendered":"<h1 class=\"customblackTitleSmall\">Equipamientos furgonetas Ford<\/h1>\n<h2>\u201cUna misi\u00f3n m\u00e1s que posible\u201d con los equipamientos para veh\u00edculos comerciales Ford:<\/h2>\n<p><img decoding=\"async\" loading=\"lazy\" class=\"alignright wp-image-43706 size-full\" title=\"Equipamiento Ford\" src=\"https:\/\/www.storevan.com\/wp-content\/uploads\/2017\/01\/HOME4-Allestimenti-FORD.png\" alt=\"Equipamiento Ford\" width=\"116\" height=\"105\" \/><br \/>\nStore Van produce soluciones de <strong>equipamientos espec\u00edficas para furgonetas Ford<\/strong>. <strong>Revestimientos <\/strong>para la protecci\u00f3n de la zona de carga, <strong>bacas<\/strong> y <strong>portaescaleras<\/strong> para cargar con seguridad en el techo de la furgoneta y numerosas estanter\u00edas para equipar el <strong>veh\u00edculo comercial<\/strong> de acuerdo con las necesidades espec\u00edficas profesionales.<br \/>\nSea cual sea su modelo de Ford, Store Van tiene el equipamiento apto para mejorar la funcionalidad de la furgoneta. Los veh\u00edculos comerciales Ford est\u00e1n disponibles en numerosas versiones de batalla, altura del techo, carrocer\u00eda, capacidad de carga, tipo de cabina, motorizaciones, soluciones tecnol\u00f3gicas de seguridad y de asistencia al conductor; la gama se puede configurar para cada necesidad de transporte y de trabajo. Luego, transformada en un taller m\u00f3vil Store Van, \u00a1logra la apoteosis de la eficiencia y de la rentabilidad!<\/p>\n<h3 class=\"customblackTitleExtraSmall\">SELECCIONE EL MODELO DE SU FURGONETA:<\/h3>\n<div class=\"one_fourth\">\n<p class=\"text-center\"><strong>COURIER 2014<\/strong><\/p>\n<hr class=\"hidden-xs hidden-sm\"\/>\n<p><a href=\"https:\/\/www.storevan.com\/es\/equipamientos-vehiculos-comerciales\/furgonetas-ford\/courier\/\" class=\"txtOrange\" title=\"Equipamientos para Courier \"><img decoding=\"async\" loading=\"lazy\" class=\"aligncenter size-full wp-image-54414\" src=\"https:\/\/www.storevan.com\/wp-content\/uploads\/2015\/12\/Allestimento-furgoni-Ford-Transit-Courier.jpg\" alt=\"Equipamiento furgonetas Ford Transit Courier\" width=\"350\" height=\"220\" srcset=\"https:\/\/www.storevan.com\/wp-content\/uploads\/2015\/12\/Allestimento-furgoni-Ford-Transit-Courier.jpg 350w, https:\/\/www.storevan.com\/wp-content\/uploads\/2015\/12\/Allestimento-furgoni-Ford-Transit-Courier-300x189.jpg 300w\" sizes=\"(max-width: 350px) 100vw, 350px\" \/><br \/>\nEquipamientos para Courier <i class=\"fa fa-angle-double-right\"><\/i><\/a><br \/>\n<a href=\"https:\/\/www.storevan.com\/es\/equipamientos-vehiculos-comerciales\/furgonetas-ford\/courier\/suelos-paneles\/\" class=\"txtOrange\" title=\"Suelo y revestimiento interior para Courier\">Suelo y revestimiento interior  <i class=\"fa fa-angle-double-right\"><\/i><\/a><br \/>\n<a href=\" https:\/\/www.storevan.com\/es\/equipamientos-vehiculos-comerciales\/furgonetas-ford\/courier\/bacas\/\" class=\"txtOrange\" title=\"Bacas y portaescaleras para Courier\">Bacas y portaescaleras <i class=\"fa fa-angle-double-right\"><\/i><\/a><\/p>\n<hr noshade=\"noshade\" size=\"1\" class=\"visible-xs\" \/>\n<\/div>\n<div class=\"one_fourth\">\n<p class=\"text-center\"><strong>CONNECT 2013<\/strong><\/p>\n<hr class=\"hidden-xs hidden-sm\"\/>\n<p><a href=\"https:\/\/www.storevan.com\/es\/equipamientos-vehiculos-comerciales\/furgonetas-ford\/connect\/\" class=\"txtOrange\" title=\"Equipamientos para Connect\"><img decoding=\"async\" loading=\"lazy\" class=\"aligncenter wp-image-40198 size-full\" src=\"https:\/\/www.storevan.com\/wp-content\/uploads\/2015\/12\/Allestimento-furgoni-Ford-Connect-2013-1.jpg\" alt=\"Equipamientos furgonetas Ford Connect 2013\" width=\"350\" height=\"220\" srcset=\"https:\/\/www.storevan.com\/wp-content\/uploads\/2015\/12\/Allestimento-furgoni-Ford-Connect-2013-1.jpg 350w, https:\/\/www.storevan.com\/wp-content\/uploads\/2015\/12\/Allestimento-furgoni-Ford-Connect-2013-1-300x189.jpg 300w\" sizes=\"(max-width: 350px) 100vw, 350px\" \/><br \/>\nEquipamientos para Connect <i class=\"fa fa-angle-double-right\"><\/i><\/a><br \/>\n<a href=\"https:\/\/www.storevan.com\/es\/equipamientos-vehiculos-comerciales\/furgonetas-ford\/connect\/suelos-paneles\/\" class=\"txtOrange\" title=\"Suelo y revestimiento interior para Connect\">Suelo y revestimiento interior  <i class=\"fa fa-angle-double-right\"><\/i><\/a><br \/>\n<a href=\"https:\/\/www.storevan.com\/es\/equipamientos-vehiculos-comerciales\/furgonetas-ford\/connect\/bacas-portaescaleras\/\" class=\"txtOrange\" title=\"Bacas y portaescaleras para Connect\">Bacas y portaescaleras <i class=\"fa fa-angle-double-right\"><\/i><\/a> <\/p>\n<hr noshade=\"noshade\" size=\"1\" class=\"visible-xs\" \/>\n<\/div>\n<div class=\"one_fourth\">\n<p class=\"text-center\"><strong>CUSTOM 2012<\/strong><\/p>\n<hr class=\"hidden-xs hidden-sm\"\/>\n<p><a href=\"https:\/\/www.storevan.com\/es\/equipamientos-vehiculos-comerciales\/furgonetas-ford\/custom\/\" class=\"txtOrange\" title=\"Equipamientos para Custom\"><img decoding=\"async\" loading=\"lazy\" class=\"aligncenter size-full wp-image-40204\" src=\"https:\/\/www.storevan.com\/wp-content\/uploads\/2015\/12\/Allestimento-furgoni-Ford-Custom-2012-1.jpg\" alt=\"Equipamientos furgonetas Ford Custom 2012\" width=\"350\" height=\"220\" srcset=\"https:\/\/www.storevan.com\/wp-content\/uploads\/2015\/12\/Allestimento-furgoni-Ford-Custom-2012-1.jpg 350w, https:\/\/www.storevan.com\/wp-content\/uploads\/2015\/12\/Allestimento-furgoni-Ford-Custom-2012-1-300x189.jpg 300w\" sizes=\"(max-width: 350px) 100vw, 350px\" \/><br \/>\nEquipamientos para Custom <i class=\"fa fa-angle-double-right\"><\/i><\/a><br \/>\n<a href=\"https:\/\/www.storevan.com\/es\/equipamientos-vehiculos-comerciales\/furgonetas-ford\/custom\/suelos-paneles\/\" class=\"txtOrange\" title=\"Suelo y revestimiento interior para Custom\">Suelo y revestimiento interior  <i class=\"fa fa-angle-double-right\"><\/i><\/a><br \/>\n<a href=\"https:\/\/www.storevan.com\/es\/equipamientos-vehiculos-comerciales\/furgonetas-ford\/custom\/bacas-portaescaleras\/\" class=\"txtOrange\" title=\"Bacas y portaescaleras para Custom\">Bacas y portaescaleras <i class=\"fa fa-angle-double-right\"><\/i><\/a> <\/p>\n<hr noshade=\"noshade\" size=\"1\" class=\"visible-xs\" \/>\n<\/div>\n<div class=\"one_fourth last\">\n<p class=\"text-center\"><strong>TRANSIT 2014<\/strong><\/p>\n<hr class=\"hidden-xs hidden-sm\"\/>\n<p><a href=\"https:\/\/www.storevan.com\/es\/equipamientos-vehiculos-comerciales\/furgonetas-ford\/transit\/\" class=\"txtOrange\" title=\"Equipamientos para Transit\"><img decoding=\"async\" loading=\"lazy\" class=\"aligncenter size-full wp-image-40210\" src=\"https:\/\/www.storevan.com\/wp-content\/uploads\/2015\/12\/Allestimento-furgoni-Ford-Transit-2014-1.jpg\" alt=\"Equipamientos furgonetas Ford Transit 2014\" width=\"350\" height=\"220\" srcset=\"https:\/\/www.storevan.com\/wp-content\/uploads\/2015\/12\/Allestimento-furgoni-Ford-Transit-2014-1.jpg 350w, https:\/\/www.storevan.com\/wp-content\/uploads\/2015\/12\/Allestimento-furgoni-Ford-Transit-2014-1-300x189.jpg 300w\" sizes=\"(max-width: 350px) 100vw, 350px\" \/><br \/>\nEquipamientos para Transit  <i class=\"fa fa-angle-double-right\"><\/i><\/a><br \/>\n<a href=\"https:\/\/www.storevan.com\/es\/equipamientos-vehiculos-comerciales\/furgonetas-ford\/transit\/suelos-paneles\/\" class=\"txtOrange\" title=\"Suelo y revestimiento interior para Transit\">Suelo y revestimiento interior  <i class=\"fa fa-angle-double-right\"><\/i><\/a><br \/>\n<a href=\"https:\/\/www.storevan.com\/es\/equipamientos-vehiculos-comerciales\/furgonetas-ford\/transit\/bacas-portaescaleras\/\" class=\"txtOrange\" title=\"Bacas y portaescaleras para Transit\">Bacas y portaescaleras <i class=\"fa fa-angle-double-right\"><\/i><\/a> <\/p>\n<hr noshade=\"noshade\" size=\"1\" class=\"visible-xs\" \/>\n<\/div><div class=\"clearboth\"><\/div>\n<p>Suelo y paneles para la protecci\u00f3n de la chapa de la zona de carga, estanter\u00edas, bacas y portaescaleras. Tambi\u00e9n est\u00e1 disponible el portatubos de acero inoxidable, predispuesto para el cierre con candado y equipado con una cuerda de extracci\u00f3n para retirar el material de dimensiones peque\u00f1as.<\/p>\n<p>Especificaciones t\u00e9cnicas, dimensiones y ejemplos concretos, \u00a1puede intentar realizar su soluci\u00f3n personalizada o llamar sin compromiso al n\u00famero +39 0424 585455!<\/p>\n<h3 class=\"customblackTitleExtraSmall\">Transporte y almacenamiento de mercanc\u00eda y equipos<\/h3>\n<p>\u00a1Mucho m\u00e1s que un taller m\u00f3vil! \u00a1Los equipamientos Store Van dise\u00f1ados para los veh\u00edculos comerciales Ford son un almac\u00e9n sobre cuatro ruedas! Con la introducci\u00f3n de cajas y cajoneras es posible almacenar los elementos t\u00edpicos de quienes realizan instalaciones y servicios de asistencia: torniller\u00eda, accesorios y piezas de repuesto. Con la introducci\u00f3n de gu\u00edas, cintas y barras sujeta cargas es posible crear sistemas de sujeci\u00f3n de mercanc\u00edas para cargas pesadas.<\/p>\n","protected":false},"excerpt":{"rendered":"<p>Equipamientos furgonetas Ford \u201cUna misi\u00f3n m\u00e1s que posible\u201d con los equipamientos para veh\u00edculos comerciales Ford: Store Van produce soluciones de equipamientos espec\u00edficas para furgonetas Ford. Revestimientos para la protecci\u00f3n de.<\/p>\n","protected":false},"author":470,"featured_media":0,"parent":26070,"menu_order":0,"comment_status":"closed","ping_status":"closed","template":"","meta":[],"acf":[],"yoast_head":"<!-- This site is optimized with the Yoast SEO plugin v20.11 - https:\/\/yoast.com\/wordpress\/plugins\/seo\/ -->\n<title>Equipamientos furgonetas Ford<\/title>\n<meta name=\"description\" content=\"Equipamientos furgonetas Ford. Store Van produce soluciones de equipamiento espec\u00edficas para furgonetas Ford. Recubrimientos, m\u00f3dulos, bacas, portaescaleras\" \/>\n<meta name=\"robots\" content=\"index, follow, max-snippet:-1, max-image-preview:large, max-video-preview:-1\" \/>\n<link rel=\"canonical\" href=\"https:\/\/www.storevan.com\/es\/equipamientos-vehiculos-comerciales\/furgonetas-ford\/\" \/>\n<meta property=\"og:locale\" content=\"es_ES\" \/>\n<meta property=\"og:type\" content=\"article\" \/>\n<meta property=\"og:title\" content=\"Equipamientos furgonetas Ford\" \/>\n<meta property=\"og:description\" content=\"Equipamientos furgonetas Ford. Store Van produce soluciones de equipamiento espec\u00edficas para furgonetas Ford. Recubrimientos, m\u00f3dulos, bacas, portaescaleras\" \/>\n<meta property=\"og:url\" content=\"https:\/\/www.storevan.com\/es\/equipamientos-vehiculos-comerciales\/furgonetas-ford\/\" \/>\n<meta property=\"og:site_name\" content=\"Store Van\" \/>\n<meta property=\"article:modified_time\" content=\"2022-03-10T13:34:20+00:00\" \/>\n<meta property=\"og:image\" content=\"https:\/\/www.storevan.com\/wp-content\/uploads\/2017\/01\/HOME4-Allestimenti-FORD.png\" \/>\n<meta name=\"twitter:label1\" content=\"Tiempo de lectura\" \/>\n\t<meta name=\"twitter:data1\" content=\"2 minutos\" \/>\n<script type=\"application\/ld+json\" class=\"yoast-schema-graph\">{\"@context\":\"https:\/\/schema.org\",\"@graph\":[{\"@type\":\"WebPage\",\"@id\":\"https:\/\/www.storevan.com\/es\/equipamientos-vehiculos-comerciales\/furgonetas-ford\/\",\"url\":\"https:\/\/www.storevan.com\/es\/equipamientos-vehiculos-comerciales\/furgonetas-ford\/\",\"name\":\"Equipamientos furgonetas Ford\",\"isPartOf\":{\"@id\":\"https:\/\/www.storevan.com\/pl\/#website\"},\"datePublished\":\"2015-12-14T08:59:12+00:00\",\"dateModified\":\"2022-03-10T13:34:20+00:00\",\"description\":\"Equipamientos furgonetas Ford. Store Van produce soluciones de equipamiento espec\u00edficas para furgonetas Ford. Recubrimientos, m\u00f3dulos, bacas, portaescaleras\",\"breadcrumb\":{\"@id\":\"https:\/\/www.storevan.com\/es\/equipamientos-vehiculos-comerciales\/furgonetas-ford\/#breadcrumb\"},\"inLanguage\":\"es\",\"potentialAction\":[{\"@type\":\"ReadAction\",\"target\":[\"https:\/\/www.storevan.com\/es\/equipamientos-vehiculos-comerciales\/furgonetas-ford\/\"]}]},{\"@type\":\"BreadcrumbList\",\"@id\":\"https:\/\/www.storevan.com\/es\/equipamientos-vehiculos-comerciales\/furgonetas-ford\/#breadcrumb\",\"itemListElement\":[{\"@type\":\"ListItem\",\"position\":1,\"name\":\"Home\",\"item\":\"https:\/\/www.storevan.com\/es\/\"},{\"@type\":\"ListItem\",\"position\":2,\"name\":\"Equipamientos veh\u00edculos comerciales\",\"item\":\"https:\/\/www.storevan.com\/es\/equipamientos-vehiculos-comerciales\/\"},{\"@type\":\"ListItem\",\"position\":3,\"name\":\"Ford\"}]},{\"@type\":\"WebSite\",\"@id\":\"https:\/\/www.storevan.com\/pl\/#website\",\"url\":\"https:\/\/www.storevan.com\/pl\/\",\"name\":\"Store Van\",\"description\":\"Equipamientos furgonetas\",\"potentialAction\":[{\"@type\":\"SearchAction\",\"target\":{\"@type\":\"EntryPoint\",\"urlTemplate\":\"https:\/\/www.storevan.com\/pl\/?s={search_term_string}\"},\"query-input\":\"required name=search_term_string\"}],\"inLanguage\":\"es\"}]}<\/script>\n<!-- \/ Yoast SEO plugin. -->","yoast_head_json":{"title":"Equipamientos furgonetas Ford","description":"Equipamientos furgonetas Ford. Store Van produce soluciones de equipamiento espec\u00edficas para furgonetas Ford. Recubrimientos, m\u00f3dulos, bacas, portaescaleras","robots":{"index":"index","follow":"follow","max-snippet":"max-snippet:-1","max-image-preview":"max-image-preview:large","max-video-preview":"max-video-preview:-1"},"canonical":"https:\/\/www.storevan.com\/es\/equipamientos-vehiculos-comerciales\/furgonetas-ford\/","og_locale":"es_ES","og_type":"article","og_title":"Equipamientos furgonetas Ford","og_description":"Equipamientos furgonetas Ford. Store Van produce soluciones de equipamiento espec\u00edficas para furgonetas Ford. Recubrimientos, m\u00f3dulos, bacas, portaescaleras","og_url":"https:\/\/www.storevan.com\/es\/equipamientos-vehiculos-comerciales\/furgonetas-ford\/","og_site_name":"Store Van","article_modified_time":"2022-03-10T13:34:20+00:00","og_image":[{"url":"https:\/\/www.storevan.com\/wp-content\/uploads\/2017\/01\/HOME4-Allestimenti-FORD.png"}],"twitter_misc":{"Tiempo de lectura":"2 minutos"},"schema":{"@context":"https:\/\/schema.org","@graph":[{"@type":"WebPage","@id":"https:\/\/www.storevan.com\/es\/equipamientos-vehiculos-comerciales\/furgonetas-ford\/","url":"https:\/\/www.storevan.com\/es\/equipamientos-vehiculos-comerciales\/furgonetas-ford\/","name":"Equipamientos furgonetas Ford","isPartOf":{"@id":"https:\/\/www.storevan.com\/pl\/#website"},"datePublished":"2015-12-14T08:59:12+00:00","dateModified":"2022-03-10T13:34:20+00:00","description":"Equipamientos furgonetas Ford. Store Van produce soluciones de equipamiento espec\u00edficas para furgonetas Ford. Recubrimientos, m\u00f3dulos, bacas, portaescaleras","breadcrumb":{"@id":"https:\/\/www.storevan.com\/es\/equipamientos-vehiculos-comerciales\/furgonetas-ford\/#breadcrumb"},"inLanguage":"es","potentialAction":[{"@type":"ReadAction","target":["https:\/\/www.storevan.com\/es\/equipamientos-vehiculos-comerciales\/furgonetas-ford\/"]}]},{"@type":"BreadcrumbList","@id":"https:\/\/www.storevan.com\/es\/equipamientos-vehiculos-comerciales\/furgonetas-ford\/#breadcrumb","itemListElement":[{"@type":"ListItem","position":1,"name":"Home","item":"https:\/\/www.storevan.com\/es\/"},{"@type":"ListItem","position":2,"name":"Equipamientos veh\u00edculos comerciales","item":"https:\/\/www.storevan.com\/es\/equipamientos-vehiculos-comerciales\/"},{"@type":"ListItem","position":3,"name":"Ford"}]},{"@type":"WebSite","@id":"https:\/\/www.storevan.com\/pl\/#website","url":"https:\/\/www.storevan.com\/pl\/","name":"Store Van","description":"Equipamientos furgonetas","potentialAction":[{"@type":"SearchAction","target":{"@type":"EntryPoint","urlTemplate":"https:\/\/www.storevan.com\/pl\/?s={search_term_string}"},"query-input":"required name=search_term_string"}],"inLanguage":"es"}]}},"_links":{"self":[{"href":"https:\/\/www.storevan.com\/es\/wp-json\/wp\/v2\/pages\/26088"}],"collection":[{"href":"https:\/\/www.storevan.com\/es\/wp-json\/wp\/v2\/pages"}],"about":[{"href":"https:\/\/www.storevan.com\/es\/wp-json\/wp\/v2\/types\/page"}],"author":[{"embeddable":true,"href":"https:\/\/www.storevan.com\/es\/wp-json\/wp\/v2\/users\/470"}],"replies":[{"embeddable":true,"href":"https:\/\/www.storevan.com\/es\/wp-json\/wp\/v2\/comments?post=26088"}],"version-history":[{"count":6,"href":"https:\/\/www.storevan.com\/es\/wp-json\/wp\/v2\/pages\/26088\/revisions"}],"predecessor-version":[{"id":141853,"href":"https:\/\/www.storevan.com\/es\/wp-json\/wp\/v2\/pages\/26088\/revisions\/141853"}],"up":[{"embeddable":true,"href":"https:\/\/www.storevan.com\/es\/wp-json\/wp\/v2\/pages\/26070"}],"wp:attachment":[{"href":"https:\/\/www.storevan.com\/es\/wp-json\/wp\/v2\/media?parent=26088"}],"curies":[{"name":"wp","href":"https:\/\/api.w.org\/{rel}","templated":true}]}}