{"id":25643,"date":"2016-04-13T10:59:39","date_gmt":"2016-04-13T08:59:39","guid":{"rendered":"https:\/\/www.storevan.com\/es\/empresa\/contact-us\/"},"modified":"2020-12-18T15:59:46","modified_gmt":"2020-12-18T15:59:46","slug":"contacto","status":"publish","type":"page","link":"https:\/\/www.storevan.com\/es\/empresa\/contacto\/","title":{"rendered":"Contacto"},"content":{"rendered":"<h1 class=\"customblackTitleSmall\">Contacto<\/h1>\n<hr class=\"noColor\"\/>\n<span class=\"title h3\">Formulario de contacto<\/span>\n<hr class=\"noColor\"\/>\n\n<div class=\"wpcf7 no-js\" id=\"wpcf7-f25641-o1\" lang=\"it-IT\" dir=\"ltr\">\n<div class=\"screen-reader-response\"><p role=\"status\" aria-live=\"polite\" aria-atomic=\"true\"><\/p> <ul><\/ul><\/div>\n<form action=\"\/es\/wp-json\/wp\/v2\/pages\/25643#wpcf7-f25641-o1\" method=\"post\" class=\"wpcf7-form init\" id=\"form-contatti-es\" aria-label=\"Modulo di contatto\" novalidate=\"novalidate\" data-status=\"init\">\n<div style=\"display: none;\">\n<input type=\"hidden\" name=\"_wpcf7\" value=\"25641\" \/>\n<input type=\"hidden\" name=\"_wpcf7_version\" value=\"5.7.7\" \/>\n<input type=\"hidden\" name=\"_wpcf7_locale\" value=\"it_IT\" \/>\n<input type=\"hidden\" name=\"_wpcf7_unit_tag\" value=\"wpcf7-f25641-o1\" \/>\n<input type=\"hidden\" name=\"_wpcf7_container_post\" value=\"0\" \/>\n<input type=\"hidden\" name=\"_wpcf7_posted_data_hash\" value=\"\" \/>\n<input type=\"hidden\" name=\"_wpcf7_recaptcha_response\" value=\"\" \/>\n<\/div>\n<span class=\"wpcf7-form-control-wrap url\" data-name=\"url\"><input type=\"hidden\" name=\"url\" size=\"40\" class=\"wpcf7-form-control wpcf7-hidden wpcf7dtx wpcf7dtx-hidden\" aria-invalid=\"false\" value=\"contacto\" autocomplete=\"off\" \/><\/span>\n<div class=\"one_half\">\n\t<p><span class='titoli'>Nombre (*)<br \/>\n<span class=\"wpcf7-form-control-wrap\" data-name=\"your-name\"><input size=\"40\" class=\"wpcf7-form-control wpcf7-text wpcf7-validates-as-required form-control\" aria-required=\"true\" aria-invalid=\"false\" value=\"\" type=\"text\" name=\"your-name\" \/><\/span> <\/span>\n\t<\/p>\n<\/div>\n<div class=\"one_half\" style=\"clear: right; margin-right: 0 !important;\">\n\t<p><span class='titoli'>Apellidos <\/span>\n\t<\/p>\n\t<p><span class=\"wpcf7-form-control-wrap\" data-name=\"your-last-name\"><input size=\"40\" class=\"wpcf7-form-control wpcf7-text form-control\" aria-invalid=\"false\" value=\"\" type=\"text\" name=\"your-last-name\" \/><\/span>\n\t<\/p>\n<\/div>\n<div class=\"one_half\">\n\t<p><span class='titoli'>Empresa (*)<br \/>\n<span class=\"wpcf7-form-control-wrap\" data-name=\"your-company\"><input size=\"40\" class=\"wpcf7-form-control wpcf7-text wpcf7-validates-as-required form-control\" aria-required=\"true\" aria-invalid=\"false\" value=\"\" type=\"text\" name=\"your-company\" \/><\/span> <\/span>\n\t<\/p>\n<\/div>\n<div class=\"one_half\" style=\"clear: right; margin-right: 0 !important;\">\n\t<p><span class='titoli'>C\u00f3d. NIF<\/span>\n\t<\/p>\n\t<p><span class=\"wpcf7-form-control-wrap\" data-name=\"p-iva\"><input size=\"40\" class=\"wpcf7-form-control wpcf7-text form-control\" aria-invalid=\"false\" value=\"\" type=\"text\" name=\"p-iva\" \/><\/span>\n\t<\/p>\n<\/div>\n<div class=\"one_half\">\n\t<p><span class='titoli'>Direcci\u00f3n (*)<\/span>\n\t<\/p>\n\t<p><span class=\"wpcf7-form-control-wrap\" data-name=\"your-address\"><input size=\"40\" class=\"wpcf7-form-control wpcf7-text wpcf7-validates-as-required form-control\" aria-required=\"true\" aria-invalid=\"false\" value=\"\" type=\"text\" name=\"your-address\" \/><\/span>\n\t<\/p>\n<\/div>\n<div class=\"one_half\" style=\"clear: right; margin-right: 0 !important;\">\n\t<p><span class='titoli'>C\u00f3digo Postal (*)<br \/>\n<span class=\"wpcf7-form-control-wrap\" data-name=\"your-zip-code\"><input size=\"40\" class=\"wpcf7-form-control wpcf7-text wpcf7-validates-as-required form-control\" aria-required=\"true\" aria-invalid=\"false\" value=\"\" type=\"text\" name=\"your-zip-code\" \/><\/span> <\/span>\n\t<\/p>\n<\/div>\n<div class=\"one_half\">\n\t<p><span class='titoli'>Ciudad (*)<br \/>\n<span class=\"wpcf7-form-control-wrap\" data-name=\"your-Town\"><input size=\"40\" class=\"wpcf7-form-control wpcf7-text wpcf7-validates-as-required form-control\" aria-required=\"true\" aria-invalid=\"false\" value=\"\" type=\"text\" name=\"your-Town\" \/><\/span> <\/span>\n\t<\/p>\n<\/div>\n<div class=\"one_half\" style=\"clear: right; margin-right: 0 !important;\">\n\t<p><span class='titoli'>Naci\u00f3n (*)<\/span>\n\t<\/p>\n\t<p><span class=\"wpcf7-form-control-wrap\" data-name=\"your-Country\"><input size=\"40\" class=\"wpcf7-form-control wpcf7-text wpcf7-validates-as-required form-control\" aria-required=\"true\" aria-invalid=\"false\" value=\"\" type=\"text\" name=\"your-Country\" \/><\/span>\n\t<\/p>\n<\/div>\n<p><span class='titoli'>email (*)<\/span>\n<\/p>\n<p><span class=\"wpcf7-form-control-wrap\" data-name=\"your-email\"><input size=\"40\" class=\"wpcf7-form-control wpcf7-text wpcf7-email wpcf7-validates-as-required wpcf7-validates-as-email form-control\" aria-required=\"true\" aria-invalid=\"false\" value=\"\" type=\"email\" name=\"your-email\" \/><\/span>\n<\/p>\n<div class=\"one_half\">\n\t<p><span class='titoli'>Tel\u00e9fono (*)<br \/>\n<span class=\"wpcf7-form-control-wrap\" data-name=\"your-phone\"><input size=\"40\" class=\"wpcf7-form-control wpcf7-text wpcf7-validates-as-required form-control\" aria-required=\"true\" aria-invalid=\"false\" value=\"\" type=\"text\" name=\"your-phone\" \/><\/span> <\/span>\n\t<\/p>\n<\/div>\n<div class=\"one_half\" style=\"clear: right; margin-right: 0 !important;\">\n\t<p><span class='titoli'>Mobil <\/span>\n\t<\/p>\n\t<p><span class=\"wpcf7-form-control-wrap\" data-name=\"your-mobile\"><input size=\"40\" class=\"wpcf7-form-control wpcf7-text form-control\" aria-invalid=\"false\" value=\"\" type=\"text\" name=\"your-mobile\" \/><\/span>\n\t<\/p>\n<\/div>\n<p><span class='titoli'>Productos de inter\u00e9s<br \/>\n<span class=\"wpcf7-form-control-wrap\" data-name=\"Product\"><span class=\"wpcf7-form-control wpcf7-checkbox\"><span class=\"wpcf7-list-item first\"><span class=\"wpcf7-list-item-label\">Paneles y Suelos<\/span><input type=\"checkbox\" name=\"Product[]\" value=\"Paneles y Suelos\" \/><\/span><span class=\"wpcf7-list-item\"><span class=\"wpcf7-list-item-label\">Bacas y Portaescaleras<\/span><input type=\"checkbox\" name=\"Product[]\" value=\"Bacas y Portaescaleras\" \/><\/span><span class=\"wpcf7-list-item\"><span class=\"wpcf7-list-item-label\">Equipamientos<\/span><input type=\"checkbox\" name=\"Product[]\" value=\"Equipamientos\" \/><\/span><span class=\"wpcf7-list-item last\"><span class=\"wpcf7-list-item-label\">Otro<\/span><input type=\"checkbox\" name=\"Product[]\" value=\"Otro\" \/><\/span><\/span><\/span> <\/span>\n<\/p>\n<div class=\"clearboth\">\n<\/div>\n<div class=\"one_half\">\n\t<p><span class='titoli'>Objeto <\/span>\n\t<\/p>\n\t<p><span class=\"wpcf7-form-control-wrap\" data-name=\"your-subject\"><input size=\"40\" class=\"wpcf7-form-control wpcf7-text form-control\" aria-invalid=\"false\" value=\"\" type=\"text\" name=\"your-subject\" \/><\/span>\n\t<\/p>\n<\/div>\n<div class=\"one_half\" style=\"clear: right; margin-right: 0 !important;\">\n\t<p><br \/>\n<span class=\"titoli\"> <span class=\"wpcf7-form-control-wrap\" data-name=\"cliente\"><span class=\"wpcf7-form-control wpcf7-checkbox\"><span class=\"wpcf7-list-item first last\"><label><span class=\"wpcf7-list-item-label\">Soy un cliente<\/span><input type=\"checkbox\" name=\"cliente[]\" value=\"Soy un cliente\" \/><\/label><\/span><\/span><\/span><\/span>\n\t<\/p>\n<\/div>\n<div class=\"clearboth\">\n<\/div>\n<p><span class='titoli'>Mensaje (*)<\/span>\n<\/p>\n<p><span class=\"wpcf7-form-control-wrap\" data-name=\"your-message\"><textarea cols=\"40\" rows=\"10\" class=\"wpcf7-form-control wpcf7-textarea wpcf7-validates-as-required form-control\" aria-required=\"true\" aria-invalid=\"false\" name=\"your-message\"><\/textarea><\/span>\n<\/p>\n<div class=\"one_half\">\n<span class=\"wpcf7-form-control-wrap recaptcha\" data-name=\"recaptcha\"><span data-sitekey=\"6LdfM4AUAAAAAJjsAucux5WVNA3hsk5KP0a03T_n\" class=\"wpcf7-form-control g-recaptcha wpcf7-recaptcha\"><\/span>\r\n<noscript>\r\n\t<div class=\"grecaptcha-noscript\">\r\n\t\t<iframe src=\"https:\/\/www.google.com\/recaptcha\/api\/fallback?k=6LdfM4AUAAAAAJjsAucux5WVNA3hsk5KP0a03T_n\" frameborder=\"0\" scrolling=\"no\" width=\"310\" height=\"430\">\r\n\t\t<\/iframe>\r\n\t\t<textarea name=\"g-recaptcha-response\" rows=\"3\" cols=\"40\" placeholder=\"Aqu\u00ed la respuesta de reCAPTCHA\">\r\n\t\t<\/textarea>\r\n\t<\/div>\r\n<\/noscript>\r\n<\/span>\n<\/div>\n<div class=\"one_half\" style=\"clear: right; margin-right: 0 !important;\">\n\t<p style=\"font-size: small;\">Los datos introducidos ser\u00e1n tratados con estricta confidencialidad de acuerdo con la ley y con nuestra <a href=\"https:\/\/www.storevan.com\/es\/privacy-policy\/\">pol\u00edtica de privacidad<\/a>.\n\t<\/p>\n\t<p><span class=\"wpcf7-form-control-wrap\" data-name=\"AccettazionePrivacy\"><span class=\"wpcf7-form-control wpcf7-acceptance\"><span class=\"wpcf7-list-item\"><input type=\"checkbox\" name=\"AccettazionePrivacy\" value=\"1\" aria-invalid=\"false\" \/><\/span><\/span><\/span> Declaro haber le\u00eddo la <a href=\"https:\/\/www.storevan.com\/es\/privacy-policy\/\">Informaci\u00f3n sobre la Privacidad<\/a> y autorizo el tratamiento de mis datos personales de conformidad con aquello aqu\u00ed descrito.(*)\n\t<\/p>\n<\/div>\n<p><input class=\"wpcf7-form-control has-spinner wpcf7-submit\" type=\"submit\" value=\"Env\u00edo\" \/>\n<\/p>\n<p>* Obligatorio\n<\/p>\n<p style=\"font-size: small;\"><strong>FAMI S.r.l.<\/strong> Via Stazione Rossano 13<br \/>\n36027 Ros\u00e0 Vicenza Italia<br \/>\nTel. +39 0424 585455<br \/>\nFax. +39 0424 585482\n<\/p><div class=\"wpcf7-response-output\" aria-hidden=\"true\"><\/div>\n<\/form>\n<\/div>\n\n","protected":false},"excerpt":{"rendered":"<p>Contacto<\/p>\n","protected":false},"author":470,"featured_media":0,"parent":25572,"menu_order":0,"comment_status":"closed","ping_status":"closed","template":"","meta":[],"acf":[],"yoast_head":"<!-- This site is optimized with the Yoast SEO plugin v20.11 - https:\/\/yoast.com\/wordpress\/plugins\/seo\/ -->\n<title>Cont\u00e1ctenos para una cotizaci\u00f3n de equipamiento<\/title>\n<meta name=\"description\" content=\"Store Van opera en Italia y tambi\u00e9n en el exterior gracias a nuestras filiales y nuestros distribuidores. Cont\u00e1ctenos para una cotizaci\u00f3n de equipamiento!\" \/>\n<meta name=\"robots\" content=\"index, follow, max-snippet:-1, max-image-preview:large, max-video-preview:-1\" \/>\n<link rel=\"canonical\" href=\"https:\/\/www.storevan.com\/azienda\/contattaci\/\" \/>\n<meta property=\"og:locale\" content=\"es_ES\" \/>\n<meta property=\"og:type\" content=\"article\" \/>\n<meta property=\"og:title\" content=\"Cont\u00e1ctenos para una cotizaci\u00f3n de equipamiento\" \/>\n<meta property=\"og:description\" content=\"Store Van opera en Italia y tambi\u00e9n en el exterior gracias a nuestras filiales y nuestros distribuidores. Cont\u00e1ctenos para una cotizaci\u00f3n de equipamiento!\" \/>\n<meta property=\"og:url\" content=\"https:\/\/www.storevan.com\/azienda\/contattaci\/\" \/>\n<meta property=\"og:site_name\" content=\"Store Van\" \/>\n<meta property=\"article:modified_time\" content=\"2020-12-18T15:59:46+00:00\" \/>\n<script type=\"application\/ld+json\" class=\"yoast-schema-graph\">{\"@context\":\"https:\/\/schema.org\",\"@graph\":[{\"@type\":\"WebPage\",\"@id\":\"https:\/\/www.storevan.com\/azienda\/contattaci\/\",\"url\":\"https:\/\/www.storevan.com\/azienda\/contattaci\/\",\"name\":\"Cont\u00e1ctenos para una cotizaci\u00f3n de equipamiento\",\"isPartOf\":{\"@id\":\"https:\/\/www.storevan.com\/pl\/#website\"},\"datePublished\":\"2016-04-13T08:59:39+00:00\",\"dateModified\":\"2020-12-18T15:59:46+00:00\",\"description\":\"Store Van opera en Italia y tambi\u00e9n en el exterior gracias a nuestras filiales y nuestros distribuidores. Cont\u00e1ctenos para una cotizaci\u00f3n de equipamiento!\",\"breadcrumb\":{\"@id\":\"https:\/\/www.storevan.com\/azienda\/contattaci\/#breadcrumb\"},\"inLanguage\":\"es\",\"potentialAction\":[{\"@type\":\"ReadAction\",\"target\":[\"https:\/\/www.storevan.com\/azienda\/contattaci\/\"]}]},{\"@type\":\"BreadcrumbList\",\"@id\":\"https:\/\/www.storevan.com\/azienda\/contattaci\/#breadcrumb\",\"itemListElement\":[{\"@type\":\"ListItem\",\"position\":1,\"name\":\"Home\",\"item\":\"https:\/\/www.storevan.com\/es\/\"},{\"@type\":\"ListItem\",\"position\":2,\"name\":\"Empresa\",\"item\":\"https:\/\/www.storevan.com\/azienda\/\"},{\"@type\":\"ListItem\",\"position\":3,\"name\":\"Contacto\"}]},{\"@type\":\"WebSite\",\"@id\":\"https:\/\/www.storevan.com\/pl\/#website\",\"url\":\"https:\/\/www.storevan.com\/pl\/\",\"name\":\"Store Van\",\"description\":\"Equipamientos furgonetas\",\"potentialAction\":[{\"@type\":\"SearchAction\",\"target\":{\"@type\":\"EntryPoint\",\"urlTemplate\":\"https:\/\/www.storevan.com\/pl\/?s={search_term_string}\"},\"query-input\":\"required name=search_term_string\"}],\"inLanguage\":\"es\"}]}<\/script>\n<!-- \/ Yoast SEO plugin. -->","yoast_head_json":{"title":"Cont\u00e1ctenos para una cotizaci\u00f3n de equipamiento","description":"Store Van opera en Italia y tambi\u00e9n en el exterior gracias a nuestras filiales y nuestros distribuidores. Cont\u00e1ctenos para una cotizaci\u00f3n de equipamiento!","robots":{"index":"index","follow":"follow","max-snippet":"max-snippet:-1","max-image-preview":"max-image-preview:large","max-video-preview":"max-video-preview:-1"},"canonical":"https:\/\/www.storevan.com\/azienda\/contattaci\/","og_locale":"es_ES","og_type":"article","og_title":"Cont\u00e1ctenos para una cotizaci\u00f3n de equipamiento","og_description":"Store Van opera en Italia y tambi\u00e9n en el exterior gracias a nuestras filiales y nuestros distribuidores. Cont\u00e1ctenos para una cotizaci\u00f3n de equipamiento!","og_url":"https:\/\/www.storevan.com\/azienda\/contattaci\/","og_site_name":"Store Van","article_modified_time":"2020-12-18T15:59:46+00:00","schema":{"@context":"https:\/\/schema.org","@graph":[{"@type":"WebPage","@id":"https:\/\/www.storevan.com\/azienda\/contattaci\/","url":"https:\/\/www.storevan.com\/azienda\/contattaci\/","name":"Cont\u00e1ctenos para una cotizaci\u00f3n de equipamiento","isPartOf":{"@id":"https:\/\/www.storevan.com\/pl\/#website"},"datePublished":"2016-04-13T08:59:39+00:00","dateModified":"2020-12-18T15:59:46+00:00","description":"Store Van opera en Italia y tambi\u00e9n en el exterior gracias a nuestras filiales y nuestros distribuidores. Cont\u00e1ctenos para una cotizaci\u00f3n de equipamiento!","breadcrumb":{"@id":"https:\/\/www.storevan.com\/azienda\/contattaci\/#breadcrumb"},"inLanguage":"es","potentialAction":[{"@type":"ReadAction","target":["https:\/\/www.storevan.com\/azienda\/contattaci\/"]}]},{"@type":"BreadcrumbList","@id":"https:\/\/www.storevan.com\/azienda\/contattaci\/#breadcrumb","itemListElement":[{"@type":"ListItem","position":1,"name":"Home","item":"https:\/\/www.storevan.com\/es\/"},{"@type":"ListItem","position":2,"name":"Empresa","item":"https:\/\/www.storevan.com\/azienda\/"},{"@type":"ListItem","position":3,"name":"Contacto"}]},{"@type":"WebSite","@id":"https:\/\/www.storevan.com\/pl\/#website","url":"https:\/\/www.storevan.com\/pl\/","name":"Store Van","description":"Equipamientos furgonetas","potentialAction":[{"@type":"SearchAction","target":{"@type":"EntryPoint","urlTemplate":"https:\/\/www.storevan.com\/pl\/?s={search_term_string}"},"query-input":"required name=search_term_string"}],"inLanguage":"es"}]}},"_links":{"self":[{"href":"https:\/\/www.storevan.com\/es\/wp-json\/wp\/v2\/pages\/25643"}],"collection":[{"href":"https:\/\/www.storevan.com\/es\/wp-json\/wp\/v2\/pages"}],"about":[{"href":"https:\/\/www.storevan.com\/es\/wp-json\/wp\/v2\/types\/page"}],"author":[{"embeddable":true,"href":"https:\/\/www.storevan.com\/es\/wp-json\/wp\/v2\/users\/470"}],"replies":[{"embeddable":true,"href":"https:\/\/www.storevan.com\/es\/wp-json\/wp\/v2\/comments?post=25643"}],"version-history":[{"count":9,"href":"https:\/\/www.storevan.com\/es\/wp-json\/wp\/v2\/pages\/25643\/revisions"}],"predecessor-version":[{"id":122941,"href":"https:\/\/www.storevan.com\/es\/wp-json\/wp\/v2\/pages\/25643\/revisions\/122941"}],"up":[{"embeddable":true,"href":"https:\/\/www.storevan.com\/es\/wp-json\/wp\/v2\/pages\/25572"}],"wp:attachment":[{"href":"https:\/\/www.storevan.com\/es\/wp-json\/wp\/v2\/media?parent=25643"}],"curies":[{"name":"wp","href":"https:\/\/api.w.org\/{rel}","templated":true}]}}