{"id":137918,"date":"2018-04-19T12:36:06","date_gmt":"2018-04-19T12:36:06","guid":{"rendered":"https:\/\/www.storevan.com\/?page_id=137918"},"modified":"2022-04-26T13:01:25","modified_gmt":"2022-04-26T13:01:25","slug":"citroen-nemo-l1-h1-mobile","status":"publish","type":"page","link":"https:\/\/www.storevan.com\/es\/equipamiento-para-furgonetas\/citroen-nemo-l1-h1-mobile\/","title":{"rendered":"Citroen Nemo L1 H1 \u2013 Mobile"},"content":{"rendered":"<h1 class=\"customblackTitleSmall\">Equipamiento para furgonetas Nemo L1 H1<\/h1>\n<h2>Soluciones de equipamiento Nemo Mobile: La integraci\u00f3n perfecta entre el veh\u00edculo y el equipamiento para taller m\u00f3vil.<\/h2>\n<p>Mire los ejemplos de equipamiento Nemo Cargo para tomar como ejemplo para su furgoneta, que se convertir\u00e1 en la tarjeta de visita para los clientes.<\/p>\n<hr \/>\n<h4 class=\"bigTxt\">\u00bfTIENE OTRA VERSI\u00d3N DE NEMO? VEA OTROS EJEMPLOS PARA:<\/h4>\n<div class=\"filterMenu\">\n<div class=\"col-xs-12 col-sm-12 col-md-12 colFilter\">\n<div class=\"accordian\"><h3 class=\"toggle \"><a href=\"#\"><span class=\"arrow\"><\/span>L1 H1<\/a><\/h3><div class=\"toggle-content \" style=\"\">\n<ul>\n<li class=\"linkFilter\"><a title=\"Ejemplo equipamiento Nemo L1 H1 Safety\" href=\"https:\/\/www.storevan.com\/es\/equipamiento-para-furgonetas\/citroen-nemo-l1-h1-safety\/\">Safety<\/a><\/li>\n<li class=\"linkFilter\"><a title=\"Esempio allestimento Nemo L1 H1 Professional\" href=\"https:\/\/www.storevan.com\/es\/equipamiento-para-furgonetas\/citroen-nemo-l1-h1-professional\/\">Professional<\/a><\/li>\n<li class=\"linkFilter\">Mobile<\/li>\n<li class=\"linkFilter\"><a title=\"Ejemplo equipamiento Nemo L1 H1 Floor Up\" href=\"https:\/\/www.storevan.com\/es\/equipamiento-para-furgonetas\/citroen-nemo-l1-h1-floor-up\/\">Floor Up<\/a><\/li>\n<\/ul>\n<\/div><\/div>\n<\/div>\n<\/div>\n<div class=\"break\"><\/div>\n<hr \/>\n<div class=\"btnAllestimento\">\n<a class=\"btn btn-primary col-xs-12 col-md-3 text-left pull-left\" href=\"https:\/\/www.storevan.com\/es\/equipamientos-vehiculos-comerciales\/furgonetas-citroen\/nemo\/\"><i class=\"fa fa-angle-double-left\"><\/i> VOLVER NEMO<\/a><a class=\"btn btn-primary col-xs-12 col-md-3 text-right pull-right\" href=\"https:\/\/www.storevan.com\/es\/equipamientos-vehiculos-comerciales\/furgonetas-citroen\/nemo\/suelos-paneles\/\">SUELOS Y PANELES <i class=\"fa fa-angle-double-right\"><\/i><\/a>\n<\/div>\n<div class=\"break\"><\/div>\n<p><strong>*Juego de fijaci\u00f3n inclu\u00eddo<\/strong><\/p>\n<h3 class=\"bigTxt text-center txtGrey\">Soluciones Mobile completas para Nemo L1 H1<\/h3>\n<div class=\"ts-gallery\">\n<div class=\"one_half\">\n<hr class=\"noColor\"\/>\n<a href=\"https:\/\/www.storevan.com\/wp-content\/uploads\/veicoli\/fiat\/fiorino\/FI-L1H1-M1.jpg\"><img decoding=\"async\" loading=\"lazy\" class=\"aligncenter wp-image-66747 size-full\" src=\"https:\/\/www.storevan.com\/wp-content\/uploads\/veicoli\/fiat\/fiorino\/FI-L1H1-M1.jpg\" alt=\"Equipamiento Nemo Mobile FI L1H1 M1*\" width=\"800\" height=\"550\" \/><\/a><br \/>\n<\/div>\n<div class=\"one_half last\">\n<hr class=\"noColor\"\/>\n<div class=\"txtBlue\">EJEMPLO FI L1H1 M1*<\/div>\n<p><strong>Ejemplo de soluci\u00f3n compuesto por:<\/strong><\/p>\n<table class=\"table\">\n<tbody>\n<tr>\n<td>1x FI 1009 P1<br \/>\n1 x F22 SF FI10K1 B0 1S<br \/>\n1 x F22 FC V18029 10 00<br \/>\n1 x F22 FC V18029 05 00<br \/>\n4 x F22 FC V22106 00 00<br \/>\n2 x F22 FC V22734 00 00<br \/>\n1 x F22 SB CPV080 00 01<br \/>\n1 x F22 SB BOX080 00 01<\/td>\n<\/tr>\n<\/tbody>\n<\/table>\n<\/div><div class=\"clearboth\"><\/div>\n<\/p><\/div>\n<hr noshade=\"noshade\" size=\"1\" \/>\n<h3 class=\"bigTxt text-center txtGrey\">Ejemplos de estanter\u00edas para furgonetas Mobile para Nemo L1 H1<\/h3>\n<div class=\"ts-gallery\"><div class=\"one_third\">\n<a href=\"https:\/\/www.storevan.com\/wp-content\/uploads\/veicoli\/fiat\/fiorino\/FI-1009-M1.jpg\"><img decoding=\"async\" loading=\"lazy\" class=\"aligncenter size-medium wp-image-66779\" src=\"https:\/\/www.storevan.com\/wp-content\/uploads\/veicoli\/fiat\/fiorino\/FI-1009-M1-350.jpg\" alt=\"Equipamiento Nemo FI-1009-M1\" width=\"350\" height=\"241\" \/><\/a><\/p>\n<div class=\"txtBlue\">EJEMPLO<\/div>\n<table class=\"table\">\n<tbody>\n<tr>\n<td class=\"TESTOblu\">FI 1009 M1*<\/td>\n<td rowspan=\"2\"><img decoding=\"async\" loading=\"lazy\" class=\"alignnone size-full wp-image-62979\" src=\"https:\/\/www.storevan.com\/wp-content\/uploads\/2018\/02\/ZONE-23.jpg\" alt=\"ZONE-23\" width=\"120\" height=\"55\" \/><\/td>\n<\/tr>\n<tr class=\"border_topGrey\">\n<td>A=1016 P=365 H=900 mm<\/td>\n<\/tr>\n<\/tbody>\n<\/table>\n<\/div><div class=\"one_third\">\n<a href=\"https:\/\/www.storevan.com\/wp-content\/uploads\/veicoli\/fiat\/fiorino\/FI-1009-P2.jpg\"><img decoding=\"async\" loading=\"lazy\" class=\"aligncenter size-medium wp-image-66785\" src=\"https:\/\/www.storevan.com\/wp-content\/uploads\/veicoli\/fiat\/fiorino\/FI-1009-P2-350.jpg\" alt=\"Equipamiento Nemo FI-1009-P2\" width=\"350\" height=\"241\" \/><\/a><\/p>\n<div class=\"txtBlue\">EJEMPLO<\/div>\n<table class=\"table\">\n<tbody>\n<tr>\n<td class=\"TESTOblu\">FI 1009 M2*<\/td>\n<td rowspan=\"2\"><img decoding=\"async\" loading=\"lazy\" class=\"alignnone size-full wp-image-62979\" src=\"https:\/\/www.storevan.com\/wp-content\/uploads\/2018\/02\/ZONE-23.jpg\" alt=\"ZONE-23\" width=\"120\" height=\"55\" \/><\/td>\n<\/tr>\n<tr class=\"border_topGrey\">\n<td>A=1016 P=365 H=900 mm<\/td>\n<\/tr>\n<\/tbody>\n<\/table>\n<\/div><div class=\"one_third last\">\n<a href=\"https:\/\/www.storevan.com\/wp-content\/uploads\/veicoli\/fiat\/fiorino\/FI-1009-M3.jpg\"><img decoding=\"async\" loading=\"lazy\" class=\"aligncenter size-medium wp-image-66791\" src=\"https:\/\/www.storevan.com\/wp-content\/uploads\/veicoli\/fiat\/fiorino\/FI-1009-M3-350.jpg\" alt=\"Equipamiento Nemo FI-1009-M3\" width=\"350\" height=\"241\" \/><\/a><\/p>\n<div class=\"txtBlue\">EJEMPLO<\/div>\n<table class=\"table\">\n<tbody>\n<tr>\n<td class=\"TESTOblu\">FI 1009 M3*<\/td>\n<td rowspan=\"2\"><img decoding=\"async\" loading=\"lazy\" class=\"alignnone size-full wp-image-62979\" src=\"https:\/\/www.storevan.com\/wp-content\/uploads\/2018\/02\/ZONE-23.jpg\" alt=\"ZONE-23\" width=\"120\" height=\"55\" \/><\/td>\n<\/tr>\n<tr class=\"border_topGrey\">\n<td>A=1016 P=365 H=900 mm<\/td>\n<\/tr>\n<\/tbody>\n<\/table>\n<\/div><div class=\"clearboth\"><\/div>\n<\/p><\/div>\n<hr noshade=\"noshade\" size=\"1\" \/>\n<div class=\"ts-gallery\">\n<div class=\"one_third\">\n<a href=\"https:\/\/www.storevan.com\/wp-content\/uploads\/veicoli\/fiat\/fiorino\/FI-0509-M1.jpg\"><img decoding=\"async\" loading=\"lazy\" class=\"aligncenter size-medium wp-image-66761\" src=\"https:\/\/www.storevan.com\/wp-content\/uploads\/veicoli\/fiat\/fiorino\/FI-0509-M1-350.jpg\" alt=\"Equipamiento Nemo FI-0509-M1\" width=\"350\" height=\"241\" \/><\/a><\/p>\n<div class=\"txtBlue\">EJEMPLO<\/div>\n<table class=\"table\">\n<tbody>\n<tr>\n<td class=\"TESTOblu\">FI 0509 M1*<\/td>\n<td rowspan=\"2\"><img decoding=\"async\" loading=\"lazy\" class=\"alignnone size-full wp-image-62973\" src=\"https:\/\/www.storevan.com\/wp-content\/uploads\/2018\/02\/ZONE-5.jpg\" alt=\"ZONE-5\" width=\"120\" height=\"55\" \/><\/td>\n<\/tr>\n<tr class=\"border_topGrey\">\n<td>A=508 P=365 H=900 mm<\/td>\n<\/tr>\n<\/tbody>\n<\/table>\n<\/div><div class=\"one_third last\">\n<a href=\"https:\/\/www.storevan.com\/wp-content\/uploads\/veicoli\/fiat\/fiorino\/FI-0509-M2.jpg\"><img decoding=\"async\" loading=\"lazy\" class=\"aligncenter size-medium wp-image-66773\" src=\"https:\/\/www.storevan.com\/wp-content\/uploads\/veicoli\/fiat\/fiorino\/FI-0509-M2-350.jpg\" alt=\"Equipamiento Nemo FI-0509-M2\" width=\"350\" height=\"241\" \/><\/a><\/p>\n<div class=\"txtBlue\">EJEMPLO<\/div>\n<table class=\"table\">\n<tbody>\n<tr>\n<td class=\"TESTOblu\">FI 0509 M2*<\/td>\n<td rowspan=\"2\"><img decoding=\"async\" loading=\"lazy\" class=\"alignnone size-full wp-image-62973\" src=\"https:\/\/www.storevan.com\/wp-content\/uploads\/2018\/02\/ZONE-5.jpg\" alt=\"ZONE-5\" width=\"120\" height=\"55\" \/><\/td>\n<\/tr>\n<tr class=\"border_topGrey\">\n<td>A=508 P=365 H=900 mm<\/td>\n<\/tr>\n<\/tbody>\n<\/table>\n<\/div><div class=\"clearboth\"><\/div>\n<\/p><\/div>\n<p><strong>No importa qu\u00e9 trabajo haga, lo importante es que lo haga del mejor modo y con los mejores medios disponibles.<\/strong><\/p>\n<p>Si usted piensa tambi\u00e9n como nosotros, \u00a1podemos comenzar a hablar de eso! Un equipamiento Store Van no es solo una replica de un taller m\u00f3vil con el mime\u00f3grafo, sino que es la creatividad empresarial que establece una relaci\u00f3n entre el profesional y su furgoneta, fundamental para lograr resultados beneficiosos, valorizando las cualidades distintivas de cada uno.<\/p>\n<p>Al igual que en cualquier trabajo de equipo digno de este nombre se organiza la estrategia, primero en el departamento t\u00e9cnico y despu\u00e9s en los talleres autorizados Store Van, destinada a obtener los mejores resultados aprovechando el talento, competencia, experiencia y capacidad de las personas de apoyarse mutuamente, y esa habilidad e inventiva que surgen de confrontar ideas.<\/p>\n<hr class=\"noColor\" \/>\n<p class=\"btn btnLink\"><strong>Haga clic aqu\u00ed para saber m\u00e1s sobre las soluciones <a title=\"Soluciones de equipamiento interior Safety, Professional, Mobile\" href=\"https:\/\/www.storevan.com\/allestimenti-interni-furgoni\/\" style=\"margin-right:0;\">SAFETY, PROFESSIONAL, MOBILE<\/a> y <a title=\"Soluciones de equipamiento interior Floor Up\" href=\"https:\/\/www.storevan.com\/prodotti\/allestimenti-pianale-rialzato-sottopianale\/\">FLOOR UP<\/a><\/strong><\/p>\n<hr class=\"noColor\" \/>\n<div class=\"col-xs-12 col-sm-12 col-md-6\">\n<div class=\"text-center\"><a class=\"btn btn-download\" href=\"tel:+390424585455\"><i class=\"fa fa-phone\"><\/i> <span class=\"spanBtn\">LLAME AHORA<\/span><br \/>\npara cualquier informaci\u00f3n<\/a><\/div>\n<\/div>\n<div class=\"col-xs-12 col-sm-12 col-md-6\">\n<div class=\"text-center\"><a class=\"btn btn-download\" href=\"https:\/\/www.storevan.com\/wp-content\/uploads\/doc\/CITROEN_NEMO_Equipamiento_Wyposazenie_StoreVan_espl.pdf\" target=\"_blank\" rel=\"noopener\"><i class=\"fa fa-download\"><\/i> <span class=\"spanBtn\">DOWNLOAD<\/span><br \/>\nCAT\u00c1LOGO NEMO<\/a><\/div>\n<\/div>\n<div class=\"break\"><\/div>\n<hr class=\"noColor\" \/>\n<h4 class=\"bigTxt text-center txtBkOrange\"><i class=\"fa fa-envelope pull-left\"><\/i>\u00bfQUIERES SABER M\u00c1S?<\/h4>\n\n<div class=\"wpcf7 no-js\" id=\"wpcf7-f67674-o1\" lang=\"it-IT\" dir=\"ltr\">\n<div class=\"screen-reader-response\"><p role=\"status\" aria-live=\"polite\" aria-atomic=\"true\"><\/p> <ul><\/ul><\/div>\n<form action=\"\/es\/wp-json\/wp\/v2\/pages\/137918#wpcf7-f67674-o1\" method=\"post\" class=\"wpcf7-form init\" aria-label=\"Modulo di contatto\" novalidate=\"novalidate\" data-status=\"init\">\n<div style=\"display: none;\">\n<input type=\"hidden\" name=\"_wpcf7\" value=\"67674\" \/>\n<input type=\"hidden\" name=\"_wpcf7_version\" value=\"5.7.7\" \/>\n<input type=\"hidden\" name=\"_wpcf7_locale\" value=\"it_IT\" \/>\n<input type=\"hidden\" name=\"_wpcf7_unit_tag\" value=\"wpcf7-f67674-o1\" \/>\n<input type=\"hidden\" name=\"_wpcf7_container_post\" value=\"0\" \/>\n<input type=\"hidden\" name=\"_wpcf7_posted_data_hash\" value=\"\" \/>\n<input type=\"hidden\" name=\"_wpcf7_recaptcha_response\" value=\"\" \/>\n<\/div>\n<span class=\"wpcf7-form-control-wrap url\" data-name=\"url\"><input type=\"hidden\" name=\"url\" size=\"40\" class=\"wpcf7-form-control wpcf7-hidden wpcf7dtx wpcf7dtx-hidden\" aria-invalid=\"false\" value=\"citroen-nemo-l1-h1-mobile\" autocomplete=\"off\" \/><\/span>\n<p>Complete los siguientes campos para recibir m\u00e1s informaci\u00f3n. Uno de nuestros operadores se pondr\u00e1 en contacto con usted lo antes posible (* campos obligatorios):\n<\/p>\n<div class=\"col-xs-12 col-md-6\">\n\t<p><span class='titoli'>Nombre (*)<\/span>\n\t<\/p>\n\t<p><span class=\"wpcf7-form-control-wrap\" data-name=\"your-name\"><input size=\"40\" class=\"wpcf7-form-control wpcf7-text wpcf7-validates-as-required form-control\" aria-required=\"true\" aria-invalid=\"false\" value=\"\" type=\"text\" name=\"your-name\" \/><\/span>\n\t<\/p>\n<\/div>\n<div class=\"col-xs-12 col-md-6\">\n\t<p><span class='titoli'>Apellidos (*)<\/span>\n\t<\/p>\n\t<p><span class=\"wpcf7-form-control-wrap\" data-name=\"your-last-name\"><input size=\"40\" class=\"wpcf7-form-control wpcf7-text wpcf7-validates-as-required form-control\" aria-required=\"true\" aria-invalid=\"false\" value=\"\" type=\"text\" name=\"your-last-name\" \/><\/span>\n\t<\/p>\n<\/div>\n<div class=\"col-xs-12 col-md-6\">\n\t<p><span class='titoli'>Empresa(*)<\/span>\n\t<\/p>\n\t<p><span class=\"wpcf7-form-control-wrap\" data-name=\"your-company\"><input size=\"40\" class=\"wpcf7-form-control wpcf7-text wpcf7-validates-as-required form-control\" aria-required=\"true\" aria-invalid=\"false\" value=\"\" type=\"text\" name=\"your-company\" \/><\/span>\n\t<\/p>\n<\/div>\n<div class=\"col-xs-12 col-md-6\">\n\t<p><span class='titoli'>C\u00f3d. NIF<\/span>\n\t<\/p>\n\t<p><span class=\"wpcf7-form-control-wrap\" data-name=\"p-iva\"><input size=\"40\" class=\"wpcf7-form-control wpcf7-text form-control\" aria-invalid=\"false\" value=\"\" type=\"text\" name=\"p-iva\" \/><\/span>\n\t<\/p>\n<\/div>\n<div class=\"clearboth\">\n<\/div>\n<div class=\"col-xs-12 col-md-4\">\n\t<p><span class='titoli'>C\u00f3digo Postal(*)<\/span>\n\t<\/p>\n\t<p><span class=\"wpcf7-form-control-wrap\" data-name=\"your-zip-code\"><input size=\"40\" class=\"wpcf7-form-control wpcf7-text wpcf7-validates-as-required form-control\" aria-required=\"true\" aria-invalid=\"false\" value=\"\" type=\"text\" name=\"your-zip-code\" \/><\/span>\n\t<\/p>\n<\/div>\n<div class=\"col-xs-12 col-md-4\">\n\t<p><span class='titoli'>Direcci\u00f3n (*)<\/span>\n\t<\/p>\n\t<p><span class=\"wpcf7-form-control-wrap\" data-name=\"your-address\"><input size=\"40\" class=\"wpcf7-form-control wpcf7-text wpcf7-validates-as-required form-control\" aria-required=\"true\" aria-invalid=\"false\" value=\"\" type=\"text\" name=\"your-address\" \/><\/span>\n\t<\/p>\n<\/div>\n<div class=\"col-xs-12 col-md-4\">\n\t<p><span class='titoli'>Ciudad (*)<\/span>\n\t<\/p>\n\t<p><span class=\"wpcf7-form-control-wrap\" data-name=\"your-Town\"><input size=\"40\" class=\"wpcf7-form-control wpcf7-text wpcf7-validates-as-required form-control\" aria-required=\"true\" aria-invalid=\"false\" value=\"\" type=\"text\" name=\"your-Town\" \/><\/span>\n\t<\/p>\n<\/div>\n<div class=\"clearboth\">\n<\/div>\n<div class=\"col-xs-12 col-md-6\">\n\t<p><span class='titoli'>email (*)<\/span>\n\t<\/p>\n\t<p><span class=\"wpcf7-form-control-wrap\" data-name=\"your-email\"><input size=\"40\" class=\"wpcf7-form-control wpcf7-text wpcf7-email wpcf7-validates-as-required wpcf7-validates-as-email form-control\" aria-required=\"true\" aria-invalid=\"false\" value=\"\" type=\"email\" name=\"your-email\" \/><\/span>\n\t<\/p>\n<\/div>\n<div class=\"col-xs-12 col-md-6\">\n\t<p><span class='titoli'>Tel\u00e9fono (*)<\/span>\n\t<\/p>\n\t<p><span class=\"wpcf7-form-control-wrap\" data-name=\"telefono\"><input size=\"40\" class=\"wpcf7-form-control wpcf7-text wpcf7-tel wpcf7-validates-as-required wpcf7-validates-as-tel form-control\" aria-required=\"true\" aria-invalid=\"false\" value=\"\" type=\"tel\" name=\"telefono\" \/><\/span>\n\t<\/p>\n<\/div>\n<div class=\"clearboth\">\n<\/div>\n<div class=\"col-xs-12 col-md-6\">\n\t<p><span class='titoli'>Objeto <\/span>\n\t<\/p>\n\t<p><span class=\"wpcf7-form-control-wrap\" data-name=\"oggetto\"><select class=\"wpcf7-form-control wpcf7-select wpcf7-validates-as-required\" aria-required=\"true\" aria-invalid=\"false\" name=\"oggetto\"><option value=\"Solicitud de presupuesto\">Solicitud de presupuesto<\/option><option value=\"Informaci\u00f3n t\u00e9cnica\">Informaci\u00f3n t\u00e9cnica<\/option><option value=\"Cita\">Cita<\/option><\/select><\/span>\n\t<\/p>\n<\/div>\n<div class=\"col-xs-12 col-md-6\">\n\t<p><br \/>\n<span class=\"titoli\"> <span class=\"wpcf7-form-control-wrap\" data-name=\"cliente\"><span class=\"wpcf7-form-control wpcf7-checkbox\"><span class=\"wpcf7-list-item first last\"><label><span class=\"wpcf7-list-item-label\">Soy un cliente<\/span><input type=\"checkbox\" name=\"cliente[]\" value=\"Soy un cliente\" \/><\/label><\/span><\/span><\/span><\/span>\n\t<\/p>\n<\/div>\n<div class=\"col-xs-12 col-md-12\">\n\t<p><span class='titoli'>Mensaje (*)<\/span>\n\t<\/p>\n\t<p><span class=\"wpcf7-form-control-wrap\" data-name=\"your-message\"><textarea cols=\"40\" rows=\"10\" class=\"wpcf7-form-control wpcf7-textarea wpcf7-validates-as-required form-control\" aria-required=\"true\" aria-invalid=\"false\" name=\"your-message\"><\/textarea><\/span>\n\t<\/p>\n<\/div>\n<div class=\"col-xs-12 col-md-12\">\n\t<p><small>Los datos introducidos ser\u00e1n tratados con estricta confidencialidad de acuerdo con la ley y con nuestra <a href=\"https:\/\/www.storevan.com\/es\/privacy-policy\/\">pol\u00edtica de privacidad<\/a>.<\/small>\n\t<\/p>\n\t<p><span class=\"wpcf7-form-control-wrap\" data-name=\"AccettazionePrivacy\"><span class=\"wpcf7-form-control wpcf7-acceptance\"><span class=\"wpcf7-list-item\"><input type=\"checkbox\" name=\"AccettazionePrivacy\" value=\"1\" aria-invalid=\"false\" \/><\/span><\/span><\/span> Declaro haber le\u00eddo la Informaci\u00f3n sobre la <a href=\"https:\/\/www.storevan.com\/es\/privacy-policy\/\">Privacy<\/a> y autorizo el tratamiento de mis datos personales de conformidad con aquello aqu\u00ed descrito.(*)<br \/>\n\t<span class=\"wpcf7-form-control-wrap recaptcha\" data-name=\"recaptcha\"><span data-sitekey=\"6LdfM4AUAAAAAJjsAucux5WVNA3hsk5KP0a03T_n\" class=\"wpcf7-form-control g-recaptcha wpcf7-recaptcha\"><\/span>\r\n<noscript>\r\n\t<div class=\"grecaptcha-noscript\">\r\n\t\t<iframe src=\"https:\/\/www.google.com\/recaptcha\/api\/fallback?k=6LdfM4AUAAAAAJjsAucux5WVNA3hsk5KP0a03T_n\" frameborder=\"0\" scrolling=\"no\" width=\"310\" height=\"430\">\r\n\t\t<\/iframe>\r\n\t\t<textarea name=\"g-recaptcha-response\" rows=\"3\" cols=\"40\" placeholder=\"Aqu\u00ed la respuesta de reCAPTCHA\">\r\n\t\t<\/textarea>\r\n\t<\/div>\r\n<\/noscript>\r\n<\/span>\n\t<\/p>\n<\/div>\n<hr class=\"noColor\" \/>\n<p><input class=\"wpcf7-form-control has-spinner wpcf7-submit\" type=\"submit\" value=\"Env\u00edo\" \/>\n<\/p><div class=\"wpcf7-response-output\" aria-hidden=\"true\"><\/div>\n<\/form>\n<\/div>\n\n","protected":false},"excerpt":{"rendered":"<p>Equipamiento para furgonetas Nemo L1 H1 Soluciones de equipamiento Nemo Mobile: La integraci\u00f3n perfecta entre el veh\u00edculo y el equipamiento para taller m\u00f3vil. Mire los ejemplos de equipamiento Nemo Cargo.<\/p>\n","protected":false},"author":522,"featured_media":0,"parent":67889,"menu_order":0,"comment_status":"closed","ping_status":"closed","template":"","meta":[],"acf":[],"yoast_head":"<!-- This site is optimized with the Yoast SEO plugin v20.11 - https:\/\/yoast.com\/wordpress\/plugins\/seo\/ -->\n<title>Equipamiento para furgonetas Nemo L1 H1 Mobile<\/title>\n<meta name=\"description\" content=\"Muchos ejemplos de equipamiento Nemo para transformar su furgoneta en un aut\u00e9ntico taller m\u00f3vil. Estanter\u00edas modulares dise\u00f1adas ad hoc y estudiadas para un nivel excelente de seguridad y fijaci\u00f3n de la carga. \u00a1Componga ahora su equipamiento Nemo!\" \/>\n<meta name=\"robots\" content=\"index, follow, max-snippet:-1, max-image-preview:large, max-video-preview:-1\" \/>\n<link rel=\"canonical\" href=\"https:\/\/www.storevan.com\/es\/equipamientos-vehiculos-comerciales\/furgonetas-fiat\/doblo\/\" \/>\n<meta property=\"og:locale\" content=\"es_ES\" \/>\n<meta property=\"og:type\" content=\"article\" \/>\n<meta property=\"og:title\" content=\"Equipamiento para furgonetas Nemo L1 H1 Mobile\" \/>\n<meta property=\"og:description\" content=\"Muchos ejemplos de equipamiento Nemo para transformar su furgoneta en un aut\u00e9ntico taller m\u00f3vil. Estanter\u00edas modulares dise\u00f1adas ad hoc y estudiadas para un nivel excelente de seguridad y fijaci\u00f3n de la carga. \u00a1Componga ahora su equipamiento Nemo!\" \/>\n<meta property=\"og:url\" content=\"https:\/\/www.storevan.com\/es\/equipamientos-vehiculos-comerciales\/furgonetas-fiat\/doblo\/\" \/>\n<meta property=\"og:site_name\" content=\"Store Van\" \/>\n<meta property=\"article:modified_time\" content=\"2022-04-26T13:01:25+00:00\" \/>\n<meta property=\"og:image\" content=\"https:\/\/www.storevan.com\/wp-content\/uploads\/veicoli\/fiat\/fiorino\/FI-L1H1-M1.jpg\" \/>\n<meta name=\"twitter:label1\" content=\"Tiempo de lectura\" \/>\n\t<meta name=\"twitter:data1\" content=\"2 minutos\" \/>\n<script type=\"application\/ld+json\" class=\"yoast-schema-graph\">{\"@context\":\"https:\/\/schema.org\",\"@graph\":[{\"@type\":\"WebPage\",\"@id\":\"https:\/\/www.storevan.com\/es\/equipamiento-para-furgonetas\/citroen-nemo-l1-h1-mobile\/\",\"url\":\"https:\/\/www.storevan.com\/es\/equipamientos-vehiculos-comerciales\/furgonetas-fiat\/doblo\/\",\"name\":\"Equipamiento para furgonetas Nemo L1 H1 Mobile\",\"isPartOf\":{\"@id\":\"https:\/\/www.storevan.com\/pl\/#website\"},\"datePublished\":\"2018-04-19T12:36:06+00:00\",\"dateModified\":\"2022-04-26T13:01:25+00:00\",\"description\":\"Muchos ejemplos de equipamiento Nemo para transformar su furgoneta en un aut\u00e9ntico taller m\u00f3vil. Estanter\u00edas modulares dise\u00f1adas ad hoc y estudiadas para un nivel excelente de seguridad y fijaci\u00f3n de la carga. \u00a1Componga ahora su equipamiento Nemo!\",\"breadcrumb\":{\"@id\":\"https:\/\/www.storevan.com\/es\/equipamientos-vehiculos-comerciales\/furgonetas-fiat\/doblo\/#breadcrumb\"},\"inLanguage\":\"es\",\"potentialAction\":[{\"@type\":\"ReadAction\",\"target\":[\"https:\/\/www.storevan.com\/es\/equipamientos-vehiculos-comerciales\/furgonetas-fiat\/doblo\/\"]}]},{\"@type\":\"BreadcrumbList\",\"@id\":\"https:\/\/www.storevan.com\/es\/equipamientos-vehiculos-comerciales\/furgonetas-fiat\/doblo\/#breadcrumb\",\"itemListElement\":[{\"@type\":\"ListItem\",\"position\":1,\"name\":\"Home\",\"item\":\"https:\/\/www.storevan.com\/es\/\"},{\"@type\":\"ListItem\",\"position\":2,\"name\":\"Equipamiento furgonetas\",\"item\":\"https:\/\/www.storevan.com\/es\/equipamiento-para-furgonetas\/\"},{\"@type\":\"ListItem\",\"position\":3,\"name\":\"Citroen Nemo L1 H1 \u2013 Mobile\"}]},{\"@type\":\"WebSite\",\"@id\":\"https:\/\/www.storevan.com\/pl\/#website\",\"url\":\"https:\/\/www.storevan.com\/pl\/\",\"name\":\"Store Van\",\"description\":\"Equipamientos furgonetas\",\"potentialAction\":[{\"@type\":\"SearchAction\",\"target\":{\"@type\":\"EntryPoint\",\"urlTemplate\":\"https:\/\/www.storevan.com\/pl\/?s={search_term_string}\"},\"query-input\":\"required name=search_term_string\"}],\"inLanguage\":\"es\"}]}<\/script>\n<!-- \/ Yoast SEO plugin. -->","yoast_head_json":{"title":"Equipamiento para furgonetas Nemo L1 H1 Mobile","description":"Muchos ejemplos de equipamiento Nemo para transformar su furgoneta en un aut\u00e9ntico taller m\u00f3vil. Estanter\u00edas modulares dise\u00f1adas ad hoc y estudiadas para un nivel excelente de seguridad y fijaci\u00f3n de la carga. \u00a1Componga ahora su equipamiento Nemo!","robots":{"index":"index","follow":"follow","max-snippet":"max-snippet:-1","max-image-preview":"max-image-preview:large","max-video-preview":"max-video-preview:-1"},"canonical":"https:\/\/www.storevan.com\/es\/equipamientos-vehiculos-comerciales\/furgonetas-fiat\/doblo\/","og_locale":"es_ES","og_type":"article","og_title":"Equipamiento para furgonetas Nemo L1 H1 Mobile","og_description":"Muchos ejemplos de equipamiento Nemo para transformar su furgoneta en un aut\u00e9ntico taller m\u00f3vil. Estanter\u00edas modulares dise\u00f1adas ad hoc y estudiadas para un nivel excelente de seguridad y fijaci\u00f3n de la carga. \u00a1Componga ahora su equipamiento Nemo!","og_url":"https:\/\/www.storevan.com\/es\/equipamientos-vehiculos-comerciales\/furgonetas-fiat\/doblo\/","og_site_name":"Store Van","article_modified_time":"2022-04-26T13:01:25+00:00","og_image":[{"url":"https:\/\/www.storevan.com\/wp-content\/uploads\/veicoli\/fiat\/fiorino\/FI-L1H1-M1.jpg"}],"twitter_misc":{"Tiempo de lectura":"2 minutos"},"schema":{"@context":"https:\/\/schema.org","@graph":[{"@type":"WebPage","@id":"https:\/\/www.storevan.com\/es\/equipamiento-para-furgonetas\/citroen-nemo-l1-h1-mobile\/","url":"https:\/\/www.storevan.com\/es\/equipamientos-vehiculos-comerciales\/furgonetas-fiat\/doblo\/","name":"Equipamiento para furgonetas Nemo L1 H1 Mobile","isPartOf":{"@id":"https:\/\/www.storevan.com\/pl\/#website"},"datePublished":"2018-04-19T12:36:06+00:00","dateModified":"2022-04-26T13:01:25+00:00","description":"Muchos ejemplos de equipamiento Nemo para transformar su furgoneta en un aut\u00e9ntico taller m\u00f3vil. Estanter\u00edas modulares dise\u00f1adas ad hoc y estudiadas para un nivel excelente de seguridad y fijaci\u00f3n de la carga. \u00a1Componga ahora su equipamiento Nemo!","breadcrumb":{"@id":"https:\/\/www.storevan.com\/es\/equipamientos-vehiculos-comerciales\/furgonetas-fiat\/doblo\/#breadcrumb"},"inLanguage":"es","potentialAction":[{"@type":"ReadAction","target":["https:\/\/www.storevan.com\/es\/equipamientos-vehiculos-comerciales\/furgonetas-fiat\/doblo\/"]}]},{"@type":"BreadcrumbList","@id":"https:\/\/www.storevan.com\/es\/equipamientos-vehiculos-comerciales\/furgonetas-fiat\/doblo\/#breadcrumb","itemListElement":[{"@type":"ListItem","position":1,"name":"Home","item":"https:\/\/www.storevan.com\/es\/"},{"@type":"ListItem","position":2,"name":"Equipamiento furgonetas","item":"https:\/\/www.storevan.com\/es\/equipamiento-para-furgonetas\/"},{"@type":"ListItem","position":3,"name":"Citroen Nemo L1 H1 \u2013 Mobile"}]},{"@type":"WebSite","@id":"https:\/\/www.storevan.com\/pl\/#website","url":"https:\/\/www.storevan.com\/pl\/","name":"Store Van","description":"Equipamientos furgonetas","potentialAction":[{"@type":"SearchAction","target":{"@type":"EntryPoint","urlTemplate":"https:\/\/www.storevan.com\/pl\/?s={search_term_string}"},"query-input":"required name=search_term_string"}],"inLanguage":"es"}]}},"_links":{"self":[{"href":"https:\/\/www.storevan.com\/es\/wp-json\/wp\/v2\/pages\/137918"}],"collection":[{"href":"https:\/\/www.storevan.com\/es\/wp-json\/wp\/v2\/pages"}],"about":[{"href":"https:\/\/www.storevan.com\/es\/wp-json\/wp\/v2\/types\/page"}],"author":[{"embeddable":true,"href":"https:\/\/www.storevan.com\/es\/wp-json\/wp\/v2\/users\/522"}],"replies":[{"embeddable":true,"href":"https:\/\/www.storevan.com\/es\/wp-json\/wp\/v2\/comments?post=137918"}],"version-history":[{"count":5,"href":"https:\/\/www.storevan.com\/es\/wp-json\/wp\/v2\/pages\/137918\/revisions"}],"predecessor-version":[{"id":144671,"href":"https:\/\/www.storevan.com\/es\/wp-json\/wp\/v2\/pages\/137918\/revisions\/144671"}],"up":[{"embeddable":true,"href":"https:\/\/www.storevan.com\/es\/wp-json\/wp\/v2\/pages\/67889"}],"wp:attachment":[{"href":"https:\/\/www.storevan.com\/es\/wp-json\/wp\/v2\/media?parent=137918"}],"curies":[{"name":"wp","href":"https:\/\/api.w.org\/{rel}","templated":true}]}}