{"id":119447,"date":"2016-11-24T10:39:10","date_gmt":"2016-11-24T10:39:10","guid":{"rendered":"https:\/\/www.storevan.com\/equipamientos-especiales-de-furgonetas-equipadas\/maquinas-expendedoras\/vending-volkswagen-crafter\/"},"modified":"2020-07-31T09:40:33","modified_gmt":"2020-07-31T09:40:33","slug":"equipamiento-especial-para-el-transporte-de-bebidas-volkswagen-crafter","status":"publish","type":"page","link":"https:\/\/www.storevan.com\/es\/equipamientos-especiales-de-furgonetas-equipadas\/maquinas-expendedoras\/equipamiento-especial-para-el-transporte-de-bebidas-volkswagen-crafter\/","title":{"rendered":"Equipamiento especial para el transporte de bebidas"},"content":{"rendered":"<h1 class=\"customblackTitleSmall\">Equipamiento para el transporte de bebidas<\/h1>\n<hr class=\"noColor\" \/>\n<div class=\"one_half\">\n<img decoding=\"async\" loading=\"lazy\" class=\"aligncenter wp-image-109348 size-full\" src=\"https:\/\/www.storevan.com\/wp-content\/uploads\/2019\/10\/v-volkswagen-crafter-00.jpg\" alt=\"Equipamiento para el transporte de bebidas\" width=\"525\" height=\"500\" srcset=\"https:\/\/www.storevan.com\/wp-content\/uploads\/2019\/10\/v-volkswagen-crafter-00.jpg 525w, https:\/\/www.storevan.com\/wp-content\/uploads\/2019\/10\/v-volkswagen-crafter-00-300x286.jpg 300w\" sizes=\"(max-width: 525px) 100vw, 525px\" \/><\/p>\n<p>Repisas con bordes antica\u00edda y fondo de madera con superficie rugosa para una mayor adherencia. Equipamiento para el transporte de bebidas con compartimento para frigor\u00edfico (560x850x1180 mm H). Equipamiento con puntos de fijaci\u00f3n adicionales para la fijaci\u00f3n del material y el transporte seguro.<\/p>\n<\/div><div class=\"one_half last\">\n<h2 class=\"bigTxt txtBkOrange\">EJEMPLO PARA VOLKSWAGEN CRAFTER L3 H2<\/h2>\n<h3>NOTAS T\u00c9CNICAS:<\/h3>\n<ul class=\"arrow nomarg\">\n<li>Equipamiento para el transporte de bebidas con perfiles de acero para veh\u00edculos automotores con tratamiento de cataforesis y pintadas en gris RAL 7000. Perfiles a medida con s\u00f3lidos refuerzos nervados que permiten el montaje de repisas de madera mediante orificios bifaciales;<\/li>\n<li>Repisas de madera con revestimiento fen\u00f3lico gris realizadas en multicapa de abedul de 9 mm de espesor. Resistencia al desgaste, valor Taber de 300 R a 1500 R seg\u00fan (EN 438-2). Resistencia al fuego. Resina fen\u00f3lica resistente a la intemperie seg\u00fan EN 314-2\/clase 3;<\/li>\n<li>Repisas de 100 a 200 kg de capacidad (peso distribuido uniformemente). A cada repisa se aplica una etiqueta con la capacidad m\u00e1xima.<\/li>\n<li><strong>Sin orificios adicionales en el veh\u00edculo para la fijaci\u00f3n del equipamiento.\u00a0<\/strong><\/li>\n<\/ul>\n<hr class=\"noColor\" \/>\n<div class=\"ts-gallery col-md-10 col-md-offset-1\">\n<div class=\"borderTitleCenterOrange\"><\/div>\n<div class=\"col-xs-3 col-md-3\"><a href=\"https:\/\/www.storevan.com\/wp-content\/uploads\/2019\/10\/v-volkswagen-crafter-01.jpg\"><img decoding=\"async\" loading=\"lazy\" src=\"https:\/\/www.storevan.com\/wp-content\/uploads\/2019\/10\/v-volkswagen-crafter-01-150x150.jpg\" alt=\"Equipamiento para Volkswagen Crafter\" width=\"150\" height=\"150\" class=\"aligncenter size-thumbnail wp-image-109354\" srcset=\"https:\/\/www.storevan.com\/wp-content\/uploads\/2019\/10\/v-volkswagen-crafter-01-150x150.jpg 150w, https:\/\/www.storevan.com\/wp-content\/uploads\/2019\/10\/v-volkswagen-crafter-01-48x48.jpg 48w, https:\/\/www.storevan.com\/wp-content\/uploads\/2019\/10\/v-volkswagen-crafter-01-480x480.jpg 480w\" sizes=\"(max-width: 150px) 100vw, 150px\" \/><\/a><\/div>\n<div class=\"col-xs-3 col-md-3\"><a href=\"https:\/\/www.storevan.com\/wp-content\/uploads\/2019\/10\/v-volkswagen-crafter-02-01.jpg\"><img decoding=\"async\" loading=\"lazy\" src=\"https:\/\/www.storevan.com\/wp-content\/uploads\/2019\/10\/v-volkswagen-crafter-02-01-150x150.jpg\" alt=\"Equipamiento para Volkswagen Crafter\" width=\"150\" height=\"150\" class=\"aligncenter size-thumbnail wp-image-109974\" srcset=\"https:\/\/www.storevan.com\/wp-content\/uploads\/2019\/10\/v-volkswagen-crafter-02-01-150x150.jpg 150w, https:\/\/www.storevan.com\/wp-content\/uploads\/2019\/10\/v-volkswagen-crafter-02-01-48x48.jpg 48w, https:\/\/www.storevan.com\/wp-content\/uploads\/2019\/10\/v-volkswagen-crafter-02-01-480x480.jpg 480w\" sizes=\"(max-width: 150px) 100vw, 150px\" \/><\/a><\/div>\n<div class=\"col-xs-3 col-md-3\"><a href=\"https:\/\/www.storevan.com\/wp-content\/uploads\/2019\/10\/v-volkswagen-crafter-03-01.jpg\"><img decoding=\"async\" loading=\"lazy\" src=\"https:\/\/www.storevan.com\/wp-content\/uploads\/2019\/10\/v-volkswagen-crafter-03-01-150x150.jpg\" alt=\"Equipamiento para Volkswagen Crafter\" width=\"150\" height=\"150\" class=\"aligncenter size-thumbnail wp-image-109980\" srcset=\"https:\/\/www.storevan.com\/wp-content\/uploads\/2019\/10\/v-volkswagen-crafter-03-01-150x150.jpg 150w, https:\/\/www.storevan.com\/wp-content\/uploads\/2019\/10\/v-volkswagen-crafter-03-01-48x48.jpg 48w, https:\/\/www.storevan.com\/wp-content\/uploads\/2019\/10\/v-volkswagen-crafter-03-01-480x480.jpg 480w\" sizes=\"(max-width: 150px) 100vw, 150px\" \/><\/a><\/div>\n<div class=\"col-xs-3 col-md-3\"><a href=\"https:\/\/www.storevan.com\/wp-content\/uploads\/2019\/10\/v-volkswagen-crafter-04-01.jpg\"><img decoding=\"async\" loading=\"lazy\" src=\"https:\/\/www.storevan.com\/wp-content\/uploads\/2019\/10\/v-volkswagen-crafter-04-01-150x150.jpg\" alt=\"Equipamiento para Volkswagen Crafter\" width=\"150\" height=\"150\" class=\"aligncenter size-thumbnail wp-image-109986\" srcset=\"https:\/\/www.storevan.com\/wp-content\/uploads\/2019\/10\/v-volkswagen-crafter-04-01-150x150.jpg 150w, https:\/\/www.storevan.com\/wp-content\/uploads\/2019\/10\/v-volkswagen-crafter-04-01-48x48.jpg 48w, https:\/\/www.storevan.com\/wp-content\/uploads\/2019\/10\/v-volkswagen-crafter-04-01-480x480.jpg 480w\" sizes=\"(max-width: 150px) 100vw, 150px\" \/><\/a><\/div>\n<hr class=\"noColor break\" \/>\n<div class=\"borderTitleCenterOrange\"><\/div>\n<\/div>\n<hr class=\"noColor break\" \/>\n<hr \/>\n<div class=\"text-center\"><a class=\"btn btn-download btnToggle\"><i class=\"fa fa-envelope\"><\/i> <span class=\"spanBtn\">ESCR\u00cdBANOS<\/span><br \/>\nle contactaremos lo antes posible<\/a><\/div>\n<\/div><div class=\"clearboth\"><\/div>\n<div class=\"break\"><\/div>\n<hr class=\"noColor\" \/>\n<a name=\"formcontatto\"><\/a><\/p>\n<div class=\"formToggle\">\n<h4 class=\"bigTxt text-center txtBkOrange\"><i class=\"fa fa-envelope pull-left\"><\/i>\u00bfQuieres saber m\u00e1s? Escr\u00edbanos, uno de nuestros asesores lo ayudar\u00e1 a encontrar su soluci\u00f3n.<\/h4>\n\n<div class=\"wpcf7 no-js\" id=\"wpcf7-f67674-o1\" lang=\"it-IT\" dir=\"ltr\">\n<div class=\"screen-reader-response\"><p role=\"status\" aria-live=\"polite\" aria-atomic=\"true\"><\/p> <ul><\/ul><\/div>\n<form action=\"\/es\/wp-json\/wp\/v2\/pages\/119447#wpcf7-f67674-o1\" method=\"post\" class=\"wpcf7-form init\" aria-label=\"Modulo di contatto\" novalidate=\"novalidate\" data-status=\"init\">\n<div style=\"display: none;\">\n<input type=\"hidden\" name=\"_wpcf7\" value=\"67674\" \/>\n<input type=\"hidden\" name=\"_wpcf7_version\" value=\"5.7.7\" \/>\n<input type=\"hidden\" name=\"_wpcf7_locale\" value=\"it_IT\" \/>\n<input type=\"hidden\" name=\"_wpcf7_unit_tag\" value=\"wpcf7-f67674-o1\" \/>\n<input type=\"hidden\" name=\"_wpcf7_container_post\" value=\"0\" \/>\n<input type=\"hidden\" name=\"_wpcf7_posted_data_hash\" value=\"\" \/>\n<input type=\"hidden\" name=\"_wpcf7_recaptcha_response\" value=\"\" \/>\n<\/div>\n<span class=\"wpcf7-form-control-wrap url\" data-name=\"url\"><input type=\"hidden\" name=\"url\" size=\"40\" class=\"wpcf7-form-control wpcf7-hidden wpcf7dtx wpcf7dtx-hidden\" aria-invalid=\"false\" value=\"equipamiento-especial-para-el-transporte-de-bebidas-volkswagen-crafter\" autocomplete=\"off\" \/><\/span>\n<p>Complete los siguientes campos para recibir m\u00e1s informaci\u00f3n. Uno de nuestros operadores se pondr\u00e1 en contacto con usted lo antes posible (* campos obligatorios):\n<\/p>\n<div class=\"col-xs-12 col-md-6\">\n\t<p><span class='titoli'>Nombre (*)<\/span>\n\t<\/p>\n\t<p><span class=\"wpcf7-form-control-wrap\" data-name=\"your-name\"><input size=\"40\" class=\"wpcf7-form-control wpcf7-text wpcf7-validates-as-required form-control\" aria-required=\"true\" aria-invalid=\"false\" value=\"\" type=\"text\" name=\"your-name\" \/><\/span>\n\t<\/p>\n<\/div>\n<div class=\"col-xs-12 col-md-6\">\n\t<p><span class='titoli'>Apellidos (*)<\/span>\n\t<\/p>\n\t<p><span class=\"wpcf7-form-control-wrap\" data-name=\"your-last-name\"><input size=\"40\" class=\"wpcf7-form-control wpcf7-text wpcf7-validates-as-required form-control\" aria-required=\"true\" aria-invalid=\"false\" value=\"\" type=\"text\" name=\"your-last-name\" \/><\/span>\n\t<\/p>\n<\/div>\n<div class=\"col-xs-12 col-md-6\">\n\t<p><span class='titoli'>Empresa(*)<\/span>\n\t<\/p>\n\t<p><span class=\"wpcf7-form-control-wrap\" data-name=\"your-company\"><input size=\"40\" class=\"wpcf7-form-control wpcf7-text wpcf7-validates-as-required form-control\" aria-required=\"true\" aria-invalid=\"false\" value=\"\" type=\"text\" name=\"your-company\" \/><\/span>\n\t<\/p>\n<\/div>\n<div class=\"col-xs-12 col-md-6\">\n\t<p><span class='titoli'>C\u00f3d. NIF<\/span>\n\t<\/p>\n\t<p><span class=\"wpcf7-form-control-wrap\" data-name=\"p-iva\"><input size=\"40\" class=\"wpcf7-form-control wpcf7-text form-control\" aria-invalid=\"false\" value=\"\" type=\"text\" name=\"p-iva\" \/><\/span>\n\t<\/p>\n<\/div>\n<div class=\"clearboth\">\n<\/div>\n<div class=\"col-xs-12 col-md-4\">\n\t<p><span class='titoli'>C\u00f3digo Postal(*)<\/span>\n\t<\/p>\n\t<p><span class=\"wpcf7-form-control-wrap\" data-name=\"your-zip-code\"><input size=\"40\" class=\"wpcf7-form-control wpcf7-text wpcf7-validates-as-required form-control\" aria-required=\"true\" aria-invalid=\"false\" value=\"\" type=\"text\" name=\"your-zip-code\" \/><\/span>\n\t<\/p>\n<\/div>\n<div class=\"col-xs-12 col-md-4\">\n\t<p><span class='titoli'>Direcci\u00f3n (*)<\/span>\n\t<\/p>\n\t<p><span class=\"wpcf7-form-control-wrap\" data-name=\"your-address\"><input size=\"40\" class=\"wpcf7-form-control wpcf7-text wpcf7-validates-as-required form-control\" aria-required=\"true\" aria-invalid=\"false\" value=\"\" type=\"text\" name=\"your-address\" \/><\/span>\n\t<\/p>\n<\/div>\n<div class=\"col-xs-12 col-md-4\">\n\t<p><span class='titoli'>Ciudad (*)<\/span>\n\t<\/p>\n\t<p><span class=\"wpcf7-form-control-wrap\" data-name=\"your-Town\"><input size=\"40\" class=\"wpcf7-form-control wpcf7-text wpcf7-validates-as-required form-control\" aria-required=\"true\" aria-invalid=\"false\" value=\"\" type=\"text\" name=\"your-Town\" \/><\/span>\n\t<\/p>\n<\/div>\n<div class=\"clearboth\">\n<\/div>\n<div class=\"col-xs-12 col-md-6\">\n\t<p><span class='titoli'>email (*)<\/span>\n\t<\/p>\n\t<p><span class=\"wpcf7-form-control-wrap\" data-name=\"your-email\"><input size=\"40\" class=\"wpcf7-form-control wpcf7-text wpcf7-email wpcf7-validates-as-required wpcf7-validates-as-email form-control\" aria-required=\"true\" aria-invalid=\"false\" value=\"\" type=\"email\" name=\"your-email\" \/><\/span>\n\t<\/p>\n<\/div>\n<div class=\"col-xs-12 col-md-6\">\n\t<p><span class='titoli'>Tel\u00e9fono (*)<\/span>\n\t<\/p>\n\t<p><span class=\"wpcf7-form-control-wrap\" data-name=\"telefono\"><input size=\"40\" class=\"wpcf7-form-control wpcf7-text wpcf7-tel wpcf7-validates-as-required wpcf7-validates-as-tel form-control\" aria-required=\"true\" aria-invalid=\"false\" value=\"\" type=\"tel\" name=\"telefono\" \/><\/span>\n\t<\/p>\n<\/div>\n<div class=\"clearboth\">\n<\/div>\n<div class=\"col-xs-12 col-md-6\">\n\t<p><span class='titoli'>Objeto <\/span>\n\t<\/p>\n\t<p><span class=\"wpcf7-form-control-wrap\" data-name=\"oggetto\"><select class=\"wpcf7-form-control wpcf7-select wpcf7-validates-as-required\" aria-required=\"true\" aria-invalid=\"false\" name=\"oggetto\"><option value=\"Solicitud de presupuesto\">Solicitud de presupuesto<\/option><option value=\"Informaci\u00f3n t\u00e9cnica\">Informaci\u00f3n t\u00e9cnica<\/option><option value=\"Cita\">Cita<\/option><\/select><\/span>\n\t<\/p>\n<\/div>\n<div class=\"col-xs-12 col-md-6\">\n\t<p><br \/>\n<span class=\"titoli\"> <span class=\"wpcf7-form-control-wrap\" data-name=\"cliente\"><span class=\"wpcf7-form-control wpcf7-checkbox\"><span class=\"wpcf7-list-item first last\"><label><span class=\"wpcf7-list-item-label\">Soy un cliente<\/span><input type=\"checkbox\" name=\"cliente[]\" value=\"Soy un cliente\" \/><\/label><\/span><\/span><\/span><\/span>\n\t<\/p>\n<\/div>\n<div class=\"col-xs-12 col-md-12\">\n\t<p><span class='titoli'>Mensaje (*)<\/span>\n\t<\/p>\n\t<p><span class=\"wpcf7-form-control-wrap\" data-name=\"your-message\"><textarea cols=\"40\" rows=\"10\" class=\"wpcf7-form-control wpcf7-textarea wpcf7-validates-as-required form-control\" aria-required=\"true\" aria-invalid=\"false\" name=\"your-message\"><\/textarea><\/span>\n\t<\/p>\n<\/div>\n<div class=\"col-xs-12 col-md-12\">\n\t<p><small>Los datos introducidos ser\u00e1n tratados con estricta confidencialidad de acuerdo con la ley y con nuestra <a href=\"https:\/\/www.storevan.com\/es\/privacy-policy\/\">pol\u00edtica de privacidad<\/a>.<\/small>\n\t<\/p>\n\t<p><span class=\"wpcf7-form-control-wrap\" data-name=\"AccettazionePrivacy\"><span class=\"wpcf7-form-control wpcf7-acceptance\"><span class=\"wpcf7-list-item\"><input type=\"checkbox\" name=\"AccettazionePrivacy\" value=\"1\" aria-invalid=\"false\" \/><\/span><\/span><\/span> Declaro haber le\u00eddo la Informaci\u00f3n sobre la <a href=\"https:\/\/www.storevan.com\/es\/privacy-policy\/\">Privacy<\/a> y autorizo el tratamiento de mis datos personales de conformidad con aquello aqu\u00ed descrito.(*)<br \/>\n\t<span class=\"wpcf7-form-control-wrap recaptcha\" data-name=\"recaptcha\"><span data-sitekey=\"6LdfM4AUAAAAAJjsAucux5WVNA3hsk5KP0a03T_n\" class=\"wpcf7-form-control g-recaptcha wpcf7-recaptcha\"><\/span>\r\n<noscript>\r\n\t<div class=\"grecaptcha-noscript\">\r\n\t\t<iframe src=\"https:\/\/www.google.com\/recaptcha\/api\/fallback?k=6LdfM4AUAAAAAJjsAucux5WVNA3hsk5KP0a03T_n\" frameborder=\"0\" scrolling=\"no\" width=\"310\" height=\"430\">\r\n\t\t<\/iframe>\r\n\t\t<textarea name=\"g-recaptcha-response\" rows=\"3\" cols=\"40\" placeholder=\"Aqu\u00ed la respuesta de reCAPTCHA\">\r\n\t\t<\/textarea>\r\n\t<\/div>\r\n<\/noscript>\r\n<\/span>\n\t<\/p>\n<\/div>\n<hr class=\"noColor\" \/>\n<p><input class=\"wpcf7-form-control has-spinner wpcf7-submit\" type=\"submit\" value=\"Env\u00edo\" \/>\n<\/p><div class=\"wpcf7-response-output\" aria-hidden=\"true\"><\/div>\n<\/form>\n<\/div>\n<\/div>\n","protected":false},"excerpt":{"rendered":"<p>Equipamiento para el transporte de bebidas \u00bfQuieres saber m\u00e1s? Escr\u00edbanos, uno de nuestros asesores lo ayudar\u00e1 a encontrar su soluci\u00f3n.<\/p>\n","protected":false},"author":470,"featured_media":0,"parent":119433,"menu_order":0,"comment_status":"closed","ping_status":"closed","template":"","meta":[],"acf":[],"yoast_head":"<!-- This site is optimized with the Yoast SEO plugin v20.11 - https:\/\/yoast.com\/wordpress\/plugins\/seo\/ -->\n<title>Equipamiento especial para el transporte de bebidas<\/title>\n<meta name=\"robots\" content=\"index, follow, max-snippet:-1, max-image-preview:large, max-video-preview:-1\" \/>\n<link rel=\"canonical\" href=\"https:\/\/www.storevan.com\/es\/equipamientos-especiales-de-furgonetas-equipadas\/maquinas-expendedoras\/equipamiento-especial-para-el-transporte-de-bebidas-volkswagen-crafter\/\" \/>\n<meta property=\"og:locale\" content=\"es_ES\" \/>\n<meta property=\"og:type\" content=\"article\" \/>\n<meta property=\"og:title\" content=\"Equipamiento especial para el transporte de bebidas\" \/>\n<meta property=\"og:description\" content=\"Equipamiento para el transporte de bebidas \u00bfQuieres saber m\u00e1s? Escr\u00edbanos, uno de nuestros asesores lo ayudar\u00e1 a encontrar su soluci\u00f3n.\" \/>\n<meta property=\"og:url\" content=\"https:\/\/www.storevan.com\/es\/equipamientos-especiales-de-furgonetas-equipadas\/maquinas-expendedoras\/equipamiento-especial-para-el-transporte-de-bebidas-volkswagen-crafter\/\" \/>\n<meta property=\"og:site_name\" content=\"Store Van\" \/>\n<meta property=\"article:modified_time\" content=\"2020-07-31T09:40:33+00:00\" \/>\n<meta property=\"og:image\" content=\"https:\/\/www.storevan.com\/wp-content\/uploads\/2019\/10\/v-volkswagen-crafter-00.jpg\" \/>\n<meta name=\"twitter:label1\" content=\"Tiempo de lectura\" \/>\n\t<meta name=\"twitter:data1\" content=\"1 minuto\" \/>\n<script type=\"application\/ld+json\" class=\"yoast-schema-graph\">{\"@context\":\"https:\/\/schema.org\",\"@graph\":[{\"@type\":\"WebPage\",\"@id\":\"https:\/\/www.storevan.com\/es\/equipamientos-especiales-de-furgonetas-equipadas\/maquinas-expendedoras\/equipamiento-especial-para-el-transporte-de-bebidas-volkswagen-crafter\/\",\"url\":\"https:\/\/www.storevan.com\/es\/equipamientos-especiales-de-furgonetas-equipadas\/maquinas-expendedoras\/equipamiento-especial-para-el-transporte-de-bebidas-volkswagen-crafter\/\",\"name\":\"Equipamiento especial para el transporte de bebidas\",\"isPartOf\":{\"@id\":\"https:\/\/www.storevan.com\/pl\/#website\"},\"datePublished\":\"2016-11-24T10:39:10+00:00\",\"dateModified\":\"2020-07-31T09:40:33+00:00\",\"breadcrumb\":{\"@id\":\"https:\/\/www.storevan.com\/es\/equipamientos-especiales-de-furgonetas-equipadas\/maquinas-expendedoras\/equipamiento-especial-para-el-transporte-de-bebidas-volkswagen-crafter\/#breadcrumb\"},\"inLanguage\":\"es\",\"potentialAction\":[{\"@type\":\"ReadAction\",\"target\":[\"https:\/\/www.storevan.com\/es\/equipamientos-especiales-de-furgonetas-equipadas\/maquinas-expendedoras\/equipamiento-especial-para-el-transporte-de-bebidas-volkswagen-crafter\/\"]}]},{\"@type\":\"BreadcrumbList\",\"@id\":\"https:\/\/www.storevan.com\/es\/equipamientos-especiales-de-furgonetas-equipadas\/maquinas-expendedoras\/equipamiento-especial-para-el-transporte-de-bebidas-volkswagen-crafter\/#breadcrumb\",\"itemListElement\":[{\"@type\":\"ListItem\",\"position\":1,\"name\":\"Home\",\"item\":\"https:\/\/www.storevan.com\/es\/\"},{\"@type\":\"ListItem\",\"position\":2,\"name\":\"Equipamientos especiales de furgonetas equipadas\",\"item\":\"https:\/\/www.storevan.com\/es\/equipamientos-especiales-de-furgonetas-equipadas\/\"},{\"@type\":\"ListItem\",\"position\":3,\"name\":\"Abastecimiento de m\u00e1quinas expendedoras\",\"item\":\"https:\/\/www.storevan.com\/es\/equipamientos-especiales-de-furgonetas-equipadas\/maquinas-expendedoras\/\"},{\"@type\":\"ListItem\",\"position\":4,\"name\":\"Equipamiento especial para el transporte de bebidas\"}]},{\"@type\":\"WebSite\",\"@id\":\"https:\/\/www.storevan.com\/pl\/#website\",\"url\":\"https:\/\/www.storevan.com\/pl\/\",\"name\":\"Store Van\",\"description\":\"Equipamientos furgonetas\",\"potentialAction\":[{\"@type\":\"SearchAction\",\"target\":{\"@type\":\"EntryPoint\",\"urlTemplate\":\"https:\/\/www.storevan.com\/pl\/?s={search_term_string}\"},\"query-input\":\"required name=search_term_string\"}],\"inLanguage\":\"es\"}]}<\/script>\n<!-- \/ Yoast SEO plugin. -->","yoast_head_json":{"title":"Equipamiento especial para el transporte de bebidas","robots":{"index":"index","follow":"follow","max-snippet":"max-snippet:-1","max-image-preview":"max-image-preview:large","max-video-preview":"max-video-preview:-1"},"canonical":"https:\/\/www.storevan.com\/es\/equipamientos-especiales-de-furgonetas-equipadas\/maquinas-expendedoras\/equipamiento-especial-para-el-transporte-de-bebidas-volkswagen-crafter\/","og_locale":"es_ES","og_type":"article","og_title":"Equipamiento especial para el transporte de bebidas","og_description":"Equipamiento para el transporte de bebidas \u00bfQuieres saber m\u00e1s? Escr\u00edbanos, uno de nuestros asesores lo ayudar\u00e1 a encontrar su soluci\u00f3n.","og_url":"https:\/\/www.storevan.com\/es\/equipamientos-especiales-de-furgonetas-equipadas\/maquinas-expendedoras\/equipamiento-especial-para-el-transporte-de-bebidas-volkswagen-crafter\/","og_site_name":"Store Van","article_modified_time":"2020-07-31T09:40:33+00:00","og_image":[{"url":"https:\/\/www.storevan.com\/wp-content\/uploads\/2019\/10\/v-volkswagen-crafter-00.jpg"}],"twitter_misc":{"Tiempo de lectura":"1 minuto"},"schema":{"@context":"https:\/\/schema.org","@graph":[{"@type":"WebPage","@id":"https:\/\/www.storevan.com\/es\/equipamientos-especiales-de-furgonetas-equipadas\/maquinas-expendedoras\/equipamiento-especial-para-el-transporte-de-bebidas-volkswagen-crafter\/","url":"https:\/\/www.storevan.com\/es\/equipamientos-especiales-de-furgonetas-equipadas\/maquinas-expendedoras\/equipamiento-especial-para-el-transporte-de-bebidas-volkswagen-crafter\/","name":"Equipamiento especial para el transporte de bebidas","isPartOf":{"@id":"https:\/\/www.storevan.com\/pl\/#website"},"datePublished":"2016-11-24T10:39:10+00:00","dateModified":"2020-07-31T09:40:33+00:00","breadcrumb":{"@id":"https:\/\/www.storevan.com\/es\/equipamientos-especiales-de-furgonetas-equipadas\/maquinas-expendedoras\/equipamiento-especial-para-el-transporte-de-bebidas-volkswagen-crafter\/#breadcrumb"},"inLanguage":"es","potentialAction":[{"@type":"ReadAction","target":["https:\/\/www.storevan.com\/es\/equipamientos-especiales-de-furgonetas-equipadas\/maquinas-expendedoras\/equipamiento-especial-para-el-transporte-de-bebidas-volkswagen-crafter\/"]}]},{"@type":"BreadcrumbList","@id":"https:\/\/www.storevan.com\/es\/equipamientos-especiales-de-furgonetas-equipadas\/maquinas-expendedoras\/equipamiento-especial-para-el-transporte-de-bebidas-volkswagen-crafter\/#breadcrumb","itemListElement":[{"@type":"ListItem","position":1,"name":"Home","item":"https:\/\/www.storevan.com\/es\/"},{"@type":"ListItem","position":2,"name":"Equipamientos especiales de furgonetas equipadas","item":"https:\/\/www.storevan.com\/es\/equipamientos-especiales-de-furgonetas-equipadas\/"},{"@type":"ListItem","position":3,"name":"Abastecimiento de m\u00e1quinas expendedoras","item":"https:\/\/www.storevan.com\/es\/equipamientos-especiales-de-furgonetas-equipadas\/maquinas-expendedoras\/"},{"@type":"ListItem","position":4,"name":"Equipamiento especial para el transporte de bebidas"}]},{"@type":"WebSite","@id":"https:\/\/www.storevan.com\/pl\/#website","url":"https:\/\/www.storevan.com\/pl\/","name":"Store Van","description":"Equipamientos furgonetas","potentialAction":[{"@type":"SearchAction","target":{"@type":"EntryPoint","urlTemplate":"https:\/\/www.storevan.com\/pl\/?s={search_term_string}"},"query-input":"required name=search_term_string"}],"inLanguage":"es"}]}},"_links":{"self":[{"href":"https:\/\/www.storevan.com\/es\/wp-json\/wp\/v2\/pages\/119447"}],"collection":[{"href":"https:\/\/www.storevan.com\/es\/wp-json\/wp\/v2\/pages"}],"about":[{"href":"https:\/\/www.storevan.com\/es\/wp-json\/wp\/v2\/types\/page"}],"author":[{"embeddable":true,"href":"https:\/\/www.storevan.com\/es\/wp-json\/wp\/v2\/users\/470"}],"replies":[{"embeddable":true,"href":"https:\/\/www.storevan.com\/es\/wp-json\/wp\/v2\/comments?post=119447"}],"version-history":[{"count":4,"href":"https:\/\/www.storevan.com\/es\/wp-json\/wp\/v2\/pages\/119447\/revisions"}],"predecessor-version":[{"id":120004,"href":"https:\/\/www.storevan.com\/es\/wp-json\/wp\/v2\/pages\/119447\/revisions\/120004"}],"up":[{"embeddable":true,"href":"https:\/\/www.storevan.com\/es\/wp-json\/wp\/v2\/pages\/119433"}],"wp:attachment":[{"href":"https:\/\/www.storevan.com\/es\/wp-json\/wp\/v2\/media?parent=119447"}],"curies":[{"name":"wp","href":"https:\/\/api.w.org\/{rel}","templated":true}]}}